{"id":47,"date":"2024-04-04T05:48:58","date_gmt":"2024-04-04T02:48:58","guid":{"rendered":"https:\/\/sisu.ut.ee\/fysioterapeutilinehindamine\/34-lulisamba-kaelaosa-isomeetrilised-testid-vastupanuga\/"},"modified":"2024-04-04T05:52:29","modified_gmt":"2024-04-04T02:52:29","slug":"34-lulisamba-kaelaosa-isomeetrilised-testid-vastupanuga","status":"publish","type":"page","link":"https:\/\/sisu.ut.ee\/fysioterapeutilinehindamine\/34-lulisamba-kaelaosa-isomeetrilised-testid-vastupanuga\/","title":{"rendered":"3.4. Isomeetrilised testid vastupanuga"},"content":{"rendered":"<h6>\n\tKaelapiirkonna isomeetriliste vastupanutestide eesm\u00e4rk on hinnata kaelalihaste isomeetrilist j\u00f5udu, kraniaaln\u00e4rvide ja m\u00fcotoomide funktsionaalsust.<br>\n<\/h6>\n<p>\n\tNii nagu l\u00fclisamba kaelaosa aktiivse liikuvuse m\u00f5\u00f5tmis<span lang=\"et\" style=\",serif\">ed, teostatakse ka isomeetrilised testid vastupanuga kaela fleksioon, ekstensioon, lateraalfleksioon ja rotatsioon suundadel.\u00a0<\/span><span lang=\"et\" style=\",serif\">Kaelapiirkonna isomeetriliste vastupanutestide eesm\u00e4rk on hinnata kaelalihaste isomeetriline j\u00f5ud, kraniaaln\u00e4rvide ja m\u00fcotoomide funktsionaalsus. N\u00e4iteks kaela isomeetriline painutustest vastupanuga hindab XI kraniaaln\u00e4rvi, C1-C2 m\u00fcotoomide ning kaela painutajalihaste funktsionaalsust<\/span> (joonis 3). \u201e<span lang=\"et\" style=\",serif\">\u00c4ra lase ennast liigutada\u201c \u00fctleb terapeut ning avaldab isomeetrilist vastupanu liigutussuunal, mis on enne testi sooritamist patsiendiga kokku lepitud.<\/span>\n<\/p>\n<p style=\"text-align: center\">\n\t<img loading=\"lazy\" decoding=\"async\" width=\"1152\" height=\"390\" class=\"alignnone wp-image-172\" style=\"width: 600px;height: 203px\" src=\"https:\/\/sisu.ut.ee\/wp-content\/uploads\/sites\/414\/joonis3.4-3b.png\" title=\"joonis3.4-3b.png\" alt=\"Joonis 3.4-3\" srcset=\"https:\/\/sisu.ut.ee\/wp-content\/uploads\/sites\/414\/joonis3.4-3b.png 1152w, https:\/\/sisu.ut.ee\/wp-content\/uploads\/sites\/414\/joonis3.4-3b-300x102.png 300w, https:\/\/sisu.ut.ee\/wp-content\/uploads\/sites\/414\/joonis3.4-3b-1024x347.png 1024w, https:\/\/sisu.ut.ee\/wp-content\/uploads\/sites\/414\/joonis3.4-3b-768x260.png 768w\" sizes=\"auto, (max-width: 1152px) 100vw, 1152px\">\n<\/p>\n<h5 style=\"text-align: center\">\n\tJoonis 3. Algasendid l\u00fclisamba kaelaosa isomeetriliste vastupanutestide sooritamisel. A-fleksioon; B-ekstensioon; C- lateraalfleksioon; D- rotatsioon.<br>\n<\/h5>\n","protected":false},"excerpt":{"rendered":"<p>Kaelapiirkonna isomeetriliste vastupanutestide eesm\u00e4rk on hinnata kaelalihaste isomeetrilist j\u00f5udu, kraniaaln\u00e4rvide ja m\u00fcotoomide funktsionaalsust. Nii nagu l\u00fclisamba kaelaosa aktiivse liikuvuse m\u00f5\u00f5tmised, teostatakse ka isomeetrilised testid vastupanuga kaela fleksioon, ekstensioon, lateraalfleksioon ja rotatsioon suundadel.\u00a0Kaelapiirkonna isomeetriliste vastupanutestide eesm\u00e4rk on hinnata kaelalihaste isomeetriline j\u00f5ud, &#8230;<\/p>\n","protected":false},"author":9,"featured_media":0,"parent":0,"menu_order":0,"comment_status":"closed","ping_status":"closed","template":"","meta":{"_acf_changed":false,"inline_featured_image":false,"footnotes":""},"class_list":["post-47","page","type-page","status-publish","hentry"],"acf":[],"_links":{"self":[{"href":"https:\/\/sisu.ut.ee\/fysioterapeutilinehindamine\/wp-json\/wp\/v2\/pages\/47","targetHints":{"allow":["GET"]}}],"collection":[{"href":"https:\/\/sisu.ut.ee\/fysioterapeutilinehindamine\/wp-json\/wp\/v2\/pages"}],"about":[{"href":"https:\/\/sisu.ut.ee\/fysioterapeutilinehindamine\/wp-json\/wp\/v2\/types\/page"}],"author":[{"embeddable":true,"href":"https:\/\/sisu.ut.ee\/fysioterapeutilinehindamine\/wp-json\/wp\/v2\/users\/9"}],"replies":[{"embeddable":true,"href":"https:\/\/sisu.ut.ee\/fysioterapeutilinehindamine\/wp-json\/wp\/v2\/comments?post=47"}],"version-history":[{"count":1,"href":"https:\/\/sisu.ut.ee\/fysioterapeutilinehindamine\/wp-json\/wp\/v2\/pages\/47\/revisions"}],"predecessor-version":[{"id":566,"href":"https:\/\/sisu.ut.ee\/fysioterapeutilinehindamine\/wp-json\/wp\/v2\/pages\/47\/revisions\/566"}],"wp:attachment":[{"href":"https:\/\/sisu.ut.ee\/fysioterapeutilinehindamine\/wp-json\/wp\/v2\/media?parent=47"}],"curies":[{"name":"wp","href":"https:\/\/api.w.org\/{rel}","templated":true}]}}