{"id":46,"date":"2024-04-04T05:48:58","date_gmt":"2024-04-04T02:48:58","guid":{"rendered":"https:\/\/sisu.ut.ee\/fysioterapeutilinehindamine\/33-kaela-aktiivse-liikuvuse-hindamine\/"},"modified":"2024-04-04T05:52:29","modified_gmt":"2024-04-04T02:52:29","slug":"33-kaela-aktiivse-liikuvuse-hindamine","status":"publish","type":"page","link":"https:\/\/sisu.ut.ee\/fysioterapeutilinehindamine\/33-kaela-aktiivse-liikuvuse-hindamine\/","title":{"rendered":"3.3. Aktiivsed liigutused"},"content":{"rendered":"<p style=\"margin: 12pt 0cm\">\n\t<span lang=\"et\" style=\",serif\">L\u00fclisamba kaelaosa liikuvuse hindamine h\u00f5lmab kogu kaela liikuvust tervikuna, mitte segmentaalselt. Kaela liikuvus s\u00f5ltub l\u00fclivaheketaste elastsusest, fassettliigeste kujust ja kaldenurkadest ning ligamentide ja liigeskapsli m\u00f5\u00f5dukast elastsusest. L\u00fclisamba kaelaosa aktiivsed keskmised liikuvusulatused on toodud tabelis 3. <\/span>\n<\/p>\n<h5 style=\"margin: 12pt 0cm\">\n\t<br>Tabel 3. L\u00fclisamba kaelaosa aktiivsed keskmised liikuvusulatus<span lang=\"et\"><span style=\"line-height:115%\"><span style=\",serif\">ed <\/span><\/span><\/span><span lang=\"et\" style=\",serif\">(ingl <i>range of motion<\/i>\u2013 ROM).<\/span><br>\n<\/h5>\n<table class=\"table table-hover\" align=\"center\" style=\"border-collapse:collapse;border:solidblack1.0pt\" width=\"0\">\n<tbody>\n<tr style=\"height:24.25pt\">\n<td style=\"width:98.25pt;border:solidblack1.0pt\" width=\"131\">\n<p style=\"margin-top: 12pt\">\n\t\t\t\t\t<span style=\"height:24.25pt\"><span lang=\"et\" style=\",serif\">Fleksioon<\/span><\/span>\n\t\t\t\t<\/p>\n<\/td>\n<td style=\"width:66.0pt;border:solidblack1.0pt;border-left:none\" width=\"88\">\n<p style=\"margin-top: 12pt\">\n\t\t\t\t\t<span style=\"height:24.25pt\"><span lang=\"et\" style=\",serif\">45-50\u00b0<\/span><\/span>\n\t\t\t\t<\/p>\n<\/td>\n<\/tr>\n<tr style=\"height:24.25pt\">\n<td style=\"width:98.25pt;border:solidblack1.0pt;border-top:none\" width=\"131\">\n<p style=\"margin-top: 12pt\">\n\t\t\t\t\t<span style=\"height:24.25pt\"><span lang=\"et\" style=\",serif\">Ekstensioon<\/span><\/span>\n\t\t\t\t<\/p>\n<\/td>\n<td style=\"width:66.0pt;border-top:none;border-left:none;border-bottom:solidblack1.0pt;border-right:solidblack1.0pt\" width=\"88\">\n<p style=\"margin-top: 12pt\">\n\t\t\t\t\t<span style=\"height:24.25pt\"><span lang=\"et\" style=\",serif\">70\u00b0<\/span><\/span>\n\t\t\t\t<\/p>\n<\/td>\n<\/tr>\n<tr style=\"height:24.25pt\">\n<td style=\"width:98.25pt;border:solidblack1.0pt;border-top:none\" width=\"131\">\n<p style=\"margin-top: 12pt\">\n\t\t\t\t\t<span style=\"height:24.25pt\"><span lang=\"et\" style=\",serif\">Lateraalfleksioon<\/span><\/span>\n\t\t\t\t<\/p>\n<\/td>\n<td style=\"width:66.0pt;border-top:none;border-left:none;border-bottom:solidblack1.0pt;border-right:solidblack1.0pt\" width=\"88\">\n<p style=\"margin-top: 12pt\">\n\t\t\t\t\t<span style=\"height:24.25pt\"><span lang=\"et\" style=\",serif\">40\u00b0<\/span><\/span>\n\t\t\t\t<\/p>\n<\/td>\n<\/tr>\n<tr style=\"height:24.25pt\">\n<td style=\"width:98.25pt;border:solidblack1.0pt;border-top:none\" width=\"131\">\n<p style=\"margin-top: 12pt\">\n\t\t\t\t\t<span style=\"height:24.25pt\"><span lang=\"et\" style=\",serif\">Rotatsioon<\/span><\/span>\n\t\t\t\t<\/p>\n<\/td>\n<td style=\"width:66.0pt;border-top:none;border-left:none;border-bottom:solidblack1.0pt;border-right:solidblack1.0pt\" width=\"88\">\n<p style=\"margin-top: 12pt\">\n\t\t\t\t\t<span style=\"height:24.25pt\"><span lang=\"et\" style=\",serif\">90\u00b0<\/span><\/span>\n\t\t\t\t<\/p>\n<\/td>\n<\/tr>\n<\/tbody>\n<\/table>\n<h6>\n\tL\u00fclisamba kaelaosa liikuvuse hindamise eesm\u00e4rk on tuvastada kaela liikuvuspiiratuse suunad ning ulatus.<br>\n<\/h6>\n<p style=\"margin: 12pt 0cm\">\n\t<span lang=\"et\" style=\",serif\">Soovituslikult v\u00f5iks hinnata eelneva hindamise p\u00f5hjal valusad liigutussuunad viimasena. Kui patsient sooritab kaela aktiivsed liigutused, siis f\u00fcsioterapeut hindab v\u00f5imalikke valu p\u00f5hjusi, lihasspasme, lihasl\u00fchenemist ning kaela liikuvuspiiratust. Kui patsient on sooritanud aktiivselt maksimaalse ulatusega nt kaela rotatsiooni paremale, siis v\u00f5ib terapeut hinnata sama liigutust passiivsena. Passiivse liikuuvusulatuse hindamine v\u00f5imaldab eristada f\u00fcsioloogilise (aktiivse) liigese l\u00f5ppliikuvuse anatoomilisest (passiivsest) l\u00f5ppliikuvusest. Ettevaatus passiivse liikuvuse hindamise teostamisel on oluline kaela rotatsioonil v\u00f5i kombineeritud liigutusel nagu rotatsioonil, lateraalfleksioonil ja ekstensioonil, sest nimetatud kaela asendites on kaela vertebraalarteril liigne kompressioonsurve, mis takistab verevoolu p\u00e4he. Kaela fleksiooni ajal on v\u00f5imalik pea noogutamine vaid kaela \u00fclemises osas (C0-C2), painutus tervikuna kaela alumises osas (C2-C7). L\u00fclisamba kaelaosa aktiivsete liigutuste m\u00f5\u00f5tmine KENO (ingl <i>cervical measurement system<\/i>) <\/span>goniomeetriga on n\u00e4idatud joonisel 2.\n<\/p>\n<p style=\"margin: 12pt 0cm;text-align: center\">\n\t<img loading=\"lazy\" decoding=\"async\" width=\"535\" height=\"142\" class=\"alignnone wp-image-169\" src=\"https:\/\/sisu.ut.ee\/wp-content\/uploads\/sites\/414\/joonis3-2.png\" title=\"joonis3-2.png\" alt=\"L\u00fclisamba kaelaosa aktiivse liikuvuse m\u00f5\u00f5tmine.\" srcset=\"https:\/\/sisu.ut.ee\/wp-content\/uploads\/sites\/414\/joonis3-2.png 535w, https:\/\/sisu.ut.ee\/wp-content\/uploads\/sites\/414\/joonis3-2-300x80.png 300w\" sizes=\"auto, (max-width: 535px) 100vw, 535px\">\n<\/p>\n<h5 style=\"text-align: center\">\n\tJoonis 2. L\u00fclisamba kaelaosa aktiivse liikuvuse m\u00f5\u00f5tmine; A-algasend; B-fleksioon; C-ekstensioon; D-lateraalfleksioon; E-rotatsioon.<br>\n<\/h5>\n","protected":false},"excerpt":{"rendered":"<p>L\u00fclisamba kaelaosa liikuvuse hindamine h\u00f5lmab kogu kaela liikuvust tervikuna, mitte segmentaalselt. Kaela liikuvus s\u00f5ltub l\u00fclivaheketaste elastsusest, fassettliigeste kujust ja kaldenurkadest ning ligamentide ja liigeskapsli m\u00f5\u00f5dukast elastsusest. L\u00fclisamba kaelaosa aktiivsed keskmised liikuvusulatused on toodud tabelis 3. Tabel 3. L\u00fclisamba kaelaosa aktiivsed &#8230;<\/p>\n","protected":false},"author":9,"featured_media":0,"parent":0,"menu_order":0,"comment_status":"closed","ping_status":"closed","template":"","meta":{"_acf_changed":false,"inline_featured_image":false,"footnotes":""},"class_list":["post-46","page","type-page","status-publish","hentry"],"acf":[],"_links":{"self":[{"href":"https:\/\/sisu.ut.ee\/fysioterapeutilinehindamine\/wp-json\/wp\/v2\/pages\/46","targetHints":{"allow":["GET"]}}],"collection":[{"href":"https:\/\/sisu.ut.ee\/fysioterapeutilinehindamine\/wp-json\/wp\/v2\/pages"}],"about":[{"href":"https:\/\/sisu.ut.ee\/fysioterapeutilinehindamine\/wp-json\/wp\/v2\/types\/page"}],"author":[{"embeddable":true,"href":"https:\/\/sisu.ut.ee\/fysioterapeutilinehindamine\/wp-json\/wp\/v2\/users\/9"}],"replies":[{"embeddable":true,"href":"https:\/\/sisu.ut.ee\/fysioterapeutilinehindamine\/wp-json\/wp\/v2\/comments?post=46"}],"version-history":[{"count":1,"href":"https:\/\/sisu.ut.ee\/fysioterapeutilinehindamine\/wp-json\/wp\/v2\/pages\/46\/revisions"}],"predecessor-version":[{"id":567,"href":"https:\/\/sisu.ut.ee\/fysioterapeutilinehindamine\/wp-json\/wp\/v2\/pages\/46\/revisions\/567"}],"wp:attachment":[{"href":"https:\/\/sisu.ut.ee\/fysioterapeutilinehindamine\/wp-json\/wp\/v2\/media?parent=46"}],"curies":[{"name":"wp","href":"https:\/\/api.w.org\/{rel}","templated":true}]}}