{"id":42,"date":"2024-04-04T05:48:57","date_gmt":"2024-04-04T02:48:57","guid":{"rendered":"https:\/\/sisu.ut.ee\/fysioterapeutilinehindamine\/3-lulisamba-kaelaosa-hindamine\/"},"modified":"2024-04-04T05:52:29","modified_gmt":"2024-04-04T02:52:29","slug":"3-lulisamba-kaelaosa-hindamine","status":"publish","type":"page","link":"https:\/\/sisu.ut.ee\/fysioterapeutilinehindamine\/3-lulisamba-kaelaosa-hindamine\/","title":{"rendered":"3. L\u00fclisamba kaelaosa hindamine"},"content":{"rendered":"<p>\n\t<img loading=\"lazy\" decoding=\"async\" width=\"130\" height=\"130\" class=\"alignnone wp-image-161\" style=\"width: 130px;height: 130px;margin-right: 10px;float: left\" src=\"https:\/\/sisu.ut.ee\/wp-content\/uploads\/sites\/414\/3-0.png\" title=\"3-0.png\" alt=\"L\u00fclisamba kaelaosa hindamine\">Kuna mitmed l\u00fclisamba kaelaosa funktsioonih\u00e4ired v\u00f5ivad avalduda ka teistes kehapiirkondades, siis n\u00f5uab korrektne kaela hindamine aega ja teadmisi. L\u00fclisamba kaelaosa hindamisega t\u00e4psustatakse, kas patoloogia esineb kaelas v\u00f5i \u00fclaj\u00e4seme teatud piirkonnas. Kaelavalu ja\/v\u00f5i valu \u00fclaj\u00e4semes on kaebused, mille korral teostatakse s\u00fcsteemne f\u00fcsioterapeutiline hindamine, eesm\u00e4rgiga tuvastada kahjustuse asukoht.\n<\/p>\n<p>\n\tL\u00fclisamba kaelaosa hindamise peat\u00fcki lugemisel saad teada, mida silmas pidada\u00a0 kaelapiirkonna kaebustega patsiendi anamneesi v\u00f5tmisel ning r\u00fchi vaatlusel. M\u00f5istad \u00fclakeha ristis\u00fcndroomi seost r\u00fchih\u00e4irete ning patsiendi kaebuste vahel, saad teada milline on normaalne kaela liikuvus fleksioon, ekstensioon, lateraalfleksioon ning rotatsioon suundadel. Samuti m\u00f5istad, kuidas tuvastada kaelalihaste j\u00f5u langus, mida demonstreerivad kaelalihaste isomeetrilised vastupanutestid, kuidas t\u00f5lgendada m\u00fcotoomiteste ning milliste s\u00fcmptomite korral sooritada neuroloogilisi v\u00f5i vaskulaars\u00fcsteemi teste.<\/p>\n","protected":false},"excerpt":{"rendered":"<p>Kuna mitmed l\u00fclisamba kaelaosa funktsioonih\u00e4ired v\u00f5ivad avalduda ka teistes kehapiirkondades, siis n\u00f5uab korrektne kaela hindamine aega ja teadmisi. L\u00fclisamba kaelaosa hindamisega t\u00e4psustatakse, kas patoloogia esineb kaelas v\u00f5i \u00fclaj\u00e4seme teatud piirkonnas. Kaelavalu ja\/v\u00f5i valu \u00fclaj\u00e4semes on kaebused, mille korral teostatakse s\u00fcsteemne &#8230;<\/p>\n","protected":false},"author":9,"featured_media":0,"parent":0,"menu_order":0,"comment_status":"closed","ping_status":"closed","template":"","meta":{"_acf_changed":false,"inline_featured_image":false,"footnotes":""},"class_list":["post-42","page","type-page","status-publish","hentry"],"acf":[],"_links":{"self":[{"href":"https:\/\/sisu.ut.ee\/fysioterapeutilinehindamine\/wp-json\/wp\/v2\/pages\/42","targetHints":{"allow":["GET"]}}],"collection":[{"href":"https:\/\/sisu.ut.ee\/fysioterapeutilinehindamine\/wp-json\/wp\/v2\/pages"}],"about":[{"href":"https:\/\/sisu.ut.ee\/fysioterapeutilinehindamine\/wp-json\/wp\/v2\/types\/page"}],"author":[{"embeddable":true,"href":"https:\/\/sisu.ut.ee\/fysioterapeutilinehindamine\/wp-json\/wp\/v2\/users\/9"}],"replies":[{"embeddable":true,"href":"https:\/\/sisu.ut.ee\/fysioterapeutilinehindamine\/wp-json\/wp\/v2\/comments?post=42"}],"version-history":[{"count":1,"href":"https:\/\/sisu.ut.ee\/fysioterapeutilinehindamine\/wp-json\/wp\/v2\/pages\/42\/revisions"}],"predecessor-version":[{"id":571,"href":"https:\/\/sisu.ut.ee\/fysioterapeutilinehindamine\/wp-json\/wp\/v2\/pages\/42\/revisions\/571"}],"wp:attachment":[{"href":"https:\/\/sisu.ut.ee\/fysioterapeutilinehindamine\/wp-json\/wp\/v2\/media?parent=42"}],"curies":[{"name":"wp","href":"https:\/\/api.w.org\/{rel}","templated":true}]}}