{"id":36,"date":"2024-04-04T05:48:57","date_gmt":"2024-04-04T02:48:57","guid":{"rendered":"https:\/\/sisu.ut.ee\/fysioterapeutilinehindamine\/124-passiivsed-liigutused\/"},"modified":"2024-04-04T05:52:29","modified_gmt":"2024-04-04T02:52:29","slug":"124-passiivsed-liigutused","status":"publish","type":"page","link":"https:\/\/sisu.ut.ee\/fysioterapeutilinehindamine\/124-passiivsed-liigutused\/","title":{"rendered":"12.4. Passiivsed liigutused"},"content":{"rendered":"<p style=\"margin-top:12.0pt;margin-right:0cm;margin-bottom:12.0pt;margin-left:0cm\">\n\t<span lang=\"et\" style=\",serif\">Kui patsient on demonstreerinud vastavalt funktsionaalsele probleemile k\u00fc\u00fcnarvarre, randmeliigese ja labak\u00e4e aktiivseid liigutusi ning terapeut on m\u00f5\u00f5tnud liigeste aktiivsed liikuvusulatused, siis avaldab terapeut v\u00e4hest survet hinnatava liigese igas liikuvussuunas liigese l\u00f5ppliikuvuse hindamiseks. Piiratud liigesliikuvuse korral on eriti oluline avaldada venitussurvet ettevaatlikult.<\/span>\n<\/p>\n<div>\n<div id=\"_com_1\">\n<h6>\n\t\t\tLihaste pikkus on normaalne kui liigese l\u00f5ppliikuvuse passiivsel hindamisel on tunda normaalset liigest \u00fcmbritsevate kudede venitust.<br>\n\t\t<\/h6>\n<\/div>\n<\/div>\n<p>\n\tKui hinnatavate lihaste pikkus on normaalne, on liigese l\u00f5ppli<span lang=\"et\" style=\",serif\">ikuvuse passiivsel hindamisel tunda<\/span>\u00a0<span lang=\"et\" style=\",serif\">normaalset liigest \u00fcmbritsevate kudede venitust. Lihase j\u00e4ikuse korral tunneb patsient l\u00f5ppliigutuse hindamisel ebamugavat lihasvenitust, mis viitab sellele, et liigese liikuvusulatus on piiratud.<\/span>\n<\/p>\n<p style=\"margin-top:12.0pt;margin-right:0cm;margin-bottom:12.0pt;margin-left:0cm\">\n\t<span lang=\"et\" style=\",serif\">Randmeliigese pika sirutajalihase pikkuse hindamiseks v\u00f5ib patsient istuda toolil v\u00f5i lamada selili teraapialaual, patsiendi \u00fclaj\u00e4se on k\u00fc\u00fcnarliigesest sirutatud. Terapeut teostab passiivselt patsiendi s\u00f5rmede painutuse ning seej\u00e4rel randmeliigese painutuse (peat\u00fckk 11, joonis 7A). Lihase j\u00e4ikuse korral on randmeliigese painutus piiratud.<\/span>\n<\/p>\n<h6>\n\tK\u00e4mblaluude pasiivne eemaldamine ja l\u00e4hendamine v\u00f5imaldab hinnata randmeluude vahelist mobiilsust.<br>\n<\/h6>\n<p>\n\tRandmeliigese pika painutaj<span lang=\"et\" style=\",serif\">alihase pikkuse hindamiseks v\u00f5ib patsient istuda toolil v\u00f5i lamada selili teraapialaual, patsiendi \u00fclaj\u00e4se on k\u00fc\u00fcnarliigesest sirutatud. Terapeut teostab passiivselt patsiendi s\u00f5rmede sirutuse ning seej\u00e4rel randmeliigese sirutuse (peat\u00fckk 11, joonis 7B). Lihase j\u00e4ikuse korral on randmeliigese sirutus piiratud.<\/span>\n<\/p>\n<p style=\"margin-top:12.0pt;margin-right:0cm;margin-bottom:12.0pt;margin-left:0cm\">\n\t<span lang=\"et\" style=\",serif\">Randmeliigese piirkonna \u00fchendatud rotatsioonliikuvust saab hinnata k\u00e4mblaluude eemaldamise ja<\/span>\u00a0<span lang=\"et\" style=\",serif\">l\u00e4hendamisega (joonis 5). Terapeut fikseerib ventraalselt \u00fche k\u00e4e nimetiss\u00f5rme ja keskmise s\u00f5rmega patsiendi lodiluu ja trapetsoidluu ning teise k\u00e4e samade s\u00f5rmedega patsiendi hernesluu ja konksluu, terapeudi p\u00f6idlad fikseeriva samal ajal p\u00f6ialdega randmeliigese dorsaalsel osal p\u00e4itluu. Randmeluude fikseerimise j\u00e4rgselt eemaldab ja l\u00e4hendab terapeut patsiendi k\u00e4mblaluud. <\/span>\n<\/p>\n<p style=\"margin: 12pt 0cm;text-align: center\">\n\t<img loading=\"lazy\" decoding=\"async\" width=\"684\" height=\"281\" class=\"alignnone wp-image-152\" src=\"https:\/\/sisu.ut.ee\/wp-content\/uploads\/sites\/414\/screenshot_2021-02-22_at_15.33.00.png\" title=\"screenshot_2021-02-22_at_15.33.00.png\" alt=\"12-5\" srcset=\"https:\/\/sisu.ut.ee\/wp-content\/uploads\/sites\/414\/screenshot_2021-02-22_at_15.33.00.png 684w, https:\/\/sisu.ut.ee\/wp-content\/uploads\/sites\/414\/screenshot_2021-02-22_at_15.33.00-300x123.png 300w\" sizes=\"auto, (max-width: 684px) 100vw, 684px\">\n<\/p>\n<h5 style=\"text-align: center\">\n\tJOONIS 5. RANDMELIIGESE PIIRKONNA \u00dcHENDATUD ROTATSIOONLIIKUVUSE HINDAMINE. A \u2013 K\u00c4MBLALUUDE EEMALDAMINE; B \u2013 K\u00c4MBLALUUDE L\u00c4HENDAMINE.<br>\n<\/h5>\n","protected":false},"excerpt":{"rendered":"<p>Kui patsient on demonstreerinud vastavalt funktsionaalsele probleemile k\u00fc\u00fcnarvarre, randmeliigese ja labak\u00e4e aktiivseid liigutusi ning terapeut on m\u00f5\u00f5tnud liigeste aktiivsed liikuvusulatused, siis avaldab terapeut v\u00e4hest survet hinnatava liigese igas liikuvussuunas liigese l\u00f5ppliikuvuse hindamiseks. Piiratud liigesliikuvuse korral on eriti oluline avaldada venitussurvet &#8230;<\/p>\n","protected":false},"author":9,"featured_media":0,"parent":0,"menu_order":0,"comment_status":"closed","ping_status":"closed","template":"","meta":{"_acf_changed":false,"inline_featured_image":false,"footnotes":""},"class_list":["post-36","page","type-page","status-publish","hentry"],"acf":[],"_links":{"self":[{"href":"https:\/\/sisu.ut.ee\/fysioterapeutilinehindamine\/wp-json\/wp\/v2\/pages\/36","targetHints":{"allow":["GET"]}}],"collection":[{"href":"https:\/\/sisu.ut.ee\/fysioterapeutilinehindamine\/wp-json\/wp\/v2\/pages"}],"about":[{"href":"https:\/\/sisu.ut.ee\/fysioterapeutilinehindamine\/wp-json\/wp\/v2\/types\/page"}],"author":[{"embeddable":true,"href":"https:\/\/sisu.ut.ee\/fysioterapeutilinehindamine\/wp-json\/wp\/v2\/users\/9"}],"replies":[{"embeddable":true,"href":"https:\/\/sisu.ut.ee\/fysioterapeutilinehindamine\/wp-json\/wp\/v2\/comments?post=36"}],"version-history":[{"count":1,"href":"https:\/\/sisu.ut.ee\/fysioterapeutilinehindamine\/wp-json\/wp\/v2\/pages\/36\/revisions"}],"predecessor-version":[{"id":577,"href":"https:\/\/sisu.ut.ee\/fysioterapeutilinehindamine\/wp-json\/wp\/v2\/pages\/36\/revisions\/577"}],"wp:attachment":[{"href":"https:\/\/sisu.ut.ee\/fysioterapeutilinehindamine\/wp-json\/wp\/v2\/media?parent=36"}],"curies":[{"name":"wp","href":"https:\/\/api.w.org\/{rel}","templated":true}]}}