{"id":33,"date":"2024-04-04T05:48:56","date_gmt":"2024-04-04T02:48:56","guid":{"rendered":"https:\/\/sisu.ut.ee\/fysioterapeutilinehindamine\/123-aktiivsed-liigutused\/"},"modified":"2024-04-04T05:52:30","modified_gmt":"2024-04-04T02:52:30","slug":"123-aktiivsed-liigutused","status":"publish","type":"page","link":"https:\/\/sisu.ut.ee\/fysioterapeutilinehindamine\/123-aktiivsed-liigutused\/","title":{"rendered":"12.3. Aktiivsed liigutused"},"content":{"rendered":"<h6>\n\tRandmeliigese ulnaardeviatsioon on k\u00fc\u00fcnarvarreluu l\u00fchema tikkelj\u00e4tke t\u00f5ttu suurem kui radiaaldeviatsioon.<br>\n<\/h6>\n<p style=\"margin-top:12.0pt;margin-right:0cm;margin-bottom:12.0pt;margin-left:0cm\">\n\t<span lang=\"et\" style=\",serif\">S\u00f5ltuvalt vigastuse piirkonnast ning vigastuse astmest v\u00f5ib k\u00fc\u00fcnarvarre, randmeliigese ja labak\u00e4e funktsionaalne hindamine olla nii t\u00f6\u00f6mahukas kui piirduda vaid \u00fche v\u00f5i kahe liigese hindamisega. L\u00e4htuvalt teadmisest, et randmeliigese ja labak\u00e4e piirkonnas on palju liigeseid, luid, lihaseid ja liigessidemeid, peab terapeut teadma nimetatud kudede anatoomiat ning m\u00f5istma kudede vahelist koostoimimist. Oluline on teada, et randmeliigese ulnaardeviatsioon (abduktsioon) on k\u00fc\u00fcnarvarrel<\/span><span lang=\"et\" style=\",serif\">uu l\u00fchema tikkelj\u00e4tke t\u00f5ttu suurem kui radiaaldeviatsioon (adduktsioon), k\u00fc\u00fcnarvarre supinatsioonj\u00f5ud on suurem kui pronatsioonj\u00f5ud ning, et ulnaardeviatsioonliikuvus on suurem k\u00fc\u00fcnarvarre supinatsioonasendis kui pronatsioonasendis. Nii patsiendi hindamist kui teraapiat m\u00f5jutab teadmine, et randmeliigese ulnaar- ja radiaaldeviatsioon on v\u00e4ikseim kui randmeliiges on t\u00e4ielikult sirutatud v\u00f5i painutatud, s\u00f5rmeliigeste sirutus ja painutus on ulatuslikum kui randmeliiges on neutraalasendis ning randmeliigese sirutus ja painutus on minimaalne kui k\u00fc\u00fcnarvars on pronatsioonasendis.<\/span>\n<\/p>\n<h6>\n\tNii randmeliiges kui labak\u00e4si omavad stabiilset ja mobiilset segmenti.<br>\n<\/h6>\n<p>\n\tNii randmeliiges kui labak\u00e4si omavad stabiilset ja mobiilset segmenti.\u00a0R<span lang=\"et\" style=\",serif\">andmeliigese stabiilne segment koosneb distaalse rea luudest (trapetsoidluu, trapetsluu, p\u00e4itluu, konksluu) ja teisest ning kolmandast k\u00e4mblaluust. Nimetatud luude vaheline v\u00e4ike liikuvus tagab randmeliigese ja labak\u00e4e stabiilsuse, peenmotoorselt t\u00e4psed liigutused ning j\u00f5uhaarde. Mobiilse segmendi moodustavad viis s\u00f5rme ning esimene, neljas ja viies k\u00e4mblaluu.<\/span>\n<\/p>\n<p style=\"margin-top:12.0pt;margin-right:0cm;margin-bottom:12.0pt;margin-left:0cm\">\n\t<span lang=\"et\" style=\",serif\">Randmeliigese sirutusega kaasneb v\u00e4hesel m\u00e4\u00e4ral radiaaldeviatsioon ning k\u00fc\u00fcnarvarre pronatsioon, suurim liikumine toimub sirutuse ajal radiokarpaalliigeses (ligikaudu 40\u00b0) ning v\u00e4ikseim randmeliigese kesksetes liigestes (ligikaudu 20\u00b0). Randmeliigese painutusega kaasneb v\u00e4hesel m\u00e4\u00e4ral ulnaardeviatsioon ning k\u00fc\u00fcnarvarre supinatsioon, suurim liikumine toimub painutuse ajal randmeliigese kesksetes liigestes (ligikaudu 40\u00b0) ning v\u00e4ikseim radiokarpaalliigeses (ligikaudu 30\u00b0). Randmeliigese radiaaldeviatsioon toimub peamiselt randmeluude proksimaalse ja distaalse rea vahel (0-20\u00b0), kusjuures proksimaalsed luud liiguvad k\u00fc\u00fcnarvarreluu suunas ning distaalsed luud kodarluu suunas. Randmeliigese ulnaardeviatsioon toimub peamiselt radiokarpaalliigeses (0-37\u00b0). <\/span>\n<\/p>\n<h4>\n\tRANDMELIIGESE FLEKSIOON JA EKSTENSIOON<br>\n<\/h4>\n<h6>\n\tRandmeliigese normaalne fleksioonliikuvus on 80-90\u00b0.<br>\u00a0\u00a0<br>Randmeliigese normaalne ekstensioonliikuvus on 70-90\u00b0.<br>\n<\/h6>\n<p>\n\t<span lang=\"et\" style=\",serif\">Randmeliigese normaalne fleksioonliikuvus (palmaarfleksioon) on 80-90\u00ba ning ekstensioonliikuvus<\/span>\u00a0<span lang=\"et\" style=\",serif\">(dorsaalfleksioon) 70-90<\/span><span lang=\"et\" style=\",serif\">\u00ba (tabel 1). L\u00f5ppliikuvusel on m\u00f5lema liigutuse puhul tunda kudede venitust. Lihtgoniomeetriga randmeliigese aktiivset fleksiooni ja ekstensiooni m\u00f5\u00f5tes patsient istub, tema labak\u00e4si on \u00fcle laua \u00e4\u00e4re, k\u00fc\u00fcnarvars toetatuna laual pronatsioonasendis, randmeliiges neutraalasendis ning s\u00f5rmed on randmeliigese fleksiooni m\u00f5\u00f5tmisel sirutatud ning ekstensiooni m\u00f5\u00f5tmisel v\u00e4hesel m\u00e4\u00e4ral painutatud. Goniomeetri keskkoht asetatakse k\u00fc\u00fcnarvarreluu tikkelj\u00e4tke distaalsele servale, statsionaarne haar asetatakse paralleelselt k\u00fc\u00fcnarvarreluuga ning liikuv haar paralleelselt viienda k\u00e4mblaluuga. Patsiendil palutakse painutada (joonis 1A) ning seej\u00e4rel sirutada (joonis 1B) labak\u00e4si randmeliigesest maksimaalselt kuni valu taluvuseni v\u00f5i kompensatoorsete liigutuste tekkimiseni.<\/span>\n<\/p>\n<p style=\"margin-top:12.0pt;margin-right:0cm;margin-bottom:12.0pt;margin-left:0cm\">\n\t<span lang=\"et\" style=\",serif\">Gravitatsioonigoniomeetriga randmeliigese fleksiooni (joonis 1C) ja ekstensiooni (joonis 1D) m\u00f5\u00f5tmisel, asetatakse m\u00f5\u00f5tmisvahend labak\u00e4ele dorsaalselt.<\/span>\n<\/p>\n<p style=\"margin: 12pt 0cm;text-align: center\">\n\t<img loading=\"lazy\" decoding=\"async\" width=\"612\" height=\"577\" class=\"alignnone wp-image-151\" src=\"https:\/\/sisu.ut.ee\/wp-content\/uploads\/sites\/414\/screenshot_2021-02-22_at_15.26.19.png\" title=\"screenshot_2021-02-22_at_15.26.19.png\" alt=\"12-1\" srcset=\"https:\/\/sisu.ut.ee\/wp-content\/uploads\/sites\/414\/screenshot_2021-02-22_at_15.26.19.png 612w, https:\/\/sisu.ut.ee\/wp-content\/uploads\/sites\/414\/screenshot_2021-02-22_at_15.26.19-300x283.png 300w\" sizes=\"auto, (max-width: 612px) 100vw, 612px\">\n<\/p>\n<h5 style=\"text-align: center\">\n\tJOONIS 1. RANDMELIIGESE FLEKSIOON JA EKSTENSIOON. A \u2013 L\u00d5PPASEND FLEKSIOONIL; B \u2013 L\u00d5PPASEND EKSTENSIOONIL LIHTGONIOMEETRIGA M\u00d5\u00d5TES; C \u2013 L\u00d5PPASEND FLEKSIOONIL; D \u2013 L\u00d5PPASEND EKSTENSIOONIL GRAVITATSIOONIGONIOMEETRIGA M\u00d5\u00d5TES.<br>\n<\/h5>\n<h4>\n\tRANDMELIIGESE RADIAAL- JA ULNAARDEVIATSIOON<br>\n<\/h4>\n<div>\n<div id=\"_com_5\">\n<h6>\n\t\t\tRandmeliigese normaalne radiaaldeviatsioonliikuvus on 15\u00b0.<br>\u00a0<br>Randmeliigese normaalne ulnaardeviatsioonliikuvus on 30-45\u00b0.<br>\n\t\t<\/h6>\n<\/div>\n<\/div>\n<p style=\"margin-top:12.0pt;margin-right:0cm;margin-bottom:12.0pt;margin-left:0cm\">\n\t<span lang=\"et\" style=\",serif\">Randmeliigese normaalne radiaaldeviatsioonliikuvus on 15\u00ba ning ulnaardeviatsioonliikuvus <\/span><span lang=\"et\" style=\",serif\">30-45\u00ba. Normaalsel l\u00f5ppliikuvuse korral toimub m\u00f5lemal juhul liikumine luu vastu luud.<\/span>\n<\/p>\n<p style=\"margin-top:12.0pt;margin-right:0cm;margin-bottom:12.0pt;margin-left:0cm\">\n\t<span lang=\"et\" style=\",serif\">Lihtgoniomeetriga randmeliigese aktiivset radiaal- ja ulnaardeviatsiooni m\u00f5\u00f5tes patsient istub, tema labak\u00e4si ja k\u00fc\u00fcnarvars on toetatud lauale. Goniomeetri keskkoht asetatakse dorsaalselt randmeliigese keskele (p\u00e4itluule), statsionaarne haar on paralleelselt ning keskselt k\u00fc\u00fcnarvarreluul, liikuv haar paralleelselt kolmanda k\u00e4blaluuga. Patsiendil palutakse teostada randmeliigesest radiaaldeviatsioon (joonis 2A) ning seej\u00e4rel ulnaardeviatsioon (joonis 2B) maksimaalselt kuni valu taluvuseni v\u00f5i kompensatoorsete liigutuste tekkimiseni. Kirjeldatud m\u00f5\u00f5tmiste ajal ei tohi randmeliigest sirutada ega painutada.<\/span>\n<\/p>\n<p style=\"margin-top:12.0pt;margin-right:0cm;margin-bottom:12.0pt;margin-left:0cm\">\n\t<span lang=\"et\" style=\",serif\">Gravitatsioonigoniomeetriga randmeliigese radiaal- (joonis 2C) ja ulnaardeviatsiooni (joonis 2D) m\u00f5\u00f5tes toetub patsiendi k\u00fc\u00fcnarvars ulnaarselt lauale, labak\u00e4si on \u00fcle laua \u00e4\u00e4re. Goniomeeter asetatakse esimesele k\u00e4mbla- ja s\u00f5rmeluule radiaalselt.<\/span>\n<\/p>\n<p style=\"margin: 12pt 0cm;text-align: center\">\n\t<img loading=\"lazy\" decoding=\"async\" width=\"672\" height=\"562\" class=\"alignnone wp-image-150\" src=\"https:\/\/sisu.ut.ee\/wp-content\/uploads\/sites\/414\/screenshot_2021-02-22_at_15.22.55.png\" title=\"screenshot_2021-02-22_at_15.22.55.png\" alt=\"12-2\" srcset=\"https:\/\/sisu.ut.ee\/wp-content\/uploads\/sites\/414\/screenshot_2021-02-22_at_15.22.55.png 672w, https:\/\/sisu.ut.ee\/wp-content\/uploads\/sites\/414\/screenshot_2021-02-22_at_15.22.55-300x251.png 300w\" sizes=\"auto, (max-width: 672px) 100vw, 672px\">\n<\/p>\n<h5 style=\"text-align: center\">\n\tJOONIS 2. RANDMELIIGESE RADIAAL- JA ULNAARDEVIATSIOON. A \u2013 L\u00d5PPASEND RADIAALDEVIATSIOONIL; B \u2013 L\u00d5PPASEND ULNAARDEVIATSIOONIL LIHTGONIOMEETRIGA M\u00d5\u00d5TES; C \u2013 L\u00d5PPASEND RADIAALDEVIATSIOONIL; D- L \u00d5PPASEND ULNAARDEVIATSIOONIL GRAVITATSIOONIGONIOMEETRIGA M\u00d5\u00d5TES.<br>\n<\/h5>\n<h4>\n\tS\u00d5RMELIIGESTE FLEKSIOON JA EKSTENSIOON<br>\n<\/h4>\n<h6>\n\tS\u00f5rmeliigeste normaalne fleksioonliikuvus on MCP liigeses 85-90\u00ba, PIP liigeses 100-115\u00ba ja DIP liigeses 80-90\u00ba.<br>\n<\/h6>\n<p>\n\tS\u00f5rmeliigeste normaalne fleksioonliikuvus on MCP liigeses 85-90\u00ba, PIP liigeses 100-115\u00ba ja DIP liigeses 80-90\u00ba.\u00a0V\u00e4ljatood<span lang=\"et\" style=\",serif\">ud liikuvusulatused v\u00f5imaldavad haarata nii suuri kui v\u00e4ikeseid esemeid. Joonisel 3 on n\u00e4idatud nimetiss\u00f5rme MCP liigese fleksioonliikuvuse m\u00f5\u00f5tmine s\u00f5rmeliigeste liikuvust m\u00f5\u00f5tva goniomeetriga. S\u00f5rmeliigeste normaalne ekstensioonliikuvus on MCP liigeses 30-45\u00ba, PIP liigeses 0\u00ba ning DIP liigeses 20\u00ba. \u00dclesirutus PIP liigeses v\u00f5ib olla seotud reumatoidartriidi diagnoosiga patsientidel esineva luigekaela deformatsiooniga. S\u00f5rmeliigeste l\u00f5ppliikuvusel on nii painutusel kui sirutusel tunda kudede venitust. S\u00f5rmede eemaldamine on v\u00f5imalik MCP liigeses 20-30\u00ba ulatuses. P\u00f6idla normaalne fleksioonliikuvus\u00a0 on CMC liigeses 45-50\u00ba, MCP liigeses 50-55\u00ba ja IP liigeses 80-90\u00ba. P\u00f6idla normaalne ekstensioonliikuvus on IP liigeses 0-5\u00ba. P\u00f6idla normaalne abduktsioonliikuvus on 60-70\u00ba ning adduktsioonliikuvus 30\u00ba. Erinevalt teistest s\u00f5rmedest, innerveerib p\u00f6idlalihaseid kolm n\u00e4rvi. Radiaaln\u00e4rv kontrollib p\u00f6idla ekstensiooni ja abduktsiooni, ulnaarn\u00e4rv kontrollib adduktsiooni ning tagab p\u00f6idla pigistusj\u00f5u, mediaann\u00e4rv kontrollib fleksiooni ja p\u00f6idla l\u00e4hendamist peopesale.<\/span>\n<\/p>\n<p style=\"margin: 12pt 0cm;text-align: center\">\n\t<img loading=\"lazy\" decoding=\"async\" width=\"350\" height=\"206\" class=\"alignnone wp-image-149\" src=\"https:\/\/sisu.ut.ee\/wp-content\/uploads\/sites\/414\/screenshot_2021-02-22_at_15.20.16.png\" title=\"screenshot_2021-02-22_at_15.20.16.png\" alt=\"12-3\" srcset=\"https:\/\/sisu.ut.ee\/wp-content\/uploads\/sites\/414\/screenshot_2021-02-22_at_15.20.16.png 350w, https:\/\/sisu.ut.ee\/wp-content\/uploads\/sites\/414\/screenshot_2021-02-22_at_15.20.16-300x177.png 300w\" sizes=\"auto, (max-width: 350px) 100vw, 350px\">\n<\/p>\n<h5 style=\"text-align: center\">\n\tJOONIS 3. NIMETISS\u00d5RME K\u00c4MBLA-S\u00d5RMELIIGESE FLEKSIOON.<br>\n<\/h5>\n<h5 style=\"text-align: center\">\n\tTABEL 1. RANDME- JA S\u00d5RMELIIGESTE NORMAALSED LIIKUVUSULATUSED.<br>\n<\/h5>\n<table class=\"table table-hover\" align=\"center\" border=\"1\" cellpadding=\"5\" style=\"border-collapse: collapse;width: 80%\" width=\"426\">\n<tbody>\n<tr style=\"height:24.25pt\">\n<td style=\"width:148.5pt;border:solidblack1.0pt\" width=\"198\">\n<p style=\"margin-top:12.0pt;padding:5.0pt5.0pt5.0pt5.0pt\">\n\t\t\t\t\t<span style=\"height:24.25pt\"><span lang=\"et\"><span style=\"line-height:115%\"><span style=\",serif\">Randmeliigese palmaarfleksioon<\/span><\/span><\/span><\/span>\n\t\t\t\t<\/p>\n<\/td>\n<td style=\"width:171.0pt;border:solidblack1.0pt;border-left:none\" width=\"228\">\n<p style=\"margin-top:12.0pt;padding:5.0pt5.0pt5.0pt5.0pt\">\n\t\t\t\t\t<span style=\"height:24.25pt\"><span lang=\"et\"><span style=\"line-height:115%\"><span style=\",serif\">80-90\u00ba<\/span><\/span><\/span><\/span>\n\t\t\t\t<\/p>\n<\/td>\n<\/tr>\n<tr style=\"height:24.25pt\">\n<td style=\"width:148.5pt;border:solidblack1.0pt;border-top:none\" width=\"198\">\n<p style=\"margin-top:12.0pt;padding:5.0pt5.0pt5.0pt5.0pt\">\n\t\t\t\t\t<span style=\"height:24.25pt\"><span lang=\"et\"><span style=\"line-height:115%\"><span style=\",serif\">Randmeliigese dorsaalfleksioon<\/span><\/span><\/span><\/span>\n\t\t\t\t<\/p>\n<\/td>\n<td style=\"width:171.0pt;border-top:none;border-left:none;border-bottom:solidblack1.0pt;border-right:solidblack1.0pt\" width=\"228\">\n<p style=\"margin-top:12.0pt;padding:5.0pt5.0pt5.0pt5.0pt\">\n\t\t\t\t\t<span style=\"height:24.25pt\"><span lang=\"et\"><span style=\"line-height:115%\"><span style=\",serif\">70-90\u00ba<\/span><\/span><\/span><\/span>\n\t\t\t\t<\/p>\n<\/td>\n<\/tr>\n<tr style=\"height:38.5pt\">\n<td style=\"width:148.5pt;border:solidblack1.0pt;border-top:none\" width=\"198\">\n<p style=\"margin-top:12.0pt;padding:5.0pt5.0pt5.0pt5.0pt\">\n\t\t\t\t\t<span style=\"height:38.5pt\"><span lang=\"et\"><span style=\"line-height:115%\"><span style=\",serif\">Randmeliigese radiaaldeviatsioon<\/span><\/span><\/span><\/span>\n\t\t\t\t<\/p>\n<\/td>\n<td style=\"width:171.0pt;border-top:none;border-left:none;border-bottom:solidblack1.0pt;border-right:solidblack1.0pt\" width=\"228\">\n<p style=\"margin-top:12.0pt;padding:5.0pt5.0pt5.0pt5.0pt\">\n\t\t\t\t\t<span style=\"height:38.5pt\"><span lang=\"et\"><span style=\"line-height:115%\"><span style=\",serif\">15\u00ba<\/span><\/span><\/span><\/span>\n\t\t\t\t<\/p>\n<\/td>\n<\/tr>\n<tr style=\"height:24.25pt\">\n<td style=\"width:148.5pt;border:solidblack1.0pt;border-top:none\" width=\"198\">\n<p style=\"margin-top:12.0pt;padding:5.0pt5.0pt5.0pt5.0pt\">\n\t\t\t\t\t<span style=\"height:24.25pt\"><span lang=\"et\"><span style=\"line-height:115%\"><span style=\",serif\">Randmeliigese ulnaardeviatsioon<\/span><\/span><\/span><\/span>\n\t\t\t\t<\/p>\n<\/td>\n<td style=\"width:171.0pt;border-top:none;border-left:none;border-bottom:solidblack1.0pt;border-right:solidblack1.0pt\" width=\"228\">\n<p style=\"margin-top:12.0pt;padding:5.0pt5.0pt5.0pt5.0pt\">\n\t\t\t\t\t<span style=\"height:24.25pt\"><span lang=\"et\"><span style=\"line-height:115%\"><span style=\",serif\">30-45\u00ba<\/span><\/span><\/span><\/span>\n\t\t\t\t<\/p>\n<\/td>\n<\/tr>\n<tr style=\"height:24.25pt\">\n<td style=\"width:148.5pt;border:solidblack1.0pt;border-top:none\" width=\"198\">\n<p style=\"margin-top:12.0pt;padding:5.0pt5.0pt5.0pt5.0pt\">\n\t\t\t\t\t<span style=\"height:24.25pt\"><span lang=\"et\"><span style=\"line-height:115%\"><span style=\",serif\">S\u00f5rmeliigeste fleksioon<\/span><\/span><\/span><\/span>\n\t\t\t\t<\/p>\n<\/td>\n<td style=\"width:171.0pt;border-top:none;border-left:none;border-bottom:solidblack1.0pt;border-right:solidblack1.0pt\" width=\"228\">\n<p style=\"margin-top:12.0pt;padding:5.0pt5.0pt5.0pt5.0pt\">\n\t\t\t\t\t<span style=\"height:24.25pt\"><span lang=\"et\"><span style=\"line-height:115%\"><span style=\",serif\">MCP 85-90\u00ba; PIP 100-115\u00ba; DIP 80-90\u00ba<\/span><\/span><\/span><\/span>\n\t\t\t\t<\/p>\n<\/td>\n<\/tr>\n<tr style=\"height:24.25pt\">\n<td style=\"width:148.5pt;border:solidblack1.0pt;border-top:none\" width=\"198\">\n<p style=\"margin-top:12.0pt;padding:5.0pt5.0pt5.0pt5.0pt\">\n\t\t\t\t\t<span style=\"height:24.25pt\"><span lang=\"et\"><span style=\"line-height:115%\"><span style=\",serif\">S\u00f5rmeliigeste ekstensioon<\/span><\/span><\/span><\/span>\n\t\t\t\t<\/p>\n<\/td>\n<td style=\"width:171.0pt;border-top:none;border-left:none;border-bottom:solidblack1.0pt;border-right:solidblack1.0pt\" width=\"228\">\n<p style=\"margin-top:12.0pt;padding:5.0pt5.0pt5.0pt5.0pt\">\n\t\t\t\t\t<span style=\"height:24.25pt\"><span lang=\"et\"><span style=\"line-height:115%\"><span style=\",serif\">MCP 30-45\u00ba; PIP 0\u00ba; DIP 20\u00ba<\/span><\/span><\/span><\/span>\n\t\t\t\t<\/p>\n<\/td>\n<\/tr>\n<tr style=\"height:24.25pt\">\n<td style=\"width:148.5pt;border:solidblack1.0pt;border-top:none\" width=\"198\">\n<p style=\"margin-top:12.0pt;padding:5.0pt5.0pt5.0pt5.0pt\">\n\t\t\t\t\t<span style=\"height:24.25pt\"><span lang=\"et\"><span style=\"line-height:115%\"><span style=\",serif\">S\u00f5rmeliigese abduktsioon<\/span><\/span><\/span><\/span>\n\t\t\t\t<\/p>\n<\/td>\n<td style=\"width:171.0pt;border-top:none;border-left:none;border-bottom:solidblack1.0pt;border-right:solidblack1.0pt\" width=\"228\">\n<p style=\"margin-top:12.0pt;padding:5.0pt5.0pt5.0pt5.0pt\">\n\t\t\t\t\t<span style=\"height:24.25pt\"><span lang=\"et\"><span style=\"line-height:115%\"><span style=\",serif\">20-30\u00ba<\/span><\/span><\/span><\/span>\n\t\t\t\t<\/p>\n<\/td>\n<\/tr>\n<tr style=\"height:24.25pt\">\n<td style=\"width:148.5pt;border:solidblack1.0pt;border-top:none\" width=\"198\">\n<p style=\"margin-top:12.0pt;padding:5.0pt5.0pt5.0pt5.0pt\">\n\t\t\t\t\t<span style=\"height:24.25pt\"><span lang=\"et\"><span style=\"line-height:115%\"><span style=\",serif\">S\u00f5rmeliigeste aduktsioon<\/span><\/span><\/span><\/span>\n\t\t\t\t<\/p>\n<\/td>\n<td style=\"width:171.0pt;border-top:none;border-left:none;border-bottom:solidblack1.0pt;border-right:solidblack1.0pt\" width=\"228\">\n<p style=\"margin-top:12.0pt;padding:5.0pt5.0pt5.0pt5.0pt\">\n\t\t\t\t\t<span style=\"height:24.25pt\"><span lang=\"et\"><span style=\"line-height:115%\"><span style=\",serif\">0\u00ba<\/span><\/span><\/span><\/span>\n\t\t\t\t<\/p>\n<\/td>\n<\/tr>\n<tr style=\"height:24.25pt\">\n<td style=\"width:148.5pt;border:solidblack1.0pt;border-top:none\" width=\"198\">\n<p style=\"margin-top:12.0pt;padding:5.0pt5.0pt5.0pt5.0pt\">\n\t\t\t\t\t<span style=\"height:24.25pt\"><span lang=\"et\"><span style=\"line-height:115%\"><span style=\",serif\">P\u00f6idla fleksioon<\/span><\/span><\/span><\/span>\n\t\t\t\t<\/p>\n<\/td>\n<td style=\"width:171.0pt;border-top:none;border-left:none;border-bottom:solidblack1.0pt;border-right:solidblack1.0pt\" width=\"228\">\n<p style=\"margin-top:12.0pt;padding:5.0pt5.0pt5.0pt5.0pt\">\n\t\t\t\t\t<span style=\"height:24.25pt\"><span lang=\"et\"><span style=\"line-height:115%\"><span style=\",serif\">CMC 45-50\u00ba, MCP 50-55\u00ba, IP 85-90\u00ba<\/span><\/span><\/span><\/span>\n\t\t\t\t<\/p>\n<\/td>\n<\/tr>\n<tr style=\"height:24.25pt\">\n<td style=\"width:148.5pt;border:solidblack1.0pt;border-top:none\" width=\"198\">\n<p style=\"margin-top:12.0pt;padding:5.0pt5.0pt5.0pt5.0pt\">\n\t\t\t\t\t<span style=\"height:24.25pt\"><span lang=\"et\"><span style=\"line-height:115%\"><span style=\",serif\">P\u00f6idla ekstensioon<\/span><\/span><\/span><\/span>\n\t\t\t\t<\/p>\n<\/td>\n<td style=\"width:171.0pt;border-top:none;border-left:none;border-bottom:solidblack1.0pt;border-right:solidblack1.0pt\" width=\"228\">\n<p style=\"margin-top:12.0pt;padding:5.0pt5.0pt5.0pt5.0pt\">\n\t\t\t\t\t<span style=\"height:24.25pt\"><span lang=\"et\"><span style=\"line-height:115%\"><span style=\",serif\">MCP 0\u00ba, IP 0-5\u00ba<\/span><\/span><\/span><\/span>\n\t\t\t\t<\/p>\n<\/td>\n<\/tr>\n<tr style=\"height:24.25pt\">\n<td style=\"width:148.5pt;border:solidblack1.0pt;border-top:none\" width=\"198\">\n<p style=\"margin-top:12.0pt;padding:5.0pt5.0pt5.0pt5.0pt\">\n\t\t\t\t\t<span style=\"height:24.25pt\"><span lang=\"et\"><span style=\"line-height:115%\"><span style=\",serif\">P\u00f6idla abduktsioon<\/span><\/span><\/span><\/span>\n\t\t\t\t<\/p>\n<\/td>\n<td style=\"width:171.0pt;border-top:none;border-left:none;border-bottom:solidblack1.0pt;border-right:solidblack1.0pt\" width=\"228\">\n<p style=\"margin-top:12.0pt;padding:5.0pt5.0pt5.0pt5.0pt\">\n\t\t\t\t\t<span style=\"height:24.25pt\"><span lang=\"et\"><span style=\"line-height:115%\"><span style=\",serif\">60-70\u00ba<\/span><\/span><\/span><\/span>\n\t\t\t\t<\/p>\n<\/td>\n<\/tr>\n<tr style=\"height:24.25pt\">\n<td style=\"width:148.5pt;border:solidblack1.0pt;border-top:none\" width=\"198\">\n<p style=\"margin-top:12.0pt;padding:5.0pt5.0pt5.0pt5.0pt\">\n\t\t\t\t\t<span style=\"height:24.25pt\"><span lang=\"et\"><span style=\"line-height:115%\"><span style=\",serif\">P\u00f6idla adduktsioon<\/span><\/span><\/span><\/span>\n\t\t\t\t<\/p>\n<\/td>\n<td style=\"width:171.0pt;border-top:none;border-left:none;border-bottom:solidblack1.0pt;border-right:solidblack1.0pt\" width=\"228\">\n<p style=\"margin-top:12.0pt;padding:5.0pt5.0pt5.0pt5.0pt\">\n\t\t\t\t\t<span style=\"height:24.25pt\"><span lang=\"et\"><span style=\"line-height:115%\"><span style=\",serif\">30\u00ba<\/span><\/span><\/span><\/span>\n\t\t\t\t<\/p>\n<\/td>\n<\/tr>\n<\/tbody>\n<\/table>\n<p style=\"margin-top:12.0pt;margin-right:0cm;margin-bottom:12.0pt;margin-left:0cm\">\n\t<span lang=\"et\" style=\",serif\">Randme- ja s\u00f5rmeliigeste aktiivsed liigutused v\u00f5ivad olla piiratud nii neuroloogilistel p\u00f5hjustel kui lihasprobleemide t\u00f5ttu. Karpaalkanali s\u00fcndroomina tuntud mediaann\u00e4rvi kompressioon karpaalkanalis m\u00f5jutab nii labak\u00e4e kui s\u00f5rmede motoorset ja sensoorset funktsiooni. Kui turse, valu v\u00f5i liigeskontraktuuri t\u00f5ttu esineb liigesliikuvuse piiratus ning liigese aktiivse liikuvusulatuse m\u00f5\u00f5tmine on raskendatud, v\u00f5ib hindamisel kasutada joonlauda v\u00f5i m\u00f5\u00f5dulinti(joonis 4). S\u00f5rmeotsa kauguse m\u00f5\u00f5tmine peopesast annab informatsiooni teraapia efektiivsuse kohta. Labak\u00e4e \u00fcldise funktsionaalsuse seisukohalt on oluline, et s\u00f5rme- ja p\u00f6idlaliigestes oleks v\u00f5imalik v\u00e4hemalt 5 cm abduktsioon ning, et s\u00f5rmeliigeste fleksioon oleks v\u00f5imalik v\u00e4hemalt 1-2 cm. <\/span><\/p>\n","protected":false},"excerpt":{"rendered":"<p>Randmeliigese ulnaardeviatsioon on k\u00fc\u00fcnarvarreluu l\u00fchema tikkelj\u00e4tke t\u00f5ttu suurem kui radiaaldeviatsioon. S\u00f5ltuvalt vigastuse piirkonnast ning vigastuse astmest v\u00f5ib k\u00fc\u00fcnarvarre, randmeliigese ja labak\u00e4e funktsionaalne hindamine olla nii t\u00f6\u00f6mahukas kui piirduda vaid \u00fche v\u00f5i kahe liigese hindamisega. L\u00e4htuvalt teadmisest, et randmeliigese ja labak\u00e4e &#8230;<\/p>\n","protected":false},"author":9,"featured_media":0,"parent":0,"menu_order":0,"comment_status":"closed","ping_status":"closed","template":"","meta":{"_acf_changed":false,"inline_featured_image":false,"footnotes":""},"class_list":["post-33","page","type-page","status-publish","hentry"],"acf":[],"_links":{"self":[{"href":"https:\/\/sisu.ut.ee\/fysioterapeutilinehindamine\/wp-json\/wp\/v2\/pages\/33","targetHints":{"allow":["GET"]}}],"collection":[{"href":"https:\/\/sisu.ut.ee\/fysioterapeutilinehindamine\/wp-json\/wp\/v2\/pages"}],"about":[{"href":"https:\/\/sisu.ut.ee\/fysioterapeutilinehindamine\/wp-json\/wp\/v2\/types\/page"}],"author":[{"embeddable":true,"href":"https:\/\/sisu.ut.ee\/fysioterapeutilinehindamine\/wp-json\/wp\/v2\/users\/9"}],"replies":[{"embeddable":true,"href":"https:\/\/sisu.ut.ee\/fysioterapeutilinehindamine\/wp-json\/wp\/v2\/comments?post=33"}],"version-history":[{"count":1,"href":"https:\/\/sisu.ut.ee\/fysioterapeutilinehindamine\/wp-json\/wp\/v2\/pages\/33\/revisions"}],"predecessor-version":[{"id":580,"href":"https:\/\/sisu.ut.ee\/fysioterapeutilinehindamine\/wp-json\/wp\/v2\/pages\/33\/revisions\/580"}],"wp:attachment":[{"href":"https:\/\/sisu.ut.ee\/fysioterapeutilinehindamine\/wp-json\/wp\/v2\/media?parent=33"}],"curies":[{"name":"wp","href":"https:\/\/api.w.org\/{rel}","templated":true}]}}