{"id":32,"date":"2024-04-04T05:48:56","date_gmt":"2024-04-04T02:48:56","guid":{"rendered":"https:\/\/sisu.ut.ee\/fysioterapeutilinehindamine\/25-ruhi-hindamise-aspektid\/"},"modified":"2024-04-04T05:52:30","modified_gmt":"2024-04-04T02:52:30","slug":"25-ruhi-hindamise-aspektid","status":"publish","type":"page","link":"https:\/\/sisu.ut.ee\/fysioterapeutilinehindamine\/25-ruhi-hindamise-aspektid\/","title":{"rendered":"2.5. R\u00fchi hindamise aspektid"},"content":{"rendered":"<h6 style=\"margin: 12pt 0cm\">\n\tR\u00fchivaatlust teostatakse patsiendi tagant-, eest- ja k\u00fclgvaates.<br>\n<\/h6>\n<p style=\"margin-top:12.0pt;margin-right:0cm;margin-bottom:12.0pt;margin-left:0cm\">\n\t<span lang=\"et\" style=\",serif\">R\u00fchi hindamine algab patsiendi anamneesi v\u00f5tmise ning vaatlusega. R\u00fchi hindamine sisaldab kolme olulist osa:<\/span>\n<\/p>\n<ol>\n<li>\n\t\tr\u00fchi hindamist seistes;\n\t<\/li>\n<li>\n\t\tlihaste elastsuse ja lihaspikkuse hindamist;\n\t<\/li>\n<li>\n\t\tlihasj\u00f5u hindamist.\n\t<\/li>\n<\/ol>\n<h6 style=\"margin: 12pt 0cm\">\n\tR\u00fchivaatlust teostatakse peegli ees.<br>\n<\/h6>\n<p style=\"margin-top:12.0pt;margin-right:0cm;margin-bottom:12.0pt;margin-left:0cm\">\n\t<span lang=\"et\" style=\",serif\">Tavap\u00e4raselt alustatakse hindamist r\u00fchi vaatlusega, seej\u00e4rel teostatakse t\u00e4psustavalt lihaste elastsuse ja lihasj\u00f5u hindamise testid. Lihaste elastsuse ja j\u00f5u hindamine v\u00f5imaldab tuvastada erinevate lihaste funktsionaalseid h\u00e4ireid ebakorrektse r\u00fchiga seonduvalt. R\u00fchivaatlusega tuvastatud keha teljelisuse h\u00e4ired saavad lihastestidega kinnitust kui m\u00f5lemad hindamise meetodid on sooritatud korrektselt. N\u00e4iteks v\u00f5ib keha ettepainutust hinnata nii seistes kui istudes, kuid arvatakse, et istudes teostatud test on informatiivsem. Kui painduvus on normaalne istudes, kuid piiratud seistes, v\u00f5ib sageli vaagna rotatsioon v\u00f5i lateraalsuunaline kalle tekitada ka alaseljas ebakorrektse asendi (nt rotatsioon)- see aga takistab kere ettepainutust seistes. Lihasj\u00f5u testidega hinnatakse enim \u00fcla- ja alakehalihaseid, k\u00f5hulihaseid, k\u00f5hu p\u00f5ikilihaseid, kere k\u00fclgmisi lihaseid, selja sirutajalihaseid, keskmist ja alumist trapetslihast, eesmisi saaglihaseid, tuharalihaseid, hamstringlihaseid, puusaliigese painutajalihaseid, lestlihast ning varvaste painutajalihaseid. N\u00e4iteks l\u00fclisamba v\u00f5i \u00f5la- ja vaagnav\u00f6\u00f6tme lateraalsuunalise kalde korral on oluline hinnata k\u00f5hu p\u00f5ikilihase, kere k\u00fclgmiste lihaste ja keskmise tuharalihase j\u00f5udu. Vaagna anteroposterioorse (eesmis-tagumise) kalde korral on oluline hinnata k\u00f5hu- ja seljalihaste, aga ka puusaliigese sirutaja- ja painutajalihaste ning lestlihase j\u00f5udu.\u00a0<\/span>\n<\/p>\n<h5 dir=\"ltr\" style=\"text-align: center\">\n\tTabel 1. R\u00fchi hindamise aspektid k\u00fclgvaates.<br>\n<\/h5>\n<table class=\"table table-hover\" align=\"center\" style=\"width: 80%\">\n<colgroup>\n<col>\n<col>\n\t<\/colgroup>\n<tbody>\n<tr>\n<td style=\"width: 50%\">\n<p dir=\"ltr\" style=\"text-align: center\">\n\t\t\t\t\t<strong>Korrektse r\u00fchi korral<\/strong>\n\t\t\t\t<\/p>\n<\/td>\n<td>\n<p dir=\"ltr\" style=\"text-align: center\">\n\t\t\t\t\t<strong>R\u00fchih\u00e4ire<\/strong>\n\t\t\t\t<\/p>\n<\/td>\n<\/tr>\n<tr>\n<td>\n<p dir=\"ltr\">\n\t\t\t\t\tPea keha keskteljel\n\t\t\t\t<\/p>\n<\/td>\n<td>\n<p dir=\"ltr\">\n\t\t\t\t\tPea eesasend\n\t\t\t\t<\/p>\n<\/td>\n<\/tr>\n<tr>\n<td>\n<p dir=\"ltr\">\n\t\t\t\t\t\u00d5lav\u00f6\u00f6de keha keskteljel\n\t\t\t\t<\/p>\n<\/td>\n<td>\n<p dir=\"ltr\">\n\t\t\t\t\t\u00d5lav\u00f6\u00f6de anterioorselt\n\t\t\t\t<\/p>\n<\/td>\n<\/tr>\n<tr>\n<td>\n<p dir=\"ltr\">\n\t\t\t\t\t\u00d5laliiges keha keskteljel\n\t\t\t\t<\/p>\n<\/td>\n<td>\n<p dir=\"ltr\">\n\t\t\t\t\t\u00d5laliiges siserotatsioonasendis\n\t\t\t\t<\/p>\n<\/td>\n<\/tr>\n<tr>\n<td>\n<p dir=\"ltr\">\n\t\t\t\t\tF\u00fcsioloogiline rinnak\u00fcfoos\n\t\t\t\t<\/p>\n<\/td>\n<td>\n<p dir=\"ltr\">\n\t\t\t\t\tK\u00fcfootiline kehahoid\n\t\t\t\t<\/p>\n<p dir=\"ltr\">\n\t\t\t\t\tSirgeselgsus\n\t\t\t\t<\/p>\n<\/td>\n<\/tr>\n<tr>\n<td>\n<p dir=\"ltr\">\n\t\t\t\t\tF\u00fcsioloogiline nimmelordoos\n\t\t\t\t<\/p>\n<\/td>\n<td>\n<p dir=\"ltr\">\n\t\t\t\t\tNimmelordoos suurenenud\n\t\t\t\t<\/p>\n<p dir=\"ltr\">\n\t\t\t\t\tLameselgsus\n\t\t\t\t<\/p>\n<\/td>\n<\/tr>\n<tr>\n<td>\n<p dir=\"ltr\">\n\t\t\t\t\tVaagna neutraalasend\n\t\t\t\t<\/p>\n<\/td>\n<td>\n<p dir=\"ltr\">\n\t\t\t\t\tVaagna anterioorne asend\n\t\t\t\t<\/p>\n<p dir=\"ltr\">\n\t\t\t\t\tVaagna posterioorne asend\n\t\t\t\t<\/p>\n<p dir=\"ltr\">\n\t\t\t\t\tVaagna rotatsioon p\u00e4rip\u00e4eva (ingl <em>clockwise<\/em>)\n\t\t\t\t<\/p>\n<p dir=\"ltr\">\n\t\t\t\t\tVaagna rotatsioon vastup\u00e4eva (ingl <em>counter clockwise<\/em>)\n\t\t\t\t<\/p>\n<\/td>\n<\/tr>\n<tr>\n<td>\n<p dir=\"ltr\">\n\t\t\t\t\tP\u00f5lveliiges keha keskteljel\n\t\t\t\t<\/p>\n<\/td>\n<td>\n<p dir=\"ltr\">\n\t\t\t\t\tP\u00f5lveliigesed painutatud\n\t\t\t\t<\/p>\n<p dir=\"ltr\">\n\t\t\t\t\tP\u00f5lveliigesed \u00fclesirutatud\n\t\t\t\t<\/p>\n<\/td>\n<\/tr>\n<tr>\n<td>\n<p dir=\"ltr\">\n\t\t\t\t\tKeharaskuse v\u00f5rdne jaotus nii labajala eesosale kui kannale\n\t\t\t\t<\/p>\n<\/td>\n<td>\n<p dir=\"ltr\">\n\t\t\t\t\tKeharaskus enam kannal\n\t\t\t\t<\/p>\n<p dir=\"ltr\">\n\t\t\t\t\tKeharaskus enam labajala eesosal\n\t\t\t\t<\/p>\n<\/td>\n<\/tr>\n<tr>\n<td>\n<p dir=\"ltr\">\n\t\t\t\t\tLabajala pikiv\u00f5lvid korrektse k\u00f5rgusega\n\t\t\t\t<\/p>\n<\/td>\n<td>\n<p dir=\"ltr\">\n\t\t\t\t\tLabajala pikiv\u00f5lvid madalad\/k\u00f5rged\n\t\t\t\t<\/p>\n<\/td>\n<\/tr>\n<\/tbody>\n<\/table>\n<h5 dir=\"ltr\">\n\t\u00a0<br>\n<\/h5>\n<h5 dir=\"ltr\" style=\"text-align: center\">\n\tTabel 2. R\u00fchi hindamise aspektid nii tagantvaates kui eestvaates.<br>\n<\/h5>\n<table class=\"table table-hover\" align=\"center\" style=\"width: 80%\">\n<colgroup>\n<col>\n<col>\n\t<\/colgroup>\n<tbody>\n<tr>\n<td style=\"width: 50%\">\n<p dir=\"ltr\" style=\"text-align: center\">\n\t\t\t\t\t<strong>Korrektse r\u00fchi korral<\/strong>\n\t\t\t\t<\/p>\n<\/td>\n<td>\n<p dir=\"ltr\" style=\"text-align: center\">\n\t\t\t\t\t<strong>R\u00fchih\u00e4ire<\/strong>\n\t\t\t\t<\/p>\n<\/td>\n<\/tr>\n<tr>\n<td>\n<p dir=\"ltr\">\n\t\t\t\t\tPea keha keskteljel\n\t\t\t\t<\/p>\n<\/td>\n<td>\n<p dir=\"ltr\">\n\t\t\t\t\tPea lateraalsuunaline painutus\n\t\t\t\t<\/p>\n<p dir=\"ltr\">\n\t\t\t\t\tPea rotatsioonasendis\n\t\t\t\t<\/p>\n<\/td>\n<\/tr>\n<tr>\n<td>\n<p dir=\"ltr\">\n\t\t\t\t\t\u00d5lav\u00f6\u00f6tme s\u00fcmmeetria\n\t\t\t\t<\/p>\n<\/td>\n<td>\n<p dir=\"ltr\">\n\t\t\t\t\t\u00d5lav\u00f6\u00f6tme ebas\u00fcmmeetria (nt parem \u00f5lav\u00f6\u00f6de k\u00f5rgemal v\u00f5rreldes vasakuga)\n\t\t\t\t<\/p>\n<\/td>\n<\/tr>\n<tr>\n<td>\n<p dir=\"ltr\">\n\t\t\t\t\tAbaluude s\u00fcmmeetria\n\t\t\t\t<\/p>\n<\/td>\n<td>\n<p dir=\"ltr\">\n\t\t\t\t\tAbaluude ebas\u00fcmmeetria (nt parem \u00f5lav\u00f6\u00f6de k\u00f5rgemal v\u00f5rreldes vasakuga)\n\t\t\t\t<\/p>\n<p dir=\"ltr\">\n\t\t\t\t\tAbaluud protraktsioonasendis\n\t\t\t\t<\/p>\n<p dir=\"ltr\">\n\t\t\t\t\tAbaluud retraktsioonasendis\n\t\t\t\t<\/p>\n<p dir=\"ltr\">\n\t\t\t\t\tAbaluud eendunud rindkere suhtes\n\t\t\t\t<\/p>\n<\/td>\n<\/tr>\n<tr>\n<td>\n<p dir=\"ltr\">\n\t\t\t\t\tL\u00fclisammas sirgel teljel\n\t\t\t\t<\/p>\n<\/td>\n<td>\n<p dir=\"ltr\">\n\t\t\t\t\tL\u00fclisamba k\u00f5verdumine (skolioos)\n\t\t\t\t<\/p>\n<\/td>\n<\/tr>\n<tr>\n<td>\n<p dir=\"ltr\">\n\t\t\t\t\tTaljekolmnurkade s\u00fcmmeetria\n\t\t\t\t<\/p>\n<\/td>\n<td>\n<p dir=\"ltr\">\n\t\t\t\t\tTaljekolmnurkade ebas\u00fcmmeetria (nt parem taljekolmnurk teravam, vasak laugem)\n\t\t\t\t<\/p>\n<\/td>\n<\/tr>\n<tr>\n<td>\n<p dir=\"ltr\">\n\t\t\t\t\tVaagnav\u00f6\u00f6tme s\u00fcmmeetria\n\t\t\t\t<\/p>\n<\/td>\n<td>\n<p dir=\"ltr\">\n\t\t\t\t\tVaagnav\u00f6\u00f6tme ebas\u00fcmmeetria (nt parem niudeluu k\u00f5rgemal v\u00f5rreldes vasakuga)\n\t\t\t\t<\/p>\n<\/td>\n<\/tr>\n<tr>\n<td>\n<p dir=\"ltr\">\n\t\t\t\t\tTuharavoltide s\u00fcmmeetria\n\t\t\t\t<\/p>\n<\/td>\n<td>\n<p dir=\"ltr\">\n\t\t\t\t\tTuharavoltide ebas\u00fcmmeetria (nt parem tuharavolt k\u00f5rgemal v\u00f5rreldes vasakuga)\n\t\t\t\t<\/p>\n<\/td>\n<\/tr>\n<tr>\n<td>\n<p dir=\"ltr\">\n\t\t\t\t\tAlaj\u00e4semete korrektne teljelisus\n\t\t\t\t<\/p>\n<\/td>\n<td>\n<p dir=\"ltr\">\n\t\t\t\t\tX-jalgsus, O-jalgsus, s\u00e4\u00e4reluude deviatsioonasend\n\t\t\t\t<\/p>\n<\/td>\n<\/tr>\n<tr>\n<td>\n<p dir=\"ltr\">\n\t\t\t\t\tPatella keskasend\n\t\t\t\t<\/p>\n<\/td>\n<td>\n<p dir=\"ltr\">\n\t\t\t\t\tPatella siserotatsioonasendis (puusaliigese ja reie siserotatsioon)\n\t\t\t\t<\/p>\n<p dir=\"ltr\">\n\t\t\t\t\tPatella v\u00e4lisrotatsioonasendis (puusaliigese ja reie v\u00e4lisrotatsioon)\n\t\t\t\t<\/p>\n<\/td>\n<\/tr>\n<tr>\n<td>\n<p dir=\"ltr\">\n\t\t\t\t\tH\u00fcppeliigeste neutraalasend\n\t\t\t\t<\/p>\n<p dir=\"ltr\">\n\t\t\t\t\tKannak\u00f5\u00f5luse teljeline asend\n\t\t\t\t<\/p>\n<\/td>\n<td>\n<p dir=\"ltr\">\n\t\t\t\t\tH\u00fcppeliigeste pronatsioonasend\n\t\t\t\t<\/p>\n<p dir=\"ltr\">\n\t\t\t\t\tH\u00fcppeliigeste supinatsioonasend\n\t\t\t\t<\/p>\n<p dir=\"ltr\">\n\t\t\t\t\tKannak\u00f5\u00f5lus mediaalsele\/lateraalsele\n\t\t\t\t<\/p>\n<\/td>\n<\/tr>\n<tr>\n<td>\n<p dir=\"ltr\">\n\t\t\t\t\tLabajala ristiv\u00f5lv korrektse k\u00f5rgusega\n\t\t\t\t<\/p>\n<\/td>\n<td>\n<p dir=\"ltr\">\n\t\t\t\t\tLabajala ristiv\u00f5lv madaldunud\n\t\t\t\t<\/p>\n<\/td>\n<\/tr>\n<tr>\n<td>\n<p dir=\"ltr\">\n\t\t\t\t\tLabajalad suunatud otse\n\t\t\t\t<\/p>\n<\/td>\n<td>\n<p dir=\"ltr\">\n\t\t\t\t\tVarbad sisse asend (ingl <em>toe in<\/em>)\n\t\t\t\t<\/p>\n<p dir=\"ltr\">\n\t\t\t\t\tVarbad v\u00e4lja asend (ingl <em>toe out<\/em>)\n\t\t\t\t<\/p>\n<\/td>\n<\/tr>\n<\/tbody>\n<\/table>\n<p dir=\"ltr\">\n\t\u00a0<\/p>\n","protected":false},"excerpt":{"rendered":"<p>R\u00fchivaatlust teostatakse patsiendi tagant-, eest- ja k\u00fclgvaates. R\u00fchi hindamine algab patsiendi anamneesi v\u00f5tmise ning vaatlusega. R\u00fchi hindamine sisaldab kolme olulist osa: r\u00fchi hindamist seistes; lihaste elastsuse ja lihaspikkuse hindamist; lihasj\u00f5u hindamist. R\u00fchivaatlust teostatakse peegli ees. Tavap\u00e4raselt alustatakse hindamist r\u00fchi vaatlusega, &#8230;<\/p>\n","protected":false},"author":9,"featured_media":0,"parent":0,"menu_order":0,"comment_status":"closed","ping_status":"closed","template":"","meta":{"_acf_changed":false,"inline_featured_image":false,"footnotes":""},"class_list":["post-32","page","type-page","status-publish","hentry"],"acf":[],"_links":{"self":[{"href":"https:\/\/sisu.ut.ee\/fysioterapeutilinehindamine\/wp-json\/wp\/v2\/pages\/32","targetHints":{"allow":["GET"]}}],"collection":[{"href":"https:\/\/sisu.ut.ee\/fysioterapeutilinehindamine\/wp-json\/wp\/v2\/pages"}],"about":[{"href":"https:\/\/sisu.ut.ee\/fysioterapeutilinehindamine\/wp-json\/wp\/v2\/types\/page"}],"author":[{"embeddable":true,"href":"https:\/\/sisu.ut.ee\/fysioterapeutilinehindamine\/wp-json\/wp\/v2\/users\/9"}],"replies":[{"embeddable":true,"href":"https:\/\/sisu.ut.ee\/fysioterapeutilinehindamine\/wp-json\/wp\/v2\/comments?post=32"}],"version-history":[{"count":1,"href":"https:\/\/sisu.ut.ee\/fysioterapeutilinehindamine\/wp-json\/wp\/v2\/pages\/32\/revisions"}],"predecessor-version":[{"id":581,"href":"https:\/\/sisu.ut.ee\/fysioterapeutilinehindamine\/wp-json\/wp\/v2\/pages\/32\/revisions\/581"}],"wp:attachment":[{"href":"https:\/\/sisu.ut.ee\/fysioterapeutilinehindamine\/wp-json\/wp\/v2\/media?parent=32"}],"curies":[{"name":"wp","href":"https:\/\/api.w.org\/{rel}","templated":true}]}}