{"id":3,"date":"2024-04-04T05:48:54","date_gmt":"2024-04-04T02:48:54","guid":{"rendered":"https:\/\/sisu.ut.ee\/fysioterapeutilinehindamine\/1-sissejuhatus-fusioterapeutilisse-hindamisse\/"},"modified":"2024-04-04T05:52:32","modified_gmt":"2024-04-04T02:52:32","slug":"1-sissejuhatus-fusioterapeutilisse-hindamisse","status":"publish","type":"page","link":"https:\/\/sisu.ut.ee\/fysioterapeutilinehindamine\/1-sissejuhatus-fusioterapeutilisse-hindamisse\/","title":{"rendered":"1. Sissejuhatus f\u00fcsioterapeutilisse hindamisse"},"content":{"rendered":"<p>\n\t<img loading=\"lazy\" decoding=\"async\" width=\"130\" height=\"130\" class=\"alignnone wp-image-114\" style=\"float: left;margin-right: 10px\" src=\"https:\/\/sisu.ut.ee\/wp-content\/uploads\/sites\/414\/1-0.png\" title=\"1-0.png\" alt=\"L\u00fclisamba kaelaosa hindamine\">K\u00f5ikide patsientide f\u00fcsioteraapia algab f\u00fcsioterapeutilise hindamisega. F\u00fcsioterapeutiline hindamine on alus skeleti-lihass\u00fcsteemi probleemidega patsientide, neuroloogiliste ja\u00a0 sisehaiguste diagnoosidega patsientide, laste, t\u00f6\u00f6ealiste ja vanemaealiste kvaliteetsele f\u00fcsioteraapiale. Et hinnata f\u00fcsioteraapia kulgu, teostatakse vajalikul m\u00e4\u00e4ral vahehindamisi iga f\u00fcsioteraapia protseduuri ajal. F\u00fcsioteraapia l\u00f5ppeb patsiendi funktsionaalsele seisundile hinnangu andmise ehk f\u00fcsioterapeutilise l\u00f5pphindamisega.\n<\/p>\n<p>\n\tSissejuhatava peat\u00fcki lugemisel m\u00f5istad f\u00fcsioterapeutilise hindamise t\u00e4htsust, saad teada, milliseid k\u00fcsimusi esitada patsiendi anamneesi v\u00f5tmisel, mida silmas pidada patsiendi vaatlusel, tutvud aktiivsete ja passiivsete liigutuste hindamise, aga ka funktsionaalsete ning spetsiifiliste testide p\u00f5him\u00f5tetega f\u00fcsioterapeutilise hindamise protsessis.<\/p>\n","protected":false},"excerpt":{"rendered":"<p>K\u00f5ikide patsientide f\u00fcsioteraapia algab f\u00fcsioterapeutilise hindamisega. F\u00fcsioterapeutiline hindamine on alus skeleti-lihass\u00fcsteemi probleemidega patsientide, neuroloogiliste ja\u00a0 sisehaiguste diagnoosidega patsientide, laste, t\u00f6\u00f6ealiste ja vanemaealiste kvaliteetsele f\u00fcsioteraapiale. Et hinnata f\u00fcsioteraapia kulgu, teostatakse vajalikul m\u00e4\u00e4ral vahehindamisi iga f\u00fcsioteraapia protseduuri ajal. F\u00fcsioteraapia l\u00f5ppeb patsiendi funktsionaalsele &#8230;<\/p>\n","protected":false},"author":9,"featured_media":0,"parent":0,"menu_order":0,"comment_status":"closed","ping_status":"closed","template":"","meta":{"_acf_changed":false,"inline_featured_image":false,"footnotes":""},"class_list":["post-3","page","type-page","status-publish","hentry"],"acf":[],"_links":{"self":[{"href":"https:\/\/sisu.ut.ee\/fysioterapeutilinehindamine\/wp-json\/wp\/v2\/pages\/3","targetHints":{"allow":["GET"]}}],"collection":[{"href":"https:\/\/sisu.ut.ee\/fysioterapeutilinehindamine\/wp-json\/wp\/v2\/pages"}],"about":[{"href":"https:\/\/sisu.ut.ee\/fysioterapeutilinehindamine\/wp-json\/wp\/v2\/types\/page"}],"author":[{"embeddable":true,"href":"https:\/\/sisu.ut.ee\/fysioterapeutilinehindamine\/wp-json\/wp\/v2\/users\/9"}],"replies":[{"embeddable":true,"href":"https:\/\/sisu.ut.ee\/fysioterapeutilinehindamine\/wp-json\/wp\/v2\/comments?post=3"}],"version-history":[{"count":1,"href":"https:\/\/sisu.ut.ee\/fysioterapeutilinehindamine\/wp-json\/wp\/v2\/pages\/3\/revisions"}],"predecessor-version":[{"id":610,"href":"https:\/\/sisu.ut.ee\/fysioterapeutilinehindamine\/wp-json\/wp\/v2\/pages\/3\/revisions\/610"}],"wp:attachment":[{"href":"https:\/\/sisu.ut.ee\/fysioterapeutilinehindamine\/wp-json\/wp\/v2\/media?parent=3"}],"curies":[{"name":"wp","href":"https:\/\/api.w.org\/{rel}","templated":true}]}}