{"id":29,"date":"2024-04-04T05:48:56","date_gmt":"2024-04-04T02:48:56","guid":{"rendered":"https:\/\/sisu.ut.ee\/fysioterapeutilinehindamine\/24-alajaseme-ruhihaired\/"},"modified":"2024-04-04T05:52:30","modified_gmt":"2024-04-04T02:52:30","slug":"24-alajaseme-ruhihaired","status":"publish","type":"page","link":"https:\/\/sisu.ut.ee\/fysioterapeutilinehindamine\/24-alajaseme-ruhihaired\/","title":{"rendered":"2.4. Alaj\u00e4seme r\u00fchih\u00e4ired"},"content":{"rendered":"<h6 style=\"margin: 12pt 0cm\">\n\tAlaj\u00e4semete teljelisuse h\u00e4ired tekitavad erinevaid alaj\u00e4semete aga ka kehat\u00fcve funktsioonih\u00e4ireid ning \u00fclekoormuss\u00fcndroome.<br>\n<\/h6>\n<p style=\"margin-top:12.0pt;margin-right:0cm;margin-bottom:12.0pt;margin-left:0cm\">\n\t<span style=\"color:black\">Ka alaj\u00e4semete r\u00fchih\u00e4ired tekitavad erinevaid funktsionih\u00e4ireid ning \u00fclekoormuss\u00fcndroome. Peamised alaj\u00e4seme teljelisuse h\u00e4ired on X-jalgsus (ingl knock-knee; lad genu valgum) (joonis 7A), O-jalgsus (ingl bowlegs, lad genu varum) (joonis 7B), reie- ja\/v\u00f5i s\u00e4\u00e4reluudes v\u00f5ib esineda kas sise- (joonis 8A) v\u00f5i v\u00e4lisrotatsioonasend, s\u00e4\u00e4reluudes v\u00f5ib esineda deviatsiooni (k\u00f5rvalekalle), p\u00f5lveliigestes \u00fclesirutust (joonis 8B), aga ka painutust, h\u00fcppeliigesed v\u00f5ivad olla proneeritud (sisse p\u00f6\u00f6rdunud) v\u00f5i supineeritud (v\u00e4lja p\u00f6\u00f6rdunud). Keharaskuse v\u00f5rdset kandmist kannale ja labajala eesmisele osale m\u00f5jutab nii madaldunud kui k\u00f5rgenenud labajala piki- ja\/v\u00f5i ristiv\u00f5lv.<\/span>\n<\/p>\n<h5 style=\"margin: 12pt 0cm;text-align: center\">\n\t<img loading=\"lazy\" decoding=\"async\" width=\"466\" height=\"312\" class=\"alignnone wp-image-147\" src=\"https:\/\/sisu.ut.ee\/wp-content\/uploads\/sites\/414\/2-7.png\" title=\"2-7.png\" alt=\"Joonis 7. A-X-jalgsus; B-O-jalgsus.\" srcset=\"https:\/\/sisu.ut.ee\/wp-content\/uploads\/sites\/414\/2-7.png 466w, https:\/\/sisu.ut.ee\/wp-content\/uploads\/sites\/414\/2-7-300x201.png 300w\" sizes=\"auto, (max-width: 466px) 100vw, 466px\"><br>Joonis 7. A-X-jalgsus; B-O-jalgsus.<br>\n<\/h5>\n<h5 style=\"text-align: center\">\n\t<img loading=\"lazy\" decoding=\"async\" width=\"467\" height=\"319\" class=\"alignnone wp-image-148\" src=\"https:\/\/sisu.ut.ee\/wp-content\/uploads\/sites\/414\/2-8.png\" title=\"2-8.png\" alt=\"Joonis 8. A-reieluude siserotatsioonasend (patellad siserotatsioonasendis); B-p\u00f5lveliigeste \u00fclesirutus.\" srcset=\"https:\/\/sisu.ut.ee\/wp-content\/uploads\/sites\/414\/2-8.png 467w, https:\/\/sisu.ut.ee\/wp-content\/uploads\/sites\/414\/2-8-300x205.png 300w\" sizes=\"auto, (max-width: 467px) 100vw, 467px\"><br>Joonis 8. A-reieluude siserotatsioonasend (patellad siserotatsioonasendis); B-p\u00f5lveliigeste \u00fclesirutus.<br>\n<\/h5>\n<p>\n\t\u00a0<\/p>\n","protected":false},"excerpt":{"rendered":"<p>Alaj\u00e4semete teljelisuse h\u00e4ired tekitavad erinevaid alaj\u00e4semete aga ka kehat\u00fcve funktsioonih\u00e4ireid ning \u00fclekoormuss\u00fcndroome. Ka alaj\u00e4semete r\u00fchih\u00e4ired tekitavad erinevaid funktsionih\u00e4ireid ning \u00fclekoormuss\u00fcndroome. Peamised alaj\u00e4seme teljelisuse h\u00e4ired on X-jalgsus (ingl knock-knee; lad genu valgum) (joonis 7A), O-jalgsus (ingl bowlegs, lad genu varum) (joonis &#8230;<\/p>\n","protected":false},"author":9,"featured_media":0,"parent":0,"menu_order":0,"comment_status":"closed","ping_status":"closed","template":"","meta":{"_acf_changed":false,"inline_featured_image":false,"footnotes":""},"class_list":["post-29","page","type-page","status-publish","hentry"],"acf":[],"_links":{"self":[{"href":"https:\/\/sisu.ut.ee\/fysioterapeutilinehindamine\/wp-json\/wp\/v2\/pages\/29","targetHints":{"allow":["GET"]}}],"collection":[{"href":"https:\/\/sisu.ut.ee\/fysioterapeutilinehindamine\/wp-json\/wp\/v2\/pages"}],"about":[{"href":"https:\/\/sisu.ut.ee\/fysioterapeutilinehindamine\/wp-json\/wp\/v2\/types\/page"}],"author":[{"embeddable":true,"href":"https:\/\/sisu.ut.ee\/fysioterapeutilinehindamine\/wp-json\/wp\/v2\/users\/9"}],"replies":[{"embeddable":true,"href":"https:\/\/sisu.ut.ee\/fysioterapeutilinehindamine\/wp-json\/wp\/v2\/comments?post=29"}],"version-history":[{"count":1,"href":"https:\/\/sisu.ut.ee\/fysioterapeutilinehindamine\/wp-json\/wp\/v2\/pages\/29\/revisions"}],"predecessor-version":[{"id":584,"href":"https:\/\/sisu.ut.ee\/fysioterapeutilinehindamine\/wp-json\/wp\/v2\/pages\/29\/revisions\/584"}],"wp:attachment":[{"href":"https:\/\/sisu.ut.ee\/fysioterapeutilinehindamine\/wp-json\/wp\/v2\/media?parent=29"}],"curies":[{"name":"wp","href":"https:\/\/api.w.org\/{rel}","templated":true}]}}