{"id":18,"date":"2024-04-04T05:48:55","date_gmt":"2024-04-04T02:48:55","guid":{"rendered":"https:\/\/sisu.ut.ee\/fysioterapeutilinehindamine\/114-passiivsed-liigutused\/"},"modified":"2024-04-05T16:19:51","modified_gmt":"2024-04-05T13:19:51","slug":"114-passiivsed-liigutused","status":"publish","type":"page","link":"https:\/\/sisu.ut.ee\/fysioterapeutilinehindamine\/114-passiivsed-liigutused\/","title":{"rendered":"11.4. Passiivsed liigutused"},"content":{"rendered":"<p style=\"margin: 12.0pt 0cm 12.0pt 0cm;\"><span lang=\"et\">K\u00fc\u00fcnarliigese l\u00f5ppliikuvuse hindamiseks v\u00f5ib nii normaalse kui piiratud k\u00fc\u00fcnarliigese aktiivse liikuvuse korral avaldada liigese k\u00f5ikides liikuvuse suundades passiivset survet. Normaalsel juhul takistab passiivselt liigutuse j\u00e4tkamist k\u00fc\u00fcnarliigese fleksiooni korral pehmete kudede l\u00e4hendamine (ingl <i>tissue approximation<\/i>), ekstensiooni korral luude l\u00e4hendamine (ingl <i>bone to bone<\/i>) ning supinatsiooni ja pronatsiooni korral kudede venitus (ingl <i>tissue stretch<\/i>).<\/span><\/p>\n<h6>K\u00fc\u00fcnarliigest \u00fcletava lihase l\u00fchenemise korral v\u00f5ib ilmneda piiratud liigese liikuvus kas k\u00fc\u00fcnar- v\u00f5i randmeliigeses.<\/h6>\n<p><span lang=\"et\">Oluline on hinnata ka k\u00fc\u00fcnarliigest \u00fcletavate lihaste pikkust. Kui lihas on \u00fcletoonuses v\u00f5i l\u00fchenenud, v\u00f5ib patsient k\u00fc\u00fcnarliigese l\u00f5ppliikuvuse hindamisel tunda lihase venitust. Lihase l\u00fchenemise korral v<\/span><span lang=\"et\">\u00f5ib ilmneda piiratud liigese liikuvus kas k\u00fc\u00fcnar- v\u00f5i randmeliigeses, s\u00f5ltuvalt sellest kumba liigest viimasena hindamise ajal m\u00f5jutatakse. Normaalse lihastoonuse korral on liigese l\u00f5ppliikuvuse hindamisel tunda normaalset kudede venitust ning ka liigese liikuvusulatus on normaalne.<\/span><\/p>\n<p style=\"margin: 12.0pt 0cm 12.0pt 0cm;\"><span lang=\"et\">\u00d5lavarre kakspealihase pikkuse hindamisel on patsient k\u00f5huli teraapialaual nii, et hinnatav \u00fclaj\u00e4se on \u00fcle teraapialaua \u00e4\u00e4re. Terapeut teostab esmalt passiivse \u00f5laliigese sirutuse ning seej\u00e4rel k\u00fc\u00fcnarliigese sirutuse (joonis 6A). Normaalsel juhul peab k\u00fc\u00fcnarliigese passiivne sirutusulatus olema sama, mis aktiivsel liigutusel.<\/span><\/p>\n<p style=\"margin: 12.0pt 0cm 12.0pt 0cm;\"><span lang=\"et\">\u00d5lavarre kolmpealihase pikkuse hindamisel istub patsient\u00a0 toolil. Terapeut teostab esmalt passiivse \u00f5laliigese painutuse ning seej\u00e4rel k\u00fc\u00fcnarliigese painutuse (joonis 6B). Normaalsel juhul peab k\u00fc\u00fcnarliigese passiivne painutusulatus olema sama, mis aktiivsel liigutusel.<\/span><\/p>\n<p style=\"margin: 12pt 0cm; text-align: center;\"><img loading=\"lazy\" decoding=\"async\" width=\"758\" height=\"300\" class=\"alignnone wp-image-130\" title=\"screenshot_2021-02-22_at_14.00.01.png\" src=\"https:\/\/sisu.ut.ee\/wp-content\/uploads\/sites\/414\/screenshot_2021-02-22_at_14.00.01.png\" alt=\"11-6\" srcset=\"https:\/\/sisu.ut.ee\/wp-content\/uploads\/sites\/414\/screenshot_2021-02-22_at_14.00.01.png 758w, https:\/\/sisu.ut.ee\/wp-content\/uploads\/sites\/414\/screenshot_2021-02-22_at_14.00.01-300x119.png 300w\" sizes=\"auto, (max-width: 758px) 100vw, 758px\"><\/p>\n<h5 style=\"text-align: center;\">Joonis 6. A \u2013 \u00f5lavarre kakspealihase pikkuse hindamine; B \u2013 \u00f5lavarre kolmpealihase pikkuse hindamine.<\/h5>\n<p style=\"margin: 12.0pt 0cm 12.0pt 0cm;\"><span lang=\"et\">Randmeliigese pikkade sirutajalihaste pikkuse hindamisel on patsient selili, tema k\u00fc\u00fcnarliiges on sirutatud. Terapeut painutab esmalt passiivselt patsiendi s\u00f5rmed ning seej\u00e4rel randmeliigese (joonis 7A). Normaalsel juhul peab randme- ja s\u00f5rmeliigeste passiivne painutusulatus olema sama, mis aktiivsel liigutusel.<\/span><\/p>\n<p style=\"margin: 12.0pt 0cm 12.0pt 0cm;\"><span lang=\"et\">Randmeliigese pikkade painutajalihaste pikkuse hindamisel on patsient selili, tema k\u00fc\u00fcnarliiges on sirutatud. Terapeut sirutab esmalt passiivselt patsiendi s\u00f5rmed ning seej\u00e4rel randmeliigese (joonis 7B). Normaalsel juhul peab randme- ja s\u00f5rmeliigeste passiivne sirutusulatus olema sama, mis aktiivsel liigutusel.<\/span><\/p>\n<p style=\"margin: 12pt 0cm; text-align: center;\"><img loading=\"lazy\" decoding=\"async\" width=\"707\" height=\"245\" class=\"alignnone wp-image-131\" title=\"screenshot_2021-02-22_at_14.01.26.png\" src=\"https:\/\/sisu.ut.ee\/wp-content\/uploads\/sites\/414\/screenshot_2021-02-22_at_14.01.26.png\" alt=\"11-7\" srcset=\"https:\/\/sisu.ut.ee\/wp-content\/uploads\/sites\/414\/screenshot_2021-02-22_at_14.01.26.png 707w, https:\/\/sisu.ut.ee\/wp-content\/uploads\/sites\/414\/screenshot_2021-02-22_at_14.01.26-300x104.png 300w\" sizes=\"auto, (max-width: 707px) 100vw, 707px\"><\/p>\n<h5 style=\"text-align: center;\">Joonis 7. A \u2013 randmeliigese pikkade sirutajalihaste pikkuse hindamine; B \u2013 randmeliigese pikkade painutajalihaste pikkuse hindamine.<\/h5>\n","protected":false},"excerpt":{"rendered":"<p>K\u00fc\u00fcnarliigese l\u00f5ppliikuvuse hindamiseks v\u00f5ib nii normaalse kui piiratud k\u00fc\u00fcnarliigese aktiivse liikuvuse korral avaldada liigese k\u00f5ikides liikuvuse suundades passiivset survet. Normaalsel juhul takistab passiivselt liigutuse j\u00e4tkamist k\u00fc\u00fcnarliigese fleksiooni korral pehmete kudede l\u00e4hendamine (ingl tissue approximation), ekstensiooni korral luude l\u00e4hendamine (ingl bone &#8230;<\/p>\n","protected":false},"author":9,"featured_media":0,"parent":0,"menu_order":0,"comment_status":"closed","ping_status":"closed","template":"","meta":{"_acf_changed":false,"inline_featured_image":false,"footnotes":""},"class_list":["post-18","page","type-page","status-publish","hentry"],"acf":[],"_links":{"self":[{"href":"https:\/\/sisu.ut.ee\/fysioterapeutilinehindamine\/wp-json\/wp\/v2\/pages\/18","targetHints":{"allow":["GET"]}}],"collection":[{"href":"https:\/\/sisu.ut.ee\/fysioterapeutilinehindamine\/wp-json\/wp\/v2\/pages"}],"about":[{"href":"https:\/\/sisu.ut.ee\/fysioterapeutilinehindamine\/wp-json\/wp\/v2\/types\/page"}],"author":[{"embeddable":true,"href":"https:\/\/sisu.ut.ee\/fysioterapeutilinehindamine\/wp-json\/wp\/v2\/users\/9"}],"replies":[{"embeddable":true,"href":"https:\/\/sisu.ut.ee\/fysioterapeutilinehindamine\/wp-json\/wp\/v2\/comments?post=18"}],"version-history":[{"count":2,"href":"https:\/\/sisu.ut.ee\/fysioterapeutilinehindamine\/wp-json\/wp\/v2\/pages\/18\/revisions"}],"predecessor-version":[{"id":677,"href":"https:\/\/sisu.ut.ee\/fysioterapeutilinehindamine\/wp-json\/wp\/v2\/pages\/18\/revisions\/677"}],"wp:attachment":[{"href":"https:\/\/sisu.ut.ee\/fysioterapeutilinehindamine\/wp-json\/wp\/v2\/media?parent=18"}],"curies":[{"name":"wp","href":"https:\/\/api.w.org\/{rel}","templated":true}]}}