{"id":17,"date":"2024-04-04T05:48:55","date_gmt":"2024-04-04T02:48:55","guid":{"rendered":"https:\/\/sisu.ut.ee\/fysioterapeutilinehindamine\/2-ruhi-hindamine\/"},"modified":"2024-04-04T05:52:31","modified_gmt":"2024-04-04T02:52:31","slug":"2-ruhi-hindamine","status":"publish","type":"page","link":"https:\/\/sisu.ut.ee\/fysioterapeutilinehindamine\/2-ruhi-hindamine\/","title":{"rendered":"2. R\u00fchi hindamine"},"content":{"rendered":"<p>\n\t<img loading=\"lazy\" decoding=\"async\" width=\"130\" height=\"130\" class=\"alignnone wp-image-129\" style=\"width: 130px;height: 130px;margin-right: 10px;float: left\" src=\"https:\/\/sisu.ut.ee\/wp-content\/uploads\/sites\/414\/2-0.png\" title=\"2-0.png\" alt=\"R\u00fchi hindamine\">R\u00fcht ehk kehahoid peegeldab keha erinevate segmentide asendit \u00fcksteise suhtes. Et hinnata ja korrigeerida r\u00fchih\u00e4ireid, peab teadma, mis on korrektne r\u00fcht ning oskama hinnata liigesliikuvust ja lihaste pikkust. Liigese ebakorrektne asend viitab lihastele, mis on l\u00fchenenud v\u00f5i venitunud, lihase l\u00fchenemine omakorda l\u00e4hendab vastavate t\u00f5mbej\u00f5ududega kaks luud teineteisele. R\u00fchih\u00e4ire tagaj\u00e4rjel avaldub liigne surve luudele ja liigestele ning tekib pinge lihastele, k\u00f5\u00f5lustele, liigese sidemetele, fastsiale ning protsessi s\u00fcvenedes ka liigeskapslile. R\u00fchih\u00e4irete ning skeleti-lihass\u00fcsteemi funktsionaalsete h\u00e4irete vahel on seos.\n<\/p>\n<p>\n\tR\u00fchi hindamise peat\u00fckk kirjeldab korrektset r\u00fchti, mis on aluseks r\u00fchih\u00e4ire tuvastamisel. Peat\u00fcki lugemisel saad teada, millised faktorid m\u00f5jutavad r\u00fchti, mis on t\u00fc\u00fcpilised r\u00fchih\u00e4ireid ning milliseid aspekte tuleb silmas pidada r\u00fchi hindamisel.<\/p>\n","protected":false},"excerpt":{"rendered":"<p>R\u00fcht ehk kehahoid peegeldab keha erinevate segmentide asendit \u00fcksteise suhtes. Et hinnata ja korrigeerida r\u00fchih\u00e4ireid, peab teadma, mis on korrektne r\u00fcht ning oskama hinnata liigesliikuvust ja lihaste pikkust. Liigese ebakorrektne asend viitab lihastele, mis on l\u00fchenenud v\u00f5i venitunud, lihase l\u00fchenemine &#8230;<\/p>\n","protected":false},"author":9,"featured_media":0,"parent":0,"menu_order":0,"comment_status":"closed","ping_status":"closed","template":"","meta":{"_acf_changed":false,"inline_featured_image":false,"footnotes":""},"class_list":["post-17","page","type-page","status-publish","hentry"],"acf":[],"_links":{"self":[{"href":"https:\/\/sisu.ut.ee\/fysioterapeutilinehindamine\/wp-json\/wp\/v2\/pages\/17","targetHints":{"allow":["GET"]}}],"collection":[{"href":"https:\/\/sisu.ut.ee\/fysioterapeutilinehindamine\/wp-json\/wp\/v2\/pages"}],"about":[{"href":"https:\/\/sisu.ut.ee\/fysioterapeutilinehindamine\/wp-json\/wp\/v2\/types\/page"}],"author":[{"embeddable":true,"href":"https:\/\/sisu.ut.ee\/fysioterapeutilinehindamine\/wp-json\/wp\/v2\/users\/9"}],"replies":[{"embeddable":true,"href":"https:\/\/sisu.ut.ee\/fysioterapeutilinehindamine\/wp-json\/wp\/v2\/comments?post=17"}],"version-history":[{"count":1,"href":"https:\/\/sisu.ut.ee\/fysioterapeutilinehindamine\/wp-json\/wp\/v2\/pages\/17\/revisions"}],"predecessor-version":[{"id":596,"href":"https:\/\/sisu.ut.ee\/fysioterapeutilinehindamine\/wp-json\/wp\/v2\/pages\/17\/revisions\/596"}],"wp:attachment":[{"href":"https:\/\/sisu.ut.ee\/fysioterapeutilinehindamine\/wp-json\/wp\/v2\/media?parent=17"}],"curies":[{"name":"wp","href":"https:\/\/api.w.org\/{rel}","templated":true}]}}