{"id":109,"date":"2024-04-04T05:49:04","date_gmt":"2024-04-04T02:49:04","guid":{"rendered":"https:\/\/sisu.ut.ee\/fysioterapeutilinehindamine\/avaleht\/"},"modified":"2024-04-05T13:28:46","modified_gmt":"2024-04-05T10:28:46","slug":"avaleht","status":"publish","type":"page","link":"https:\/\/sisu.ut.ee\/fysioterapeutilinehindamine\/","title":{"rendered":"Avaleht"},"content":{"rendered":"<p>E-\u00f5pik \u201eF\u00fcsioterapeutiline hindamine\u201c annab f\u00fcsioteraapia eriala \u00fcli\u00f5pilastele teoreetilised teadmised patsiendi funktsionaalse probleemi tuvastamiseks. \u00d5pikus k\u00e4sitletakse f\u00fcsioterapeutilise hindamise p\u00f5him\u00f5tteid, kirjeldatakse f\u00fcsioterapeutilise hindamise meetodeid ning luuakse seoseid erinevate hindamismeetodite vahel. \u00d5piku lugemine toetab \u00fcli\u00f5pilase praktiliste oskuste omandamist nii ainekursusel \u201eF\u00fcsioterapeutiline hindamine\u201c kui teistel \u00f5ppekavaga seotud praktikatel. Patsiendi probleemip\u00f5hine subjektiivne ja objektiivne f\u00fcsioterapeutiline hindamine on aluseks kvaliteetse f\u00fcsioteraapia planeerimisel. Kvaliteetse f\u00fcsioteraapia teostamiseks on oluline f\u00fcsioterapeutiliste hindamistulemuste anal\u00fc\u00fcs ning kliinilise m\u00f5tlemise oskus.<\/p>\n<p dir=\"ltr\">Patsiendi s\u00fcstemaatilist f\u00fcsioterapeutilist hindamist teostatakse f\u00fcsioteraapia protseduuride alguses ning l\u00f5pus. Et hinnata teraapia kulgu v\u00f5i f\u00fcsioteraapia eesm\u00e4rkide saavutamist, teostatakse vajadusp\u00f5hiselt\u00a0 teatud teste ka protseduuride ajal. F\u00fcsioterapeutilise hindamise ajal peab terapeut patsiendile selgitama miks teostatakse hindamine ja mida hinnatakse. F\u00fcsioterapeudi poolne tagasiside hindamistulemuste kohta tagab patsiendi aktiivse kaasamise teraapiasse. F\u00fcsioterapeutilise hindamismeetodi valikut m\u00f5jutavad patsiendi funktsionaalne probleem, m\u00f5\u00f5tmisvahendi olemasolu, f\u00fcsioterapeudi teadmised ja kogemused ning hindamistulemuste kasutamise eesm\u00e4rk. F\u00fcsioterapeutilisi hindamismeetodeid kasutatakse nii tavapraktikas kui teadusuuringutes. Kuigi patsiendi f\u00fcsioteraapia dokumenteerimisel l\u00e4htutakse eriala \u00fcldistest printsiipidest, valib iga raviasutus f\u00fcsioterapeutilise info edastamise vormi ise.<\/p>\n<p dir=\"ltr\">Head lugemist!<br>\nAutor: Doris Vahtrik<\/p>\n<p style=\"text-align: center;\"><a title=\"\" href=\"https:\/\/docs.google.com\/document\/d\/1FM0l2bL-yJYhVpHIDMrvLTo2ZXoWn0T6E2ylajXmJVI\/edit?ts=5e45726f#heading=h.1se3bkycb18d\" target=\"_blank\" rel=\"noopener\" data-url=\"https:\/\/docs.google.com\/document\/d\/1FM0l2bL-yJYhVpHIDMrvLTo2ZXoWn0T6E2ylajXmJVI\/edit?ts=5e45726f#heading=h.1se3bkycb18d\"><span style=\"color: #f0fff0;\">***<\/span><\/a><\/p>\n","protected":false},"excerpt":{"rendered":"<p>E-\u00f5pik \u201eF\u00fcsioterapeutiline hindamine\u201c annab f\u00fcsioteraapia eriala \u00fcli\u00f5pilastele teoreetilised teadmised patsiendi funktsionaalse probleemi tuvastamiseks. \u00d5pikus k\u00e4sitletakse f\u00fcsioterapeutilise hindamise p\u00f5him\u00f5tteid, kirjeldatakse f\u00fcsioterapeutilise hindamise meetodeid ning luuakse seoseid erinevate hindamismeetodite vahel. \u00d5piku lugemine toetab \u00fcli\u00f5pilase praktiliste oskuste omandamist nii ainekursusel \u201eF\u00fcsioterapeutiline hindamine\u201c kui &#8230;<\/p>\n","protected":false},"author":9,"featured_media":0,"parent":0,"menu_order":0,"comment_status":"closed","ping_status":"closed","template":"","meta":{"_acf_changed":false,"inline_featured_image":false,"footnotes":""},"class_list":["post-109","page","type-page","status-publish","hentry"],"acf":[],"_links":{"self":[{"href":"https:\/\/sisu.ut.ee\/fysioterapeutilinehindamine\/wp-json\/wp\/v2\/pages\/109","targetHints":{"allow":["GET"]}}],"collection":[{"href":"https:\/\/sisu.ut.ee\/fysioterapeutilinehindamine\/wp-json\/wp\/v2\/pages"}],"about":[{"href":"https:\/\/sisu.ut.ee\/fysioterapeutilinehindamine\/wp-json\/wp\/v2\/types\/page"}],"author":[{"embeddable":true,"href":"https:\/\/sisu.ut.ee\/fysioterapeutilinehindamine\/wp-json\/wp\/v2\/users\/9"}],"replies":[{"embeddable":true,"href":"https:\/\/sisu.ut.ee\/fysioterapeutilinehindamine\/wp-json\/wp\/v2\/comments?post=109"}],"version-history":[{"count":2,"href":"https:\/\/sisu.ut.ee\/fysioterapeutilinehindamine\/wp-json\/wp\/v2\/pages\/109\/revisions"}],"predecessor-version":[{"id":615,"href":"https:\/\/sisu.ut.ee\/fysioterapeutilinehindamine\/wp-json\/wp\/v2\/pages\/109\/revisions\/615"}],"wp:attachment":[{"href":"https:\/\/sisu.ut.ee\/fysioterapeutilinehindamine\/wp-json\/wp\/v2\/media?parent=109"}],"curies":[{"name":"wp","href":"https:\/\/api.w.org\/{rel}","templated":true}]}}