{"id":107,"date":"2024-04-04T05:49:04","date_gmt":"2024-04-04T02:49:04","guid":{"rendered":"https:\/\/sisu.ut.ee\/fysioterapeutilinehindamine\/106-funktsionaalsed-testid\/"},"modified":"2024-04-04T05:52:25","modified_gmt":"2024-04-04T02:52:25","slug":"106-funktsionaalsed-testid","status":"publish","type":"page","link":"https:\/\/sisu.ut.ee\/fysioterapeutilinehindamine\/106-funktsionaalsed-testid\/","title":{"rendered":"10.6. Funktsionaalsed testid"},"content":{"rendered":"<h6>\n\t\u00d5laliigese piirkonna funktsionaalne hindamine on seotud patsiendi igap\u00e4evategevusi, hobi- v\u00f5i vabaajategevusi h\u00e4iriva kaebusega.<br>\n<\/h6>\n<p>\n\t<span lang=\"et\" style=\",serif\">\u00d5lav\u00f6\u00f6tme kompleksil on suur roll igap\u00e4evategevuste sooritamisel, toimides erinevatel tegevustel kas avatud v\u00f5i suletud kineetilise ahelana. Kui \u00f5laliigese liikuvuse piiratus m\u00f5jutab patsiendi igap\u00e4evaelu tegevusi, omab funktsioonide hindamine \u00f5laliigese piirkonna f\u00fcsioterapeutilises hindamises suurt t\u00e4htsust. N\u00e4iteks on juuste kammimisel vajalik \u00f5laliigese t\u00e4ielik v\u00e4lisrotatsioon ning labak\u00e4e seljale viimisel n\u00e4iteks selga pestes, rahakotti p\u00fckste tagataskust v\u00f5ttes, rinnahoidjat kinnitades, t\u00e4ielik siserotatsioon.<\/span>\n<\/p>\n<p style=\"margin-top:12.0pt;margin-right:0cm;margin-bottom:12.0pt;margin-left:0cm\">\n\t<span lang=\"et\" style=\",serif\">\u00d5laliigese piirkonna funktsionaalne hindamine on seotud patsiendi igap\u00e4evategevusi, hobi- v\u00f5i vabaajategevusi (tabel 6) h\u00e4iriva kaebusega. Mitmed numbrilised skaalad v\u00f5i k\u00fcsimustikud on v\u00e4lja\u00a0<\/span><span lang=\"et\" style=\",serif\">\u00f6\u00f6tatud eesm\u00e4rgiga hinnata kindlat populatsiooni nagu n\u00e4iteks sportlasi v\u00f5i kindlat vigastust nagu \u00f5laliigese ebastabiilsust. T\u00f5en\u00e4oliselt k\u00f5ige paremini \u00f5laliigesega seonduvat funktsionaalsust patsiendi seisukohalt v\u00f5imaldavad hinnata <i>Simple Shoulder Test<\/i>, <i>Disabilities of the Arm <\/i>ning<i> Shoulder and Hand<\/i> (DASH) test. <\/span>\n<\/p>\n<h5 style=\"margin: 12pt 0cm;text-align: center\">\n\t<br><span lang=\"et\" style=\",serif\">Tabel 6. Igap\u00e4evaelu tegevusteks vajalikud \u00f5laliigese liikuvusulatused.<\/span><br>\n<\/h5>\n<table class=\"table table-hover\" align=\"center\" style=\"border-collapse: collapse;width: 50%\" width=\"378\">\n<tbody>\n<tr style=\"height:22.0pt\">\n<td style=\"width: 132pt\" width=\"176\">\n<p style=\"margin-top: 12pt;text-align: center\">\n\t\t\t\t\t<strong><span style=\"height:22.0pt\"><span lang=\"et\"><span style=\"line-height:115%\"><span style=\",serif\">Tegevus<\/span><\/span><\/span><\/span><\/strong>\n\t\t\t\t<\/p>\n<\/td>\n<td style=\"width: 151.5pt;border-left: none\" width=\"202\">\n<p style=\"margin-top: 12pt;text-align: center\">\n\t\t\t\t\t<strong><span style=\"height:22.0pt\"><span lang=\"et\"><span style=\"line-height:115%\"><span style=\",serif\">\u00d5laliigese liikuvusulatus<\/span><\/span><\/span><\/span><\/strong>\n\t\t\t\t<\/p>\n<\/td>\n<\/tr>\n<tr style=\"height:46.0pt\">\n<td style=\"width:132.0pt;border:solidblack1.0pt;border-top:none\" width=\"176\">\n<p style=\"margin-top:12.0pt;padding:5.0pt5.0pt5.0pt5.0pt\">\n\t\t\t\t\t<span style=\"height:46.0pt\"><span lang=\"et\"><span style=\"line-height:115%\"><span style=\",serif\">S\u00f6\u00f6mine<\/span><\/span><\/span><\/span>\n\t\t\t\t<\/p>\n<\/td>\n<td style=\"width:151.5pt;border-top:none;border-left:none;border-bottom:solidblack1.0pt;border-right:solidblack1.0pt\" width=\"202\">\n<p style=\"margin-top:12.0pt;padding:5.0pt5.0pt5.0pt5.0pt\">\n\t\t\t\t\t<span style=\"height:46.0pt\"><span lang=\"et\"><span style=\"line-height:115%\"><span style=\",serif\">70-100\u00ba horisontaaladduktsioon<\/span><\/span><\/span><\/span>\n\t\t\t\t<\/p>\n<p style=\"margin-top:12.0pt;padding:5.0pt5.0pt5.0pt5.0pt\">\n\t\t\t\t\t<span style=\"height:46.0pt\"><span lang=\"et\"><span style=\"line-height:115%\"><span style=\",serif\">45-60\u00ba abduktsioon<\/span><\/span><\/span><\/span>\n\t\t\t\t<\/p>\n<\/td>\n<\/tr>\n<tr style=\"height:69.25pt\">\n<td style=\"width:132.0pt;border:solidblack1.0pt;border-top:none\" width=\"176\">\n<p style=\"margin-top:12.0pt;padding:5.0pt5.0pt5.0pt5.0pt\">\n\t\t\t\t\t<span style=\"height:69.25pt\"><span lang=\"et\"><span style=\"line-height:115%\"><span style=\",serif\">Juuste kammimine<\/span><\/span><\/span><\/span>\n\t\t\t\t<\/p>\n<\/td>\n<td style=\"width:151.5pt;border-top:none;border-left:none;border-bottom:solidblack1.0pt;border-right:solidblack1.0pt\" width=\"202\">\n<p style=\"margin-top:12.0pt;padding:5.0pt5.0pt5.0pt5.0pt\">\n\t\t\t\t\t<span style=\"height:69.25pt\"><span lang=\"et\"><span style=\"line-height:115%\"><span style=\",serif\">30-70\u00ba horisontaaladduktsioon<\/span><\/span><\/span><\/span>\n\t\t\t\t<\/p>\n<p style=\"margin-top:12.0pt;padding:5.0pt5.0pt5.0pt5.0pt\">\n\t\t\t\t\t<span style=\"height:69.25pt\"><span lang=\"et\"><span style=\"line-height:115%\"><span style=\",serif\">105-120\u00ba abduktsioon<\/span><\/span><\/span><\/span>\n\t\t\t\t<\/p>\n<p style=\"margin-top:12.0pt;padding:5.0pt5.0pt5.0pt5.0pt\">\n\t\t\t\t\t<span style=\"height:69.25pt\"><span lang=\"et\"><span style=\"line-height:115%\"><span style=\",serif\">90\u00ba v\u00e4lisrotatsioon<\/span><\/span><\/span><\/span>\n\t\t\t\t<\/p>\n<\/td>\n<\/tr>\n<tr style=\"height:69.25pt\">\n<td style=\"width:132.0pt;border:solidblack1.0pt;border-top:none\" width=\"176\">\n<p style=\"margin-top:12.0pt;padding:5.0pt5.0pt5.0pt5.0pt\">\n\t\t\t\t\t<span style=\"height:69.25pt\"><span lang=\"et\"><span style=\"line-height:115%\"><span style=\",serif\">K\u00e4e viimine pea taha<\/span><\/span><\/span><\/span>\n\t\t\t\t<\/p>\n<\/td>\n<td style=\"width:151.5pt;border-top:none;border-left:none;border-bottom:solidblack1.0pt;border-right:solidblack1.0pt\" width=\"202\">\n<p style=\"margin-top:12.0pt;padding:5.0pt5.0pt5.0pt5.0pt\">\n\t\t\t\t\t<span style=\"height:69.25pt\"><span lang=\"et\"><span style=\"line-height:115%\"><span style=\",serif\">10-15\u00ba horisontaaladduktsioon<\/span><\/span><\/span><\/span>\n\t\t\t\t<\/p>\n<p style=\"margin-top:12.0pt;padding:5.0pt5.0pt5.0pt5.0pt\">\n\t\t\t\t\t<span style=\"height:69.25pt\"><span lang=\"et\"><span style=\"line-height:115%\"><span style=\",serif\">110-125\u00ba fleksioon<\/span><\/span><\/span><\/span>\n\t\t\t\t<\/p>\n<p style=\"margin-top:12.0pt;padding:5.0pt5.0pt5.0pt5.0pt\">\n\t\t\t\t\t<span style=\"height:69.25pt\"><span lang=\"et\"><span style=\"line-height:115%\"><span style=\",serif\">90\u00ba v\u00e4lisrotatsioon<\/span><\/span><\/span><\/span>\n\t\t\t\t<\/p>\n<\/td>\n<\/tr>\n<tr style=\"height:69.25pt\">\n<td style=\"width:132.0pt;border:solidblack1.0pt;border-top:none\" width=\"176\">\n<p style=\"margin-top:12.0pt;padding:5.0pt5.0pt5.0pt5.0pt\">\n\t\t\t\t\t<span style=\"height:69.25pt\"><span lang=\"et\"><span style=\"line-height:115%\"><span style=\",serif\">Esemete riiulile asetamine<\/span><\/span><\/span><\/span>\n\t\t\t\t<\/p>\n<\/td>\n<td style=\"width:151.5pt;border-top:none;border-left:none;border-bottom:solidblack1.0pt;border-right:solidblack1.0pt\" width=\"202\">\n<p style=\"margin-top:12.0pt;padding:5.0pt5.0pt5.0pt5.0pt\">\n\t\t\t\t\t<span style=\"height:69.25pt\"><span lang=\"et\"><span style=\"line-height:115%\"><span style=\",serif\">70-80\u00ba horisontaaladduktsioon<\/span><\/span><\/span><\/span>\n\t\t\t\t<\/p>\n<p style=\"margin-top:12.0pt;padding:5.0pt5.0pt5.0pt5.0pt\">\n\t\t\t\t\t<span style=\"height:69.25pt\"><span lang=\"et\"><span style=\"line-height:115%\"><span style=\",serif\">70-80\u00ba fleksioon<\/span><\/span><\/span><\/span>\n\t\t\t\t<\/p>\n<p style=\"margin-top:12.0pt;padding:5.0pt5.0pt5.0pt5.0pt\">\n\t\t\t\t\t<span style=\"height:69.25pt\"><span lang=\"et\"><span style=\"line-height:115%\"><span style=\",serif\">45\u00ba v\u00e4lisrotatsioon<\/span><\/span><\/span><\/span>\n\t\t\t\t<\/p>\n<\/td>\n<\/tr>\n<tr style=\"height:46.0pt\">\n<td style=\"width:132.0pt;border:solidblack1.0pt;border-top:none\" width=\"176\">\n<p style=\"margin-top:12.0pt;padding:5.0pt5.0pt5.0pt5.0pt\">\n\t\t\t\t\t<span style=\"height:46.0pt\"><span lang=\"et\"><span style=\"line-height:115%\"><span style=\",serif\">Vastas \u00f5lav\u00f6\u00f6tme pesemine<\/span><\/span><\/span><\/span>\n\t\t\t\t<\/p>\n<\/td>\n<td style=\"width:151.5pt;border-top:none;border-left:none;border-bottom:solidblack1.0pt;border-right:solidblack1.0pt\" width=\"202\">\n<p style=\"margin-top:12.0pt;padding:5.0pt5.0pt5.0pt5.0pt\">\n\t\t\t\t\t<span style=\"height:46.0pt\"><span lang=\"et\"><span style=\"line-height:115%\"><span style=\",serif\">60-90\u00ba fleksioon<\/span><\/span><\/span><\/span>\n\t\t\t\t<\/p>\n<p style=\"margin-top:12.0pt;padding:5.0pt5.0pt5.0pt5.0pt\">\n\t\t\t\t\t<span style=\"height:46.0pt\"><span lang=\"et\"><span style=\"line-height:115%\"><span style=\",serif\">60-120\u00ba horisontaaladduktsioon<\/span><\/span><\/span><\/span>\n\t\t\t\t<\/p>\n<\/td>\n<\/tr>\n<tr style=\"height:69.25pt\">\n<td style=\"width:132.0pt;border:solidblack1.0pt;border-top:none\" width=\"176\">\n<p style=\"margin-top:12.0pt;padding:5.0pt5.0pt5.0pt5.0pt\">\n\t\t\t\t\t<span style=\"height:69.25pt\"><span lang=\"et\"><span style=\"line-height:115%\"><span style=\",serif\">S\u00e4rgi selga panemine<\/span><\/span><\/span><\/span>\n\t\t\t\t<\/p>\n<\/td>\n<td style=\"width:151.5pt;border-top:none;border-left:none;border-bottom:solidblack1.0pt;border-right:solidblack1.0pt\" width=\"202\">\n<p style=\"margin-top:12.0pt;padding:5.0pt5.0pt5.0pt5.0pt\">\n\t\t\t\t\t<span style=\"height:69.25pt\"><span lang=\"et\"><span style=\"line-height:115%\"><span style=\",serif\">50-60\u00ba horisontaaladduktsioon<\/span><\/span><\/span><\/span>\n\t\t\t\t<\/p>\n<p style=\"margin-top:12.0pt;padding:5.0pt5.0pt5.0pt5.0pt\">\n\t\t\t\t\t<span style=\"height:69.25pt\"><span lang=\"et\"><span style=\"line-height:115%\"><span style=\",serif\">55-65\u00ba abduktsioon<\/span><\/span><\/span><\/span>\n\t\t\t\t<\/p>\n<p style=\"margin-top:12.0pt;padding:5.0pt5.0pt5.0pt5.0pt\">\n\t\t\t\t\t<span style=\"height:69.25pt\"><span lang=\"et\"><span style=\"line-height:115%\"><span style=\",serif\">90\u00ba siserotatsioon<\/span><\/span><\/span><\/span>\n\t\t\t\t<\/p>\n<\/td>\n<\/tr>\n<\/tbody>\n<\/table>\n<p style=\"margin-top:12.0pt;margin-right:0cm;margin-bottom:12.0pt;margin-left:0cm\">\n\t\u00a0<\/p>\n","protected":false},"excerpt":{"rendered":"<p>\u00d5laliigese piirkonna funktsionaalne hindamine on seotud patsiendi igap\u00e4evategevusi, hobi- v\u00f5i vabaajategevusi h\u00e4iriva kaebusega. \u00d5lav\u00f6\u00f6tme kompleksil on suur roll igap\u00e4evategevuste sooritamisel, toimides erinevatel tegevustel kas avatud v\u00f5i suletud kineetilise ahelana. Kui \u00f5laliigese liikuvuse piiratus m\u00f5jutab patsiendi igap\u00e4evaelu tegevusi, omab funktsioonide hindamine &#8230;<\/p>\n","protected":false},"author":9,"featured_media":0,"parent":0,"menu_order":0,"comment_status":"closed","ping_status":"closed","template":"","meta":{"_acf_changed":false,"inline_featured_image":false,"footnotes":""},"class_list":["post-107","page","type-page","status-publish","hentry"],"acf":[],"_links":{"self":[{"href":"https:\/\/sisu.ut.ee\/fysioterapeutilinehindamine\/wp-json\/wp\/v2\/pages\/107","targetHints":{"allow":["GET"]}}],"collection":[{"href":"https:\/\/sisu.ut.ee\/fysioterapeutilinehindamine\/wp-json\/wp\/v2\/pages"}],"about":[{"href":"https:\/\/sisu.ut.ee\/fysioterapeutilinehindamine\/wp-json\/wp\/v2\/types\/page"}],"author":[{"embeddable":true,"href":"https:\/\/sisu.ut.ee\/fysioterapeutilinehindamine\/wp-json\/wp\/v2\/users\/9"}],"replies":[{"embeddable":true,"href":"https:\/\/sisu.ut.ee\/fysioterapeutilinehindamine\/wp-json\/wp\/v2\/comments?post=107"}],"version-history":[{"count":1,"href":"https:\/\/sisu.ut.ee\/fysioterapeutilinehindamine\/wp-json\/wp\/v2\/pages\/107\/revisions"}],"predecessor-version":[{"id":506,"href":"https:\/\/sisu.ut.ee\/fysioterapeutilinehindamine\/wp-json\/wp\/v2\/pages\/107\/revisions\/506"}],"wp:attachment":[{"href":"https:\/\/sisu.ut.ee\/fysioterapeutilinehindamine\/wp-json\/wp\/v2\/media?parent=107"}],"curies":[{"name":"wp","href":"https:\/\/api.w.org\/{rel}","templated":true}]}}