{"id":105,"date":"2024-04-04T05:49:03","date_gmt":"2024-04-04T02:49:03","guid":{"rendered":"https:\/\/sisu.ut.ee\/fysioterapeutilinehindamine\/104-passiivsed-liigutused\/"},"modified":"2024-04-04T05:52:25","modified_gmt":"2024-04-04T02:52:25","slug":"104-passiivsed-liigutused","status":"publish","type":"page","link":"https:\/\/sisu.ut.ee\/fysioterapeutilinehindamine\/104-passiivsed-liigutused\/","title":{"rendered":"10.4. Passiivsed liigutused"},"content":{"rendered":"<h6>\n\tJ\u00e4igana tunduv liigeskapsli kontraktuur ilmneb liigeliikuvuse hindamise varasemas etapis v\u00f5rreldes lihaskontraktuuriga.<br>\n<\/h6>\n<p style=\"margin: 12pt 0cm\">\n\t<span lang=\"et\" style=\",serif\">Kui \u00f5laliigese aktiivsed liikuvused on piiratud, tuleb teostada \u00f5laliigese passiivse liikuvuse hindamine k\u00f5ikides liikuvussuundades. Passiivse liigutuse hindamise eesm\u00e4rk on selgitada liigese l\u00f5ppliikuvuse ulatus ning t\u00e4heldada vastavad kontraktuurid erinevates liikuvussuundades. Liigeskapsli pinge ehk kontraktuur erineb lihaskontraktuurist selle venituse l\u00f5ppfaasis. Liigeskapsli kontraktuuri on tavaliselt\u00a0<\/span><span lang=\"et\" style=\",serif\">v\u00f5imalik tuvastada liigesliikuvuse varasemas faasis v\u00f5rreldes lihaskontraktuuriga. Kui terapeut pole kindel, millise struktuuri kontraktuur esineb, v\u00f5ib paluda patsiendil aktiveerida m\u00f5ne sekundi jooksul lihase passiivsele liigutusele vastupidises suunas, 10-20% maksimaalsest tahtelisest kontraktsioonij\u00f5ust ning l\u00f5dvestada lihase. Koheselt, kui patsient on l\u00f5dvestanud lihase, teostab terapeut liigese passiivse liigutuse eesm\u00e4rgiga suurendada \u00f5laliigese liikuvusulatust. Kui liikuvusulatus suureneb, on tegemist lihaskontraktuuriga, mitte liigeskapsli kontraktuuriga.<\/span><br>\u00a0\n<\/p>\n<h5 style=\"margin: 12pt 0cm;text-align: center\">\n\t<span lang=\"et\" style=\",serif\">Tabel 4. \u00d5laliigese passiivsed liigutused ja nende normaalne l\u00f5ppliikuvus. <\/span><br>\n<\/h5>\n<table class=\"table table-hover\" align=\"center\" style=\"border-collapse: collapse;width: 70%\" width=\"427\">\n<tbody>\n<tr>\n<td style=\"width:320.25pt;border:solidblack1.0pt\" width=\"427\">\n<p style=\"margin-top: 12pt\">\n\t\t\t\t\t<span style=\"height:211.75pt\"><span lang=\"et\"><span style=\"line-height:115%\"><span style=\",serif\">Fleksioon (kudede venitus) (joonis 11A)<\/span><\/span><\/span><\/span>\n\t\t\t\t<\/p>\n<p style=\"margin-top: 12pt\">\n\t\t\t\t\t<span style=\"height:211.75pt\"><span lang=\"et\"><span style=\"line-height:115%\"><span style=\",serif\">Ekstensioon (kudede venitus) (joonis 11B)<\/span><\/span><\/span><\/span>\n\t\t\t\t<\/p>\n<p style=\"margin-top: 12pt\">\n\t\t\t\t\t<span style=\"height:211.75pt\"><span lang=\"et\"><span style=\"line-height:115%\"><span style=\",serif\">Abduktsioon (luu vastu luud v\u00f5i kudede venitus) (joonis 11C)<\/span><\/span><\/span><\/span>\n\t\t\t\t<\/p>\n<p style=\"margin-top: 12pt\">\n\t\t\t\t\t<span style=\"height:211.75pt\"><span lang=\"et\"><span style=\"line-height:115%\"><span style=\",serif\">Adduktsioon (kudede aproksimatsioon ehk l\u00e4hendamine) (joonis 11D)<\/span><\/span><\/span><\/span>\n\t\t\t\t<\/p>\n<p style=\"margin-top: 12pt\">\n\t\t\t\t\t<span style=\"height:211.75pt\"><span lang=\"et\"><span style=\"line-height:115%\"><span style=\",serif\">V\u00e4lisrotatsioon (kudede venitus) (joonis 11E)<\/span><\/span><\/span><\/span>\n\t\t\t\t<\/p>\n<p style=\"margin-top: 12pt\">\n\t\t\t\t\t<span style=\"height:211.75pt\"><span lang=\"et\"><span style=\"line-height:115%\"><span style=\",serif\">Siserotatsioon (kudede venitus) (joonis 11F)<\/span><\/span><\/span><\/span>\n\t\t\t\t<\/p>\n<p style=\"margin-top: 12pt\">\n\t\t\t\t\t<span style=\"height:211.75pt\"><span lang=\"et\"><span style=\"line-height:115%\"><span style=\",serif\">Horisontaalabduktsioon (kudede venitus) (joonis 11G)<\/span><\/span><\/span><\/span>\n\t\t\t\t<\/p>\n<p style=\"margin-top: 12pt\">\n\t\t\t\t\t<span style=\"height:211.75pt\"><span lang=\"et\"><span style=\"line-height:115%\"><span style=\",serif\">Horisontaaladduktsioon (kudede venitus v\u00f5i aproksimatsioon) (joonis 11H)<\/span><\/span><\/span><\/span>\n\t\t\t\t<\/p>\n<\/td>\n<\/tr>\n<\/tbody>\n<\/table>\n<p style=\"margin: 12pt 0cm;text-align: center\">\n\t<span lang=\"et\" style=\",serif\">\u00a0<\/span><img loading=\"lazy\" decoding=\"async\" width=\"1034\" height=\"1378\" class=\"alignnone wp-image-306\" style=\"width: 500px;height: 666px\" src=\"https:\/\/sisu.ut.ee\/wp-content\/uploads\/sites\/414\/joonis10-11a.png\" title=\"joonis10-11a.png\" alt=\"Joonis 10-11 a\" srcset=\"https:\/\/sisu.ut.ee\/wp-content\/uploads\/sites\/414\/joonis10-11a.png 1034w, https:\/\/sisu.ut.ee\/wp-content\/uploads\/sites\/414\/joonis10-11a-225x300.png 225w, https:\/\/sisu.ut.ee\/wp-content\/uploads\/sites\/414\/joonis10-11a-768x1024.png 768w\" sizes=\"auto, (max-width: 1034px) 100vw, 1034px\"><br><img loading=\"lazy\" decoding=\"async\" width=\"726\" height=\"484\" class=\"alignnone wp-image-307\" style=\"width: 350px;height: 233px\" src=\"https:\/\/sisu.ut.ee\/wp-content\/uploads\/sites\/414\/joonis10-11b.png\" title=\"joonis10-11b.png\" alt=\"Joonis 10-11 b\" srcset=\"https:\/\/sisu.ut.ee\/wp-content\/uploads\/sites\/414\/joonis10-11b.png 726w, https:\/\/sisu.ut.ee\/wp-content\/uploads\/sites\/414\/joonis10-11b-300x200.png 300w\" sizes=\"auto, (max-width: 726px) 100vw, 726px\">\n<\/p>\n<h5 style=\"margin: 12pt 0cm;text-align: center\">\n\t<span lang=\"et\" style=\",serif\">Joonis 11. \u00d5laliigese passiivsed liigutused. A \u2013 fleksioon; B \u2013 ekstensioon; C \u2013 abduktsioon; D \u2013 adduktsioon; E \u2013 v\u00e4lisrotatsioon; F \u2013 siserotatsioon; G \u2013 horisontaalabduktsioon; H \u2013 horisontaaladduktsioon.<\/span><br>\n<\/h5>\n<p style=\"margin: 12pt 0cm\">\n\t<span lang=\"et\" style=\",serif\">\u00d5laliigese kapsli tagumise osa kontraktuuri saab hinnata patsiendi k\u00fcliliasendis. Patsiendi alaj\u00e4semed on puusa- ja p\u00f5lveliigestest painutatud, l\u00fclisammas on neutraalasendis ning ta on v\u00f5imalikult l\u00e4hedal teraapialauale. Terapeut seisab patsiendi ees ning toetab hinnatavat \u00fclaj\u00e4set k\u00fc\u00fcnarliigese piirkonnas, \u00f5laliiges on abdutseeritud 90\u00b0. Teise k\u00e4ega stabiliseerib terapeut patsiendi abaluu lateraalse serva retraktsioonasendisse (joonis 12A). Kui abaluu asend on fikseeritud, teostab terapeut ettevaatlikult \u00f5laliigese horisontaaladduktsiooni kuni liigutuse peatumiseni, abaluu kaasaliikumise v\u00f5i \u00f5lavarreluu rotatsiooni tekkeni. Nurk vertikaaltelje ning \u00f5lavarre vahel n\u00e4itab passiivse horisontaaladduktsiooni ulatust. \u00d5laliigese kapsli tagumise osa kontraktuur on ilmne kui patoloogilise \u00fclaj\u00e4seme passiivne liikuvus on v\u00e4iksem v\u00f5rreldes teise \u00f5laliigse sama liikuvusega ning liigutusel on tunda tugevat kapsulaarset pinget. \u00d5laliigese kapsli tagumise osa kontraktuur korreleerub \u00f5laliigese siserotatsioonliikuvuse piiratusega. <\/span>\n<\/p>\n<p style=\"margin: 12pt 0cm;text-align: center\">\n\t<img loading=\"lazy\" decoding=\"async\" width=\"894\" height=\"476\" class=\"alignnone wp-image-305\" style=\"width: 400px;height: 213px\" src=\"https:\/\/sisu.ut.ee\/wp-content\/uploads\/sites\/414\/joonios10-12.png\" title=\"joonios10-12.png\" alt=\"Joonis 10-12\" srcset=\"https:\/\/sisu.ut.ee\/wp-content\/uploads\/sites\/414\/joonios10-12.png 894w, https:\/\/sisu.ut.ee\/wp-content\/uploads\/sites\/414\/joonios10-12-300x160.png 300w, https:\/\/sisu.ut.ee\/wp-content\/uploads\/sites\/414\/joonios10-12-768x409.png 768w\" sizes=\"auto, (max-width: 894px) 100vw, 894px\">\n<\/p>\n<h5 style=\"margin: 12pt 0cm;text-align: center\">\n\t<span lang=\"et\" style=\",serif\">Joonis 12. \u00d5laliigese kapsli tagumise osa kontraktuuri hindamine. A \u2013 algasend; B \u2013 \u00f5laliigese tagumiste kudede passiivne venitus.<\/span><br>\n<\/h5>\n","protected":false},"excerpt":{"rendered":"<p>J\u00e4igana tunduv liigeskapsli kontraktuur ilmneb liigeliikuvuse hindamise varasemas etapis v\u00f5rreldes lihaskontraktuuriga. Kui \u00f5laliigese aktiivsed liikuvused on piiratud, tuleb teostada \u00f5laliigese passiivse liikuvuse hindamine k\u00f5ikides liikuvussuundades. Passiivse liigutuse hindamise eesm\u00e4rk on selgitada liigese l\u00f5ppliikuvuse ulatus ning t\u00e4heldada vastavad kontraktuurid erinevates liikuvussuundades. &#8230;<\/p>\n","protected":false},"author":9,"featured_media":0,"parent":0,"menu_order":0,"comment_status":"closed","ping_status":"closed","template":"","meta":{"_acf_changed":false,"inline_featured_image":false,"footnotes":""},"class_list":["post-105","page","type-page","status-publish","hentry"],"acf":[],"_links":{"self":[{"href":"https:\/\/sisu.ut.ee\/fysioterapeutilinehindamine\/wp-json\/wp\/v2\/pages\/105","targetHints":{"allow":["GET"]}}],"collection":[{"href":"https:\/\/sisu.ut.ee\/fysioterapeutilinehindamine\/wp-json\/wp\/v2\/pages"}],"about":[{"href":"https:\/\/sisu.ut.ee\/fysioterapeutilinehindamine\/wp-json\/wp\/v2\/types\/page"}],"author":[{"embeddable":true,"href":"https:\/\/sisu.ut.ee\/fysioterapeutilinehindamine\/wp-json\/wp\/v2\/users\/9"}],"replies":[{"embeddable":true,"href":"https:\/\/sisu.ut.ee\/fysioterapeutilinehindamine\/wp-json\/wp\/v2\/comments?post=105"}],"version-history":[{"count":1,"href":"https:\/\/sisu.ut.ee\/fysioterapeutilinehindamine\/wp-json\/wp\/v2\/pages\/105\/revisions"}],"predecessor-version":[{"id":508,"href":"https:\/\/sisu.ut.ee\/fysioterapeutilinehindamine\/wp-json\/wp\/v2\/pages\/105\/revisions\/508"}],"wp:attachment":[{"href":"https:\/\/sisu.ut.ee\/fysioterapeutilinehindamine\/wp-json\/wp\/v2\/media?parent=105"}],"curies":[{"name":"wp","href":"https:\/\/api.w.org\/{rel}","templated":true}]}}