{"id":10,"date":"2024-04-04T05:48:54","date_gmt":"2024-04-04T02:48:54","guid":{"rendered":"https:\/\/sisu.ut.ee\/fysioterapeutilinehindamine\/11-kuunarliigese-piirkonna-funktsionaalne-hindamine\/"},"modified":"2024-04-05T16:16:41","modified_gmt":"2024-04-05T13:16:41","slug":"11-kuunarliigese-piirkonna-funktsionaalne-hindamine","status":"publish","type":"page","link":"https:\/\/sisu.ut.ee\/fysioterapeutilinehindamine\/11-kuunarliigese-piirkonna-funktsionaalne-hindamine\/","title":{"rendered":"11. K\u00fc\u00fcnarliigese piirkonna funktsionaalne hindamine"},"content":{"rendered":"<p style=\"margin-top: 12pt;\"><img loading=\"lazy\" decoding=\"async\" width=\"153\" height=\"153\" class=\"alignnone wp-image-116\" style=\"width: 130px; height: 130px; margin: 10px; float: left;\" title=\"screenshot_2021-02-22_at_13.18.32.png\" src=\"https:\/\/sisu.ut.ee\/wp-content\/uploads\/sites\/414\/screenshot_2021-02-22_at_13.18.32.png\" alt=\"11-0\" srcset=\"https:\/\/sisu.ut.ee\/wp-content\/uploads\/sites\/414\/screenshot_2021-02-22_at_13.18.32.png 153w, https:\/\/sisu.ut.ee\/wp-content\/uploads\/sites\/414\/screenshot_2021-02-22_at_13.18.32-150x150.png 150w\" sizes=\"auto, (max-width: 153px) 100vw, 153px\"><span lang=\"et\">K\u00fc\u00fcnarliigese peamine roll \u00fclaj\u00e4seme kompleksis on tagada \u00fclaj\u00e4seme sobiv asend vajaliku funktsiooni teostamisel. K\u00fc\u00fcnarliiges v\u00f5imaldab t\u00e4nu painutus- ja sirutusliigutusele, aga ka supinatsioon- ja pronatsioonliigutusele asetada \u00fclaj\u00e4seme ja labak\u00e4e vajaliku tegevuse teostamiseks \u00f5igele k\u00f5rgusele ning haaratavast v\u00f5i k\u00e4sitletavast objektist sobivale kaugusele.<\/span><\/p>\n<p style=\"margin-top: 12pt;\"><span lang=\"et\">K\u00fc\u00fcnarliigese moodustavad ulnahumeraalliiges, radiohumeraalliiges ja \u00fclemine radioulnaarliiges. Kuna k\u00fc\u00fcnarliigese erinevad liigesed moodustavad \u00fchtse s\u00fcnoviaalliigese, siis avaldab \u00fche liigese vigastus m\u00f5ju ka teistele liigestele. Liigeskapsel ja liiges\u00f5\u00f5s on k\u00f5igi kolme liigese jaoks \u00fchine. Kolme liigese kombinatsioon v\u00f5imaldab k\u00fc\u00fcnarliigese liikuvust painutus-sirutus suunal ning rotatsioonsuundadel. Painutus- ja sirutusliigutus toimub ulnahumeraal- ehk plokkliigeses ning rotatsioonid radiohumeraal- ning \u00fclemises radioulnaarliigeses.<\/span><\/p>\n<p style=\"margin-top: 12pt;\"><span lang=\"et\">Ulnahumeraalliiges<b> <\/b>paikneb \u00f5la- ja k\u00fc\u00fcnarvarreluu plokkide (lad <i>trochlea<\/i>) vahel ning ta klassifitseerub \u00fcheteljeliseks hingliigeseks. Nimetatud liigesega liigestuvate luude otsad ei taga liigesele horisontaalset telge, vaid see on suunatud mediaalselt alla nii, et painutus-sirutusliigutusel l\u00e4bib k\u00fc\u00fcnarvars vastava liikumiskaare, mis omakorda m\u00f5jutab k\u00fc\u00fcnarliigese kandenurka (ingl <i>carrying angle of the elbow<\/i>) (joonis 1A). Ulnahumeraalliigeses on v\u00e4hesel m\u00e4\u00e4ral v\u00f5imalik ka rotatsioonliikuus \u2013 painutusliiguse alguses toimub 5\u00b0 ulatuses siserotatsioon ning painutusliigutuse l\u00f5pus toimub 5\u00b0 ulatuses v\u00e4lisrotatsioon. Ulnahumeraalliiges on neutraalasendis kui k\u00fc\u00fcnarvars on supinatsioon- ja pronatsioonasendi vahel (p\u00f6ial-\u00fcleval asendis) (joonis 1B). Ulnahumeraalliiges on puhkeasendis kui k\u00fc\u00fcnarliiges on painutatud 70\u00b0 ning k\u00fc\u00fcnarvars supineeritud 10\u00b0. <\/span><\/p>\n<p style=\"margin-top: 12pt; text-align: center;\"><img loading=\"lazy\" decoding=\"async\" width=\"503\" height=\"317\" class=\"alignnone wp-image-117\" title=\"screenshot_2021-02-22_at_13.21.02.png\" src=\"https:\/\/sisu.ut.ee\/wp-content\/uploads\/sites\/414\/screenshot_2021-02-22_at_13.21.02.png\" alt=\"Joonis 11-1\" srcset=\"https:\/\/sisu.ut.ee\/wp-content\/uploads\/sites\/414\/screenshot_2021-02-22_at_13.21.02.png 503w, https:\/\/sisu.ut.ee\/wp-content\/uploads\/sites\/414\/screenshot_2021-02-22_at_13.21.02-300x189.png 300w\" sizes=\"auto, (max-width: 503px) 100vw, 503px\"><\/p>\n<h5 style=\"margin-top: 12pt; text-align: center;\">Joonis 1. A \u2013 k\u00fc\u00fcnarliigese kandenurk; B \u2013 k\u00fc\u00fcnarvarre neutraalasend.<\/h5>\n<p style=\"margin-top: 12pt;\"><span lang=\"et\">\u00d5lavarreluu-p\u00e4hiku ja kodarluupea vahel asuv radiohumeraalliiges on samuti \u00fcheteljeline hingliiges. Radiohumeraalliiges on puhkeasendis kui k\u00fc\u00fcnarliiges on t\u00e4ielikult sirutatud ning k\u00fc\u00fcnarvars t\u00e4ielikult supineeritud.<\/span><\/p>\n<p style=\"margin-top: 12pt;\"><span lang=\"et\">Ulnahumeraal- ja radiohumeraalliigset toetavad mediaalselt ulnaarne kollateraalside ning lateraalselt radiaalne kollateraalside. Nimetatud kollateraalsidemete peamine roll on tagada k\u00fc\u00fcnarliigese stabiilsus. K\u00f5ige enam k\u00fc\u00fcnarliigeses esineva posterolateraalse ebastabiilsuse eest vastutab lateraalne (radiaalne) kollateraalside, <i>cubitus valgus<\/i> (v\u00e4ljakaardunud k\u00fc\u00fcnarvars) asendiga seotud ebastabiilsuse eest vastutab mediaalne (lunaarne) kollateraalside. Ulnaarsel kollateraalsidemel on kolm osa, mis koos <i>m flexor carpi ulnaris<\/i>`ega moodustavad kubitaaltunneli, mida l\u00e4bib ulnaarn\u00e4rv. Vigastus, mis suurendab k\u00fc\u00fcnarliigese kandenurka, avaldab liigset survet ka ulnaarn\u00e4rvile. Ulnaarn\u00e4rvi halvatus, mis v\u00f5ib avalduda aastaid p\u00e4rast vigastust, v\u00f5ib p\u00f5hjustada kubitaalkanali s\u00fcndroomi koos l\u00fclisamba kaelaosa d\u00fcsfunktsiooniga.<\/span><\/p>\n<p style=\"margin-top: 12pt;\"><span lang=\"et\">\u00dclemine radioulnaarliiges on \u00fcheteljeline p\u00f6\u00f6rdliiges. Kodarluupea on k\u00fc\u00fcnar- ja \u00f5lavarreluu suhtes \u00f5iges asendis t\u00e4nu kodarluu v\u00f5rusidemele (<i>ligamentum anulare radii<\/i>), mis moodustab liigesest neli viiendikku. \u00dclemine radioulnaarliiges on puhkeasendis kui k\u00fc\u00fcnarliiges on painutatud 70\u00b0 ning k\u00fc\u00fcnarvars supineeritud 35\u00b0. <\/span><\/p>\n","protected":false},"excerpt":{"rendered":"<p>K\u00fc\u00fcnarliigese peamine roll \u00fclaj\u00e4seme kompleksis on tagada \u00fclaj\u00e4seme sobiv asend vajaliku funktsiooni teostamisel. K\u00fc\u00fcnarliiges v\u00f5imaldab t\u00e4nu painutus- ja sirutusliigutusele, aga ka supinatsioon- ja pronatsioonliigutusele asetada \u00fclaj\u00e4seme ja labak\u00e4e vajaliku tegevuse teostamiseks \u00f5igele k\u00f5rgusele ning haaratavast v\u00f5i k\u00e4sitletavast objektist sobivale kaugusele. &#8230;<\/p>\n","protected":false},"author":9,"featured_media":0,"parent":0,"menu_order":0,"comment_status":"closed","ping_status":"closed","template":"","meta":{"_acf_changed":false,"inline_featured_image":false,"footnotes":""},"class_list":["post-10","page","type-page","status-publish","hentry"],"acf":[],"_links":{"self":[{"href":"https:\/\/sisu.ut.ee\/fysioterapeutilinehindamine\/wp-json\/wp\/v2\/pages\/10","targetHints":{"allow":["GET"]}}],"collection":[{"href":"https:\/\/sisu.ut.ee\/fysioterapeutilinehindamine\/wp-json\/wp\/v2\/pages"}],"about":[{"href":"https:\/\/sisu.ut.ee\/fysioterapeutilinehindamine\/wp-json\/wp\/v2\/types\/page"}],"author":[{"embeddable":true,"href":"https:\/\/sisu.ut.ee\/fysioterapeutilinehindamine\/wp-json\/wp\/v2\/users\/9"}],"replies":[{"embeddable":true,"href":"https:\/\/sisu.ut.ee\/fysioterapeutilinehindamine\/wp-json\/wp\/v2\/comments?post=10"}],"version-history":[{"count":2,"href":"https:\/\/sisu.ut.ee\/fysioterapeutilinehindamine\/wp-json\/wp\/v2\/pages\/10\/revisions"}],"predecessor-version":[{"id":674,"href":"https:\/\/sisu.ut.ee\/fysioterapeutilinehindamine\/wp-json\/wp\/v2\/pages\/10\/revisions\/674"}],"wp:attachment":[{"href":"https:\/\/sisu.ut.ee\/fysioterapeutilinehindamine\/wp-json\/wp\/v2\/media?parent=10"}],"curies":[{"name":"wp","href":"https:\/\/api.w.org\/{rel}","templated":true}]}}