{"id":11,"date":"2024-04-04T04:38:00","date_gmt":"2024-04-04T01:38:00","guid":{"rendered":"https:\/\/sisu.ut.ee\/funhome\/esileht\/"},"modified":"2024-04-04T04:38:26","modified_gmt":"2024-04-04T01:38:26","slug":"esileht","status":"publish","type":"page","link":"https:\/\/sisu.ut.ee\/funhome\/esileht\/?lang=et","title":{"rendered":"Avaleht"},"content":{"rendered":"<p>\n\tSiseruumide mikroorganismid m\u00e4ngivad olulist rolli meie igap\u00e4eva elus, sest just suurem osa oma p\u00e4evadest viibime erinevates\u00a0hoonetes. Kuigi \u00fcldlevinud on arvamus, et mikroorganismid p\u00f5hjustavad meile probleeme, eelk\u00f5ige haigusi, siis oluliselt v\u00e4hem on\u00a0teada hoopis nende kasulikust m\u00f5just.\n<\/p>\n<p>\n\tHarrastusteaduse projekti \u201cFunHome\u201d eesm\u00e4rkideks on\u00a0esmalt DNA-analuuside abil kindlaks teha, millised organismid siseruumides elutsevad; fookuses on eesk\u00e4tt potentsiaalsed tervist kahjustavad liigid. Seej\u00e4rel p\u00f6\u00f6rame pilgud teguritele ja protsessidele, mis neid erinevaid mikroskoopilisi olendeid m\u00f5jutavad ning kas neil on omavahelisi seoseid ning viimaks, kuidas nad m\u00f5jutavad elanike tervist ja heaolu.\u00a0\n<\/p>\n<p>\n\t<img loading=\"lazy\" decoding=\"async\" width=\"2560\" height=\"1887\" class=\"alignnone wp-image-17\" src=\"https:\/\/sisu.ut.ee\/wp-content\/uploads\/sites\/308\/funhome-scaled.jpg\" title=\"Joonis 1. M\u00f5ned iseloomulikud organismid, mis esinevad kodutolmus (A. tolmulest, B. hallitusseeneliik Gliomastix murorum, C. hallitusseeneliik Stachybotrys chartarum ja D. okaspuu \u00f5ietolm).\" alt=\"Figure 1. Some characteristic organisms found in the house dust (A. Dust mite, B. Gliomastix murorum, C. Stachybotrys chartarum and D. pollen).\" srcset=\"https:\/\/sisu.ut.ee\/wp-content\/uploads\/sites\/308\/funhome-scaled.jpg 2560w, https:\/\/sisu.ut.ee\/wp-content\/uploads\/sites\/308\/funhome-300x221.jpg 300w, https:\/\/sisu.ut.ee\/wp-content\/uploads\/sites\/308\/funhome-1024x755.jpg 1024w, https:\/\/sisu.ut.ee\/wp-content\/uploads\/sites\/308\/funhome-768x566.jpg 768w, https:\/\/sisu.ut.ee\/wp-content\/uploads\/sites\/308\/funhome-1536x1132.jpg 1536w\" sizes=\"auto, (max-width: 2560px) 100vw, 2560px\">\n<\/p>\n<p>\n\t\u00a0\n<\/p>\n<p>\n\tHetkel on nii harrastusteadlaste kui ka s\u00f5prade-kolleegide abiga kogutud proove kokku\u00a0 ~500 hoonest (ehk ~2000 tolmuproovi) ning\u00a064 territooriumilt (vt Joonised 2 ja 3). Lisaks<span><span style=\"line-height:15.693333625793457px\"><span style=\"sans-serif\">\u00a0FunHome projektile on harrastusteadlaste abiga kogutud sama metoodikat j\u00e4rgides tolmuproove jahtlaeva Admiral Bellingshauseni ekspeditsioonidelt.\u00a0<\/span><\/span><\/span>Esimene ekspeditsioon Admiral Bellingshausenil korraldati Tallinnast Antarktikani, et t\u00e4histada 200 aasta m\u00f6\u00f6dumist ajast, kui Saaremaalt p\u00e4rit baltisakslane, Vene admiral Fabian Gottlieb von Bellingshausen m\u00e4rkas Antarktist. Teine ekspeditsioon pidi reisimeeskonna viima Arktikasse, kuid see katkes kahjuks reisipiirangute t\u00f5ttu. Kokku m\u00f5lema ekspeditsiooni peale on kogutud proove 34 geograafilisest punktist (vt Joonis 2 sinised t\u00e4pid).\n<\/p>\n<p>\n\t\u00a0\n<\/p>\n<p>\n\t<img loading=\"lazy\" decoding=\"async\" width=\"2560\" height=\"1280\" class=\"alignnone wp-image-18\" src=\"https:\/\/sisu.ut.ee\/wp-content\/uploads\/sites\/308\/dust_bell-scaled.jpg\" title=\"Joonis 2. \u00dclemaailmselt kogutud tolmuproovide asukohad (kollased t\u00e4pid-kodutom ja sinised t\u00e4pid-ekspeditsioonilt kogutud).  \" alt=\"dust\" srcset=\"https:\/\/sisu.ut.ee\/wp-content\/uploads\/sites\/308\/dust_bell-scaled.jpg 2560w, https:\/\/sisu.ut.ee\/wp-content\/uploads\/sites\/308\/dust_bell-300x150.jpg 300w, https:\/\/sisu.ut.ee\/wp-content\/uploads\/sites\/308\/dust_bell-1024x512.jpg 1024w, https:\/\/sisu.ut.ee\/wp-content\/uploads\/sites\/308\/dust_bell-768x384.jpg 768w, https:\/\/sisu.ut.ee\/wp-content\/uploads\/sites\/308\/dust_bell-1536x768.jpg 1536w, https:\/\/sisu.ut.ee\/wp-content\/uploads\/sites\/308\/dust_bell-2048x1024.jpg 2048w, https:\/\/sisu.ut.ee\/wp-content\/uploads\/sites\/308\/dust_bell-1920x960.jpg 1920w\" sizes=\"auto, (max-width: 2560px) 100vw, 2560px\">\n<\/p>\n<p>\n\t<img loading=\"lazy\" decoding=\"async\" width=\"2560\" height=\"1280\" class=\"alignnone wp-image-28\" src=\"https:\/\/sisu.ut.ee\/wp-content\/uploads\/sites\/308\/dust_europe-uus-2-scaled.jpg\" title=\"Joonis 3. Euroopast kogutud tolmuproovide asukohad (m\u00e4rgitud oran\u017eide t\u00e4ppidega)\" alt=\"dust-europe\" srcset=\"https:\/\/sisu.ut.ee\/wp-content\/uploads\/sites\/308\/dust_europe-uus-2-scaled.jpg 2560w, https:\/\/sisu.ut.ee\/wp-content\/uploads\/sites\/308\/dust_europe-uus-2-300x150.jpg 300w, https:\/\/sisu.ut.ee\/wp-content\/uploads\/sites\/308\/dust_europe-uus-2-1024x512.jpg 1024w, https:\/\/sisu.ut.ee\/wp-content\/uploads\/sites\/308\/dust_europe-uus-2-768x384.jpg 768w, https:\/\/sisu.ut.ee\/wp-content\/uploads\/sites\/308\/dust_europe-uus-2-1536x768.jpg 1536w, https:\/\/sisu.ut.ee\/wp-content\/uploads\/sites\/308\/dust_europe-uus-2-2048x1024.jpg 2048w, https:\/\/sisu.ut.ee\/wp-content\/uploads\/sites\/308\/dust_europe-uus-2-1920x960.jpg 1920w\" sizes=\"auto, (max-width: 2560px) 100vw, 2560px\"><\/p>\n","protected":false},"excerpt":{"rendered":"<p>Siseruumide mikroorganismid m\u00e4ngivad olulist rolli meie igap\u00e4eva elus, sest just suurem osa oma p\u00e4evadest viibime erinevates\u00a0hoonetes. Kuigi \u00fcldlevinud on arvamus, et mikroorganismid p\u00f5hjustavad meile probleeme, eelk\u00f5ige haigusi, siis oluliselt v\u00e4hem on\u00a0teada hoopis nende kasulikust m\u00f5just. Harrastusteaduse projekti \u201cFunHome\u201d eesm\u00e4rkideks on\u00a0esmalt &#8230;<\/p>\n","protected":false},"author":163,"featured_media":0,"parent":0,"menu_order":0,"comment_status":"closed","ping_status":"closed","template":"","meta":{"_acf_changed":false,"inline_featured_image":false,"footnotes":""},"class_list":["post-11","page","type-page","status-publish","hentry"],"acf":[],"_links":{"self":[{"href":"https:\/\/sisu.ut.ee\/funhome\/wp-json\/wp\/v2\/pages\/11","targetHints":{"allow":["GET"]}}],"collection":[{"href":"https:\/\/sisu.ut.ee\/funhome\/wp-json\/wp\/v2\/pages"}],"about":[{"href":"https:\/\/sisu.ut.ee\/funhome\/wp-json\/wp\/v2\/types\/page"}],"author":[{"embeddable":true,"href":"https:\/\/sisu.ut.ee\/funhome\/wp-json\/wp\/v2\/users\/163"}],"replies":[{"embeddable":true,"href":"https:\/\/sisu.ut.ee\/funhome\/wp-json\/wp\/v2\/comments?post=11"}],"version-history":[{"count":1,"href":"https:\/\/sisu.ut.ee\/funhome\/wp-json\/wp\/v2\/pages\/11\/revisions"}],"predecessor-version":[{"id":70,"href":"https:\/\/sisu.ut.ee\/funhome\/wp-json\/wp\/v2\/pages\/11\/revisions\/70"}],"wp:attachment":[{"href":"https:\/\/sisu.ut.ee\/funhome\/wp-json\/wp\/v2\/media?parent=11"}],"curies":[{"name":"wp","href":"https:\/\/api.w.org\/{rel}","templated":true}]}}