{"id":22,"date":"2024-10-25T09:18:52","date_gmt":"2024-10-25T06:18:52","guid":{"rendered":"https:\/\/sisu.ut.ee\/funaqua\/kontakt\/"},"modified":"2025-03-05T15:43:36","modified_gmt":"2025-03-05T13:43:36","slug":"kontakt","status":"publish","type":"page","link":"https:\/\/sisu.ut.ee\/funaqua\/kontakt\/?lang=et","title":{"rendered":"Kontakt"},"content":{"rendered":"<p><\/p>\n\n\n\n<p>K\u00fcsimuste korral v\u00f5ta meiega julgelt \u00fchendust!<\/p>\n\n\n\n<p><a href=\"kristel.panksep@ut.ee\" data-type=\"link\" data-id=\"kristel.panksep@ut.ee\"><\/a><\/p>\n\n\n<div class=\"person-card border rounded p-2 pb-4 mb-4\">\n\t<div class=\"d-flex \">\n\t\t\t\t\t<img loading=\"lazy\" decoding=\"async\" width=\"95\" height=\"150\" src=\"https:\/\/sisu.ut.ee\/wp-content\/uploads\/sites\/706\/Kristel-Twitter-95x150.jpg\" class=\"flex-shrink-0 object-fit-cover person-card__image img-fluid rounded mb-2 me-2\" alt=\"\">\n\t\t\t\t<div class=\"person-card__info\">\n\t\t\t\t\t\t\t<h3 class=\"h4 mb-2\">Kristel Panksep<\/h3>\n\t\t\t\t\t\t\t\t\t\t<div class=\"mb-2\">\n\t\t\t\t\t<p>Kristel Panksep on vee\u00f6koloogia teadur, keskendudes eelk\u00f5ige eDNA-p\u00f5histele meetoditele elurikkuse uuringutes. Tema uurimisvaldkonnad h\u00f5lmavad ka toksiliste sinivetikate rolli vee toiduahelates, looduslike ja inimtekkeliste survetegurite m\u00f5ju veekeskkonnale ning eDNA-p\u00f5histe meetodite v\u00e4ljat\u00f6\u00f6tamist erinevate organismir\u00fchmade seireks. Samuti on ta panustanud reoveel p\u00f5hineva SARS-CoV-2 seire v\u00e4ljat\u00f6\u00f6tamisse.<\/p>\n<p>Kristel juhib ja koordineerib \u00fclemaailmset seente elurikkuse projekti FunAqua. FunAqua eesm\u00e4rk on m\u00f5ista mitmekesisuse mustreid, illustreerides veeseente taksonoomilise ja f\u00fclogeneetilise mitmekesisuse levikut \u00fclemaailmselt. See aitab m\u00f5ista veeseente \u00f6koloogilisi rolle ja nende koostoimeid teiste organismidega. FunAqua pakub veeseente mitmekesisuse p\u00f5hjuste kindlakstegemisel v\u00e4\u00e4rtuslikku teavet seente bioloogilise mitmekesisuse s\u00e4ilitamiseks ja haldamiseks, mis on \u00f6kos\u00fcsteemi tervise ja vastupidavuse s\u00e4ilitamiseks \u00fclioluline.<\/p>\n<p>Kristel on seotud Eesti Maa\u00fclikooli P\u00f5llumajandus- ja Keskkonnateaduste Instituudiga, Tartu \u00dclikooli Tehnikainstituudiga ning Rootsi P\u00f5llumajandus\u00fclikooli veeressursside osakonnaga j\u00e4reldoktorina.<\/p>\n\n\t\t\t\t<\/div>\n\t\t\t\t\t\t\t\t\t\t\t\t\t\t\t\t<a href=\"mailto:kristel.panksep@ut.ee\" class=\"mb-0\">kristel.panksep@ut.ee<\/a>\n\t\t\t\t\t<\/div>\n\t<\/div>\n\t\t\t<div class=\"person-card__description mt-2\">\n\t\t\t<p>BlueSky: @kristelpanksep.bsky.social<\/p>\n\n\t\t<\/div>\n\t<\/div>\n\n\n\n<div class=\"wp-block-columns is-layout-flex wp-container-core-columns-is-layout-9d6595d7 wp-block-columns-is-layout-flex\">\n<div class=\"wp-block-column is-layout-flow wp-block-column-is-layout-flow\" style=\"flex-basis:100%\"><div class=\"person-card border rounded p-2 pb-4 mb-4\">\n\t<div class=\"d-flex \">\n\t\t\t\t\t<img loading=\"lazy\" decoding=\"async\" width=\"150\" height=\"150\" src=\"https:\/\/sisu.ut.ee\/wp-content\/uploads\/sites\/706\/Victoria_laboris-150x150.jpg\" class=\"flex-shrink-0 object-fit-cover person-card__image img-fluid rounded mb-2 me-2\" alt=\"\">\n\t\t\t\t<div class=\"person-card__info\">\n\t\t\t\t\t\t\t<h3 class=\"h4 mb-2\">Victoria Prins<\/h3>\n\t\t\t\t\t\t\t\t\t\t<div class=\"mb-2\">\n\t\t\t\t\t<p>Victoria Prins on nooremteadur ja doktorant Tartu \u00dclikooli Tehnoloogiainstituudis. Tema doktorit\u00f6\u00f6 keskendub veeseente mitmekesisuse ja seda m\u00f5jutavate tegurite uurimisele. Victoria on olnud seotud FunAqua projektiga alates 2020. aastast. Ta panustab projekti edenemisse sette- ja veeproovide molekulaaranal\u00fc\u00fcside teostamise ning sekveneerimisandmete p\u00f5hjal veeseente elurikkuse anal\u00fc\u00fcsimisega.<\/p>\n<p>Victoria eesm\u00e4rgiks on oma doktorit\u00f6\u00f6 raames kirjeldada globaalset veeseente elurikkust FunAqua projekti p\u00f5hjal. Seejuures h\u00f5lmab uurimist\u00f6\u00f6 ka oluliste veeseente koosluste struktuuri ja mitmekesisust m\u00f5jutavate tegurite tuvastamist, n\u00e4iteks geograafilised tegurid ja veekvaliteedi indikaatorid. Uurimuste k\u00e4igus saadud tulemused aitavad paremini m\u00f5ista seda alauuritud seente r\u00fchma.<\/p>\n\n\t\t\t\t<\/div>\n\t\t\t\t\t\t\t\t\t\t\t\t\t\t\t\t<a href=\"mailto:victoria.prins@ut.ee\" class=\"mb-0\">victoria.prins@ut.ee<\/a>\n\t\t\t\t\t<\/div>\n\t<\/div>\n\t\t\t<div class=\"person-card__description mt-2\">\n\t\t\t<p>BlueSky: @vprins.bsky.social<\/p>\n\n\t\t<\/div>\n\t<\/div>\n<\/div>\n<\/div>\n\n\n\n<p><\/p>\n","protected":false},"excerpt":{"rendered":"<p>K\u00fcsimuste korral v\u00f5ta meiega julgelt \u00fchendust!<\/p>\n","protected":false},"author":163,"featured_media":0,"parent":0,"menu_order":0,"comment_status":"closed","ping_status":"closed","template":"","meta":{"_acf_changed":false,"inline_featured_image":false,"footnotes":""},"class_list":["post-22","page","type-page","status-publish","hentry"],"acf":[],"_links":{"self":[{"href":"https:\/\/sisu.ut.ee\/funaqua\/wp-json\/wp\/v2\/pages\/22","targetHints":{"allow":["GET"]}}],"collection":[{"href":"https:\/\/sisu.ut.ee\/funaqua\/wp-json\/wp\/v2\/pages"}],"about":[{"href":"https:\/\/sisu.ut.ee\/funaqua\/wp-json\/wp\/v2\/types\/page"}],"author":[{"embeddable":true,"href":"https:\/\/sisu.ut.ee\/funaqua\/wp-json\/wp\/v2\/users\/163"}],"replies":[{"embeddable":true,"href":"https:\/\/sisu.ut.ee\/funaqua\/wp-json\/wp\/v2\/comments?post=22"}],"version-history":[{"count":6,"href":"https:\/\/sisu.ut.ee\/funaqua\/wp-json\/wp\/v2\/pages\/22\/revisions"}],"predecessor-version":[{"id":317,"href":"https:\/\/sisu.ut.ee\/funaqua\/wp-json\/wp\/v2\/pages\/22\/revisions\/317"}],"wp:attachment":[{"href":"https:\/\/sisu.ut.ee\/funaqua\/wp-json\/wp\/v2\/media?parent=22"}],"curies":[{"name":"wp","href":"https:\/\/api.w.org\/{rel}","templated":true}]}}