{"id":4,"date":"2024-04-04T04:50:38","date_gmt":"2024-04-04T01:50:38","guid":{"rendered":"https:\/\/sisu.ut.ee\/fromfieldtolab\/avaleht\/"},"modified":"2024-04-21T19:44:38","modified_gmt":"2024-04-21T16:44:38","slug":"avaleht","status":"publish","type":"page","link":"https:\/\/sisu.ut.ee\/fromfieldtolab\/","title":{"rendered":"Avaleht"},"content":{"rendered":"<p>Keeleteaduse, filosoofia ja semiootika doktorikool, Kultooriteaduste ja kunstide doktorikool ning K\u00e4itumis-, sotsiaal- ja terviseteaduste doktorikool kutsuvad doktorante ja teisi huvilisi kuulama kolmep\u00e4evast loengusarja \u201e<b>Eksperimentaallingvistika: v\u00e4lit\u00f6\u00f6del ja laboris<\/b>\u201c. K\u00fclla on tulemas <strong>Kenny Coventry<\/strong> East Anglia \u00fclikoolist (University of East Anglia) ja <strong>Thora Tenbrink<\/strong> Bangori \u00fclikoolist (Bangor University) \u00a0Walesist ning <strong>Elsi Kaiser<\/strong> L\u00f5una-Kalifornia \u00fclikoolist (University of Southern California) USA-st. Loengud toimuvad inglise keeles. Samal p\u00e4eval toimuvad ka praktikumid, kus on v\u00f5imalik omandatud teadmisi k\u00fclalislektorite k\u00e4e all rakendada. Loengud on avatud k\u00f5igile, praktikumid on aga eelregistreerumisega (kohtade arv piiratud, palun registreeru <strong><a title=\"\" href=\"https:\/\/goo.gl\/forms\/ocbQitVOSR6G58By1\" target=\"_blank\" rel=\"noopener\" data-url=\"https:\/\/goo.gl\/forms\/ocbQitVOSR6G58By1\">siin<\/a><\/strong>).\u00a0<\/p>\n\n\n\n<p>Loengusarja eesm\u00e4rgiks on \u00fchelt poolt tutvustada erinevaid keeleuurimise meetodeid, kuid samas\u00a0 ka n\u00e4idata, mida me saame keele p\u00f5hjal inimese kohta j\u00e4reldada. Loengusarjas k\u00e4sitletakse demonstratiivide kasutust ruumis ning nende seotust ruumitaju ja m\u00e4luga, tutvustatakse kognitiivset diskursusanal\u00fc\u00fcsi ning seda, kuidas kehaline kogemus keeles v\u00e4ljendub. Samuti r\u00e4\u00e4gitakse erinevatest ps\u00fchholingvistilistest eksperimentidest ning sagedamini tehtavatest vigadest ps\u00fchholingvistiliste eksperimentide disainimisel. \u00a0<\/p>\n\n\n\n<p>\u00a0<span style=\"background: white;\"><span style=\"line-height: normal;\"><span lang=\"EN-GB\" style=\"background: white;\"><span style=\"color: #212121;\">The Graduate School of Linguistics, Philosophy and Semiotics, the Graduate School of Culture Studies and Arts, and the Graduate School of Behavioural, Social and Health Sciences invite doctoral students and other interested parties to participate in a three-day lecture series \u201cE<\/span><span style=\"color: black;\">xperimen\u200btal linguistics: from field to lab\u201d. The invited lecturers are Kenny Coventry from the University of East Anglia, England, Thora Tenbrink from <\/span><\/span><\/span><\/span>Bangor University, Wales<span style=\"background: white;\"><span style=\"line-height: normal;\"><span lang=\"EN-GB\" style=\"background: white;\"><span style=\"color: black;\">, and Elsi Kaiser from the University of Southern California, USA (the program is available here). On each day of the lecture series, the participants have the opportunity to implement their freshly gained knowledge in hands-on seminars. The lectures and seminars are held in English. The lectures are open to everyone, but the seminars require pre-registration (the spaces are limited, please register <\/span><\/span><\/span><\/span><strong><a title=\"\" data-url=\"https:\/\/goo.gl\/forms\/x6ZhPZ1m66UZ1EYg1\" href=\"https:\/\/goo.gl\/forms\/x6ZhPZ1m66UZ1EYg1\" target=\"_blank\" rel=\"noopener\">here<\/a><\/strong><span style=\"background: white;\"><span style=\"line-height: normal;\"><span lang=\"EN-GB\" style=\"background: white;\"><span style=\"color: black;\">).<\/span><\/span><\/span><\/span><\/p>\n\n\n\n<p><span lang=\"EN-GB\" style=\"background: white;\"><span style=\"line-height: 115%;\"><span style=\"color: black;\">The aim of the lecture series is to introduce different methods of linguistic research as well as to present the possible connection between language and perception. In the lecture series, the following topics are introduced: the use of demonstratives and their connection to spatial perception and memory of object location; introduction to cognitive discourse analysis and expression of bodily experiences in language; and how to conduct psycholinguistic experiments and how to avoid common mistakes in the experimental designs.<\/span><\/span><\/span><\/p>\n\n\n\n<p>Korraldajad \/ Organizers:<\/p>\n\n\n\n<p>Maria Reile (eesti ja \u00fcldkeeleteaduse instituut)<\/p>\n\n\n\n<p>Nele P\u00f5ldver (ps\u00fchholoogia instituut)<\/p>\n\n\n\n<p>Ann Veismann (eesti ja \u00fcldkeeleteaduse instituut;\u00a0keeleteaduse, filosoofia ja semiootika doktorikool)<\/p>\n\n\n\n<p><span style=\"background: white;\"><span style=\"color: #565656;\">Kontakt: ann.veismann@ut.ee<\/span><\/span><\/p>\n\n\n\n<p><\/p>\n\n\n\n<p><i>This event has been supported by the University of Tartu ASTRA Project PER ASPERA (European Regional Development Fund)<\/i><\/p>\n\n\n\n<figure class=\"wp-block-image is-resized\"><img loading=\"lazy\" decoding=\"async\" width=\"2560\" height=\"1481\" src=\"https:\/\/sisu.ut.ee\/wp-content\/uploads\/sites\/338\/ingl_horis_varv_0-scaled.jpeg\" alt=\"ingl_horis_varv_0.jpeg\" class=\"wp-image-11\" style=\"width:299px\" title=\"ingl_horis_varv_0.jpeg\" srcset=\"https:\/\/sisu.ut.ee\/wp-content\/uploads\/sites\/338\/ingl_horis_varv_0-scaled.jpeg 2560w, https:\/\/sisu.ut.ee\/wp-content\/uploads\/sites\/338\/ingl_horis_varv_0-300x174.jpeg 300w, https:\/\/sisu.ut.ee\/wp-content\/uploads\/sites\/338\/ingl_horis_varv_0-1024x592.jpeg 1024w, https:\/\/sisu.ut.ee\/wp-content\/uploads\/sites\/338\/ingl_horis_varv_0-768x444.jpeg 768w, https:\/\/sisu.ut.ee\/wp-content\/uploads\/sites\/338\/ingl_horis_varv_0-1536x888.jpeg 1536w, https:\/\/sisu.ut.ee\/wp-content\/uploads\/sites\/338\/ingl_horis_varv_0-2048x1185.jpeg 2048w, https:\/\/sisu.ut.ee\/wp-content\/uploads\/sites\/338\/ingl_horis_varv_0-1920x1111.jpeg 1920w\" sizes=\"auto, (max-width: 2560px) 100vw, 2560px\"><\/figure>\n\n\n\n<p><\/p>\n","protected":false},"excerpt":{"rendered":"<p>Keeleteaduse, filosoofia ja semiootika doktorikool, Kultooriteaduste ja kunstide doktorikool ning K\u00e4itumis-, sotsiaal- ja terviseteaduste doktorikool kutsuvad doktorante ja teisi huvilisi kuulama kolmep\u00e4evast loengusarja \u201eEksperimentaallingvistika: v\u00e4lit\u00f6\u00f6del ja laboris\u201c. K\u00fclla on tulemas Kenny Coventry East Anglia \u00fclikoolist (University of East Anglia) ja &#8230;<\/p>\n","protected":false},"author":22,"featured_media":0,"parent":0,"menu_order":0,"comment_status":"closed","ping_status":"closed","template":"","meta":{"_acf_changed":false,"inline_featured_image":false,"footnotes":""},"class_list":["post-4","page","type-page","status-publish","hentry"],"acf":[],"_links":{"self":[{"href":"https:\/\/sisu.ut.ee\/fromfieldtolab\/wp-json\/wp\/v2\/pages\/4","targetHints":{"allow":["GET"]}}],"collection":[{"href":"https:\/\/sisu.ut.ee\/fromfieldtolab\/wp-json\/wp\/v2\/pages"}],"about":[{"href":"https:\/\/sisu.ut.ee\/fromfieldtolab\/wp-json\/wp\/v2\/types\/page"}],"author":[{"embeddable":true,"href":"https:\/\/sisu.ut.ee\/fromfieldtolab\/wp-json\/wp\/v2\/users\/22"}],"replies":[{"embeddable":true,"href":"https:\/\/sisu.ut.ee\/fromfieldtolab\/wp-json\/wp\/v2\/comments?post=4"}],"version-history":[{"count":4,"href":"https:\/\/sisu.ut.ee\/fromfieldtolab\/wp-json\/wp\/v2\/pages\/4\/revisions"}],"predecessor-version":[{"id":23,"href":"https:\/\/sisu.ut.ee\/fromfieldtolab\/wp-json\/wp\/v2\/pages\/4\/revisions\/23"}],"wp:attachment":[{"href":"https:\/\/sisu.ut.ee\/fromfieldtolab\/wp-json\/wp\/v2\/media?parent=4"}],"curies":[{"name":"wp","href":"https:\/\/api.w.org\/{rel}","templated":true}]}}