{"id":8,"date":"2024-04-04T02:59:19","date_gmt":"2024-04-03T23:59:19","guid":{"rendered":"https:\/\/sisu.ut.ee\/fmp\/avaleht\/"},"modified":"2024-04-04T02:59:26","modified_gmt":"2024-04-03T23:59:26","slug":"avaleht","status":"publish","type":"page","link":"https:\/\/sisu.ut.ee\/fmp\/","title":{"rendered":"Avaleht"},"content":{"rendered":"<p>\n\t<a data-fid=\"78665\" href=\"https:\/\/sisu.ut.ee\/wp-content\/uploads\/sites\/183\/fmp_programm_2023.pdf\">Programm (LOFY.01.002)<\/a>\n<\/p>\n<p>\n\t<a data-fid=\"78666\" href=\"https:\/\/sisu.ut.ee\/wp-content\/uploads\/sites\/183\/fmp_pohivara_2023.pdf\">P\u00f5hivara (LOFY.01.002)<\/a>\n<\/p>\n<p>\n\t<a href=\"\/wp-content\/uploads\/sites\/183\/fmp-ylesanded-2014.pdf\" target=\"_blank\" rel=\"noopener\">\u00dclesanded<\/a>\n<\/p>\n<p>\n\t<a href=\"\/wp-content\/uploads\/sites\/183\/fla_opik.pdf\" target=\"_blank\" rel=\"noopener\">F\u00fc\u00fcsikalise loodusk\u00e4sitluse alused<\/a>\n<\/p>\n<h4>\n\tLOFY.01.091 F\u00fc\u00fcsikaline maailmapilt<br>\n<\/h4>\n<p>\n\t<a data-fid=\"78718\" href=\"https:\/\/sisu.ut.ee\/wp-content\/uploads\/sites\/183\/fmp_prog_2017_091.pdf\">Programm<\/a>\n<\/p>\n<p>\n\t<a data-fid=\"68949\" href=\"https:\/\/sisu.ut.ee\/wp-content\/uploads\/sites\/183\/lore_fmp_p6hivara_2022.pdf\">P\u00f5hivara<\/a><\/p>\n<p>\u00a0<\/p>\n","protected":false},"excerpt":{"rendered":"<p>Programm (LOFY.01.002) P\u00f5hivara (LOFY.01.002) \u00dclesanded F\u00fc\u00fcsikalise loodusk\u00e4sitluse alused LOFY.01.091 F\u00fc\u00fcsikaline maailmapilt Programm P\u00f5hivara \u00a0<\/p>\n","protected":false},"author":91,"featured_media":0,"parent":0,"menu_order":0,"comment_status":"closed","ping_status":"closed","template":"","meta":{"_acf_changed":false,"inline_featured_image":false,"footnotes":""},"class_list":["post-8","page","type-page","status-publish","hentry"],"acf":[],"_links":{"self":[{"href":"https:\/\/sisu.ut.ee\/fmp\/wp-json\/wp\/v2\/pages\/8","targetHints":{"allow":["GET"]}}],"collection":[{"href":"https:\/\/sisu.ut.ee\/fmp\/wp-json\/wp\/v2\/pages"}],"about":[{"href":"https:\/\/sisu.ut.ee\/fmp\/wp-json\/wp\/v2\/types\/page"}],"author":[{"embeddable":true,"href":"https:\/\/sisu.ut.ee\/fmp\/wp-json\/wp\/v2\/users\/91"}],"replies":[{"embeddable":true,"href":"https:\/\/sisu.ut.ee\/fmp\/wp-json\/wp\/v2\/comments?post=8"}],"version-history":[{"count":1,"href":"https:\/\/sisu.ut.ee\/fmp\/wp-json\/wp\/v2\/pages\/8\/revisions"}],"predecessor-version":[{"id":82,"href":"https:\/\/sisu.ut.ee\/fmp\/wp-json\/wp\/v2\/pages\/8\/revisions\/82"}],"wp:attachment":[{"href":"https:\/\/sisu.ut.ee\/fmp\/wp-json\/wp\/v2\/media?parent=8"}],"curies":[{"name":"wp","href":"https:\/\/api.w.org\/{rel}","templated":true}]}}