{"id":7,"date":"2024-04-04T02:59:19","date_gmt":"2024-04-03T23:59:19","guid":{"rendered":"https:\/\/sisu.ut.ee\/fmp\/lugemist-ja-vaatamist\/"},"modified":"2024-04-04T02:59:26","modified_gmt":"2024-04-03T23:59:26","slug":"lugemist-ja-vaatamist","status":"publish","type":"page","link":"https:\/\/sisu.ut.ee\/fmp\/lugemist-ja-vaatamist\/","title":{"rendered":"Lugemist ja vaatamist"},"content":{"rendered":"<p><a href=\"\/wp-content\/uploads\/sites\/183\/06.jpg\" target=\"_blank\" rel=\"noopener\">Universum tervikuna (JPG)<\/a><\/p>\n<p><a href=\"\/wp-content\/uploads\/sites\/183\/05.jpg\" target=\"_blank\" rel=\"noopener\">P\u00e4ikeses\u00fcsteem ja meie Galaktika (JPG)<\/a><\/p>\n<p><a href=\"\/wp-content\/uploads\/sites\/183\/standardmudel.pdf\" target=\"_blank\" rel=\"noopener\">Standardmudel<\/a><\/p>\n<p><a href=\"\/wp-content\/uploads\/sites\/183\/s-p-d-orbitals.jpg\" target=\"_blank\" rel=\"noopener\">Elektronorbitaalid aatomis<\/a><\/p>\n<p><a href=\"http:\/\/oppekava.innove.ee\/wp-content\/uploads\/sites\/6\/2017\/01\/Religioosne_ja_fyysikaline_maailmapilt.pdf\" target=\"_blank\" rel=\"noopener\">Religioosne ja f\u00fc\u00fcsikaline maailmapilt<\/a><\/p>\n<p><a href=\"\/wp-content\/uploads\/sites\/183\/piibli-diskussioon.pdf\" target=\"_blank\" rel=\"noopener\">Piibli diskussioon<\/a><\/p>\n<p><a href=\"\/wp-content\/uploads\/sites\/183\/um_ja_kt.pdf\" target=\"_blank\" rel=\"noopener\">Uku Masing \u2013 Vaatlusi maailmale teoloogi seisukohast<\/a><\/p>\n<p><a href=\"\/wp-content\/uploads\/sites\/183\/triaad_fyysikas.ppt\" target=\"_blank\" rel=\"noopener\">Triaad f\u00fc\u00fcsikas<\/a><\/p>\n<p><a href=\"\/wp-content\/uploads\/sites\/183\/higgsi_boson.pdf\" target=\"_blank\" rel=\"noopener\">Higgsi boson<\/a><\/p>\n<p><a href=\"\/wp-content\/uploads\/sites\/183\/aegruum-antiaine-tumeaine.pdf\" target=\"_blank\" rel=\"noopener\">Aegruum-antiaine-tumeaine<\/a><\/p>\n<p><a href=\"\/wp-content\/uploads\/sites\/183\/vabast_tahtest_ml_ja_kt.pdf\" target=\"_blank\" rel=\"noopener\">Vabast tahtest ML ja KT<\/a><\/p>\n<p><a href=\"\/wp-content\/uploads\/sites\/183\/elektromagnetismist_jj_ja_kt.pdf\" target=\"_blank\" rel=\"noopener\">Elektromagnetismist JJ ja KT<\/a><\/p>\n","protected":false},"excerpt":{"rendered":"<p>Universum tervikuna (JPG) P\u00e4ikeses\u00fcsteem ja meie Galaktika (JPG) Standardmudel Elektronorbitaalid aatomis Religioosne ja f\u00fc\u00fcsikaline maailmapilt Piibli diskussioon Uku Masing \u2013 Vaatlusi maailmale teoloogi seisukohast Triaad f\u00fc\u00fcsikas Higgsi boson Aegruum-antiaine-tumeaine Vabast tahtest ML ja KT Elektromagnetismist JJ ja KT<\/p>\n","protected":false},"author":91,"featured_media":0,"parent":0,"menu_order":0,"comment_status":"closed","ping_status":"closed","template":"","meta":{"_acf_changed":false,"inline_featured_image":false,"footnotes":""},"class_list":["post-7","page","type-page","status-publish","hentry"],"acf":[],"_links":{"self":[{"href":"https:\/\/sisu.ut.ee\/fmp\/wp-json\/wp\/v2\/pages\/7","targetHints":{"allow":["GET"]}}],"collection":[{"href":"https:\/\/sisu.ut.ee\/fmp\/wp-json\/wp\/v2\/pages"}],"about":[{"href":"https:\/\/sisu.ut.ee\/fmp\/wp-json\/wp\/v2\/types\/page"}],"author":[{"embeddable":true,"href":"https:\/\/sisu.ut.ee\/fmp\/wp-json\/wp\/v2\/users\/91"}],"replies":[{"embeddable":true,"href":"https:\/\/sisu.ut.ee\/fmp\/wp-json\/wp\/v2\/comments?post=7"}],"version-history":[{"count":1,"href":"https:\/\/sisu.ut.ee\/fmp\/wp-json\/wp\/v2\/pages\/7\/revisions"}],"predecessor-version":[{"id":83,"href":"https:\/\/sisu.ut.ee\/fmp\/wp-json\/wp\/v2\/pages\/7\/revisions\/83"}],"wp:attachment":[{"href":"https:\/\/sisu.ut.ee\/fmp\/wp-json\/wp\/v2\/media?parent=7"}],"curies":[{"name":"wp","href":"https:\/\/api.w.org\/{rel}","templated":true}]}}