{"id":9,"date":"2024-04-04T02:59:27","date_gmt":"2024-04-03T23:59:27","guid":{"rendered":"https:\/\/sisu.ut.ee\/fjt\/avaleht\/"},"modified":"2024-04-04T02:59:34","modified_gmt":"2024-04-03T23:59:34","slug":"avaleht","status":"publish","type":"page","link":"https:\/\/sisu.ut.ee\/fjt\/","title":{"rendered":"Avaleht"},"content":{"rendered":"<p>\n\t<a data-fid=\"37575\" href=\"https:\/\/sisu.ut.ee\/wp-content\/uploads\/sites\/184\/fjt_programm_2019.pdf\">Programm<\/a><br><a data-url=\"https:\/\/sisu.ut.ee\/wp-content\/uploads\/sites\/184\/fjt_p6hivara_2022.pdf\" href=\"https:\/\/sisu.ut.ee\/wp-content\/uploads\/sites\/184\/fjt_p6hivara_2022.pdf\" target=\"_blank\" title=\"\" rel=\"noopener\">P\u00f5hivara<\/a><br><a href=\"\/wp-content\/uploads\/sites\/184\/fla_opik.pdf\" target=\"_blank\" rel=\"noopener\">FLA \u00f5pik<\/a><br><a data-fid=\"37576\" href=\"https:\/\/sisu.ut.ee\/wp-content\/uploads\/sites\/184\/fjt_s6nastik_2019.pdf\">S\u00f5nastik<\/a><br><a href=\"\/wp-content\/uploads\/sites\/184\/fmp-ylesanded-2011.pdf\" target=\"_blank\" rel=\"noopener\">\u00dclesanded<\/a>\n<\/p>\n<p>\n\t\u00a0<\/p>\n","protected":false},"excerpt":{"rendered":"<p>ProgrammP\u00f5hivaraFLA \u00f5pikS\u00f5nastik\u00dclesanded \u00a0<\/p>\n","protected":false},"author":91,"featured_media":0,"parent":0,"menu_order":0,"comment_status":"closed","ping_status":"closed","template":"","meta":{"_acf_changed":false,"inline_featured_image":false,"footnotes":""},"class_list":["post-9","page","type-page","status-publish","hentry"],"acf":[],"_links":{"self":[{"href":"https:\/\/sisu.ut.ee\/fjt\/wp-json\/wp\/v2\/pages\/9","targetHints":{"allow":["GET"]}}],"collection":[{"href":"https:\/\/sisu.ut.ee\/fjt\/wp-json\/wp\/v2\/pages"}],"about":[{"href":"https:\/\/sisu.ut.ee\/fjt\/wp-json\/wp\/v2\/types\/page"}],"author":[{"embeddable":true,"href":"https:\/\/sisu.ut.ee\/fjt\/wp-json\/wp\/v2\/users\/91"}],"replies":[{"embeddable":true,"href":"https:\/\/sisu.ut.ee\/fjt\/wp-json\/wp\/v2\/comments?post=9"}],"version-history":[{"count":1,"href":"https:\/\/sisu.ut.ee\/fjt\/wp-json\/wp\/v2\/pages\/9\/revisions"}],"predecessor-version":[{"id":76,"href":"https:\/\/sisu.ut.ee\/fjt\/wp-json\/wp\/v2\/pages\/9\/revisions\/76"}],"wp:attachment":[{"href":"https:\/\/sisu.ut.ee\/fjt\/wp-json\/wp\/v2\/media?parent=9"}],"curies":[{"name":"wp","href":"https:\/\/api.w.org\/{rel}","templated":true}]}}