{"id":6,"date":"2024-04-04T02:59:27","date_gmt":"2024-04-03T23:59:27","guid":{"rendered":"https:\/\/sisu.ut.ee\/fjt\/eksamimaterjalid\/"},"modified":"2024-04-04T02:59:34","modified_gmt":"2024-04-03T23:59:34","slug":"eksamimaterjalid","status":"publish","type":"page","link":"https:\/\/sisu.ut.ee\/fjt\/eksamimaterjalid\/","title":{"rendered":"Eksamimaterjalid"},"content":{"rendered":"<p>\n\t<a data-fid=\"45443\" href=\"https:\/\/sisu.ut.ee\/wp-content\/uploads\/sites\/184\/funktsioonid_2018.pdf\">Funktsioonid<\/a><br><a href=\"\/wp-content\/uploads\/sites\/184\/lineariseerimine.pdf\" target=\"_blank\" rel=\"noopener\">Lineariseerimine<\/a><br><a href=\"\/wp-content\/uploads\/sites\/184\/rlc-ylesanne.pdf\" target=\"_blank\" rel=\"noopener\">RLC \u00fclesande n\u00e4idised<\/a><br><a href=\"\/wp-content\/uploads\/sites\/184\/kysimused-rlc.pdf\" target=\"_blank\" rel=\"noopener\">K\u00fcsimused ja vastused RLC<\/a>\n<\/p>\n<p>\n\t\u00a0\n<\/p>\n<p>\n\t\u00a0\n<\/p>\n<p>\n\t\u00a0<\/p>\n","protected":false},"excerpt":{"rendered":"<p>FunktsioonidLineariseerimineRLC \u00fclesande n\u00e4idisedK\u00fcsimused ja vastused RLC \u00a0 \u00a0 \u00a0<\/p>\n","protected":false},"author":91,"featured_media":0,"parent":0,"menu_order":0,"comment_status":"closed","ping_status":"closed","template":"","meta":{"_acf_changed":false,"inline_featured_image":false,"footnotes":""},"class_list":["post-6","page","type-page","status-publish","hentry"],"acf":[],"_links":{"self":[{"href":"https:\/\/sisu.ut.ee\/fjt\/wp-json\/wp\/v2\/pages\/6","targetHints":{"allow":["GET"]}}],"collection":[{"href":"https:\/\/sisu.ut.ee\/fjt\/wp-json\/wp\/v2\/pages"}],"about":[{"href":"https:\/\/sisu.ut.ee\/fjt\/wp-json\/wp\/v2\/types\/page"}],"author":[{"embeddable":true,"href":"https:\/\/sisu.ut.ee\/fjt\/wp-json\/wp\/v2\/users\/91"}],"replies":[{"embeddable":true,"href":"https:\/\/sisu.ut.ee\/fjt\/wp-json\/wp\/v2\/comments?post=6"}],"version-history":[{"count":1,"href":"https:\/\/sisu.ut.ee\/fjt\/wp-json\/wp\/v2\/pages\/6\/revisions"}],"predecessor-version":[{"id":79,"href":"https:\/\/sisu.ut.ee\/fjt\/wp-json\/wp\/v2\/pages\/6\/revisions\/79"}],"wp:attachment":[{"href":"https:\/\/sisu.ut.ee\/fjt\/wp-json\/wp\/v2\/media?parent=6"}],"curies":[{"name":"wp","href":"https:\/\/api.w.org\/{rel}","templated":true}]}}