{"id":4,"date":"2024-04-04T02:59:27","date_gmt":"2024-04-03T23:59:27","guid":{"rendered":"https:\/\/sisu.ut.ee\/fjt\/mehaanika\/"},"modified":"2024-04-04T02:59:34","modified_gmt":"2024-04-03T23:59:34","slug":"mehaanika","status":"publish","type":"page","link":"https:\/\/sisu.ut.ee\/fjt\/mehaanika\/","title":{"rendered":"Mehaanika"},"content":{"rendered":"<p>\n\t<a data-fid=\"68951\" href=\"https:\/\/sisu.ut.ee\/wp-content\/uploads\/sites\/184\/fyys_suurused_mehaanika.pdf\">F\u00fc\u00fcsikalised suurused \u2013 mehaanika<\/a><br><a href=\"\/wp-content\/uploads\/sites\/184\/sumb.pdf\" target=\"_blank\" rel=\"noopener\">Sumbuvate v\u064f\u00f5nkumiste DV<\/a><br><a data-url=\"https:\/\/sisu.ut.ee\/wp-content\/uploads\/sites\/184\/translatsioon_ja_rotatsioon.pdf\" href=\"https:\/\/sisu.ut.ee\/wp-content\/uploads\/sites\/184\/translatsioon_ja_rotatsioon.pdf\" target=\"_blank\" title=\"\" rel=\"noopener\">Kulg- ja p\u00f6\u00f6rdliikumine<\/a><br><a href=\"\/wp-content\/uploads\/sites\/184\/kinemaatika.pdf\" target=\"_blank\" rel=\"noopener\">Kinemaatika graafikud<\/a><br><a href=\"\/wp-content\/uploads\/sites\/184\/5-kuup.pdf\" target=\"_blank\" rel=\"noopener\">4D ja 5D kuup<\/a><br><a href=\"\/wp-content\/uploads\/sites\/184\/zenoni_apooriad.pdf\" target=\"_blank\" rel=\"noopener\">Zenoni apooriad<\/a><br><a href=\"\/wp-content\/uploads\/sites\/184\/vonkumine.pdf\" target=\"_blank\" rel=\"noopener\">V\u00f5nkumine<\/a><a data-fid=\"68955\" href=\"https:\/\/sisu.ut.ee\/wp-content\/uploads\/sites\/184\/ajaline_tuletis_ja_integraal.pdf\">Ajaline tuletis ja integraal<\/a><\/p>\n","protected":false},"excerpt":{"rendered":"<p>F\u00fc\u00fcsikalised suurused \u2013 mehaanikaSumbuvate v\u064f\u00f5nkumiste DVKulg- ja p\u00f6\u00f6rdliikumineKinemaatika graafikud4D ja 5D kuupZenoni apooriadV\u00f5nkumineAjaline tuletis ja integraal<\/p>\n","protected":false},"author":91,"featured_media":0,"parent":0,"menu_order":0,"comment_status":"closed","ping_status":"closed","template":"","meta":{"_acf_changed":false,"inline_featured_image":false,"footnotes":""},"class_list":["post-4","page","type-page","status-publish","hentry"],"acf":[],"_links":{"self":[{"href":"https:\/\/sisu.ut.ee\/fjt\/wp-json\/wp\/v2\/pages\/4","targetHints":{"allow":["GET"]}}],"collection":[{"href":"https:\/\/sisu.ut.ee\/fjt\/wp-json\/wp\/v2\/pages"}],"about":[{"href":"https:\/\/sisu.ut.ee\/fjt\/wp-json\/wp\/v2\/types\/page"}],"author":[{"embeddable":true,"href":"https:\/\/sisu.ut.ee\/fjt\/wp-json\/wp\/v2\/users\/91"}],"replies":[{"embeddable":true,"href":"https:\/\/sisu.ut.ee\/fjt\/wp-json\/wp\/v2\/comments?post=4"}],"version-history":[{"count":1,"href":"https:\/\/sisu.ut.ee\/fjt\/wp-json\/wp\/v2\/pages\/4\/revisions"}],"predecessor-version":[{"id":81,"href":"https:\/\/sisu.ut.ee\/fjt\/wp-json\/wp\/v2\/pages\/4\/revisions\/81"}],"wp:attachment":[{"href":"https:\/\/sisu.ut.ee\/fjt\/wp-json\/wp\/v2\/media?parent=4"}],"curies":[{"name":"wp","href":"https:\/\/api.w.org\/{rel}","templated":true}]}}