{"id":55,"date":"2024-04-16T13:45:44","date_gmt":"2024-04-16T10:45:44","guid":{"rendered":"https:\/\/sisu.ut.ee\/finance\/18-ideest-ariplaaniks-iplanneri-toel-test\/"},"modified":"2024-04-16T13:45:44","modified_gmt":"2024-04-16T10:45:44","slug":"18-ideest-ariplaaniks-iplanneri-toel-test","status":"publish","type":"page","link":"https:\/\/sisu.ut.ee\/finance\/18-ideest-ariplaaniks-iplanneri-toel-test\/","title":{"rendered":"18. Ideest \u00e4riplaaniks iPlanneri toel test"},"content":{"rendered":"<div id=\"watupro_quiz\" class=\"quiz-area single-page-quiz\">\n<p id=\"submittingExam19\" style=\"display:none;text-align:center;\"><img loading=\"lazy\" decoding=\"async\" src=\"https:\/\/sisu.ut.ee\/wp-content\/plugins\/watupro\/img\/loading.gif\" width=\"16\" height=\"16\"><\/p>\n\n<div class=\"watupro-exam-description\" id=\"description-quiz-19\"><p><span style=\"font-size: 14px;\"><span style=\"font-family: Arial,Helvetica,sans-serif;\"><span style=\"line-height: normal;\">Proovi lahendada eksamitestiga sarnast <b>enesekontrolli testi<\/b>. <\/span><\/span><\/span><\/p>\n<ul>\n<li><span style=\"font-size: 14px;\"><span style=\"font-family: Arial,Helvetica,sans-serif;\"><span style=\"line-height: normal;\">Testis on k\u00fcmme k\u00fcsimust kuni 5 valikvastusega.<\/span><\/span><\/span><\/li>\n<li><span style=\"font-size: 14px;\"><span style=\"font-family: Arial,Helvetica,sans-serif;\"><span style=\"line-height: normal;\">Igale k\u00fcsimusele on ainult \u00fcks \u00f5ige vastus.<\/span><\/span><\/span><\/li>\n<li><span style=\"font-size: 14px;\"><span style=\"font-family: Arial,Helvetica,sans-serif;\"><span style=\"line-height: normal;\">\u00d5igesti vastatud k\u00fcsimuse eest saad 1 punkti, valesti vastatud k\u00fcsimuse eest 0 punkti.<\/span><\/span><\/span><\/li>\n<li><span style=\"font-size: 14px;\"><span style=\"font-family: Arial,Helvetica,sans-serif;\"><span style=\"line-height: normal;\">Kui kogud v\u00e4hemalt 7 punkti, siis oled testi edukalt sooritanud. L\u00f5pueksami l\u00e4vend on samuti <b>70%<\/b>. <\/span><\/span><\/span><\/li>\n<\/ul>\n<p><span style=\"font-size: 14px;\"><span style=\"font-family: Arial,Helvetica,sans-serif;\"><span style=\"line-height: normal;\"><b>Kui saavutad tulemuseks:<\/b><\/span><\/span><\/span><\/p>\n<ul>\n<li><span style=\"font-size: 14px;\"><span style=\"font-family: Arial,Helvetica,sans-serif;\"><span style=\"line-height: normal;\"><b>kaugelt \u00fcle 70%<\/b>, siis v\u00f5id selle programmi ka vahele j\u00e4tta. V\u00f5imalik, et see on liiga lihtne. <\/span><\/span><\/span><\/li>\n<li><span style=\"font-size: 14px;\"><span style=\"font-family: Arial,Helvetica,sans-serif;\"><span style=\"line-height: normal;\"><b>alla selle<\/b>, siis on, mida juurde \u00f5ppida<b>.<\/b>\u00a0<\/span><\/span><\/span><\/li>\n<\/ul>\n<p>\u00a0<\/p>\n<\/div>\n\n<form action=\"\" method=\"post\" class=\"quiz-form\" id=\"quiz-19\" enctype=\"multipart\/form-data\">\n<div class=\"watu-question \" id=\"question-1\" style=\";\"><div id=\"questionWrap-1\" class=\"  watupro-required-181 watupro-question-id-181\">\n\t\t\t<div class=\"question-content\"><div>F\u00fc\u00fcsilisest isikust ettev\u00f5tja minimaalne n\u00f5utav algkapital on:<\/div><input type=\"hidden\" name=\"question_id[]\" id=\"qID_1\" value=\"181\" class=\"watupro-question-id\"><input type=\"hidden\" id=\"answerType181\" class=\"answerTypeCnt1\" value=\"radio\"><input type=\"hidden\" id=\"watupro-required-question-181\"><!-- end question-content--><\/div><div class=\"question-choices watupro-choices-columns \" id=\"questionChoices181\"><div class=\"watupro-question-choice  \" dir=\"auto\"><input type=\"radio\" name=\"answer-181[]\" id=\"answer-id-749\" class=\"answer   answerof-181 \" value=\"749\"><label for=\"answer-id-749\" id=\"answer-label-749\" class=\" answer\"><span><p>2500 eurot<\/p><\/span><\/label><\/div><div class=\"watupro-question-choice  \" dir=\"auto\"><input type=\"radio\" name=\"answer-181[]\" id=\"answer-id-750\" class=\"answer   answerof-181 \" value=\"750\"><label for=\"answer-id-750\" id=\"answer-label-750\" class=\" answer\"><span><p>25000 eurot<\/p><\/span><\/label><\/div><div class=\"watupro-question-choice  \" dir=\"auto\"><input type=\"radio\" name=\"answer-181[]\" id=\"answer-id-751\" class=\"answer   answerof-181 \" value=\"751\"><label for=\"answer-id-751\" id=\"answer-label-751\" class=\" answer\"><span><p>Algkapitali suurus s\u00f5ltub tegevusalast\u00a0<\/p><\/span><\/label><\/div><div class=\"watupro-question-choice  \" dir=\"auto\"><input type=\"radio\" name=\"answer-181[]\" id=\"answer-id-752\" class=\"answer   answerof-181 \" value=\"752\"><label for=\"answer-id-752\" id=\"answer-label-752\" class=\" answer\"><span><p>N\u00f5ue puudub<\/p><\/span><\/label><\/div><!-- end question-choices--><\/div><!-- end questionWrap--><\/div><\/div><div class=\"watu-question \" id=\"question-2\" style=\";\"><div id=\"questionWrap-2\" class=\"  watupro-required-182 watupro-question-id-182\">\n\t\t\t<div class=\"question-content\"><div>Osa\u00fchingu osakapitali sissemakse tuleb teha:<\/div><input type=\"hidden\" name=\"question_id[]\" id=\"qID_2\" value=\"182\" class=\"watupro-question-id\"><input type=\"hidden\" id=\"answerType182\" class=\"answerTypeCnt2\" value=\"radio\"><input type=\"hidden\" id=\"watupro-required-question-182\"><!-- end question-content--><\/div><div class=\"question-choices watupro-choices-columns \" id=\"questionChoices182\"><div class=\"watupro-question-choice  \" dir=\"auto\"><input type=\"radio\" name=\"answer-182[]\" id=\"answer-id-753\" class=\"answer   answerof-182 \" value=\"753\"><label for=\"answer-id-753\" id=\"answer-label-753\" class=\" answer\"><span><p>kohe<\/p><\/span><\/label><\/div><div class=\"watupro-question-choice  \" dir=\"auto\"><input type=\"radio\" name=\"answer-182[]\" id=\"answer-id-754\" class=\"answer   answerof-182 \" value=\"754\"><label for=\"answer-id-754\" id=\"answer-label-754\" class=\" answer\"><span><p>esimese aasta jooksul<\/p><\/span><\/label><\/div><div class=\"watupro-question-choice  \" dir=\"auto\"><input type=\"radio\" name=\"answer-182[]\" id=\"answer-id-755\" class=\"answer   answerof-182 \" value=\"755\"><label for=\"answer-id-755\" id=\"answer-label-755\" class=\" answer\"><span><p>kahe aasta jooksul<\/p><\/span><\/label><\/div><div class=\"watupro-question-choice  \" dir=\"auto\"><input type=\"radio\" name=\"answer-182[]\" id=\"answer-id-756\" class=\"answer   answerof-182 \" value=\"756\"><label for=\"answer-id-756\" id=\"answer-label-756\" class=\" answer\"><span><p>ise otsustad, millise aja jooksul maksad<\/p><\/span><\/label><\/div><!-- end question-choices--><\/div><!-- end questionWrap--><\/div><\/div><div class=\"watu-question \" id=\"question-3\" style=\";\"><div id=\"questionWrap-3\" class=\"  watupro-required-183 watupro-question-id-183\">\n\t\t\t<div class=\"question-content\"><div>Sotsiaalmaksu minimaalne kohustus t\u00f6\u00f6andja jaoks kuus on:<\/div><input type=\"hidden\" name=\"question_id[]\" id=\"qID_3\" value=\"183\" class=\"watupro-question-id\"><input type=\"hidden\" id=\"answerType183\" class=\"answerTypeCnt3\" value=\"radio\"><input type=\"hidden\" id=\"watupro-required-question-183\"><!-- end question-content--><\/div><div class=\"question-choices watupro-choices-columns \" id=\"questionChoices183\"><div class=\"watupro-question-choice  \" dir=\"auto\"><input type=\"radio\" name=\"answer-183[]\" id=\"answer-id-757\" class=\"answer   answerof-183 \" value=\"757\"><label for=\"answer-id-757\" id=\"answer-label-757\" class=\" answer\"><span><p>117,15 eurot\u00a0<\/p><\/span><\/label><\/div><div class=\"watupro-question-choice  \" dir=\"auto\"><input type=\"radio\" name=\"answer-183[]\" id=\"answer-id-758\" class=\"answer   answerof-183 \" value=\"758\"><label for=\"answer-id-758\" id=\"answer-label-758\" class=\" answer\"><span><p>120,85 eurot<\/p><\/span><\/label><\/div><div class=\"watupro-question-choice  \" dir=\"auto\"><input type=\"radio\" name=\"answer-183[]\" id=\"answer-id-759\" class=\"answer   answerof-183 \" value=\"759\"><label for=\"answer-id-759\" id=\"answer-label-759\" class=\" answer\"><span><p>154 eurot<\/p><\/span><\/label><\/div><div class=\"watupro-question-choice  \" dir=\"auto\"><input type=\"radio\" name=\"answer-183[]\" id=\"answer-id-760\" class=\"answer   answerof-183 \" value=\"760\"><label for=\"answer-id-760\" id=\"answer-label-760\" class=\" answer\"><span><p>Summa s\u00f5ltub t\u00f6\u00f6andja bilansimahust<\/p><\/span><\/label><\/div><!-- end question-choices--><\/div><!-- end questionWrap--><\/div><\/div><div class=\"watu-question \" id=\"question-4\" style=\";\"><div id=\"questionWrap-4\" class=\"  watupro-required-184 watupro-question-id-184\">\n\t\t\t<div class=\"question-content\"><div>Mis on valikkaup?<\/div><input type=\"hidden\" name=\"question_id[]\" id=\"qID_4\" value=\"184\" class=\"watupro-question-id\"><input type=\"hidden\" id=\"answerType184\" class=\"answerTypeCnt4\" value=\"radio\"><input type=\"hidden\" id=\"watupro-required-question-184\"><!-- end question-content--><\/div><div class=\"question-choices watupro-choices-columns \" id=\"questionChoices184\"><div class=\"watupro-question-choice  \" dir=\"auto\"><input type=\"radio\" name=\"answer-184[]\" id=\"answer-id-761\" class=\"answer   answerof-184 \" value=\"761\"><label for=\"answer-id-761\" id=\"answer-label-761\" class=\" answer\"><span><p>erilise omadusega kaup<\/p><\/span><\/label><\/div><div class=\"watupro-question-choice  \" dir=\"auto\"><input type=\"radio\" name=\"answer-184[]\" id=\"answer-id-762\" class=\"answer   answerof-184 \" value=\"762\"><label for=\"answer-id-762\" id=\"answer-label-762\" class=\" answer\"><span><p>kindla margitunnusega kaup<\/p><\/span><\/label><\/div><div class=\"watupro-question-choice  \" dir=\"auto\"><input type=\"radio\" name=\"answer-184[]\" id=\"answer-id-763\" class=\"answer   answerof-184 \" value=\"763\"><label for=\"answer-id-763\" id=\"answer-label-763\" class=\" answer\"><span><p>impulsskaup<\/p><\/span><\/label><\/div><div class=\"watupro-question-choice  \" dir=\"auto\"><input type=\"radio\" name=\"answer-184[]\" id=\"answer-id-764\" class=\"answer   answerof-184 \" value=\"764\"><label for=\"answer-id-764\" id=\"answer-label-764\" class=\" answer\"><span><p>Mitte \u00fckski eeltoodud vastustest<\/p><\/span><\/label><\/div><!-- end question-choices--><\/div><!-- end questionWrap--><\/div><\/div><div class=\"watu-question \" id=\"question-5\" style=\";\"><div id=\"questionWrap-5\" class=\"  watupro-required-185 watupro-question-id-185\">\n\t\t\t<div class=\"question-content\"><div>Ettev\u00f5tte tegevuskulude hulka <span style=\"text-decoration: underline;\">EI KUULU<\/span> j\u00e4rgmised kulud:<\/div><input type=\"hidden\" name=\"question_id[]\" id=\"qID_5\" value=\"185\" class=\"watupro-question-id\"><input type=\"hidden\" id=\"answerType185\" class=\"answerTypeCnt5\" value=\"radio\"><input type=\"hidden\" id=\"watupro-required-question-185\"><!-- end question-content--><\/div><div class=\"question-choices watupro-choices-columns \" id=\"questionChoices185\"><div class=\"watupro-question-choice  \" dir=\"auto\"><input type=\"radio\" name=\"answer-185[]\" id=\"answer-id-765\" class=\"answer   answerof-185 \" value=\"765\"><label for=\"answer-id-765\" id=\"answer-label-765\" class=\" answer\"><span><p>ajalehereklaami kulud<\/p><\/span><\/label><\/div><div class=\"watupro-question-choice  \" dir=\"auto\"><input type=\"radio\" name=\"answer-185[]\" id=\"answer-id-766\" class=\"answer   answerof-185 \" value=\"766\"><label for=\"answer-id-766\" id=\"answer-label-766\" class=\" answer\"><span><p>ettev\u00f5tte registreerimise kulud<\/p><\/span><\/label><\/div><div class=\"watupro-question-choice  \" dir=\"auto\"><input type=\"radio\" name=\"answer-185[]\" id=\"answer-id-767\" class=\"answer   answerof-185 \" value=\"767\"><label for=\"answer-id-767\" id=\"answer-label-767\" class=\" answer\"><span><p>kontoriruumi ostmise kulud<\/p><\/span><\/label><\/div><div class=\"watupro-question-choice  \" dir=\"auto\"><input type=\"radio\" name=\"answer-185[]\" id=\"answer-id-768\" class=\"answer   answerof-185 \" value=\"768\"><label for=\"answer-id-768\" id=\"answer-label-768\" class=\" answer\"><span><p>interneti kasutamise kulud<\/p><\/span><\/label><\/div><!-- end question-choices--><\/div><!-- end questionWrap--><\/div><\/div><div class=\"watu-question \" id=\"question-6\" style=\";\"><div id=\"questionWrap-6\" class=\"  watupro-required-186 watupro-question-id-186\">\n\t\t\t<div class=\"question-content\"><div>Toote\u00fchiku m\u00fc\u00fcgihind on 10 eurot, muutuvkulud tk kohta 5 eurot, p\u00fcsikulud kokku 80 eurot.\u00a0Millise m\u00fc\u00fcgimahu juures saavutab ettev\u00f5te kasumil\u00e4ve?<\/div><input type=\"hidden\" name=\"question_id[]\" id=\"qID_6\" value=\"186\" class=\"watupro-question-id\"><input type=\"hidden\" id=\"answerType186\" class=\"answerTypeCnt6\" value=\"radio\"><input type=\"hidden\" id=\"watupro-required-question-186\"><!-- end question-content--><\/div><div class=\"question-choices watupro-choices-columns \" id=\"questionChoices186\"><div class=\"watupro-question-choice  \" dir=\"auto\"><input type=\"radio\" name=\"answer-186[]\" id=\"answer-id-769\" class=\"answer   answerof-186 \" value=\"769\"><label for=\"answer-id-769\" id=\"answer-label-769\" class=\" answer\"><span><p>16 t\u00fckki<\/p><\/span><\/label><\/div><div class=\"watupro-question-choice  \" dir=\"auto\"><input type=\"radio\" name=\"answer-186[]\" id=\"answer-id-770\" class=\"answer   answerof-186 \" value=\"770\"><label for=\"answer-id-770\" id=\"answer-label-770\" class=\" answer\"><span><p>23 t\u00fckki<\/p><\/span><\/label><\/div><div class=\"watupro-question-choice  \" dir=\"auto\"><input type=\"radio\" name=\"answer-186[]\" id=\"answer-id-771\" class=\"answer   answerof-186 \" value=\"771\"><label for=\"answer-id-771\" id=\"answer-label-771\" class=\" answer\"><span><p>30 t\u00fckki<\/p><\/span><\/label><\/div><div class=\"watupro-question-choice  \" dir=\"auto\"><input type=\"radio\" name=\"answer-186[]\" id=\"answer-id-772\" class=\"answer   answerof-186 \" value=\"772\"><label for=\"answer-id-772\" id=\"answer-label-772\" class=\" answer\"><span><p>51 t\u00fckki<\/p><\/span><\/label><\/div><!-- end question-choices--><\/div><!-- end questionWrap--><\/div><\/div><div class=\"watu-question \" id=\"question-7\" style=\";\"><div id=\"questionWrap-7\" class=\"  watupro-required-187 watupro-question-id-187\">\n\t\t\t<div class=\"question-content\"><div>M\u00fc\u00fcgik\u00e4ibesse kuuluvad:<\/div><input type=\"hidden\" name=\"question_id[]\" id=\"qID_7\" value=\"187\" class=\"watupro-question-id\"><input type=\"hidden\" id=\"answerType187\" class=\"answerTypeCnt7\" value=\"radio\"><input type=\"hidden\" id=\"watupro-required-question-187\"><!-- end question-content--><\/div><div class=\"question-choices watupro-choices-columns \" id=\"questionChoices187\"><div class=\"watupro-question-choice  \" dir=\"auto\"><input type=\"radio\" name=\"answer-187[]\" id=\"answer-id-773\" class=\"answer   answerof-187 \" value=\"773\"><label for=\"answer-id-773\" id=\"answer-label-773\" class=\" answer\"><span><p>Liikmemaksud<\/p><\/span><\/label><\/div><div class=\"watupro-question-choice  \" dir=\"auto\"><input type=\"radio\" name=\"answer-187[]\" id=\"answer-id-774\" class=\"answer   answerof-187 \" value=\"774\"><label for=\"answer-id-774\" id=\"answer-label-774\" class=\" answer\"><span><p>Liikmemaksud ja sihtotstarbelised toetused<\/p><\/span><\/label><\/div><div class=\"watupro-question-choice  \" dir=\"auto\"><input type=\"radio\" name=\"answer-187[]\" id=\"answer-id-775\" class=\"answer   answerof-187 \" value=\"775\"><label for=\"answer-id-775\" id=\"answer-label-775\" class=\" answer\"><span><p>Liikmemaksud, sihtotstarbelised toetused ja kaupade\/teenuste m\u00fc\u00fcgist laekuvad summad<\/p><\/span><\/label><\/div><div class=\"watupro-question-choice  \" dir=\"auto\"><input type=\"radio\" name=\"answer-187[]\" id=\"answer-id-776\" class=\"answer   answerof-187 \" value=\"776\"><label for=\"answer-id-776\" id=\"answer-label-776\" class=\" answer\"><span><p>Mitte \u00fckski eeltoodud vastustest<\/p><\/span><\/label><\/div><!-- end question-choices--><\/div><!-- end questionWrap--><\/div><\/div><div class=\"watu-question \" id=\"question-8\" style=\";\"><div id=\"questionWrap-8\" class=\"  watupro-required-188 watupro-question-id-188\">\n\t\t\t<div class=\"question-content\"><div>K\u00e4ibemaksukohuslaseks tuleb ettev\u00f5te registreerida:<\/div><input type=\"hidden\" name=\"question_id[]\" id=\"qID_8\" value=\"188\" class=\"watupro-question-id\"><input type=\"hidden\" id=\"answerType188\" class=\"answerTypeCnt8\" value=\"radio\"><input type=\"hidden\" id=\"watupro-required-question-188\"><!-- end question-content--><\/div><div class=\"question-choices watupro-choices-columns \" id=\"questionChoices188\"><div class=\"watupro-question-choice  \" dir=\"auto\"><input type=\"radio\" name=\"answer-188[]\" id=\"answer-id-777\" class=\"answer   answerof-188 \" value=\"777\"><label for=\"answer-id-777\" id=\"answer-label-777\" class=\" answer\"><span><p>kohe, kui ta on asutatud<\/p><\/span><\/label><\/div><div class=\"watupro-question-choice  \" dir=\"auto\"><input type=\"radio\" name=\"answer-188[]\" id=\"answer-id-778\" class=\"answer   answerof-188 \" value=\"778\"><label for=\"answer-id-778\" id=\"answer-label-778\" class=\" answer\"><span><p>ei tulegi registreerida<\/p><\/span><\/label><\/div><div class=\"watupro-question-choice  \" dir=\"auto\"><input type=\"radio\" name=\"answer-188[]\" id=\"answer-id-779\" class=\"answer   answerof-188 \" value=\"779\"><label for=\"answer-id-779\" id=\"answer-label-779\" class=\" answer\"><span><p>kui on t\u00e4itunud 16\u00a0000 euro suurune k\u00e4ive jooksval majandusaastal<\/p><\/span><\/label><\/div><div class=\"watupro-question-choice  \" dir=\"auto\"><input type=\"radio\" name=\"answer-188[]\" id=\"answer-id-780\" class=\"answer   answerof-188 \" value=\"780\"><label for=\"answer-id-780\" id=\"answer-label-780\" class=\" answer\"><span><p>kui on t\u00e4itunud 16\u00a0000 euro suurune m\u00fc\u00fcgik\u00e4ive jooksval majandusaastal<\/p><\/span><\/label><\/div><!-- end question-choices--><\/div><!-- end questionWrap--><\/div><\/div><div class=\"watu-question \" id=\"question-9\" style=\";\"><div id=\"questionWrap-9\" class=\"  watupro-required-189 watupro-question-id-189\">\n\t\t\t<div class=\"question-content\"><div>Mikrokeskkonna anal\u00fc\u00fcs annab \u00fclevaate:<\/div><input type=\"hidden\" name=\"question_id[]\" id=\"qID_9\" value=\"189\" class=\"watupro-question-id\"><input type=\"hidden\" id=\"answerType189\" class=\"answerTypeCnt9\" value=\"radio\"><input type=\"hidden\" id=\"watupro-required-question-189\"><!-- end question-content--><\/div><div class=\"question-choices watupro-choices-columns \" id=\"questionChoices189\"><div class=\"watupro-question-choice  \" dir=\"auto\"><input type=\"radio\" name=\"answer-189[]\" id=\"answer-id-781\" class=\"answer   answerof-189 \" value=\"781\"><label for=\"answer-id-781\" id=\"answer-label-781\" class=\" answer\"><span><p>tehnoloogilisest keskkonnast<\/p><\/span><\/label><\/div><div class=\"watupro-question-choice  \" dir=\"auto\"><input type=\"radio\" name=\"answer-189[]\" id=\"answer-id-782\" class=\"answer   answerof-189 \" value=\"782\"><label for=\"answer-id-782\" id=\"answer-label-782\" class=\" answer\"><span><p>tootmisharu arengusuundadest<\/p><\/span><\/label><\/div><div class=\"watupro-question-choice  \" dir=\"auto\"><input type=\"radio\" name=\"answer-189[]\" id=\"answer-id-783\" class=\"answer   answerof-189 \" value=\"783\"><label for=\"answer-id-783\" id=\"answer-label-783\" class=\" answer\"><span><p>poliitilisest keskkonnast<\/p><\/span><\/label><\/div><div class=\"watupro-question-choice  \" dir=\"auto\"><input type=\"radio\" name=\"answer-189[]\" id=\"answer-id-784\" class=\"answer   answerof-189 \" value=\"784\"><label for=\"answer-id-784\" id=\"answer-label-784\" class=\" answer\"><span><p>K\u00f5ik eeltoodud vastused<\/p><\/span><\/label><\/div><!-- end question-choices--><\/div><!-- end questionWrap--><\/div><\/div><div class=\"watu-question \" id=\"question-10\" style=\";\"><div id=\"questionWrap-10\" class=\"  watupro-required-190 watupro-question-id-190\">\n\t\t\t<div class=\"question-content\"><div>Mida t\u00e4hendab \"j\u00e4tkusuutlik ettev\u00f5tlus\"?<\/div><input type=\"hidden\" name=\"question_id[]\" id=\"qID_10\" value=\"190\" class=\"watupro-question-id\"><input type=\"hidden\" id=\"answerType190\" class=\"answerTypeCnt10\" value=\"radio\"><input type=\"hidden\" id=\"watupro-required-question-190\"><!-- end question-content--><\/div><div class=\"question-choices watupro-choices-columns \" id=\"questionChoices190\"><div class=\"watupro-question-choice  \" dir=\"auto\"><input type=\"radio\" name=\"answer-190[]\" id=\"answer-id-785\" class=\"answer   answerof-190 \" value=\"785\"><label for=\"answer-id-785\" id=\"answer-label-785\" class=\" answer\"><span><p>Ettev\u00f5ttel on sotsiaalsed ja \/ v\u00f5i \u00fchiskondlikud eesm\u00e4rgid<\/p><\/span><\/label><\/div><div class=\"watupro-question-choice  \" dir=\"auto\"><input type=\"radio\" name=\"answer-190[]\" id=\"answer-id-786\" class=\"answer   answerof-190 \" value=\"786\"><label for=\"answer-id-786\" id=\"answer-label-786\" class=\" answer\"><span><p>Ettev\u00f5tte tegevus on avatud ja l\u00e4bipaistev<\/p><\/span><\/label><\/div><div class=\"watupro-question-choice  \" dir=\"auto\"><input type=\"radio\" name=\"answer-190[]\" id=\"answer-id-787\" class=\"answer   answerof-190 \" value=\"787\"><label for=\"answer-id-787\" id=\"answer-label-787\" class=\" answer\"><span><p>Ettev\u00f5te arvestab sotsiaal- ja looduskeskkonnaga<\/p><\/span><\/label><\/div><div class=\"watupro-question-choice  \" dir=\"auto\"><input type=\"radio\" name=\"answer-190[]\" id=\"answer-id-788\" class=\"answer   answerof-190 \" value=\"788\"><label for=\"answer-id-788\" id=\"answer-label-788\" class=\" answer\"><span><p>Mitte \u00fckski eeltoodud vastustest<\/p><\/span><\/label><\/div><!-- end question-choices--><\/div><!-- end questionWrap--><\/div><\/div><div style=\"display:none\" id=\"question-11\">\n\t<div class=\"question-content\">\n\t\t<img loading=\"lazy\" decoding=\"async\" src=\"https:\/\/sisu.ut.ee\/wp-content\/plugins\/watupro\/img\/loading.gif\" width=\"16\" height=\"16\" alt=\"Loading...\" title=\"Loading...\">\u00a0Loading...\t<\/div>\n<\/div>\n\n<br>\n\t\n\t\t\t<div class=\"watupro_buttons flex \" id=\"watuPROButtons19\">\n\t\t  <div id=\"prev-question\" style=\"display:none;\"><input type=\"button\" value=\"&lt; Previous\" onclick=\"WatuPRO.nextQuestion(event, 'previous');\"><\/div>\t\t  \t\t  \t\t   \n\t\t   \t  \t\t<div><input type=\"button\" name=\"action\" class=\"watupro-submit-button\" onclick=\"WatuPRO.submitResult(event)\" id=\"action-button\" value=\"Vaata tulemust\">\n\t\t<\/div>\n\t\t<\/div>\n\t\t\n\t<input type=\"hidden\" name=\"quiz_id\" value=\"19\" id=\"watuPROExamID\">\n\t<input type=\"hidden\" name=\"start_time\" id=\"startTime\" value=\"2026-04-16 02:40:39\">\n\t<input type=\"hidden\" name=\"start_timestamp\" id=\"startTimeStamp\" value=\"1776307239\">\n\t<input type=\"hidden\" name=\"question_ids\" value=\"\">\n\t<input type=\"hidden\" name=\"watupro_questions\" value=\"181:749,750,751,752 | 182:753,754,755,756 | 183:757,758,759,760 | 184:761,762,763,764 | 185:765,766,767,768 | 186:769,770,771,772 | 187:773,774,775,776 | 188:777,778,779,780 | 189:781,782,783,784 | 190:785,786,787,788\">\n\t<input type=\"hidden\" name=\"no_ajax\" value=\"0\">\t\t\t<\/form>\n\t<p>\u00a0<\/p>\n<\/div>\n\n<script type=\"text\/javascript\">\n\/\/jQuery(document).ready(function(){\ndocument.addEventListener(\"DOMContentLoaded\", function(event) { \t\nvar question_ids = \"181,182,183,184,185,186,187,188,189,190\";\nWatuPROSettings[19] = {};\nWatuPRO.qArr = question_ids.split(',');\nWatuPRO.exam_id = 19;\t    \nWatuPRO.post_id = 55;\nWatuPRO.store_progress = 0;\nWatuPRO.curCatPage = 1;\nWatuPRO.requiredIDs=\"0,181,182,183,184,185,186,187,188,189,190\".split(\",\");\nWatuPRO.hAppID = \"0.39074900 1776296439\";\nvar url = \"https:\/\/sisu.ut.ee\/wp-content\/plugins\/watupro\/show_exam.php\";\nWatuPRO.examMode = 1;\nWatuPRO.siteURL=\"https:\/\/sisu.ut.ee\/finance\/wp-admin\/admin-ajax.php\";\nWatuPRO.emailIsNotRequired = 0;\nWatuPRO.perDecade = 10;\nWatuPROIntel.init(19);\nWatuPRO.inCategoryPages=1;});    \t \n<\/script>\n\n","protected":false},"excerpt":{"rendered":"","protected":false},"author":3,"featured_media":0,"parent":0,"menu_order":0,"comment_status":"closed","ping_status":"closed","template":"","meta":{"_acf_changed":false,"inline_featured_image":false,"footnotes":""},"class_list":["post-55","page","type-page","status-publish","hentry"],"acf":[],"_links":{"self":[{"href":"https:\/\/sisu.ut.ee\/finance\/wp-json\/wp\/v2\/pages\/55","targetHints":{"allow":["GET"]}}],"collection":[{"href":"https:\/\/sisu.ut.ee\/finance\/wp-json\/wp\/v2\/pages"}],"about":[{"href":"https:\/\/sisu.ut.ee\/finance\/wp-json\/wp\/v2\/types\/page"}],"author":[{"embeddable":true,"href":"https:\/\/sisu.ut.ee\/finance\/wp-json\/wp\/v2\/users\/3"}],"replies":[{"embeddable":true,"href":"https:\/\/sisu.ut.ee\/finance\/wp-json\/wp\/v2\/comments?post=55"}],"version-history":[{"count":0,"href":"https:\/\/sisu.ut.ee\/finance\/wp-json\/wp\/v2\/pages\/55\/revisions"}],"wp:attachment":[{"href":"https:\/\/sisu.ut.ee\/finance\/wp-json\/wp\/v2\/media?parent=55"}],"curies":[{"name":"wp","href":"https:\/\/api.w.org\/{rel}","templated":true}]}}