{"id":44,"date":"2024-04-16T13:42:57","date_gmt":"2024-04-16T10:42:57","guid":{"rendered":"https:\/\/sisu.ut.ee\/finance\/9-valiskaubandus-ja-pangandus-test\/"},"modified":"2024-04-16T13:42:57","modified_gmt":"2024-04-16T10:42:57","slug":"9-valiskaubandus-ja-pangandus-test","status":"publish","type":"page","link":"https:\/\/sisu.ut.ee\/finance\/9-valiskaubandus-ja-pangandus-test\/","title":{"rendered":"9. V\u00e4liskaubandus ja pangandus test"},"content":{"rendered":"<div id=\"watupro_quiz\" class=\"quiz-area single-page-quiz\">\n<p id=\"submittingExam8\" style=\"display:none;text-align:center;\"><img loading=\"lazy\" decoding=\"async\" src=\"https:\/\/sisu.ut.ee\/wp-content\/plugins\/watupro\/img\/loading.gif\" width=\"16\" height=\"16\"><\/p>\n\n<div class=\"watupro-exam-description\" id=\"description-quiz-8\"><p><span style=\"font-size: 14px;\"><span style=\"font-family: Arial,Helvetica,sans-serif;\"><span style=\"line-height: normal;\">Proovi lahendada eksamitestiga sarnast <b>enesekontrolli testi<\/b>. <\/span><\/span><\/span><\/p>\n<ul>\n<li><span style=\"font-size: 14px;\"><span style=\"font-family: Arial,Helvetica,sans-serif;\"><span style=\"line-height: normal;\">Testis on k\u00fcmme k\u00fcsimust kuni 5 valikvastusega.<\/span><\/span><\/span><\/li>\n<li><span style=\"font-size: 14px;\"><span style=\"font-family: Arial,Helvetica,sans-serif;\"><span style=\"line-height: normal;\">Igale k\u00fcsimusele on ainult \u00fcks \u00f5ige vastus.<\/span><\/span><\/span><\/li>\n<li><span style=\"font-size: 14px;\"><span style=\"font-family: Arial,Helvetica,sans-serif;\"><span style=\"line-height: normal;\">\u00d5igesti vastatud k\u00fcsimuse eest saad 1 punkti, valesti vastatud k\u00fcsimuse eest 0 punkti.<\/span><\/span><\/span><\/li>\n<li><span style=\"font-size: 14px;\"><span style=\"font-family: Arial,Helvetica,sans-serif;\"><span style=\"line-height: normal;\">Kui kogud v\u00e4hemalt 7 punkti, siis oled testi edukalt sooritanud. L\u00f5pueksami l\u00e4vend on samuti <b>70%<\/b>. <\/span><\/span><\/span><\/li>\n<\/ul>\n<p><span style=\"font-size: 14px;\"><span style=\"font-family: Arial,Helvetica,sans-serif;\"><span style=\"line-height: normal;\"><b>Kui saavutad tulemuseks:<\/b><\/span><\/span><\/span><\/p>\n<ul>\n<li><span style=\"font-size: 14px;\"><span style=\"font-family: Arial,Helvetica,sans-serif;\"><span style=\"line-height: normal;\"><b>kaugelt \u00fcle 70%<\/b>, siis v\u00f5id selle programmi ka vahele j\u00e4tta. V\u00f5imalik, et see on liiga lihtne. <\/span><\/span><\/span><\/li>\n<li><span style=\"font-size: 14px;\"><span style=\"font-family: Arial,Helvetica,sans-serif;\"><span style=\"line-height: normal;\"><b>alla selle<\/b>, siis on, mida juurde \u00f5ppida<b>.<\/b>\u00a0<\/span><\/span><\/span><\/li>\n<\/ul>\n<p>\u00a0<\/p>\n<\/div>\n\n<form action=\"\" method=\"post\" class=\"quiz-form\" id=\"quiz-8\" enctype=\"multipart\/form-data\">\n<div class=\"watu-question \" id=\"question-1\" style=\";\"><div id=\"questionWrap-1\" class=\"  watupro-required-77 watupro-question-id-77\">\n\t\t\t<div class=\"question-content\"><div><span style=\"color: #000080;\"><strong>Millise kohustuse v\u00f5tab pank maksegarantii v\u00e4ljastamisel?\u00a0<\/strong><\/span><\/div><input type=\"hidden\" name=\"question_id[]\" id=\"qID_1\" value=\"77\" class=\"watupro-question-id\"><input type=\"hidden\" id=\"answerType77\" class=\"answerTypeCnt1\" value=\"radio\"><input type=\"hidden\" id=\"watupro-required-question-77\"><!-- end question-content--><\/div><div class=\"question-choices watupro-choices-columns \" id=\"questionChoices77\"><div class=\"watupro-question-choice  \" dir=\"auto\"><input type=\"radio\" name=\"answer-77[]\" id=\"answer-id-304\" class=\"answer   answerof-77 \" value=\"304\"><label for=\"answer-id-304\" id=\"answer-label-304\" class=\" answer\"><span><p><span style=\"color: #000080;\">A.\u00a0Kohustuse maksta tasumata arve eest<\/span><\/p><\/span><\/label><\/div><div class=\"watupro-question-choice  \" dir=\"auto\"><input type=\"radio\" name=\"answer-77[]\" id=\"answer-id-305\" class=\"answer   answerof-77 \" value=\"305\"><label for=\"answer-id-305\" id=\"answer-label-305\" class=\" answer\"><span><p><span style=\"color: #000080;\">B. Kohustuse p\u00f6\u00f6rduda maksen\u00f5udega kohtusse\u00a0<\/span><\/p><\/span><\/label><\/div><div class=\"watupro-question-choice  \" dir=\"auto\"><input type=\"radio\" name=\"answer-77[]\" id=\"answer-id-306\" class=\"answer   answerof-77 \" value=\"306\"><label for=\"answer-id-306\" id=\"answer-label-306\" class=\" answer\"><span><p><span style=\"color: #000080;\">C. Kohustuse maksta h\u00fcvitist garanteeritud n\u00f5ude summa ulatuses<\/span><\/p><\/span><\/label><\/div><div class=\"watupro-question-choice  \" dir=\"auto\"><input type=\"radio\" name=\"answer-77[]\" id=\"answer-id-307\" class=\"answer   answerof-77 \" value=\"307\"><label for=\"answer-id-307\" id=\"answer-label-307\" class=\" answer\"><span><p><span style=\"color: #000080;\">D. Kohustuse selgitada v\u00e4lja ostja v\u00f5lgnevuse suurus<\/span><\/p><\/span><\/label><\/div><!-- end question-choices--><\/div><!-- end questionWrap--><\/div><\/div><div class=\"watu-question \" id=\"question-2\" style=\";\"><div id=\"questionWrap-2\" class=\"  watupro-required-75 watupro-question-id-75\">\n\t\t\t<div class=\"question-content\"><div><span style=\"color: #000080;\"><strong>Kauba m\u00fc\u00fcja on ... algatajaks ja kauba ostja on ... algatajaks.\u00a0<\/strong><\/span><\/div><input type=\"hidden\" name=\"question_id[]\" id=\"qID_2\" value=\"75\" class=\"watupro-question-id\"><input type=\"hidden\" id=\"answerType75\" class=\"answerTypeCnt2\" value=\"radio\"><input type=\"hidden\" id=\"watupro-required-question-75\"><!-- end question-content--><\/div><div class=\"question-choices watupro-choices-columns \" id=\"questionChoices75\"><div class=\"watupro-question-choice  \" dir=\"auto\"><input type=\"radio\" name=\"answer-75[]\" id=\"answer-id-298\" class=\"answer   answerof-75 \" value=\"298\"><label for=\"answer-id-298\" id=\"answer-label-298\" class=\" answer\"><span><p><span style=\"color: #000080;\">A.\u00a0inkasso; akreditiivi<\/span><\/p><\/span><\/label><\/div><div class=\"watupro-question-choice  \" dir=\"auto\"><input type=\"radio\" name=\"answer-75[]\" id=\"answer-id-299\" class=\"answer   answerof-75 \" value=\"299\"><label for=\"answer-id-299\" id=\"answer-label-299\" class=\" answer\"><span><p><span style=\"color: #000080;\">B. akreditiivi; inkasso\u00a0<\/span><\/p><\/span><\/label><\/div><!-- end question-choices--><\/div><!-- end questionWrap--><\/div><\/div><div class=\"watu-question \" id=\"question-3\" style=\";\"><div id=\"questionWrap-3\" class=\"  watupro-required-72 watupro-question-id-72\">\n\t\t\t<div class=\"question-content\"><div><span style=\"color: #000080;\"><strong>Milline risk v\u00f5ib kaasneda eksporditehinguga?<\/strong><\/span><\/div><input type=\"hidden\" name=\"question_id[]\" id=\"qID_3\" value=\"72\" class=\"watupro-question-id\"><input type=\"hidden\" id=\"answerType72\" class=\"answerTypeCnt3\" value=\"radio\"><input type=\"hidden\" id=\"watupro-required-question-72\"><!-- end question-content--><\/div><div class=\"question-choices watupro-choices-columns \" id=\"questionChoices72\"><div class=\"watupro-question-choice  \" dir=\"auto\"><input type=\"radio\" name=\"answer-72[]\" id=\"answer-id-286\" class=\"answer   answerof-72 \" value=\"286\"><label for=\"answer-id-286\" id=\"answer-label-286\" class=\" answer\"><span><p><span style=\"color: #000080;\">A. Riigirisk<\/span><\/p><\/span><\/label><\/div><div class=\"watupro-question-choice  \" dir=\"auto\"><input type=\"radio\" name=\"answer-72[]\" id=\"answer-id-287\" class=\"answer   answerof-72 \" value=\"287\"><label for=\"answer-id-287\" id=\"answer-label-287\" class=\" answer\"><span><p><span style=\"color: #000080;\">B.\u00a0Valuutarisk<\/span><\/p><\/span><\/label><\/div><div class=\"watupro-question-choice  \" dir=\"auto\"><input type=\"radio\" name=\"answer-72[]\" id=\"answer-id-288\" class=\"answer   answerof-72 \" value=\"288\"><label for=\"answer-id-288\" id=\"answer-label-288\" class=\" answer\"><span><p><span style=\"color: #000080;\">C.\u00a0Transpordirisk\u00a0<\/span><\/p><\/span><\/label><\/div><div class=\"watupro-question-choice  \" dir=\"auto\"><input type=\"radio\" name=\"answer-72[]\" id=\"answer-id-289\" class=\"answer   answerof-72 \" value=\"289\"><label for=\"answer-id-289\" id=\"answer-label-289\" class=\" answer\"><span><p><span style=\"color: #000080;\">D.\u00a0K\u00f5ik eeltoodud vastused<\/span><\/p><\/span><\/label><\/div><!-- end question-choices--><\/div><!-- end questionWrap--><\/div><\/div><div class=\"watu-question \" id=\"question-4\" style=\";\"><div id=\"questionWrap-4\" class=\"  watupro-required-74 watupro-question-id-74\">\n\t\t\t<div class=\"question-content\"><div><span style=\"color: #000080;\"><strong>Rahvusvaheliste tarnetingimuste kohaselt on m\u00fc\u00fcjal enim vastutusi ja kohustusi siis, kui tarnetingimus kuulub kategooriasse:<\/strong><\/span><\/div><input type=\"hidden\" name=\"question_id[]\" id=\"qID_4\" value=\"74\" class=\"watupro-question-id\"><input type=\"hidden\" id=\"answerType74\" class=\"answerTypeCnt4\" value=\"radio\"><input type=\"hidden\" id=\"watupro-required-question-74\"><!-- end question-content--><\/div><div class=\"question-choices watupro-choices-columns \" id=\"questionChoices74\"><div class=\"watupro-question-choice  \" dir=\"auto\"><input type=\"radio\" name=\"answer-74[]\" id=\"answer-id-293\" class=\"answer   answerof-74 \" value=\"293\"><label for=\"answer-id-293\" id=\"answer-label-293\" class=\" answer\"><span><p><span style=\"color: #000080;\">A. E<\/span><\/p><\/span><\/label><\/div><div class=\"watupro-question-choice  \" dir=\"auto\"><input type=\"radio\" name=\"answer-74[]\" id=\"answer-id-294\" class=\"answer   answerof-74 \" value=\"294\"><label for=\"answer-id-294\" id=\"answer-label-294\" class=\" answer\"><span><p><span style=\"color: #000080;\">B. F<\/span><\/p><\/span><\/label><\/div><div class=\"watupro-question-choice  \" dir=\"auto\"><input type=\"radio\" name=\"answer-74[]\" id=\"answer-id-295\" class=\"answer   answerof-74 \" value=\"295\"><label for=\"answer-id-295\" id=\"answer-label-295\" class=\" answer\"><span><p><span style=\"color: #000080;\">C. C<\/span><\/p><\/span><\/label><\/div><div class=\"watupro-question-choice  \" dir=\"auto\"><input type=\"radio\" name=\"answer-74[]\" id=\"answer-id-296\" class=\"answer   answerof-74 \" value=\"296\"><label for=\"answer-id-296\" id=\"answer-label-296\" class=\" answer\"><span><p><span style=\"color: #000080;\">D. K\u00f5igis kategooriates on v\u00f5rdne vastutus<\/span><\/p><\/span><\/label><\/div><!-- end question-choices--><\/div><!-- end questionWrap--><\/div><\/div><div class=\"watu-question \" id=\"question-5\" style=\";\"><div id=\"questionWrap-5\" class=\"  watupro-required-76 watupro-question-id-76\">\n\t\t\t<div class=\"question-content\"><div><span style=\"color: #000080;\"><strong>Milline j\u00e4rgnevatest maksevormidest on turvalisem kauba m\u00fc\u00fcjale?\u00a0<\/strong><\/span><\/div><input type=\"hidden\" name=\"question_id[]\" id=\"qID_5\" value=\"76\" class=\"watupro-question-id\"><input type=\"hidden\" id=\"answerType76\" class=\"answerTypeCnt5\" value=\"radio\"><input type=\"hidden\" id=\"watupro-required-question-76\"><!-- end question-content--><\/div><div class=\"question-choices watupro-choices-columns \" id=\"questionChoices76\"><div class=\"watupro-question-choice  \" dir=\"auto\"><input type=\"radio\" name=\"answer-76[]\" id=\"answer-id-300\" class=\"answer   answerof-76 \" value=\"300\"><label for=\"answer-id-300\" id=\"answer-label-300\" class=\" answer\"><span><p><span style=\"color: #000080;\">A.\u00a0Makse kauba saamisel\u00a0<\/span><\/p><\/span><\/label><\/div><div class=\"watupro-question-choice  \" dir=\"auto\"><input type=\"radio\" name=\"answer-76[]\" id=\"answer-id-301\" class=\"answer   answerof-76 \" value=\"301\"><label for=\"answer-id-301\" id=\"answer-label-301\" class=\" answer\"><span><p><span style=\"color: #000080;\">B. Ettemakse kauba tellimisel<\/span><\/p><\/span><\/label><\/div><div class=\"watupro-question-choice  \" dir=\"auto\"><input type=\"radio\" name=\"answer-76[]\" id=\"answer-id-302\" class=\"answer   answerof-76 \" value=\"302\"><label for=\"answer-id-302\" id=\"answer-label-302\" class=\" answer\"><span><p><span style=\"color: #000080;\">C. Inkasso<\/span><\/p><\/span><\/label><\/div><div class=\"watupro-question-choice  \" dir=\"auto\"><input type=\"radio\" name=\"answer-76[]\" id=\"answer-id-303\" class=\"answer   answerof-76 \" value=\"303\"><label for=\"answer-id-303\" id=\"answer-label-303\" class=\" answer\"><span><p><span style=\"color: #000080;\">D.\u00a0Akreditiiv<\/span><\/p><\/span><\/label><\/div><!-- end question-choices--><\/div><!-- end questionWrap--><\/div><\/div><div class=\"watu-question \" id=\"question-6\" style=\";\"><div id=\"questionWrap-6\" class=\"  watupro-required-79 watupro-question-id-79\">\n\t\t\t<div class=\"question-content\"><div><span style=\"color: #000080;\"><strong>Milline makseviis on ostja seisukohast k\u00f5ige kindlam?<\/strong><\/span><\/div><input type=\"hidden\" name=\"question_id[]\" id=\"qID_6\" value=\"79\" class=\"watupro-question-id\"><input type=\"hidden\" id=\"answerType79\" class=\"answerTypeCnt6\" value=\"radio\"><input type=\"hidden\" id=\"watupro-required-question-79\"><!-- end question-content--><\/div><div class=\"question-choices watupro-choices-columns \" id=\"questionChoices79\"><div class=\"watupro-question-choice  \" dir=\"auto\"><input type=\"radio\" name=\"answer-79[]\" id=\"answer-id-312\" class=\"answer   answerof-79 \" value=\"312\"><label for=\"answer-id-312\" id=\"answer-label-312\" class=\" answer\"><span><p><span style=\"color: #000080;\">A. Panga\u00fclekanne p\u00e4rast kauba k\u00e4ttesaamist<\/span><\/p><\/span><\/label><\/div><div class=\"watupro-question-choice  \" dir=\"auto\"><input type=\"radio\" name=\"answer-79[]\" id=\"answer-id-313\" class=\"answer   answerof-79 \" value=\"313\"><label for=\"answer-id-313\" id=\"answer-label-313\" class=\" answer\"><span><p><span style=\"color: #000080;\">B. Ettemaks<\/span><\/p><\/span><\/label><\/div><div class=\"watupro-question-choice  \" dir=\"auto\"><input type=\"radio\" name=\"answer-79[]\" id=\"answer-id-314\" class=\"answer   answerof-79 \" value=\"314\"><label for=\"answer-id-314\" id=\"answer-label-314\" class=\" answer\"><span><p><span style=\"color: #000080;\">C. Inkasso<\/span><\/p><\/span><\/label><\/div><div class=\"watupro-question-choice  \" dir=\"auto\"><input type=\"radio\" name=\"answer-79[]\" id=\"answer-id-315\" class=\"answer   answerof-79 \" value=\"315\"><label for=\"answer-id-315\" id=\"answer-label-315\" class=\" answer\"><span><p><span style=\"color: #000080;\">D.\u00a0Akreditiiv<\/span><\/p><\/span><\/label><\/div><!-- end question-choices--><\/div><!-- end questionWrap--><\/div><\/div><div class=\"watu-question \" id=\"question-7\" style=\";\"><div id=\"questionWrap-7\" class=\"  watupro-required-78 watupro-question-id-78\">\n\t\t\t<div class=\"question-content\"><div><span style=\"color: #000080;\"><strong>Eksporditehingu finantseerimisel v\u00f5ib pangale tagatiseks olla:<\/strong><\/span><\/div><input type=\"hidden\" name=\"question_id[]\" id=\"qID_7\" value=\"78\" class=\"watupro-question-id\"><input type=\"hidden\" id=\"answerType78\" class=\"answerTypeCnt7\" value=\"radio\"><input type=\"hidden\" id=\"watupro-required-question-78\"><!-- end question-content--><\/div><div class=\"question-choices watupro-choices-columns \" id=\"questionChoices78\"><div class=\"watupro-question-choice  \" dir=\"auto\"><input type=\"radio\" name=\"answer-78[]\" id=\"answer-id-308\" class=\"answer   answerof-78 \" value=\"308\"><label for=\"answer-id-308\" id=\"answer-label-308\" class=\" answer\"><span><p><span style=\"color: #000080;\">A.\u00a0t\u0161ekk<\/span><\/p><\/span><\/label><\/div><div class=\"watupro-question-choice  \" dir=\"auto\"><input type=\"radio\" name=\"answer-78[]\" id=\"answer-id-309\" class=\"answer   answerof-78 \" value=\"309\"><label for=\"answer-id-309\" id=\"answer-label-309\" class=\" answer\"><span><p><span style=\"color: #000080;\">B.\u00a0m\u00fc\u00fcja kirjalik lubadus maksta<\/span><\/p><\/span><\/label><\/div><div class=\"watupro-question-choice  \" dir=\"auto\"><input type=\"radio\" name=\"answer-78[]\" id=\"answer-id-310\" class=\"answer   answerof-78 \" value=\"310\"><label for=\"answer-id-310\" id=\"answer-label-310\" class=\" answer\"><span><p><span style=\"color: #000080;\">C. kaup teel\u00a0<\/span><\/p><\/span><\/label><\/div><div class=\"watupro-question-choice  \" dir=\"auto\"><input type=\"radio\" name=\"answer-78[]\" id=\"answer-id-311\" class=\"answer   answerof-78 \" value=\"311\"><label for=\"answer-id-311\" id=\"answer-label-311\" class=\" answer\"><span><p><span style=\"color: #000080;\">D.\u00a0Tagatist ei ole vaja<\/span><\/p><\/span><\/label><\/div><!-- end question-choices--><\/div><!-- end questionWrap--><\/div><\/div><div class=\"watu-question \" id=\"question-8\" style=\";\"><div id=\"questionWrap-8\" class=\"  watupro-required-73 watupro-question-id-73\">\n\t\t\t<div class=\"question-content\"><div><span style=\"color: #000080;\"><strong>Rahvusvahelises kaubanduses enim kasutatav finantseerimise liik on:<\/strong><\/span><\/div><input type=\"hidden\" name=\"question_id[]\" id=\"qID_8\" value=\"73\" class=\"watupro-question-id\"><input type=\"hidden\" id=\"answerType73\" class=\"answerTypeCnt8\" value=\"radio\"><input type=\"hidden\" id=\"watupro-required-question-73\"><!-- end question-content--><\/div><div class=\"question-choices watupro-choices-columns \" id=\"questionChoices73\"><div class=\"watupro-question-choice  \" dir=\"auto\"><input type=\"radio\" name=\"answer-73[]\" id=\"answer-id-290\" class=\"answer   answerof-73 \" value=\"290\"><label for=\"answer-id-290\" id=\"answer-label-290\" class=\" answer\"><span><p><span style=\"color: #000080;\">A. l\u00fchiajaline finantseerimine<\/span><\/p><\/span><\/label><\/div><div class=\"watupro-question-choice  \" dir=\"auto\"><input type=\"radio\" name=\"answer-73[]\" id=\"answer-id-291\" class=\"answer   answerof-73 \" value=\"291\"><label for=\"answer-id-291\" id=\"answer-label-291\" class=\" answer\"><span><p><span style=\"color: #000080;\">B. keskmise pikkusega finantseerimine<\/span><\/p><\/span><\/label><\/div><div class=\"watupro-question-choice  \" dir=\"auto\"><input type=\"radio\" name=\"answer-73[]\" id=\"answer-id-292\" class=\"answer   answerof-73 \" value=\"292\"><label for=\"answer-id-292\" id=\"answer-label-292\" class=\" answer\"><span><p><span style=\"color: #000080;\">C. pikaajaline finantseerimine<\/span><\/p><\/span><\/label><\/div><!-- end question-choices--><\/div><!-- end questionWrap--><\/div><\/div><div class=\"watu-question \" id=\"question-9\" style=\";\"><div id=\"questionWrap-9\" class=\"  watupro-required-71 watupro-question-id-71\">\n\t\t\t<div class=\"question-content\"><div><span style=\"color: #000080;\"><strong>See on h\u00fcvituskaubanduse liik, kus suuremahuliste ja strateegiliselt t\u00e4htsate kokkulepete \u00fcheks osapooleks on riigivalitsus. Tehingu tingimuseks on, et v\u00e4hemalt tellimuse v\u00e4\u00e4rtuses saab tellijariik omakorda vastutellimusi teise riigi eksport\u00f6\u00f6rilt.<\/strong><\/span><span style=\"color: #000080;\"><strong>Mis tehingust on jutt?<\/strong><\/span><\/div><input type=\"hidden\" name=\"question_id[]\" id=\"qID_9\" value=\"71\" class=\"watupro-question-id\"><input type=\"hidden\" id=\"answerType71\" class=\"answerTypeCnt9\" value=\"radio\"><input type=\"hidden\" id=\"watupro-required-question-71\"><!-- end question-content--><\/div><div class=\"question-choices watupro-choices-columns \" id=\"questionChoices71\"><div class=\"watupro-question-choice  \" dir=\"auto\"><input type=\"radio\" name=\"answer-71[]\" id=\"answer-id-282\" class=\"answer   answerof-71 \" value=\"282\"><label for=\"answer-id-282\" id=\"answer-label-282\" class=\" answer\"><span><p><span style=\"color: #000080;\">A.\u00a0Bartertehing<\/span><\/p><\/span><\/label><\/div><div class=\"watupro-question-choice  \" dir=\"auto\"><input type=\"radio\" name=\"answer-71[]\" id=\"answer-id-283\" class=\"answer   answerof-71 \" value=\"283\"><label for=\"answer-id-283\" id=\"answer-label-283\" class=\" answer\"><span><p><span style=\"color: #000080;\">B. Vastuostutehing\u00a0<\/span><\/p><\/span><\/label><\/div><div class=\"watupro-question-choice  \" dir=\"auto\"><input type=\"radio\" name=\"answer-71[]\" id=\"answer-id-284\" class=\"answer   answerof-71 \" value=\"284\"><label for=\"answer-id-284\" id=\"answer-label-284\" class=\" answer\"><span><p><span style=\"color: #000080;\">C. Tasaarveldustehing<\/span><\/p><\/span><\/label><\/div><div class=\"watupro-question-choice  \" dir=\"auto\"><input type=\"radio\" name=\"answer-71[]\" id=\"answer-id-285\" class=\"answer   answerof-71 \" value=\"285\"><label for=\"answer-id-285\" id=\"answer-label-285\" class=\" answer\"><span><p><span style=\"color: #000080;\">D. Tagasiostutehing<\/span><\/p><\/span><\/label><\/div><!-- end question-choices--><\/div><!-- end questionWrap--><\/div><\/div><div class=\"watu-question \" id=\"question-10\" style=\";\"><div id=\"questionWrap-10\" class=\"  watupro-required-80 watupro-question-id-80\">\n\t\t\t<div class=\"question-content\"><div><span style=\"color: #000080;\" data-mce-mark=\"1\"><strong>Milline v\u00e4ide on t\u00f5ene? <\/strong><\/span><span style=\"color: #000080;\" data-mce-mark=\"1\"><strong>\u201eFaktooring on tehing,<\/strong><\/span><\/div><input type=\"hidden\" name=\"question_id[]\" id=\"qID_10\" value=\"80\" class=\"watupro-question-id\"><input type=\"hidden\" id=\"answerType80\" class=\"answerTypeCnt10\" value=\"radio\"><input type=\"hidden\" id=\"watupro-required-question-80\"><!-- end question-content--><\/div><div class=\"question-choices watupro-choices-columns \" id=\"questionChoices80\"><div class=\"watupro-question-choice  \" dir=\"auto\"><input type=\"radio\" name=\"answer-80[]\" id=\"answer-id-316\" class=\"answer   answerof-80 \" value=\"316\"><label for=\"answer-id-316\" id=\"answer-label-316\" class=\" answer\"><span><p><span style=\"color: #000080;\">A. kus pank finantseerib kauba ostjat.\u201c<\/span><\/p><\/span><\/label><\/div><div class=\"watupro-question-choice  \" dir=\"auto\"><input type=\"radio\" name=\"answer-80[]\" id=\"answer-id-317\" class=\"answer   answerof-80 \" value=\"317\"><label for=\"answer-id-317\" id=\"answer-label-317\" class=\" answer\"><span><p><span style=\"color: #000080;\">B. kus pank finantseerib kauba m\u00fc\u00fcjat.\u201c<\/span><\/p><\/span><\/label><\/div><div class=\"watupro-question-choice  \" dir=\"auto\"><input type=\"radio\" name=\"answer-80[]\" id=\"answer-id-318\" class=\"answer   answerof-80 \" value=\"318\"><label for=\"answer-id-318\" id=\"answer-label-318\" class=\" answer\"><span><p><span style=\"color: #000080;\">C. mis\u00a0v\u00f5imaldab finantseerida ettemaksuarveid.\u201c<\/span><\/p><\/span><\/label><\/div><div class=\"watupro-question-choice  \" dir=\"auto\"><input type=\"radio\" name=\"answer-80[]\" id=\"answer-id-319\" class=\"answer   answerof-80 \" value=\"319\"><label for=\"answer-id-319\" id=\"answer-label-319\" class=\" answer\"><span><p><span style=\"color: #000080;\">D.\u00a0mis v\u00f5imaldab finantseerida kreeditarveid.\u201c<\/span><\/p><\/span><\/label><\/div><div class=\"watupro-question-choice  \" dir=\"auto\"><input type=\"radio\" name=\"answer-80[]\" id=\"answer-id-320\" class=\"answer   answerof-80 \" value=\"320\"><label for=\"answer-id-320\" id=\"answer-label-320\" class=\" answer\"><span><p><span style=\"color: #000080;\">E.\u00a0Variandid A, C ja D<\/span><\/p><\/span><\/label><\/div><!-- end question-choices--><\/div><!-- end questionWrap--><\/div><\/div><div style=\"display:none\" id=\"question-11\">\n\t<div class=\"question-content\">\n\t\t<img loading=\"lazy\" decoding=\"async\" src=\"https:\/\/sisu.ut.ee\/wp-content\/plugins\/watupro\/img\/loading.gif\" width=\"16\" height=\"16\" alt=\"Loading...\" title=\"Loading...\">\u00a0Loading...\t<\/div>\n<\/div>\n\n<br>\n\t\n\t\t\t<div class=\"watupro_buttons flex \" id=\"watuPROButtons8\">\n\t\t  <div id=\"prev-question\" style=\"display:none;\"><input type=\"button\" value=\"&lt; Previous\" onclick=\"WatuPRO.nextQuestion(event, 'previous');\"><\/div>\t\t  \t\t  \t\t   \n\t\t   \t  \t\t<div><input type=\"button\" name=\"action\" class=\"watupro-submit-button\" onclick=\"WatuPRO.submitResult(event)\" id=\"action-button\" value=\"Vaata tulemust\">\n\t\t<\/div>\n\t\t<\/div>\n\t\t\n\t<input type=\"hidden\" name=\"quiz_id\" value=\"8\" id=\"watuPROExamID\">\n\t<input type=\"hidden\" name=\"start_time\" id=\"startTime\" value=\"2026-04-16 04:10:39\">\n\t<input type=\"hidden\" name=\"start_timestamp\" id=\"startTimeStamp\" value=\"1776312639\">\n\t<input type=\"hidden\" name=\"question_ids\" value=\"\">\n\t<input type=\"hidden\" name=\"watupro_questions\" value=\"77:304,305,306,307 | 75:298,299 | 72:286,287,288,289 | 74:293,294,295,296 | 76:300,301,302,303 | 79:312,313,314,315 | 78:308,309,310,311 | 73:290,291,292 | 71:282,283,284,285 | 80:316,317,318,319,320\">\n\t<input type=\"hidden\" name=\"no_ajax\" value=\"0\">\t\t\t<\/form>\n\t<p>\u00a0<\/p>\n<\/div>\n\n<script type=\"text\/javascript\">\n\/\/jQuery(document).ready(function(){\ndocument.addEventListener(\"DOMContentLoaded\", function(event) { \t\nvar question_ids = \"77,75,72,74,76,79,78,73,71,80\";\nWatuPROSettings[8] = {};\nWatuPRO.qArr = question_ids.split(',');\nWatuPRO.exam_id = 8;\t    \nWatuPRO.post_id = 44;\nWatuPRO.store_progress = 0;\nWatuPRO.curCatPage = 1;\nWatuPRO.requiredIDs=\"0,77,75,72,74,76,79,78,73,71,80\".split(\",\");\nWatuPRO.hAppID = \"0.24520800 1776301839\";\nvar url = \"https:\/\/sisu.ut.ee\/wp-content\/plugins\/watupro\/show_exam.php\";\nWatuPRO.examMode = 1;\nWatuPRO.siteURL=\"https:\/\/sisu.ut.ee\/finance\/wp-admin\/admin-ajax.php\";\nWatuPRO.emailIsNotRequired = 0;\nWatuPRO.perDecade = 10;\nWatuPROIntel.init(8);\nWatuPRO.inCategoryPages=1;});    \t \n<\/script>\n\n","protected":false},"excerpt":{"rendered":"","protected":false},"author":3,"featured_media":0,"parent":0,"menu_order":0,"comment_status":"closed","ping_status":"closed","template":"","meta":{"_acf_changed":false,"inline_featured_image":false,"footnotes":""},"class_list":["post-44","page","type-page","status-publish","hentry"],"acf":[],"_links":{"self":[{"href":"https:\/\/sisu.ut.ee\/finance\/wp-json\/wp\/v2\/pages\/44","targetHints":{"allow":["GET"]}}],"collection":[{"href":"https:\/\/sisu.ut.ee\/finance\/wp-json\/wp\/v2\/pages"}],"about":[{"href":"https:\/\/sisu.ut.ee\/finance\/wp-json\/wp\/v2\/types\/page"}],"author":[{"embeddable":true,"href":"https:\/\/sisu.ut.ee\/finance\/wp-json\/wp\/v2\/users\/3"}],"replies":[{"embeddable":true,"href":"https:\/\/sisu.ut.ee\/finance\/wp-json\/wp\/v2\/comments?post=44"}],"version-history":[{"count":0,"href":"https:\/\/sisu.ut.ee\/finance\/wp-json\/wp\/v2\/pages\/44\/revisions"}],"wp:attachment":[{"href":"https:\/\/sisu.ut.ee\/finance\/wp-json\/wp\/v2\/media?parent=44"}],"curies":[{"name":"wp","href":"https:\/\/api.w.org\/{rel}","templated":true}]}}