{"id":41,"date":"2024-04-16T13:42:01","date_gmt":"2024-04-16T10:42:01","guid":{"rendered":"https:\/\/sisu.ut.ee\/finance\/5-vaartuspohine-finantsjuhtimine\/"},"modified":"2024-04-16T13:42:01","modified_gmt":"2024-04-16T10:42:01","slug":"5-vaartuspohine-finantsjuhtimine","status":"publish","type":"page","link":"https:\/\/sisu.ut.ee\/finance\/5-vaartuspohine-finantsjuhtimine\/","title":{"rendered":"5. V\u00e4\u00e4rtusp\u00f5hine finantsjuhtimine"},"content":{"rendered":"<div id=\"watupro_quiz\" class=\"quiz-area single-page-quiz\">\n<p id=\"submittingExam5\" style=\"display:none;text-align:center;\"><img loading=\"lazy\" decoding=\"async\" src=\"https:\/\/sisu.ut.ee\/wp-content\/plugins\/watupro\/img\/loading.gif\" width=\"16\" height=\"16\"><\/p>\n\n<div class=\"watupro-exam-description\" id=\"description-quiz-5\"><p><span style=\"font-size: 14px;\"><span style=\"font-family: Arial,Helvetica,sans-serif;\"><span style=\"line-height: normal;\">Proovi lahendada eksamitestiga sarnast <b>enesekontrolli testi<\/b>. <\/span><\/span><\/span><\/p>\n<ul>\n<li><span style=\"font-size: 14px;\"><span style=\"font-family: Arial,Helvetica,sans-serif;\"><span style=\"line-height: normal;\">Testis on k\u00fcmme k\u00fcsimust kuni 5 valikvastusega.<\/span><\/span><\/span><\/li>\n<li><span style=\"font-size: 14px;\"><span style=\"font-family: Arial,Helvetica,sans-serif;\"><span style=\"line-height: normal;\">Igale k\u00fcsimusele on ainult \u00fcks \u00f5ige vastus.<\/span><\/span><\/span><\/li>\n<li><span style=\"font-size: 14px;\"><span style=\"font-family: Arial,Helvetica,sans-serif;\"><span style=\"line-height: normal;\">\u00d5igesti vastatud k\u00fcsimuse eest saad 1 punkti, valesti vastatud k\u00fcsimuse eest 0 punkti.<\/span><\/span><\/span><\/li>\n<li><span style=\"font-size: 14px;\"><span style=\"font-family: Arial,Helvetica,sans-serif;\"><span style=\"line-height: normal;\">Kui kogud v\u00e4hemalt 7 punkti, siis oled testi edukalt sooritanud. L\u00f5pueksami l\u00e4vend on samuti <b>70%<\/b>. <\/span><\/span><\/span><\/li>\n<\/ul>\n<p><span style=\"font-size: 14px;\"><span style=\"font-family: Arial,Helvetica,sans-serif;\"><span style=\"line-height: normal;\"><b>Kui saavutad tulemuseks:<\/b><\/span><\/span><\/span><\/p>\n<ul>\n<li><span style=\"font-size: 14px;\"><span style=\"font-family: Arial,Helvetica,sans-serif;\"><span style=\"line-height: normal;\"><b>kaugelt \u00fcle 70%<\/b>, siis v\u00f5id selle programmi ka vahele j\u00e4tta. V\u00f5imalik, et see on liiga lihtne. <\/span><\/span><\/span><\/li>\n<li><span style=\"font-size: 14px;\"><span style=\"font-family: Arial,Helvetica,sans-serif;\"><span style=\"line-height: normal;\"><b>alla selle<\/b>, siis on, mida juurde \u00f5ppida<b>.<\/b> <b>Tutvu programmiga ja liitu <\/b><\/span><\/span><\/span><a href=\"https:\/\/majandus.ut.ee\/et\/sisu\/vaartuspohine-finantsjuhtimine\" target=\"_blank\" rel=\"noopener\" data-url=\"https:\/\/majandus.ut.ee\/et\/5-vaartuspohine-finantsjuhtimine\">SIIT.<\/a><\/li>\n<\/ul>\n<p>\u00a0<\/p>\n<\/div>\n\n<form action=\"\" method=\"post\" class=\"quiz-form\" id=\"quiz-5\" enctype=\"multipart\/form-data\">\n<div class=\"watu-question \" id=\"question-1\" style=\";\"><div id=\"questionWrap-1\" class=\"  watupro-required-44 watupro-question-id-44\">\n\t\t\t<div class=\"question-content\"><div><p><span style=\"color: #000080;\"><strong>Ettev\u00f5tte v\u00e4\u00e4rtusloomet hindav tegevusedukuse n\u00e4itaja:<\/strong><\/span><\/p><\/div><input type=\"hidden\" name=\"question_id[]\" id=\"qID_1\" value=\"44\" class=\"watupro-question-id\"><input type=\"hidden\" id=\"answerType44\" class=\"answerTypeCnt1\" value=\"radio\"><input type=\"hidden\" id=\"watupro-required-question-44\"><!-- end question-content--><\/div><div class=\"question-choices watupro-choices-columns \" id=\"questionChoices44\"><div class=\"watupro-question-choice  \" dir=\"auto\"><input type=\"radio\" name=\"answer-44[]\" id=\"answer-id-174\" class=\"answer   answerof-44 \" value=\"174\"><label for=\"answer-id-174\" id=\"answer-label-174\" class=\" answer\"><span><p><span style=\"color: #000080;\">A. ei tohi arvestada riski kuluna<\/span><\/p><\/span><\/label><\/div><div class=\"watupro-question-choice  \" dir=\"auto\"><input type=\"radio\" name=\"answer-44[]\" id=\"answer-id-175\" class=\"answer   answerof-44 \" value=\"175\"><label for=\"answer-id-175\" id=\"answer-label-175\" class=\" answer\"><span><p><span style=\"color: #000080;\">B. peab olema raamatupidamise arvestusp\u00f5him\u00f5tetest m\u00f5jutatav<\/span><\/p><\/span><\/label><\/div><div class=\"watupro-question-choice  \" dir=\"auto\"><input type=\"radio\" name=\"answer-44[]\" id=\"answer-id-176\" class=\"answer   answerof-44 \" value=\"176\"><label for=\"answer-id-176\" id=\"answer-label-176\" class=\" answer\"><span><p><strong><\/strong><span style=\"color: #000080;\">C. muutus peab olema pikaajaliselt ja positiivselt seotud aktsia turuhinna muutusega\u00a0<\/span><\/p><\/span><\/label><\/div><!-- end question-choices--><\/div><!-- end questionWrap--><\/div><\/div><div class=\"watu-question \" id=\"question-2\" style=\";\"><div id=\"questionWrap-2\" class=\"  watupro-required-49 watupro-question-id-49\">\n\t\t\t<div class=\"question-content\"><div><p><span style=\"color: #000080;\"><strong>Mis on ettev\u00f5tte finantstasakaal?<\/strong><\/span><\/p><\/div><input type=\"hidden\" name=\"question_id[]\" id=\"qID_2\" value=\"49\" class=\"watupro-question-id\"><input type=\"hidden\" id=\"answerType49\" class=\"answerTypeCnt2\" value=\"radio\"><input type=\"hidden\" id=\"watupro-required-question-49\"><!-- end question-content--><\/div><div class=\"question-choices watupro-choices-columns \" id=\"questionChoices49\"><div class=\"watupro-question-choice  \" dir=\"auto\"><input type=\"radio\" name=\"answer-49[]\" id=\"answer-id-192\" class=\"answer   answerof-49 \" value=\"192\"><label for=\"answer-id-192\" id=\"answer-label-192\" class=\" answer\"><span><p><span style=\"color: #000080;\">A. Ettev\u00f5tte v\u00f5ime maksta omanikele dividende<\/span><\/p><\/span><\/label><\/div><div class=\"watupro-question-choice  \" dir=\"auto\"><input type=\"radio\" name=\"answer-49[]\" id=\"answer-id-193\" class=\"answer   answerof-49 \" value=\"193\"><label for=\"answer-id-193\" id=\"answer-label-193\" class=\" answer\"><span><p><span style=\"color: #000080;\">B. Ettev\u00f5tte tegeliku ja j\u00e4tkusuutliku k\u00e4ibe kasvu vastavus<\/span><\/p><\/span><\/label><\/div><div class=\"watupro-question-choice  \" dir=\"auto\"><input type=\"radio\" name=\"answer-49[]\" id=\"answer-id-194\" class=\"answer   answerof-49 \" value=\"194\"><label for=\"answer-id-194\" id=\"answer-label-194\" class=\" answer\"><span><p><span style=\"color: #000080;\">C. Ettev\u00f5tte v\u00f5ime teenindada v\u00f5etud laenukohustusi<\/span><\/p><\/span><\/label><\/div><div class=\"watupro-question-choice  \" dir=\"auto\"><input type=\"radio\" name=\"answer-49[]\" id=\"answer-id-195\" class=\"answer   answerof-49 \" value=\"195\"><label for=\"answer-id-195\" id=\"answer-label-195\" class=\" answer\"><span><p><span style=\"color: #000080;\">D. Ettev\u00f5tte v\u00f5ime hoida ettev\u00f5ttes v\u00f5imalikult v\u00e4he omanike kallist kapitali\u00a0<\/span><\/p><\/span><\/label><\/div><!-- end question-choices--><\/div><!-- end questionWrap--><\/div><\/div><div class=\"watu-question \" id=\"question-3\" style=\";\"><div id=\"questionWrap-3\" class=\"  watupro-required-42 watupro-question-id-42\">\n\t\t\t<div class=\"question-content\"><div><p><span style=\"color: #000080;\"><strong>Milline ettev\u00f5tte v\u00e4\u00e4rtuse eduteguri muutus m\u00f5jutab ettev\u00f5tte aktsia hinda kindlasti positiivselt?<\/strong><\/span><\/p><\/div><input type=\"hidden\" name=\"question_id[]\" id=\"qID_3\" value=\"42\" class=\"watupro-question-id\"><input type=\"hidden\" id=\"answerType42\" class=\"answerTypeCnt3\" value=\"radio\"><input type=\"hidden\" id=\"watupro-required-question-42\"><!-- end question-content--><\/div><div class=\"question-choices watupro-choices-columns \" id=\"questionChoices42\"><div class=\"watupro-question-choice  \" dir=\"auto\"><input type=\"radio\" name=\"answer-42[]\" id=\"answer-id-167\" class=\"answer   answerof-42 \" value=\"167\"><label for=\"answer-id-167\" id=\"answer-label-167\" class=\" answer\"><span><p><span style=\"color: #000080;\">A. Hindade langetamisele j\u00e4rgnev k\u00e4ibe kasv<\/span><\/p><\/span><\/label><\/div><div class=\"watupro-question-choice  \" dir=\"auto\"><input type=\"radio\" name=\"answer-42[]\" id=\"answer-id-168\" class=\"answer   answerof-42 \" value=\"168\"><label for=\"answer-id-168\" id=\"answer-label-168\" class=\" answer\"><span><p><span style=\"color: #000080;\">B. Hindade t\u00f5stmisele j\u00e4rgnev \u00e4rikasumimarginaali suurenemine<\/span><\/p><\/span><\/label><\/div><div class=\"watupro-question-choice  \" dir=\"auto\"><input type=\"radio\" name=\"answer-42[]\" id=\"answer-id-169\" class=\"answer   answerof-42 \" value=\"169\"><label for=\"answer-id-169\" id=\"answer-label-169\" class=\" answer\"><span><p><span style=\"color: #000080;\">C. Ettev\u00f5tte laenukapitali odavnemine, mis saavutatakse laenukapitali osakaalu v\u00e4hendamise ja omakapitali osakaalu suurendamisega<\/span><\/p><\/span><\/label><\/div><div class=\"watupro-question-choice  \" dir=\"auto\"><input type=\"radio\" name=\"answer-42[]\" id=\"answer-id-170\" class=\"answer   answerof-42 \" value=\"170\"><label for=\"answer-id-170\" id=\"answer-label-170\" class=\" answer\"><span><p><span style=\"color: #000080;\">D. Aktsion\u00e4ride n\u00f5utava tulunormi v\u00e4henemine\u00a0<\/span><\/p><\/span><\/label><\/div><!-- end question-choices--><\/div><!-- end questionWrap--><\/div><\/div><div class=\"watu-question \" id=\"question-4\" style=\";\"><div id=\"questionWrap-4\" class=\"  watupro-required-47 watupro-question-id-47\">\n\t\t\t<div class=\"question-content\"><div><p><span style=\"color: #000080;\"><strong>Mida v\u00f5imaldab riskide maandamine?<\/strong><\/span><\/p><\/div><input type=\"hidden\" name=\"question_id[]\" id=\"qID_4\" value=\"47\" class=\"watupro-question-id\"><input type=\"hidden\" id=\"answerType47\" class=\"answerTypeCnt4\" value=\"radio\"><input type=\"hidden\" id=\"watupro-required-question-47\"><!-- end question-content--><\/div><div class=\"question-choices watupro-choices-columns \" id=\"questionChoices47\"><div class=\"watupro-question-choice  \" dir=\"auto\"><input type=\"radio\" name=\"answer-47[]\" id=\"answer-id-184\" class=\"answer   answerof-47 \" value=\"184\"><label for=\"answer-id-184\" id=\"answer-label-184\" class=\" answer\"><span><p><span style=\"color: #000080;\">A. Kaasata rohkem omakapitali<\/span><\/p><\/span><\/label><\/div><div class=\"watupro-question-choice  \" dir=\"auto\"><input type=\"radio\" name=\"answer-47[]\" id=\"answer-id-185\" class=\"answer   answerof-47 \" value=\"185\"><label for=\"answer-id-185\" id=\"answer-label-185\" class=\" answer\"><span><p><span style=\"color: #000080;\">B. Kaasata odavamalt laenukapitali<\/span><\/p><\/span><\/label><\/div><div class=\"watupro-question-choice  \" dir=\"auto\"><input type=\"radio\" name=\"answer-47[]\" id=\"answer-id-186\" class=\"answer   answerof-47 \" value=\"186\"><label for=\"answer-id-186\" id=\"answer-label-186\" class=\" answer\"><span><p><span style=\"color: #000080;\">C. Spekuleerida\u00a0<\/span><\/p><\/span><\/label><\/div><div class=\"watupro-question-choice  \" dir=\"auto\"><input type=\"radio\" name=\"answer-47[]\" id=\"answer-id-187\" class=\"answer   answerof-47 \" value=\"187\"><label for=\"answer-id-187\" id=\"answer-label-187\" class=\" answer\"><span><p><span style=\"color: #000080;\">D. Hinnata ettev\u00f5tte riskip\u00f5hist tegevusedukust<\/span><\/p><\/span><\/label><\/div><!-- end question-choices--><\/div><!-- end questionWrap--><\/div><\/div><div class=\"watu-question \" id=\"question-5\" style=\";\"><div id=\"questionWrap-5\" class=\"  watupro-required-46 watupro-question-id-46\">\n\t\t\t<div class=\"question-content\"><div><p><span style=\"color: #000080;\"><strong>EVA-mudeli j\u00e4rgi on investeerimisprojekt vastuv\u00f5etav juhul, kui EVA v\u00e4\u00e4rtus:<\/strong><\/span><\/p><\/div><input type=\"hidden\" name=\"question_id[]\" id=\"qID_5\" value=\"46\" class=\"watupro-question-id\"><input type=\"hidden\" id=\"answerType46\" class=\"answerTypeCnt5\" value=\"radio\"><input type=\"hidden\" id=\"watupro-required-question-46\"><!-- end question-content--><\/div><div class=\"question-choices watupro-choices-columns \" id=\"questionChoices46\"><div class=\"watupro-question-choice  \" dir=\"auto\"><input type=\"radio\" name=\"answer-46[]\" id=\"answer-id-181\" class=\"answer   answerof-46 \" value=\"181\"><label for=\"answer-id-181\" id=\"answer-label-181\" class=\" answer\"><span><p><span style=\"color: #000080;\">A. on positiivne<\/span><\/p><\/span><\/label><\/div><div class=\"watupro-question-choice  \" dir=\"auto\"><input type=\"radio\" name=\"answer-46[]\" id=\"answer-id-182\" class=\"answer   answerof-46 \" value=\"182\"><label for=\"answer-id-182\" id=\"answer-label-182\" class=\" answer\"><span><p><span style=\"color: #000080;\">B. \u00fcletab ettev\u00f5tte kapitalikulutusi<\/span><\/p><\/span><\/label><\/div><div class=\"watupro-question-choice  \" dir=\"auto\"><input type=\"radio\" name=\"answer-46[]\" id=\"answer-id-183\" class=\"answer   answerof-46 \" value=\"183\"><label for=\"answer-id-183\" id=\"answer-label-183\" class=\" answer\"><span><p><span style=\"color: #000080;\">C. \u00a0projekti k\u00e4igus pidevalt kasvab\u00a0<\/span><\/p><\/span><\/label><\/div><!-- end question-choices--><\/div><!-- end questionWrap--><\/div><\/div><div class=\"watu-question \" id=\"question-6\" style=\";\"><div id=\"questionWrap-6\" class=\"  watupro-required-50 watupro-question-id-50\">\n\t\t\t<div class=\"question-content\"><div><p><span style=\"color: #000080;\"><strong>Mis on ettev\u00f5tte \u00fchinemise v\u00f5i \u00fclev\u00f5tmise puhul tehtava <em>Due Diligence\u2019i<\/em> eesm\u00e4rk?<\/strong><\/span><\/p><\/div><input type=\"hidden\" name=\"question_id[]\" id=\"qID_6\" value=\"50\" class=\"watupro-question-id\"><input type=\"hidden\" id=\"answerType50\" class=\"answerTypeCnt6\" value=\"radio\"><input type=\"hidden\" id=\"watupro-required-question-50\"><!-- end question-content--><\/div><div class=\"question-choices watupro-choices-columns \" id=\"questionChoices50\"><div class=\"watupro-question-choice  \" dir=\"auto\"><input type=\"radio\" name=\"answer-50[]\" id=\"answer-id-196\" class=\"answer   answerof-50 \" value=\"196\"><label for=\"answer-id-196\" id=\"answer-label-196\" class=\" answer\"><span><p><span style=\"color: #000080;\">A. Sihtettev\u00f5tte aktsia v\u00e4\u00e4rtuse hindamine<\/span><\/p><\/span><\/label><\/div><div class=\"watupro-question-choice  \" dir=\"auto\"><input type=\"radio\" name=\"answer-50[]\" id=\"answer-id-197\" class=\"answer   answerof-50 \" value=\"197\"><label for=\"answer-id-197\" id=\"answer-label-197\" class=\" answer\"><span><p><span style=\"color: #000080;\">B. Sihtettev\u00f5tte kohta \u00a0info kogumine\u00a0<\/span><\/p><\/span><\/label><\/div><div class=\"watupro-question-choice  \" dir=\"auto\"><input type=\"radio\" name=\"answer-50[]\" id=\"answer-id-198\" class=\"answer   answerof-50 \" value=\"198\"><label for=\"answer-id-198\" id=\"answer-label-198\" class=\" answer\"><span><p><span style=\"color: #000080;\">C. \u00dchinemis- v\u00f5i \u00fclev\u00f5tmistehingu j\u00e4rgne restruktureerimine<\/span><\/p><\/span><\/label><\/div><div class=\"watupro-question-choice  \" dir=\"auto\"><input type=\"radio\" name=\"answer-50[]\" id=\"answer-id-199\" class=\"answer   answerof-50 \" value=\"199\"><label for=\"answer-id-199\" id=\"answer-label-199\" class=\" answer\"><span><p><span style=\"color: #000080;\">D. Tehingu finantseerimisv\u00f5imaluste anal\u00fc\u00fcs<\/span><\/p><\/span><\/label><\/div><!-- end question-choices--><\/div><!-- end questionWrap--><\/div><\/div><div class=\"watu-question \" id=\"question-7\" style=\";\"><div id=\"questionWrap-7\" class=\"  watupro-required-41 watupro-question-id-41\">\n\t\t\t<div class=\"question-content\"><div><p><span style=\"color: #000080;\"><strong>Milline finantsjuhtimisotsus suurendab alati\u00a0ettev\u00f5tte omanike vara v\u00e4\u00e4rtust?<\/strong><\/span><\/p><\/div><input type=\"hidden\" name=\"question_id[]\" id=\"qID_7\" value=\"41\" class=\"watupro-question-id\"><input type=\"hidden\" id=\"answerType41\" class=\"answerTypeCnt7\" value=\"radio\"><input type=\"hidden\" id=\"watupro-required-question-41\"><!-- end question-content--><\/div><div class=\"question-choices watupro-choices-columns \" id=\"questionChoices41\"><div class=\"watupro-question-choice  \" dir=\"auto\"><input type=\"radio\" name=\"answer-41[]\" id=\"answer-id-164\" class=\"answer   answerof-41 \" value=\"164\"><label for=\"answer-id-164\" id=\"answer-label-164\" class=\" answer\"><span><p><span style=\"color: #000080;\">A. Otsus, mille tulemusena ettev\u00f5tte loob k\u00fcll rohkem raha, kuid rahavoo ebakindlus ehk ettev\u00f5tte risk suureneb<\/span><\/p><\/span><\/label><\/div><div class=\"watupro-question-choice  \" dir=\"auto\"><input type=\"radio\" name=\"answer-41[]\" id=\"answer-id-165\" class=\"answer   answerof-41 \" value=\"165\"><label for=\"answer-id-165\" id=\"answer-label-165\" class=\" answer\"><span><p><span style=\"color: #000080;\">B. Otsus, mille tulemusena rahavoo ebastabiilsus v\u00e4heneb<\/span><strong><\/strong><\/p><\/span><\/label><\/div><div class=\"watupro-question-choice  \" dir=\"auto\"><input type=\"radio\" name=\"answer-41[]\" id=\"answer-id-166\" class=\"answer   answerof-41 \" value=\"166\"><label for=\"answer-id-166\" id=\"answer-label-166\" class=\" answer\"><span><p><span style=\"color: #000080;\">C. Otsus, mille tulemusena ettev\u00f5te loob v\u00e4hem raha ja rahavoo ebastabiilsus v\u00e4heneb<\/span><\/p><\/span><\/label><\/div><!-- end question-choices--><\/div><!-- end questionWrap--><\/div><\/div><div class=\"watu-question \" id=\"question-8\" style=\";\"><div id=\"questionWrap-8\" class=\"  watupro-required-45 watupro-question-id-45\">\n\t\t\t<div class=\"question-content\"><div><p><span style=\"color: #000080;\"><strong>Millest ei s\u00f5ltu ettev\u00f5tte t\u00e4iendava v\u00e4lise puhask\u00e4ibekapitali vajadus?<\/strong><\/span><\/p><\/div><input type=\"hidden\" name=\"question_id[]\" id=\"qID_8\" value=\"45\" class=\"watupro-question-id\"><input type=\"hidden\" id=\"answerType45\" class=\"answerTypeCnt8\" value=\"radio\"><input type=\"hidden\" id=\"watupro-required-question-45\"><!-- end question-content--><\/div><div class=\"question-choices watupro-choices-columns \" id=\"questionChoices45\"><div class=\"watupro-question-choice  \" dir=\"auto\"><input type=\"radio\" name=\"answer-45[]\" id=\"answer-id-177\" class=\"answer   answerof-45 \" value=\"177\"><label for=\"answer-id-177\" id=\"answer-label-177\" class=\" answer\"><span><p><span style=\"color: #000080;\">A. Oodatavast k\u00e4ibest<\/span><\/p><\/span><\/label><\/div><div class=\"watupro-question-choice  \" dir=\"auto\"><input type=\"radio\" name=\"answer-45[]\" id=\"answer-id-178\" class=\"answer   answerof-45 \" value=\"178\"><label for=\"answer-id-178\" id=\"answer-label-178\" class=\" answer\"><span><p><span style=\"color: #000080;\">B. Ettev\u00f5tte kasumimarginaalist<\/span><\/p><\/span><\/label><\/div><div class=\"watupro-question-choice  \" dir=\"auto\"><input type=\"radio\" name=\"answer-45[]\" id=\"answer-id-179\" class=\"answer   answerof-45 \" value=\"179\"><label for=\"answer-id-179\" id=\"answer-label-179\" class=\" answer\"><span><p><span style=\"color: #000080;\">C. Ettev\u00f5tte puhask\u00e4ibekapitali kasutamise efektiivsusest<\/span><\/p><\/span><\/label><\/div><div class=\"watupro-question-choice  \" dir=\"auto\"><input type=\"radio\" name=\"answer-45[]\" id=\"answer-id-180\" class=\"answer   answerof-45 \" value=\"180\"><label for=\"answer-id-180\" id=\"answer-label-180\" class=\" answer\"><span><p><span style=\"color: #000080;\">D. Ettev\u00f5tte finantseerimisstruktuurist\u00a0<\/span><\/p><\/span><\/label><\/div><!-- end question-choices--><\/div><!-- end questionWrap--><\/div><\/div><div class=\"watu-question \" id=\"question-9\" style=\";\"><div id=\"questionWrap-9\" class=\"  watupro-required-43 watupro-question-id-43\">\n\t\t\t<div class=\"question-content\"><div><p><span style=\"color: #000080;\"><strong>\u00dchele-kahele omanikule kuuluva kinnise v\u00e4ikeettev\u00f5tte puhul oleks m\u00f5tekas aktsion\u00e4ri n\u00f5utava tulunormi hindamisel kasutada:<\/strong><\/span><\/p><\/div><input type=\"hidden\" name=\"question_id[]\" id=\"qID_9\" value=\"43\" class=\"watupro-question-id\"><input type=\"hidden\" id=\"answerType43\" class=\"answerTypeCnt9\" value=\"radio\"><input type=\"hidden\" id=\"watupro-required-question-43\"><!-- end question-content--><\/div><div class=\"question-choices watupro-choices-columns \" id=\"questionChoices43\"><div class=\"watupro-question-choice  \" dir=\"auto\"><input type=\"radio\" name=\"answer-43[]\" id=\"answer-id-171\" class=\"answer   answerof-43 \" value=\"171\"><label for=\"answer-id-171\" id=\"answer-label-171\" class=\" answer\"><span><p><span style=\"color: #000080;\">A.\u00a0aktsion\u00e4ri hinnangut tema poolt n\u00f5utavale tulunormile, arvestades sarnase riskiastmega investeerimisalternatiivide tulusust<\/span><\/p><\/span><\/label><\/div><div class=\"watupro-question-choice  \" dir=\"auto\"><input type=\"radio\" name=\"answer-43[]\" id=\"answer-id-172\" class=\"answer   answerof-43 \" value=\"172\"><label for=\"answer-id-172\" id=\"answer-label-172\" class=\" answer\"><span><p><span style=\"color: #000080;\">B. CAPM-mudelit<\/span><\/p><\/span><\/label><\/div><div class=\"watupro-question-choice  \" dir=\"auto\"><input type=\"radio\" name=\"answer-43[]\" id=\"answer-id-173\" class=\"answer   answerof-43 \" value=\"173\"><label for=\"answer-id-173\" id=\"answer-label-173\" class=\" answer\"><span><p><span style=\"color: #000080;\">C. \u00a0sarnasesse majandusharusse kuuluvate ja b\u00f6rsil noteeritud ettev\u00f5tete Beeta-kordajate keskmist<\/span><\/p><\/span><\/label><\/div><!-- end question-choices--><\/div><!-- end questionWrap--><\/div><\/div><div class=\"watu-question \" id=\"question-10\" style=\";\"><div id=\"questionWrap-10\" class=\"  watupro-required-48 watupro-question-id-48\">\n\t\t\t<div class=\"question-content\"><div><p><span style=\"color: #000080;\"><strong>Kuidas saab ettev\u00f5te bilansisiseselt riski maandada?<\/strong><\/span><\/p><\/div><input type=\"hidden\" name=\"question_id[]\" id=\"qID_10\" value=\"48\" class=\"watupro-question-id\"><input type=\"hidden\" id=\"answerType48\" class=\"answerTypeCnt10\" value=\"radio\"><input type=\"hidden\" id=\"watupro-required-question-48\"><!-- end question-content--><\/div><div class=\"question-choices watupro-choices-columns \" id=\"questionChoices48\"><div class=\"watupro-question-choice  \" dir=\"auto\"><input type=\"radio\" name=\"answer-48[]\" id=\"answer-id-188\" class=\"answer   answerof-48 \" value=\"188\"><label for=\"answer-id-188\" id=\"answer-label-188\" class=\" answer\"><span><p><span style=\"color: #000080;\">A. Optsiooniga<\/span><\/p><\/span><\/label><\/div><div class=\"watupro-question-choice  \" dir=\"auto\"><input type=\"radio\" name=\"answer-48[]\" id=\"answer-id-189\" class=\"answer   answerof-48 \" value=\"189\"><label for=\"answer-id-189\" id=\"answer-label-189\" class=\" answer\"><span><p><span style=\"color: #000080;\">B. Forwardiga<\/span><\/p><\/span><\/label><\/div><div class=\"watupro-question-choice  \" dir=\"auto\"><input type=\"radio\" name=\"answer-48[]\" id=\"answer-id-190\" class=\"answer   answerof-48 \" value=\"190\"><label for=\"answer-id-190\" id=\"answer-label-190\" class=\" answer\"><span><p><span style=\"color: #000080;\">C. Riski tagamisega<\/span><\/p><\/span><\/label><\/div><div class=\"watupro-question-choice  \" dir=\"auto\"><input type=\"radio\" name=\"answer-48[]\" id=\"answer-id-191\" class=\"answer   answerof-48 \" value=\"191\"><label for=\"answer-id-191\" id=\"answer-label-191\" class=\" answer\"><span><p><span style=\"color: #000080;\">D. Ettev\u00f5tte varade ja kohustuste juhtimisega<\/span><\/p><\/span><\/label><\/div><!-- end question-choices--><\/div><!-- end questionWrap--><\/div><\/div><div style=\"display:none\" id=\"question-11\">\n\t<div class=\"question-content\">\n\t\t<img loading=\"lazy\" decoding=\"async\" src=\"https:\/\/sisu.ut.ee\/wp-content\/plugins\/watupro\/img\/loading.gif\" width=\"16\" height=\"16\" alt=\"Loading...\" title=\"Loading...\">\u00a0Loading...\t<\/div>\n<\/div>\n\n<br>\n\t\n\t\t\t<div class=\"watupro_buttons flex \" id=\"watuPROButtons5\">\n\t\t  <div id=\"prev-question\" style=\"display:none;\"><input type=\"button\" value=\"&lt; Previous\" onclick=\"WatuPRO.nextQuestion(event, 'previous');\"><\/div>\t\t  \t\t  \t\t   \n\t\t   \t  \t\t<div><input type=\"button\" name=\"action\" class=\"watupro-submit-button\" onclick=\"WatuPRO.submitResult(event)\" id=\"action-button\" value=\"Vaata tulemust\">\n\t\t<\/div>\n\t\t<\/div>\n\t\t\n\t<input type=\"hidden\" name=\"quiz_id\" value=\"5\" id=\"watuPROExamID\">\n\t<input type=\"hidden\" name=\"start_time\" id=\"startTime\" value=\"2026-04-17 04:01:58\">\n\t<input type=\"hidden\" name=\"start_timestamp\" id=\"startTimeStamp\" value=\"1776398518\">\n\t<input type=\"hidden\" name=\"question_ids\" value=\"\">\n\t<input type=\"hidden\" name=\"watupro_questions\" value=\"44:174,175,176 | 49:192,193,194,195 | 42:167,168,169,170 | 47:184,185,186,187 | 46:181,182,183 | 50:196,197,198,199 | 41:164,165,166 | 45:177,178,179,180 | 43:171,172,173 | 48:188,189,190,191\">\n\t<input type=\"hidden\" name=\"no_ajax\" value=\"0\">\t\t\t<\/form>\n\t<p>\u00a0<\/p>\n<\/div>\n\n<script type=\"text\/javascript\">\n\/\/jQuery(document).ready(function(){\ndocument.addEventListener(\"DOMContentLoaded\", function(event) { \t\nvar question_ids = \"44,49,42,47,46,50,41,45,43,48\";\nWatuPROSettings[5] = {};\nWatuPRO.qArr = question_ids.split(',');\nWatuPRO.exam_id = 5;\t    \nWatuPRO.post_id = 41;\nWatuPRO.store_progress = 0;\nWatuPRO.curCatPage = 1;\nWatuPRO.requiredIDs=\"0,44,49,42,47,46,50,41,45,43,48\".split(\",\");\nWatuPRO.hAppID = \"0.73427100 1776387718\";\nvar url = \"https:\/\/sisu.ut.ee\/wp-content\/plugins\/watupro\/show_exam.php\";\nWatuPRO.examMode = 1;\nWatuPRO.siteURL=\"https:\/\/sisu.ut.ee\/finance\/wp-admin\/admin-ajax.php\";\nWatuPRO.emailIsNotRequired = 0;\nWatuPRO.perDecade = 10;\nWatuPROIntel.init(5);\nWatuPRO.inCategoryPages=1;});    \t \n<\/script>\n\n","protected":false},"excerpt":{"rendered":"","protected":false},"author":3,"featured_media":0,"parent":0,"menu_order":0,"comment_status":"closed","ping_status":"closed","template":"","meta":{"_acf_changed":false,"inline_featured_image":false,"footnotes":""},"class_list":["post-41","page","type-page","status-publish","hentry"],"acf":[],"_links":{"self":[{"href":"https:\/\/sisu.ut.ee\/finance\/wp-json\/wp\/v2\/pages\/41","targetHints":{"allow":["GET"]}}],"collection":[{"href":"https:\/\/sisu.ut.ee\/finance\/wp-json\/wp\/v2\/pages"}],"about":[{"href":"https:\/\/sisu.ut.ee\/finance\/wp-json\/wp\/v2\/types\/page"}],"author":[{"embeddable":true,"href":"https:\/\/sisu.ut.ee\/finance\/wp-json\/wp\/v2\/users\/3"}],"replies":[{"embeddable":true,"href":"https:\/\/sisu.ut.ee\/finance\/wp-json\/wp\/v2\/comments?post=41"}],"version-history":[{"count":0,"href":"https:\/\/sisu.ut.ee\/finance\/wp-json\/wp\/v2\/pages\/41\/revisions"}],"wp:attachment":[{"href":"https:\/\/sisu.ut.ee\/finance\/wp-json\/wp\/v2\/media?parent=41"}],"curies":[{"name":"wp","href":"https:\/\/api.w.org\/{rel}","templated":true}]}}