{"id":3,"date":"2024-04-03T23:11:10","date_gmt":"2024-04-03T20:11:10","guid":{"rendered":"https:\/\/sisu.ut.ee\/finance\/avaleht\/"},"modified":"2024-04-03T23:11:14","modified_gmt":"2024-04-03T20:11:14","slug":"avaleht","status":"publish","type":"page","link":"https:\/\/sisu.ut.ee\/finance\/","title":{"rendered":"finance.ut kontrolltestid"},"content":{"rendered":"<h2 style=\"text-align: center\">\n\tTESTI OMA MAJANDUSTEADMISI<br>\n<\/h2>\n<p>\n\tKas see on just Sulle vajalik kursus?<br>Hinda oma taset eksamitesti sarnase tasemetestiga (10 k\u00fcsimust koos valikvastustega).<br>Vali vasakveerust kursus ja \u2013 head p\u00f5rumist!\u00a0\n<\/p>\n<p>\n\t<img loading=\"lazy\" decoding=\"async\" width=\"851\" height=\"315\" class=\"alignnone wp-image-4\" src=\"https:\/\/sisu.ut.ee\/wp-content\/uploads\/sites\/27\/fb_1710_haldma_01.jpg\" title=\"fb_1710_haldma_01.jpg\" alt=\"Kaugkoolituse testid\" srcset=\"https:\/\/sisu.ut.ee\/wp-content\/uploads\/sites\/27\/fb_1710_haldma_01.jpg 851w, https:\/\/sisu.ut.ee\/wp-content\/uploads\/sites\/27\/fb_1710_haldma_01-300x111.jpg 300w, https:\/\/sisu.ut.ee\/wp-content\/uploads\/sites\/27\/fb_1710_haldma_01-768x284.jpg 768w\" sizes=\"auto, (max-width: 851px) 100vw, 851px\">\n<\/p>\n<p>\n\tKui kursuse l\u00f5petad, siis liitud kaugkoolituse pea 10-tuhande liikmelise vilistlasperega. Vaata juubelil\u00f5puaktust juunis 2020:\n<\/p>\n<p>\n\t<\/p><div class=\"ratio ratio-16x9 mb-3\"><div class=\"video-placeholder-wrapper video-placeholder-wrapper--16x9\">\n\t\t\t    <div class=\"video-placeholder d-flex justify-content-center align-items-center\">\n\t\t\t        <div class=\"overlay text-white p-2 w-100 text-center d-block justify-content-center align-items-center\">\n\t\t\t            <div>Kolmandate osapoolte sisu n\u00e4gemiseks palun n\u00f5ustu k\u00fcpsistega.<\/div>\n\t\t\t            <button class=\"btn btn-secondary btn-sm mt-1 consent-change\">Muuda n\u00f5usolekut<\/button>\n\t\t\t        <\/div>\n\t\t\t    <\/div>\n\t\t\t<\/div>\n<\/div>\n","protected":false},"excerpt":{"rendered":"<p>TESTI OMA MAJANDUSTEADMISI Kas see on just Sulle vajalik kursus?Hinda oma taset eksamitesti sarnase tasemetestiga (10 k\u00fcsimust koos valikvastustega).Vali vasakveerust kursus ja \u2013 head p\u00f5rumist!\u00a0 Kui kursuse l\u00f5petad, siis liitud kaugkoolituse pea 10-tuhande liikmelise vilistlasperega. Vaata juubelil\u00f5puaktust juunis 2020: Kolmandate &#8230;<\/p>\n","protected":false},"author":16,"featured_media":0,"parent":0,"menu_order":0,"comment_status":"closed","ping_status":"closed","template":"","meta":{"_acf_changed":false,"inline_featured_image":false,"footnotes":""},"class_list":["post-3","page","type-page","status-publish","hentry"],"acf":[],"_links":{"self":[{"href":"https:\/\/sisu.ut.ee\/finance\/wp-json\/wp\/v2\/pages\/3","targetHints":{"allow":["GET"]}}],"collection":[{"href":"https:\/\/sisu.ut.ee\/finance\/wp-json\/wp\/v2\/pages"}],"about":[{"href":"https:\/\/sisu.ut.ee\/finance\/wp-json\/wp\/v2\/types\/page"}],"author":[{"embeddable":true,"href":"https:\/\/sisu.ut.ee\/finance\/wp-json\/wp\/v2\/users\/16"}],"replies":[{"embeddable":true,"href":"https:\/\/sisu.ut.ee\/finance\/wp-json\/wp\/v2\/comments?post=3"}],"version-history":[{"count":1,"href":"https:\/\/sisu.ut.ee\/finance\/wp-json\/wp\/v2\/pages\/3\/revisions"}],"predecessor-version":[{"id":34,"href":"https:\/\/sisu.ut.ee\/finance\/wp-json\/wp\/v2\/pages\/3\/revisions\/34"}],"wp:attachment":[{"href":"https:\/\/sisu.ut.ee\/finance\/wp-json\/wp\/v2\/media?parent=3"}],"curies":[{"name":"wp","href":"https:\/\/api.w.org\/{rel}","templated":true}]}}