{"id":8,"date":"2024-04-04T00:11:20","date_gmt":"2024-04-03T21:11:20","guid":{"rendered":"https:\/\/sisu.ut.ee\/fahm1\/kontakt\/"},"modified":"2024-11-14T13:58:15","modified_gmt":"2024-11-14T11:58:15","slug":"kontakt","status":"publish","type":"page","link":"https:\/\/sisu.ut.ee\/fahm1\/kontakt\/","title":{"rendered":"Kontakt"},"content":{"rendered":"<h4>T\u00dc \u00d6MI botaanika osakonna \u00f6kof\u00fcsioloogia \u00f5ppetool<\/h4>\n<p>\u00d5ppetooli juhataja professor Arne Sellin (Arne.Sellin@ut.ee)<\/p>\n<p><strong>Tegevuse koordineerimine:<\/strong><\/p>\n<p>kaasprofessor Priit Kupper (tel: 5076793; Priit.Kupper@ut.ee)<\/p>\n<p>kaasprofessor Arvo Tullus (Arvo.Tullus@ut.ee)<\/p>\n<h4><\/h4>\n","protected":false},"excerpt":{"rendered":"<p>T\u00dc \u00d6MI botaanika osakonna \u00f6kof\u00fcsioloogia \u00f5ppetool \u00d5ppetooli juhataja professor Arne Sellin (Arne.Sellin@ut.ee) Tegevuse koordineerimine: kaasprofessor Priit Kupper (tel: 5076793; Priit.Kupper@ut.ee) kaasprofessor Arvo Tullus (Arvo.Tullus@ut.ee)<\/p>\n","protected":false},"author":44,"featured_media":0,"parent":0,"menu_order":0,"comment_status":"closed","ping_status":"closed","template":"","meta":{"_acf_changed":false,"inline_featured_image":false,"footnotes":""},"class_list":["post-8","page","type-page","status-publish","hentry"],"acf":[],"_links":{"self":[{"href":"https:\/\/sisu.ut.ee\/fahm1\/wp-json\/wp\/v2\/pages\/8","targetHints":{"allow":["GET"]}}],"collection":[{"href":"https:\/\/sisu.ut.ee\/fahm1\/wp-json\/wp\/v2\/pages"}],"about":[{"href":"https:\/\/sisu.ut.ee\/fahm1\/wp-json\/wp\/v2\/types\/page"}],"author":[{"embeddable":true,"href":"https:\/\/sisu.ut.ee\/fahm1\/wp-json\/wp\/v2\/users\/44"}],"replies":[{"embeddable":true,"href":"https:\/\/sisu.ut.ee\/fahm1\/wp-json\/wp\/v2\/comments?post=8"}],"version-history":[{"count":4,"href":"https:\/\/sisu.ut.ee\/fahm1\/wp-json\/wp\/v2\/pages\/8\/revisions"}],"predecessor-version":[{"id":691,"href":"https:\/\/sisu.ut.ee\/fahm1\/wp-json\/wp\/v2\/pages\/8\/revisions\/691"}],"wp:attachment":[{"href":"https:\/\/sisu.ut.ee\/fahm1\/wp-json\/wp\/v2\/media?parent=8"}],"curies":[{"name":"wp","href":"https:\/\/api.w.org\/{rel}","templated":true}]}}