{"id":11,"date":"2024-04-04T00:11:20","date_gmt":"2024-04-03T21:11:20","guid":{"rendered":"https:\/\/sisu.ut.ee\/fahm1\/meist-meedias\/"},"modified":"2024-04-04T00:11:57","modified_gmt":"2024-04-03T21:11:57","slug":"meist-meedias","status":"publish","type":"page","link":"https:\/\/sisu.ut.ee\/fahm1\/meist-meedias\/","title":{"rendered":"Meist meedias"},"content":{"rendered":"<p>\n\tKliimamuutuste m\u00f5ju taimedele (P\u00fcramiidi tipus, <span class=\"entry-date\">21. m\u00e4rts 2013<\/span>)<br><a href=\"http:\/\/youtu.be\/UvhjwyPc35g?t=19m4s\">http:\/\/youtu.be\/UvhjwyPc35g?t=19m4s<\/a>\n<\/p>\n<p>\n\t\u00a0\n<\/p>\n<p>\n\t<a href=\"http:\/\/www.ajaleht.ut.ee\/594812\">\u00a0<\/a><\/p>\n","protected":false},"excerpt":{"rendered":"<p>Kliimamuutuste m\u00f5ju taimedele (P\u00fcramiidi tipus, 21. m\u00e4rts 2013)http:\/\/youtu.be\/UvhjwyPc35g?t=19m4s \u00a0 \u00a0<\/p>\n","protected":false},"author":44,"featured_media":0,"parent":0,"menu_order":0,"comment_status":"closed","ping_status":"closed","template":"","meta":{"_acf_changed":false,"inline_featured_image":false,"footnotes":""},"class_list":["post-11","page","type-page","status-publish","hentry"],"acf":[],"_links":{"self":[{"href":"https:\/\/sisu.ut.ee\/fahm1\/wp-json\/wp\/v2\/pages\/11","targetHints":{"allow":["GET"]}}],"collection":[{"href":"https:\/\/sisu.ut.ee\/fahm1\/wp-json\/wp\/v2\/pages"}],"about":[{"href":"https:\/\/sisu.ut.ee\/fahm1\/wp-json\/wp\/v2\/types\/page"}],"author":[{"embeddable":true,"href":"https:\/\/sisu.ut.ee\/fahm1\/wp-json\/wp\/v2\/users\/44"}],"replies":[{"embeddable":true,"href":"https:\/\/sisu.ut.ee\/fahm1\/wp-json\/wp\/v2\/comments?post=11"}],"version-history":[{"count":1,"href":"https:\/\/sisu.ut.ee\/fahm1\/wp-json\/wp\/v2\/pages\/11\/revisions"}],"predecessor-version":[{"id":63,"href":"https:\/\/sisu.ut.ee\/fahm1\/wp-json\/wp\/v2\/pages\/11\/revisions\/63"}],"wp:attachment":[{"href":"https:\/\/sisu.ut.ee\/fahm1\/wp-json\/wp\/v2\/media?parent=11"}],"curies":[{"name":"wp","href":"https:\/\/api.w.org\/{rel}","templated":true}]}}