{"id":817,"date":"2026-02-19T14:53:10","date_gmt":"2026-02-19T12:53:10","guid":{"rendered":"https:\/\/sisu.ut.ee\/exohost\/?page_id=817"},"modified":"2026-02-19T16:23:26","modified_gmt":"2026-02-19T14:23:26","slug":"uuri-lisaks","status":"publish","type":"page","link":"https:\/\/sisu.ut.ee\/exohost\/uuri-lisaks\/","title":{"rendered":"Uuri lisaks"},"content":{"rendered":"<nav class=\"has-text-color has-primary-color has-background has-light-background-color has-large-font-size is-responsive items-justified-center wp-block-navigation is-content-justification-center is-layout-flex wp-container-core-navigation-is-layout-16018d1d wp-block-navigation-is-layout-flex\" aria-label=\"About public menu\" data-wp-interactive=\"core\/navigation\" data-wp-context='{\"overlayOpenedBy\":{\"click\":false,\"hover\":false,\"focus\":false},\"type\":\"overlay\",\"roleAttribute\":\"\",\"ariaLabel\":\"Menu\"}'><button aria-haspopup=\"dialog\" aria-label=\"Open menu\" class=\"wp-block-navigation__responsive-container-open\" data-wp-on--click=\"actions.openMenuOnClick\" data-wp-on--keydown=\"actions.handleMenuKeydown\"><svg width=\"24\" height=\"24\" xmlns=\"http:\/\/www.w3.org\/2000\/svg\" viewbox=\"0 0 24 24\" aria-hidden=\"true\" focusable=\"false\"><path d=\"M4 7.5h16v1.5H4z\"><\/path><path d=\"M4 15h16v1.5H4z\"><\/path><\/svg><\/button>\n\t\t\t\t<div class=\"wp-block-navigation__responsive-container\" id=\"modal-1\" data-wp-class--has-modal-open=\"state.isMenuOpen\" data-wp-class--is-menu-open=\"state.isMenuOpen\" data-wp-watch=\"callbacks.initMenu\" data-wp-on--keydown=\"actions.handleMenuKeydown\" data-wp-on--focusout=\"actions.handleMenuFocusout\" tabindex=\"-1\">\n\t\t\t\t\t<div class=\"wp-block-navigation__responsive-close\" tabindex=\"-1\">\n\t\t\t\t\t\t<div class=\"wp-block-navigation__responsive-dialog\" data-wp-bind--aria-modal=\"state.ariaModal\" data-wp-bind--aria-label=\"state.ariaLabel\" data-wp-bind--role=\"state.roleAttribute\">\n\t\t\t\t\t\t\t<button aria-label=\"Close menu\" class=\"wp-block-navigation__responsive-container-close\" data-wp-on--click=\"actions.closeMenuOnClick\"><svg xmlns=\"http:\/\/www.w3.org\/2000\/svg\" viewbox=\"0 0 24 24\" width=\"24\" height=\"24\" aria-hidden=\"true\" focusable=\"false\"><path d=\"m13.06 12 6.47-6.47-1.06-1.06L12 10.94 5.53 4.47 4.47 5.53 10.94 12l-6.47 6.47 1.06 1.06L12 13.06l6.47 6.47 1.06-1.06L13.06 12Z\"><\/path><\/svg><\/button>\n\t\t\t\t\t\t\t<div class=\"wp-block-navigation__responsive-container-content\" data-wp-watch=\"callbacks.focusFirstElement\" id=\"modal-1-content\">\n\t\t\t\t\t\t\t\t<ul class=\"wp-block-navigation__container has-text-color has-primary-color has-background has-light-background-color has-large-font-size is-responsive items-justified-center wp-block-navigation has-large-font-size\"><li class=\"has-large-font-size wp-block-navigation-item wp-block-navigation-link\"><a class=\"wp-block-navigation-item__content\" href=\"https:\/\/sisu.ut.ee\/exohost\/in-english\/\"><span class=\"wp-block-navigation-item__label\">In English<\/span><\/a><\/li><li class=\"has-large-font-size wp-block-navigation-item wp-block-navigation-link\"><a class=\"wp-block-navigation-item__content\" href=\"https:\/\/sisu.ut.ee\/exohost\/eesti-keeles\/\"><span class=\"wp-block-navigation-item__label\">Eesti keeles<\/span><\/a><\/li><li class=\"has-large-font-size wp-block-navigation-item wp-block-navigation-link\"><a class=\"wp-block-navigation-item__content\" href=\"https:\/\/sisu.ut.ee\/exohost\/uuri-lisaks\/\"><span class=\"wp-block-navigation-item__label\">Uuri lisaks<\/span><\/a><\/li><\/ul>\n\t\t\t\t\t\t\t<\/div>\n\t\t\t\t\t\t<\/div>\n\t\t\t\t\t<\/div>\n\t\t\t\t<\/div><\/nav>\n\n\n<div style=\"height:16px\" aria-hidden=\"true\" class=\"wp-block-spacer\"><\/div>\n\n\n\n<p>Lugemiseks<\/p>\n\n\n\n<ul class=\"wp-block-list\">\n<li>Laurits Leedj\u00e4rv kirjutas Maalehe ajalehte artikli <a href=\"https:\/\/maaleht.delfi.ee\/artikkel\/120146168\/rahvuslik-ja-rahvusvaheline-taheteadus\" data-type=\"link\" data-id=\"https:\/\/maaleht.delfi.ee\/artikkel\/120146168\/rahvuslik-ja-rahvusvaheline-taheteadus\">\u201cRahvuslik ja rahvusvaheline t\u00e4heteadus\u201d<\/a>, 23.02.2023<\/li>\n\n\n\n<li>Giovanna Tinetti andis intervjuu eksoplaneetidest Novaatori portaalis <a href=\"https:\/\/novaator.err.ee\/1609325826\/planeedikutt-maavaline-elu-voib-oilmitseda-ka-eksootilise-keemiaga-planeedil\" data-type=\"link\" data-id=\"https:\/\/novaator.err.ee\/1609325826\/planeedikutt-maavaline-elu-voib-oilmitseda-ka-eksootilise-keemiaga-planeedil\">\u201cPlaneedik\u00fctt: maav\u00e4line elu v\u00f5ib \u00f5ilmitseda ka eksootilise keemiaga planeedil\u201d<\/a>. 27.04.2024<\/li>\n\n\n\n<li>Laurits Leedj\u00e4rv kirjutas artikli eksoplaneetidest ja nende emat\u00e4htedest ajakirjas Akadeemia <a href=\"https:\/\/www.akad.ee\/issues\/2024-07\/\" data-type=\"link\" data-id=\"https:\/\/www.akad.ee\/issues\/2024-07\/\">\u201cElu parimas v\u00f5imalikus maailmas\u201d<\/a>. Juuli 2024.<\/li>\n<\/ul>\n\n\n\n<p>Kuulamiseks<\/p>\n\n\n\n<ul class=\"wp-block-list\">\n<li>Laurits Leedj\u00e4rv r\u00e4\u00e4kis eksoplaneetide ja nende emat\u00e4htede uurimisest ja seost EXOHOSTi projektiga\u00a0<a href=\"https:\/\/vikerraadio.err.ee\/1608890960\/labor-kahjulik-metsastus-ematahed\/9b51902d074237b3cbdc5beae27f2f57\">raadio saates Labor<\/a>. 05.03.2023<\/li>\n\n\n\n<li>Laurits Leedj\u00e4rv r\u00e4\u00e4kis eksoplaneetidest, EXOHOSTi projektist ja ESA Ariel missioonist\u00a0<a href=\"https:\/\/kuku.pleier.ee\/podcast\/kuue-samba-taga\/190641\">Radio Kuku saates \u201cKuue samba taga\u201d<\/a>. 10.02.2025<\/li>\n\n\n\n<li>Laurits Leedj\u00e4rv andis intervjuu EXOHOSTI projektist ja selle l\u00f5pukonverentsist\u00a0<a href=\"https:\/\/kuku.pleier.ee\/podcast\/kuku-parastlouna\/234000\">Raadios Kuku<\/a>. 15.10.2025<\/li>\n\n\n\n<li>EXOHOSTI l\u00f5pukonverentsi osaleja Mari-Liis Aru andis intervjuu\u00a0<a href=\"https:\/\/vikerraadio.err.ee\/1609821313\/labor-planeedi-tekke-ketas\/7f4cf5fe326a8ac52a61e793a6e00d86\">raadiosaates Labor<\/a>\u00a0oma teadust\u00f6\u00f6st selles valdkonnas. 19.10.2025<\/li>\n\n\n\n<li>Laurits Leedj\u00e4rv andis intervjuu EXOHOSTi projektist ja selle l\u00f5pukonverentsist Vikerraadio\u00a0<a href=\"https:\/\/vikerraadio.err.ee\/1609827847\/labor-joukus-paistab-kosmosse\/93558bf171a0d3005e5d3594237e2c77\">radiosaates Labor<\/a>. 26.10.2025<\/li>\n<\/ul>\n\n\n\n<p>Vaatamiseks<\/p>\n\n\n\n<ul class=\"wp-block-list\">\n<li>Alexandra Lehtmets andis 2 loengut Tartu \u00dclikooli Astrobioloogia kursusel  \u2013\u00a0<a href=\"https:\/\/doi.org\/10.5281\/zenodo.17201061\">Esitlus<\/a><\/li>\n\n\n\n<li>Mihkel Kama andis\u00a0<a href=\"https:\/\/novaator.err.ee\/1609320543\/linnutee-galaktikas-tekib-igal-aastal-vahemalt-uks-uus-eksoplaneet\">intervjuu ERR-i hommikusaates<\/a>\u00a0 eksoplaneetide uurimisest. 22.04.2024<\/li>\n\n\n\n<li>Alexandra Lehtmets andis esitluse Astronoomiafestivalil \u201cKui l\u00e4hedal me oleme tulnukate leidmisele?\u201d, 12.08.2024 \u2013 <a href=\"https:\/\/doi.org\/10.5281\/zenodo.17200018\">Esitlus<\/a><\/li>\n\n\n\n<li>Anna Aret andis\u00a0<a href=\"https:\/\/jupiterpluss.err.ee\/1609452926\/tartuskaja-observatorija-otmechaet-60-letie\">intervjuu ERR+ hommikusaates<\/a>\u00a0eksoplaneetidest ja EXOHOST projektist (vene keeles). 13.09.2024<\/li>\n\n\n\n<li>Alexandra Lehtmets r\u00e4\u00e4kis eksoplaneetide leidmisest Barlova Teadus\u00f5htul, 10.02.2025 \u2013\u00a0<a href=\"https:\/\/doi.org\/10.5281\/zenodo.17200663\">Esitlus<\/a><\/li>\n\n\n\n<li>Alexandra Lehtmets r\u00e4\u00e4kis Teadlaste \u00d6\u00f6l eksoplaneetide loomaaiast, 27.09.2024 \u2013\u00a0<a href=\"https:\/\/doi.org\/10.5281\/zenodo.17200482\">Esitlus<\/a><\/li>\n<\/ul>\n\n\n\n<p><\/p>\n","protected":false},"excerpt":{"rendered":"<p>Lugemiseks Kuulamiseks Vaatamiseks<\/p>\n","protected":false},"author":864,"featured_media":0,"parent":0,"menu_order":0,"comment_status":"closed","ping_status":"closed","template":"","meta":{"_acf_changed":false,"inline_featured_image":false,"footnotes":""},"class_list":["post-817","page","type-page","status-publish","hentry"],"acf":[],"_links":{"self":[{"href":"https:\/\/sisu.ut.ee\/exohost\/wp-json\/wp\/v2\/pages\/817","targetHints":{"allow":["GET"]}}],"collection":[{"href":"https:\/\/sisu.ut.ee\/exohost\/wp-json\/wp\/v2\/pages"}],"about":[{"href":"https:\/\/sisu.ut.ee\/exohost\/wp-json\/wp\/v2\/types\/page"}],"author":[{"embeddable":true,"href":"https:\/\/sisu.ut.ee\/exohost\/wp-json\/wp\/v2\/users\/864"}],"replies":[{"embeddable":true,"href":"https:\/\/sisu.ut.ee\/exohost\/wp-json\/wp\/v2\/comments?post=817"}],"version-history":[{"count":9,"href":"https:\/\/sisu.ut.ee\/exohost\/wp-json\/wp\/v2\/pages\/817\/revisions"}],"predecessor-version":[{"id":851,"href":"https:\/\/sisu.ut.ee\/exohost\/wp-json\/wp\/v2\/pages\/817\/revisions\/851"}],"wp:attachment":[{"href":"https:\/\/sisu.ut.ee\/exohost\/wp-json\/wp\/v2\/media?parent=817"}],"curies":[{"name":"wp","href":"https:\/\/api.w.org\/{rel}","templated":true}]}}