{"id":483,"date":"2025-09-18T14:59:56","date_gmt":"2025-09-18T11:59:56","guid":{"rendered":"https:\/\/sisu.ut.ee\/exohost\/?page_id=483"},"modified":"2026-04-07T15:29:12","modified_gmt":"2026-04-07T12:29:12","slug":"publications","status":"publish","type":"page","link":"https:\/\/sisu.ut.ee\/exohost\/publications\/","title":{"rendered":"Publications"},"content":{"rendered":"<p><\/p>\n\n\n\n<p>* \u2013 preprint<\/p>\n\n\n\n<p><strong>The Tartu Observatory fiber-fed Echelle Spectrograph (TOFES) Data Reduction Pipeline<\/strong><br><strong>Sandipan P. D. Borthakur<\/strong>, <strong>T\u00f5nis Eenm\u00e4e<\/strong>, <strong>Nikolai Piskunov<\/strong>, <strong>Luca Fossati<\/strong>, <strong>Mihkel Kama<\/strong>, Thomas Marquart, <strong>Anni Kasikov<\/strong>, <strong>Heleri Ramler<\/strong>, <strong>Anna Aret<\/strong>, <strong>Christiane Helling<\/strong>, <strong>Laurits Leedj\u00e4rv<\/strong>, and <strong>Linn Boldt-Christmas<\/strong><br><em>Submitted to Publications of the Astronomical Society of the Pacific*<\/em><\/p>\n\n\n\n<p><strong><a href=\"https:\/\/ui.adsabs.harvard.edu\/abs\/2025arXiv251114407K\/abstract\" data-type=\"link\" data-id=\"https:\/\/ui.adsabs.harvard.edu\/abs\/2025arXiv251114407K\/abstract\">ExoClock Project IV: A homogeneous catalogue of 620 updated exoplanet ephemerides<\/a><\/strong><br>Kokori, A.; Tsiaras, A.; Pantelidou, G.; Jones, A.; Siakas, A.; Edwards, B.; <strong>Tinetti, G.<\/strong>; W\u00fcnsche, A.; Jongen, Y.; Libotte, F.; Correa, M.; Mugnai, L. V.; Bocchieri, A.; Capildeo, A. R.; Poultourtzidis, E.; Sidiropoulos, C.; Bewersdorff, L.; Lekkas, G.; Grivas, G.; Buckland, R. A.; <em>et al.<\/em> (<strong>Eenm\u00e4e, T<\/strong>)<br>The Astrophysical Journal Supplement Series, Volume 283, Issue 1, id.5, 27 pp.<br><em>March 2026<\/em><\/p>\n\n\n\n<p><strong><a href=\"https:\/\/ui.adsabs.harvard.edu\/abs\/2026arXiv260100663H\/abstract\" data-type=\"link\" data-id=\"https:\/\/ui.adsabs.harvard.edu\/abs\/2026arXiv260100663H\/abstract\">Activity correlation and temporal variation of small-scale magnetic fields on young Sun-like stars<\/a><\/strong><br>Hahlin, A.; Zaire, B.; <strong>Folsom, C. P<\/strong>.; Al Moulla, K.; Lavail, A.<br>Astronomy &amp; Astrophysics, Volume 706, A138<br><em>February 2026<\/em><\/p>\n\n\n\n<p><strong><a href=\"https:\/\/ui.adsabs.harvard.edu\/abs\/2026ApJ...997..268B\/abstract\" data-type=\"link\" data-id=\"https:\/\/ui.adsabs.harvard.edu\/abs\/2026ApJ...997..268B\/abstract\">Discovery of a Rapidly Evolving Global Magnetic Field in the M Dwarf YZ Cet and Constraints on the Magnetic Field of Its Planet YZ Cet b<\/a><\/strong><br>Biswas, Ayan; <strong>Folsom, Colin P.<\/strong>; Barron, James A.; Wade, Gregg A.; Bellotti, Stefano; Trigilio, Corrado<br>The Astrophysical Journal, Volume 997, Issue 2<br><em>February 2026<\/em><\/p>\n\n\n\n<p><strong><a href=\"https:\/\/ui.adsabs.harvard.edu\/abs\/2025arXiv251201474L\/abstract\" data-type=\"link\" data-id=\"https:\/\/ui.adsabs.harvard.edu\/abs\/2025arXiv251201474L\/abstract\">Investigating Circumstellar Atomic Radiation-driven Dynamics<\/a><\/strong><br><strong>Lehtmets, A.<\/strong>; <strong>Kama, M.<\/strong>; <strong>Fossati, L.<\/strong>; <strong>Aret, A.<\/strong><br>Astronomische Nachrichten Volume 347, Issue 2 \u2013 <a href=\"https:\/\/onlinelibrary.wiley.com\/doi\/full\/10.1002\/asna.70071\" data-type=\"link\" data-id=\"https:\/\/onlinelibrary.wiley.com\/doi\/epdf\/10.1002\/asna.70071?domain=author&amp;token=96DJ5CEZAHTIGKNVKGF9\">Article<\/a><br><em>February 2026<\/em><\/p>\n\n\n\n<p><strong><a href=\"https:\/\/ui.adsabs.harvard.edu\/abs\/2025arXiv251215345C\/abstract\" data-type=\"link\" data-id=\"https:\/\/ui.adsabs.harvard.edu\/abs\/2025arXiv251215345C\/abstract\">Photometric and spectroscopic variability of the blue supergiant rho Leo<\/a><\/strong><br><strong>Checha, V. A<\/strong>.; <strong>Aret, A<\/strong>.; <strong>Kolka, I<\/strong>.; <strong>Liimets, T<\/strong>.; Araya, I.; Christen, A.; Avila Mar\u00edn, G. F.; Levenhagen, R. S.; Cidale, L.; <strong>Eenm\u00e4e, T<\/strong>.; Hajiyeva, G.; Kivila, \u00dc.; <strong>Mitrokhina, V.<\/strong>; <strong>Ramler, H<\/strong>.; Verro, T.<br>Astronomy &amp; Astrophysics, 706, A200 \u2013 <a href=\"https:\/\/doi.org\/10.1051\/0004-6361\/202556042\" data-type=\"link\" data-id=\"https:\/\/doi.org\/10.1051\/0004-6361\/202556042\">Article<\/a><br><em>February 2026<\/em><\/p>\n\n\n\n<p><strong><a href=\"https:\/\/ui.adsabs.harvard.edu\/abs\/2026arXiv260202122L\/abstract\" data-type=\"link\" data-id=\"https:\/\/ui.adsabs.harvard.edu\/abs\/2026arXiv260202122L\/abstract\">Theoretical investigation of transition data of astrophysical importance in neutral sulphur<\/a><\/strong><br>Li, W.; <strong>Amarsi, A. M<\/strong>.; J\u00f6nsson, P.<br><em>February 2026*<\/em><\/p>\n\n\n\n<p><a href=\"https:\/\/ui.adsabs.harvard.edu\/abs\/2025arXiv251121853P\/abstract\" data-type=\"link\" data-id=\"https:\/\/ui.adsabs.harvard.edu\/abs\/2025arXiv251121853P\/abstract\"><strong>Evaluating Star-Planet Interactions with Zeeman Doppler Imaging: Case Study in YZ Ceti<\/strong><\/a><br>Pineda, J. Sebastian; Bellotti, Stefano; Villadsen, Jackie; Vidotto, Aline; Morin, Julien; <strong>Folsom, Colin P.<\/strong><br>The Astrophysical Journal, Volume 997, Number 2<br><em>February 2026<\/em><\/p>\n\n\n\n<p><strong><a href=\"https:\/\/ui.adsabs.harvard.edu\/abs\/2026arXiv260110508S\/abstract\" data-type=\"link\" data-id=\"https:\/\/ui.adsabs.harvard.edu\/abs\/2026arXiv260110508S\/abstract\">sponchpop II: Population Synthesis to Investigate Volatile Sulfur as a Fingerprint of Gas Giant Formation Histories<\/a><\/strong><br>Sommerville-Thomas, Anna; <strong>Kama, Mihkel<\/strong>; Shottle, Oliver; Ran, Jason<br><em>January 2026*<\/em><\/p>\n\n\n\n<p><a href=\"https:\/\/ui.adsabs.harvard.edu\/abs\/2025arXiv251214897B\/abstract\" data-type=\"link\" data-id=\"https:\/\/ui.adsabs.harvard.edu\/abs\/2025arXiv251214897B\/abstract\"><strong>Portrait of a Galaxy on FIRE: Is the \u03b1-bimodality a natural consequence of inside-out disc growth in a hierarchical formation scenario?<\/strong><\/a><br>Benito, Mar\u00eda; Aavik, Annaliina; Battaglia, Giuseppina; Cardona-Barrero, Salvador; Evestus, Ele-Liis; Fern\u00e1ndez-Alvar, Emma; P\u00f5der, Sven; <strong>Ramler, Heleri<\/strong>; Deshev, Boris; Tempel, Elmo<br><em>December 2025<\/em>*<\/p>\n\n\n\n<p><strong><a href=\"https:\/\/ui.adsabs.harvard.edu\/abs\/2025arXiv251114243L\/abstract\" data-type=\"link\" data-id=\"https:\/\/ui.adsabs.harvard.edu\/abs\/2025arXiv251114243L\/abstract\">Newborn jet in the symbiotic system R Aquarii<\/a><\/strong><br><strong>Liimets, T<\/strong>.; Banerjee, D. P. K.; Santander-Garc\u00eda, M.; Alcolea, J.; Howell, S. B.; Munari, U.; Deshev, B.; Woodward, C. E.; Evans, A.; Furlan, E.; Geballe, T.; Gehrz, R. D.; Joshi, V.; Scott, N.; Starrfield, S.<br>Astronomy &amp; Astrophysics, 704, L11 (2025)<br><em>December 2025<\/em><\/p>\n\n\n\n<p><strong><a href=\"https:\/\/ui.adsabs.harvard.edu\/abs\/2025arXiv250905225A\/abstract\" data-type=\"link\" data-id=\"https:\/\/ui.adsabs.harvard.edu\/abs\/2025arXiv250905225A\/abstract\">The solar sulphur abundance in view of large-scale atomic structure calculations and 3D non-LTE models<\/a><\/strong><br><strong>Amarsi, A. M.<\/strong>; Li, W.; Grevesse, N.; Jurewicz, A. J. G.<br>Astronomy &amp; Astrophysics, 703, A35 (2025)<br><em>November 2025<\/em><\/p>\n\n\n\n<p><strong><a href=\"https:\/\/ui.adsabs.harvard.edu\/abs\/2025arXiv251016691M\/abstract\" data-type=\"link\" data-id=\"https:\/\/ui.adsabs.harvard.edu\/abs\/2025arXiv251016691M\/abstract\">Abundance Analysis of Chemically Depleted Post-AGB\/Post-RGB Binaries with Faint Discs<\/a><\/strong><br>Mohorian, Maksym; Kamath, Devika; Menon, Meghna; Van Winckel, Hans; Jian, Mingjie; <strong>Amarsi, Anish M.<\/strong>; Andrych, Kateryna<br>The Astronomical Society of Australia, Volume 42, id.e151, 20 pp.<br><em>October 2025<\/em><\/p>\n\n\n\n<p><strong><a href=\"https:\/\/ui.adsabs.harvard.edu\/abs\/2025MNRAS.tmp..849K\/abstract\" data-type=\"link\" data-id=\"https:\/\/ui.adsabs.harvard.edu\/abs\/2025MNRAS.tmp..849K\/abstract\">Refractory phosphorus in the HD 100546 protoplanetary disk<\/a><\/strong><br><strong>Kama, Mihkel<\/strong>; Shorttle, Oliver; <strong>Borthakur, Sandipan P. D.<\/strong>; Keyte, Luke; Bergner, Jennifer B.; <strong>Fossati, Luca<\/strong>; <strong>Folsom, Colin P.<\/strong>; <strong>Ramler, Heleri<\/strong><br>Monthly Notices of the Royal Astronomical Society, Volume 542, Issue 4, October 2025, Pages 3402\u20133412<br><em>October 2025<\/em><\/p>\n\n\n\n<p><strong><a href=\"https:\/\/ui.adsabs.harvard.edu\/abs\/2025arXiv250813348B\/abstract\" data-type=\"link\" data-id=\"https:\/\/ui.adsabs.harvard.edu\/abs\/2025arXiv250813348B\/abstract\">Stable magnetic fields and changing starspots on Vega \u2014 An ultra-deep decadal survey at Pic du Midi and OHP<\/a><\/strong><br>B\u00f6hm, T.; Holschneider, M.; Petit, P.; Ligni\u00e8res, F.; Paletou, F. ; <strong>Folsom, C. P.<\/strong>; Rainer, M.<br>Astronomy &amp; Astrophysics, 702, A19 (2025)<br><em>October 2025<\/em><\/p>\n\n\n\n<p><a href=\"https:\/\/ui.adsabs.harvard.edu\/abs\/2025arXiv250902152G\/abstract\" data-type=\"link\" data-id=\"https:\/\/ui.adsabs.harvard.edu\/abs\/2025arXiv250902152G\/abstract\"><strong>PIMMS: Pulsation-Informed Magnetic Mapping of Stars with Zeeman-Doppler Imaging I. Formalism and numerical tests<\/strong><\/a><br>Gutteridge, C.; Neiner, C.; Catala, C.; <strong>Folsom, C. P.<\/strong><br><em>September 2025<\/em>*<\/p>\n\n\n\n<p><strong><a href=\"https:\/\/ui.adsabs.harvard.edu\/abs\/2025MNRAS.542.1318S\/abstract\" data-type=\"link\" data-id=\"https:\/\/ui.adsabs.harvard.edu\/abs\/2025MNRAS.542.1318S\/abstract\">The magnetic and spin-down properties of slowly rotating fully convective M dwarfs<\/a><\/strong><br>See, Victor; Amard, Louis; Bellotti, Stefano; Boro Saikia, Sudeshna; Brown, Emma L.; Donati, Jean-Francois; Fares, Rim; Finley, Adam J.; <strong>Folsom, Colin P.<\/strong>; H\u00e9brard, \u00c9lodie M.; Jardine, Moira M.; Jeffers, Sandra V.; Klein, Baptiste; Lehmann, Lisa T.; Marsden, Stephen C.; Matt, Sean P.; Mengel, Matthew W.; Morin, Julien; Petit, Pascal; Smith, Katelyn; Vidotto, Aline A.; Waite, Ian A.<br>Monthly Notices of the Royal Astronomical Society, Volume 542, Issue 2, September 2025, Pages 1318\u20131330<br><em>September 2025<\/em><\/p>\n\n\n\n<p><strong><a href=\"https:\/\/ui.adsabs.harvard.edu\/abs\/2025A%26A...700A.127C\/abstract\" data-type=\"link\" data-id=\"https:\/\/ui.adsabs.harvard.edu\/abs\/2025A%26A...700A.127C\/abstract\">The peculiar composition of the Sun is not related to giant planets<\/a><\/strong><br>Carlos, M.; <strong>Amarsi, A. M<\/strong>.; Nissen, P. E.; Canocchi, G.<br>Astronomy &amp; Astrophysics, 700, A127 (2025)<br><em>August 2025<\/em><\/p>\n\n\n\n<p><strong><a href=\"https:\/\/ui.adsabs.harvard.edu\/abs\/2025MNRAS.541.2830C\/abstract\" data-type=\"link\" data-id=\"https:\/\/ui.adsabs.harvard.edu\/abs\/2025MNRAS.541.2830C\/abstract\">Planet-induced gas and dust substructure feedbacks on disc thermal structure<\/a><\/strong><br>Chen, Kan; Pinilla, Paola; <strong>Kama, Mihkel<\/strong><br>Monthly Notices of the Royal Astronomical Society, Volume 541, Issue 4, August 2025, Pages 2830\u20132842<br><em>August 2025<\/em><\/p>\n\n\n\n<p><strong><a href=\"https:\/\/ui.adsabs.harvard.edu\/abs\/2025A%26A...700A.282B\/abstract\" data-type=\"link\" data-id=\"https:\/\/ui.adsabs.harvard.edu\/abs\/2025A%26A...700A.282B\/abstract\">Evolving magnetic lives of Sun-like stars: I. Characterisation of the large-scale magnetic field with Zeeman-Doppler imaging<\/a><\/strong><br>Bellotti, S.; L\u00fcftinger, T.; Boro Saikia, S.; <strong>Folsom, C. P.<\/strong>; Petit, P.; Morin, J.; G\u00fcdel, M.; Donati, J. -F.; Alecian, E.<br>Astronomy &amp; Astrophysics, 700, A282 (2025)<br><em>August 2025<\/em><\/p>\n\n\n\n<p><strong><a href=\"https:\/\/ui.adsabs.harvard.edu\/abs\/2025A%26A...699A.186F\/abstract\" data-type=\"link\" data-id=\"https:\/\/ui.adsabs.harvard.edu\/abs\/2025A%26A...699A.186F\/abstract\">Non-local thermodynamical equilibrium atmospheric modelling of the ultra-hot Jupiter WASP-178b and comparison with UV and optical observations<\/a><\/strong><br><strong>Fossati, L.<\/strong>; Sreejith, A. G.; Koskinen, T.; Bonfanti, A.; Shulyak, D.; Borsa, F.; <strong>Borthakur, S. P. D.<\/strong>; Cubillos, P. E.; Young, M. E.<br>Astronomy &amp; Astrophysics, 699, A186 (2025)<br><em>July 2025<\/em><\/p>\n\n\n\n<p><strong><a href=\"https:\/\/ui.adsabs.harvard.edu\/abs\/2025arXiv250518476F\/abstract\" data-type=\"link\" data-id=\"https:\/\/ui.adsabs.harvard.edu\/abs\/2025arXiv250518476F\/abstract\">SpecpolFlow: a new software package for spectropolarimetry using Python<\/a><\/strong><br><strong>Folsom, Colin P.<\/strong>; Erba, Christiana; Petit, Veronique; Seadrow, Shaquann; Stanley, Patrick; Natan, Tali; Zaire, Bonnie; Oksala, Mary E.; Villadiego Forero, Federico; Moore, Robin; Catalan Olais, Marisol<br>Journal of Open Source Software, vol. 10, issue 111, id. 7891<br><em>July 2025<\/em><\/p>\n\n\n\n<p><strong><a href=\"https:\/\/ui.adsabs.harvard.edu\/abs\/2025A%26A...697A.102T\/abstract\" data-type=\"link\" data-id=\"https:\/\/ui.adsabs.harvard.edu\/abs\/2025A%26A...697A.102T\/abstract\">Ariel stellar characterisation: III. Fast rotators and new FGK stars in the Ariel mission candidate sample<\/a><\/strong><br>Tsantaki, M.; Magrini, L.; Danielski, C.; Bossini, D.; Turrini, D.; Moedas, N.; <strong>Folsom, C. P.<\/strong>; <strong>Ramler, H.<\/strong>; Biazzo, K.; Campante, T. L.; Delgado-Mena, E.; da Silva, R.; Sousa, S. G.; Benatti, S.; Casali, G.; He\u0142miniak, K. G.; Rainer, M.; Sanna, N.<br>Astronomy &amp; Astrophysics, 697, A102 (2025)<br><em>May 2025<\/em><\/p>\n\n\n\n<p><strong><a href=\"https:\/\/ui.adsabs.harvard.edu\/abs\/2025A%26A...697A..59B\/abstract\" data-type=\"link\" data-id=\"https:\/\/ui.adsabs.harvard.edu\/abs\/2025A%26A...697A..59B\/abstract\">Abundance analysis of stars hosting gas-rich debris discs<\/a><\/strong><br><strong>Borthakur, Sandipan P. D.<\/strong>; <strong>Kama, Mihkel<\/strong>; <strong>Fossati, Luca<\/strong>; Kral, Quentin; <strong>Folsom, Colin P.<\/strong>; Teske, Johanna; <strong>Aret, Anna<\/strong><br>Astronomy &amp; Astrophysics, 697, A59 (2025)<br><em>May 2025<\/em><\/p>\n\n\n\n<p><strong><a href=\"https:\/\/ui.adsabs.harvard.edu\/abs\/2025ApJ...982...89S\/abstract\" data-type=\"link\" data-id=\"https:\/\/ui.adsabs.harvard.edu\/abs\/2025ApJ...982...89S\/abstract\">Hydrodynamic Predictions for the Next Outburst of T Coronae Borealis: It Will Be the Brightest Classical or Recurrent Nova Ever Observed in X-Rays<\/a><\/strong><br>Starrfield, S.; Bose, M.; Woodward, C. E.; Iliadis, C.; Hix, W. R.; Evans, A.; Shaw, G.; Banerjee, D. P. K.; <strong>Liimets, T<\/strong>.; Page, K. L.; Geballe, T. R.; Ilyin, I.; Perron, I.; Wagner, R. M.<br>The Astrophysical Journal, Volume 982, Number 2<br><em>April 2025<\/em><\/p>\n\n\n\n<p><strong><a href=\"https:\/\/ui.adsabs.harvard.edu\/abs\/2025Galax..13...46K\/abstract\" data-type=\"link\" data-id=\"https:\/\/ui.adsabs.harvard.edu\/abs\/2025Galax..13...46K\/abstract\">Intermediate-Mass Mergers: A New Scenario for Several FS CMa Stars<\/a><\/strong><br>Kor\u010d\u00e1kov\u00e1, Daniela; Dvo\u0159\u00e1kov\u00e1, Nela; Bermejo Lozano, Iris; Wade, Gregg A.; Basurto, Alicia Moranchel; Kroupa, Pavel; Chametla, Raul Ortega; <strong>Folsom, Colin Peter<\/strong>; Juh\u00e1s, Ondrej<br>Galaxies, Volume 13, Issue 3, id.46<br><em>April 2025<\/em><\/p>\n\n\n\n<p><strong><a href=\"https:\/\/ui.adsabs.harvard.edu\/abs\/2025A%26A...694A.153K\/abstract\" data-type=\"link\" data-id=\"https:\/\/ui.adsabs.harvard.edu\/abs\/2025A%26A...694A.153K\/abstract\">Atmospheric dynamics of the hypergiant RW Cep during the Great Dimming<\/a><\/strong><br><strong>Kasikov, A.<\/strong>; <strong>Kolka, I.<\/strong>; <strong>Aret, A.<\/strong>; <strong>Eenm\u00e4e, T.<\/strong>; <strong>Borthakur, S. P. D.<\/strong>; <strong>Checha, V.<\/strong>; <strong>Mitrokhina, V.<\/strong>; Yang, S.<br>Astronomy &amp; Astrophysics, 694, A153 (2025)<br><em>February 2025<\/em><\/p>\n\n\n\n<p><strong><a href=\"https:\/\/ui.adsabs.harvard.edu\/abs\/2025A%26A...693A.269B\/abstract\" data-type=\"link\" data-id=\"https:\/\/ui.adsabs.harvard.edu\/abs\/2025A%26A...693A.269B\/abstract\">A BCool survey of stellar magnetic cycles<\/a><\/strong><br>Bellotti, S.; Petit, P.; Jeffers, S. V.; Marsden, S. C.; Morin, J.; Vidotto, A. A.; <strong>Folsom, C. P.<\/strong>; See, V.; do Nascimento, J. -D.<br>Astronomy &amp; Astrophysics, 693, A269 (2025)<br><em>January 2025<\/em><\/p>\n\n\n\n<p><strong><a href=\"https:\/\/ui.adsabs.harvard.edu\/abs\/2024ApJ...977...84E\/abstract\" data-type=\"link\" data-id=\"https:\/\/ui.adsabs.harvard.edu\/abs\/2024ApJ...977...84E\/abstract\">First Observation of the Complete Rotation Period of the Ultraslowly Rotating Magnetic O Star HD 54879<\/a><\/strong><br>Erba, C.; <strong>Folsom, C. P.<\/strong>; David-Uraz, A.; Wade, G. A.; Seadrow, S.; Bellotti, S.; <strong>Fossati, L.<\/strong>; Petit, V.; Shultz, M. E.<br>The Astrophysical Journal, Volume 977, Number 1<br><em>December 2024<\/em><\/p>\n\n\n\n<p><strong><a href=\"https:\/\/ui.adsabs.harvard.edu\/abs\/2024MNRAS.534.3576K\/abstract\" data-type=\"link\" data-id=\"https:\/\/ui.adsabs.harvard.edu\/abs\/2024MNRAS.534.3576K\/abstract\">Volatile composition of the HD 169142 disc and its embedded planet<\/a><\/strong><br>Keyte, Luke; <strong>Kama, Mihkel<\/strong>; Booth, Alice S.; Law, Charles J.; Leemker, Margot<br>Monthly Notices of the Royal Astronomical Society, Volume 534, Issue 4, November 2024, Pages 3576\u20133594<br><em>November 2024<\/em><\/p>\n\n\n\n<p><strong><a href=\"https:\/\/ui.adsabs.harvard.edu\/abs\/2024A%26A...688L..14B\/abstract\" data-type=\"link\" data-id=\"https:\/\/ui.adsabs.harvard.edu\/abs\/2024A%26A...688L..14B\/abstract\">Metal accretion scars may be common on magnetic, polluted white dwarfs<\/a><\/strong><br>Bagnulo, S.; Landstreet, J. D.; Farihi, J.; <strong>Folsom, C. P.<\/strong>; Hollands, M. A.; <strong>Fossati, L.<\/strong><br>Astronomy &amp; Astrophysics, 688, L14 (2024)<br><em>August 2024<\/em><\/p>\n\n\n\n<p><strong><a href=\"https:\/\/ui.adsabs.harvard.edu\/abs\/2024A%26A...686A.120U\/abstract\" data-type=\"link\" data-id=\"https:\/\/ui.adsabs.harvard.edu\/abs\/2024A%26A...686A.120U\/abstract\">Vertical and radial distribution of atomic carbon in HD 163296<\/a><\/strong><br>Urbina, F.; Miley, J.; <strong>Kama, M.<\/strong>; Keyte, L.<br>Astronomy &amp; Astrophysics, Volume 686, A120 (2024)<br><em>June 2024<\/em><\/p>\n\n\n\n<p><strong><a href=\"https:\/\/ui.adsabs.harvard.edu\/abs\/2024SSRv..220....9J\/abstract\" data-type=\"link\" data-id=\"https:\/\/ui.adsabs.harvard.edu\/abs\/2024SSRv..220....9J\/abstract\">The Comet Interceptor Mission<\/a><\/strong><br>Jones, Geraint H.; Snodgrass, Colin; Tubiana, Cecilia; K\u00fcppers, Michael; Kawakita, Hideyo; Lara, Luisa M.; Agarwal, Jessica; Andr\u00e9, Nicolas; Attree, Nicholas; Auster, Uli; Bagnulo, Stefano; Bannister, Michele; Beth, Arnaud; Bowles, Neil; Coates, Andrew; Colangeli, Luigi; Corral van Damme, Carlos; Da Deppo, Vania; De Keyser, Johan; Della Corte, Vincenzo; <em>et al.<\/em> (<strong>Kama, Mihkel<\/strong>)<br>Space Science Reviews, Volume 220, Issue 1, article id.9<br><em>January 2024<\/em><\/p>\n\n\n\n<p><strong><a href=\"https:\/\/ui.adsabs.harvard.edu\/abs\/2024MNRAS.527.2049C\/abstract\" data-type=\"link\" data-id=\"https:\/\/ui.adsabs.harvard.edu\/abs\/2024MNRAS.527.2049C\/abstract\">Planet gap-opening feedback on disc thermal structure and composition<\/a><\/strong><br>Chen, Kan; <strong>Kama, Mihkel<\/strong>; Pinilla, Paola; Keyte, Luke<br>Monthly Notices of the Royal Astronomical Society, Volume 527, Issue 2, January 2024, Pages 2049\u20132064<br><em>January 2024<\/em><\/p>\n\n\n\n<p><\/p>\n\n\n\n<p>Disclaimer: Funded by the European Union. Views and opinions expressed are however those of the author(s) only and do not necessarily reflect those of the European Union or the European Research Executive Agency (REA). Neither the European Union nor the granting authority can be held responsible for them.<\/p>\n\n\n\n<p><\/p>\n","protected":false},"excerpt":{"rendered":"<p>* \u2013 preprint The Tartu Observatory fiber-fed Echelle Spectrograph (TOFES) Data Reduction PipelineSandipan P. D. Borthakur, T\u00f5nis Eenm\u00e4e, Nikolai Piskunov, Luca Fossati, Mihkel Kama, Thomas Marquart, Anni Kasikov, Heleri Ramler, Anna Aret, Christiane Helling, Laurits Leedj\u00e4rv, and Linn Boldt-ChristmasSubmitted to &#8230;<\/p>\n","protected":false},"author":864,"featured_media":0,"parent":0,"menu_order":0,"comment_status":"closed","ping_status":"closed","template":"","meta":{"_acf_changed":false,"inline_featured_image":false,"footnotes":""},"class_list":["post-483","page","type-page","status-publish","hentry"],"acf":[],"_links":{"self":[{"href":"https:\/\/sisu.ut.ee\/exohost\/wp-json\/wp\/v2\/pages\/483","targetHints":{"allow":["GET"]}}],"collection":[{"href":"https:\/\/sisu.ut.ee\/exohost\/wp-json\/wp\/v2\/pages"}],"about":[{"href":"https:\/\/sisu.ut.ee\/exohost\/wp-json\/wp\/v2\/types\/page"}],"author":[{"embeddable":true,"href":"https:\/\/sisu.ut.ee\/exohost\/wp-json\/wp\/v2\/users\/864"}],"replies":[{"embeddable":true,"href":"https:\/\/sisu.ut.ee\/exohost\/wp-json\/wp\/v2\/comments?post=483"}],"version-history":[{"count":29,"href":"https:\/\/sisu.ut.ee\/exohost\/wp-json\/wp\/v2\/pages\/483\/revisions"}],"predecessor-version":[{"id":871,"href":"https:\/\/sisu.ut.ee\/exohost\/wp-json\/wp\/v2\/pages\/483\/revisions\/871"}],"wp:attachment":[{"href":"https:\/\/sisu.ut.ee\/exohost\/wp-json\/wp\/v2\/media?parent=483"}],"curies":[{"name":"wp","href":"https:\/\/api.w.org\/{rel}","templated":true}]}}