{"id":11,"date":"2024-04-04T08:36:49","date_gmt":"2024-04-04T05:36:49","guid":{"rendered":"https:\/\/sisu.ut.ee\/exohost\/research-management-workshop\/"},"modified":"2024-12-02T15:47:36","modified_gmt":"2024-12-02T13:47:36","slug":"research-management-workshop","status":"publish","type":"page","link":"https:\/\/sisu.ut.ee\/exohost\/research-management-workshop\/","title":{"rendered":"Research Management Workshop"},"content":{"rendered":"<p>Vienna, Austria + Zoom \/\u00a018-19 September\u00a02023<\/p>\n<p><strong><u>Schedule<\/u><\/strong>:<\/p>\n<p><strong>DAY 1<\/strong> (18\/09\/2023); Alte Burse (hybrid) Sonnenfelsgasse 19, 1010 Vienna<\/p>\n<ul>\n<li><u>Morning session<\/u>\n<ul>\n<li>10:00-11:00 Welcome to \u00d6AW: getting to know each other &amp; setting the scene<\/li>\n<li>11:00-12:15 <strong>Exchange on good practice amongst all institutions<\/strong>: Introduction to internal clearance of (EU) projects\/procedures &amp; pre-award services (Kimberly Cornfield UCL; Eric Stempels, UU, Karin Pai, UT; Stefan M\u00fchlbachler, \u00d6AW Thomas Brandl, \u00d6AW CeMM and all).<\/li>\n<\/ul>\n<\/li>\n<li>12:15-13:30 Networking lunch<\/li>\n<li><u>Afternoon session<\/u>\n<ul>\n<li>13:30-14:15\u00a0<strong>Exchange on good practice in innovation management<\/strong>: Introduction to internal procedures\u00a0(Martin Scott, UCL; Claudia Kitzm\u00fcller, \u00d6AW)<\/li>\n<li>14:30-15:00\u00a0<strong>Exchange on good practice regarding trainings<\/strong>\u00a0(Thomas Brandl, \u00d6AW-CeMM, Bedanna Bapuly, \u00d6AW and all)<\/li>\n<li>15:15-15:45\u00a0<strong>Exchange on good practice in financial issues<\/strong> (Barbara Hoflehner, Gudrun Krakhofer, \u00d6AW)<\/li>\n<li>15:45-16:15\u00a0Wrap-up and outlook (joined activities 2024); campus tour.<\/li>\n<\/ul>\n<\/li>\n<\/ul>\n<p><strong>DAY 2\u00a0<\/strong>(19\/09\/2023); Dachpavillon (hybrid on demand) Dr. Ignaz Seipel-Platz 2, 1010 Vienna<\/p>\n<ul>\n<li><u>Morning session<\/u>\n<ul>\n<li>9:00-09:50\u00a0<strong>Project management \u2013 financial controlling<\/strong>: Meet project managers &amp; financial officers\u00a0(Ilaria Marsili, Birgit Weihs-Dopfer, Elisabeth Huck, Gudrun Krakhofer, Inga Freund, Petra Schmutz)<\/li>\n<li>10:00-10:50\u00a0<strong>Gender &amp; diversity<\/strong>: Meet the Gender Equality and Diversity team members (Stefan M\u00fchlbachler, Matth\u00e4a Ritter-Wurnig, Anna Aret)<\/li>\n<li>11:00-11:45<strong>\u00a0Pre-award services<\/strong> (Bedanna Bapuly, Maria Grethe-Gulicova, Florian Neumayer)<\/li>\n<\/ul>\n<\/li>\n<li>12:00 Farewell &amp; Lunch<\/li>\n<\/ul>\n<p><em>Views and opinions expressed are however those of the author(s) only and do not necessarily reflect those of the European Union or European Research Executive Agency. Neither the European Union nor the granting authority can be held responsible for them.<\/em><\/p>\n","protected":false},"excerpt":{"rendered":"<p>Vienna, Austria + Zoom \/\u00a018-19 September\u00a02023 Schedule: DAY 1 (18\/09\/2023); Alte Burse (hybrid) Sonnenfelsgasse 19, 1010 Vienna Morning session 10:00-11:00 Welcome to \u00d6AW: getting to know each other &amp; setting the scene 11:00-12:15 Exchange on good practice amongst all institutions: &#8230;<\/p>\n","protected":false},"author":310,"featured_media":0,"parent":0,"menu_order":0,"comment_status":"closed","ping_status":"closed","template":"","meta":{"_acf_changed":false,"inline_featured_image":false,"footnotes":""},"class_list":["post-11","page","type-page","status-publish","hentry"],"acf":[],"_links":{"self":[{"href":"https:\/\/sisu.ut.ee\/exohost\/wp-json\/wp\/v2\/pages\/11","targetHints":{"allow":["GET"]}}],"collection":[{"href":"https:\/\/sisu.ut.ee\/exohost\/wp-json\/wp\/v2\/pages"}],"about":[{"href":"https:\/\/sisu.ut.ee\/exohost\/wp-json\/wp\/v2\/types\/page"}],"author":[{"embeddable":true,"href":"https:\/\/sisu.ut.ee\/exohost\/wp-json\/wp\/v2\/users\/310"}],"replies":[{"embeddable":true,"href":"https:\/\/sisu.ut.ee\/exohost\/wp-json\/wp\/v2\/comments?post=11"}],"version-history":[{"count":6,"href":"https:\/\/sisu.ut.ee\/exohost\/wp-json\/wp\/v2\/pages\/11\/revisions"}],"predecessor-version":[{"id":350,"href":"https:\/\/sisu.ut.ee\/exohost\/wp-json\/wp\/v2\/pages\/11\/revisions\/350"}],"wp:attachment":[{"href":"https:\/\/sisu.ut.ee\/exohost\/wp-json\/wp\/v2\/media?parent=11"}],"curies":[{"name":"wp","href":"https:\/\/api.w.org\/{rel}","templated":true}]}}