{"id":995,"date":"2024-04-03T23:40:38","date_gmt":"2024-04-03T20:40:38","guid":{"rendered":"https:\/\/sisu.ut.ee\/ewod\/mikita\/"},"modified":"2024-04-04T00:08:30","modified_gmt":"2024-04-03T21:08:30","slug":"mikita","status":"publish","type":"page","link":"https:\/\/sisu.ut.ee\/ewod\/m\/mikita\/","title":{"rendered":"Valdur Mikita"},"content":{"rendered":"<p><span style=\"font-family: verdana, geneva;font-size: medium\"><strong><a style=\"line-height: 1.6em\" href=\"https:\/\/sisu.ut.ee\/ewod\/m\/mikita\/poems\">Poems<\/a><\/strong><a href=\"\/wp-content\/uploads\/sites\/108\/valdur_mikita_2015.jpg\"><img loading=\"lazy\" decoding=\"async\" style=\"float: right\" class=\"region\" src=\"\/wp-content\/uploads\/sites\/108\/valdur_mikita_2015.jpg\" alt=\"Valdur Mikita\" width=\"200\" height=\"300\"><\/a><\/span><\/p>\n<p><span style=\"font-family: verdana, geneva;font-size: medium\"><a href=\"https:\/\/sisu.ut.ee\/ewod\/m\/mikita\/nonfiction\"><strong>Non-fiction<\/strong><\/a><\/span><\/p>\n<p><span style=\"font-family: verdana, geneva\">Valdur Mikita (b. 28. I 1970), writer and semiotician, was born in Suislepa village in Viljandimaa. He completed school there in 1985 and went on to study biology at the University of Tartu as an undergraduate. Mikita switched to semiotics for his post-graduate studies, completing his master\u2019s degree in 1994 with the thesis <em style=\"font-size: 13px\">Normid ja loov k\u00e4itumine. Harjutustik tavatu m\u00f5tlemise arendamiseks <\/em>(\u2018Norms and Creative Behavior. An Exercise Book To Develop Unconventional Thinking\u2019) and defending his doctoral dissertation <em style=\"font-size: 13px\">Kreatiivsusk\u00e4sitluste v\u00f5rdlus semiootikas ja ps\u00fchholoogias <\/em>(\u2018A Comparison of Creativity Treatments in Semiotics and Psychology\u2019) in 2000. He has since worked both as a teacher and for various companies in the medical industry.<\/span><\/p>\n<p><span style=\"font-family: verdana, geneva\">Mikita\u2019s work often blurs the lines of genre, merging elements of fiction and semiotics. His first book, a collection of wordplay essays and poetry, <em>\u00c4parduse r\u00f5\u00f5m<\/em> (\u2018The Joy of Mishap\u2019) was published in 2000 and built on the themes of his doctoral thesis. His next book, <em>R\u00e4nnak impampluule riiki<\/em> (\u2018A Journey to the Kingdom of Hocus-pocus Poetry\u2019, 2001) also contained similar content. Those two books of highly experimental literature did not attract any maistream interest but created a cult following among some groups of students of humanities in Tartu and Tallinn. Mikita later published the essay <em>Kirsi\u00f5ieturundus: Visioon alternatiivsest turundusest <\/em>(\u2018Cherry Blossom Marketing: A Vision of Alternative Marketing\u2019, 2004), which presented ideas on the separation of culture and economy and their contrasts. This book relied on Mikita\u2019s work experience in pharmaceutical companies.<\/span><\/p>\n<p><span style=\"font-family: verdana, geneva\">Mikita\u2019s next essay collection <em>Metsik lingvistika<\/em> (\u2018Wild Linguistics\u2019, 2008) observed the connections of language, culture, nature, and the Estonian identity. In 2011, he published <em>Teoreem <\/em>(\u2018Theorem\u2019), which contained two short stores: <em>J\u00e4nesekapsa teoreem <\/em>(\u2018The Shamrock Theorem\u2019)<em> <\/em>and <em>N\u00f5ia teoreem <\/em>(\u2018Witch\u2019s Theorem\u2019). The former won the August Gailit Award in 2009. In 2013 a sequel to <em>Metsik lingvistika <\/em>was published: a collection of essays under the title <em>Lingvistiline mets: Tsibih\u00e4rblase paradigma. Teadvuse kiirendi <\/em>(\u2018LinguisticForest: The Wagtail Paradigm. Accelorator of Consciousness\u2019) and it was this book that gained Mikita widespread recognition, winning the\u00a0Literature Endowment Annual Award and the Virumaa Literature Award in 2014 and becoming longstanding national bestseller.<\/span><\/p>\n<p><span style=\"font-family: verdana, geneva\">Valdur Mikita\u2019s <em>Lindvistika ehk metsa see lingvistika <\/em>(\u2018Birdistics or Off to the Woods with Linguistics\u2019) was published in 2015 and is the third and final part of the trilogy of essay books on language, synesthesia, inner dialogue and relations between Estonian psychology, landscape and culture.<\/span><\/p>\n<p><span style=\"font-family: verdana, geneva\"><em>M. M.<\/em><\/span><\/p>\n<p><strong><span style=\"font-family: verdana, geneva;font-size: medium\">Books in Estonian<\/span><\/strong><\/p>\n<p><strong><em><span style=\"font-family: verdana, geneva\">Experimental poems and other texts<\/span><\/em><\/strong><br><span style=\"font-family: verdana, geneva\"><strong>\u00c4parduse r\u00f5\u00f5m: keele- ja kultuurim\u00e4nge<\/strong>. Tartu: V. Mikita, 2000, 166 lk.<\/span><br><span style=\"font-family: verdana, geneva\"><strong>R\u00e4nnak impampluule riiki<\/strong>. Tartu: V. Mikita, 2001, 148 lk.<\/span><\/p>\n<p><strong><em><span style=\"font-family: verdana, geneva\">Short stories<\/span><\/em><\/strong><br><span style=\"font-family: verdana, geneva\"><strong>Teoreem<\/strong>. Vara: Hm, 2011, 127 lk. [Sisu: \u2019J\u00e4nesekapsa teoreem\u2019, \u2019N\u00f5ia teoreem\u2019.]<\/span><\/p>\n<p><strong><em><span style=\"font-family: verdana, geneva\">Non-fiction<\/span><\/em><\/strong><br><span style=\"font-family: verdana, geneva\"><strong>Kreatiivsusk\u00e4sitluste v\u00f5rdlus semiootikas ja ps\u00fchholoogias<\/strong>. Tartu: Tartu \u00dclikooli Kirjastus, 2000, 146 lk. [Doktorit\u00f6\u00f6.]<\/span><br><span style=\"font-family: verdana, geneva\"><strong>Kirsi\u00f5ieturundus: visioon alternatiivsest turundusest<\/strong>. Tartu: Fontese Kirjastus, 2004, 68 lk.<\/span><br><span style=\"font-family: verdana, geneva\"><strong>Metsik lingvistika: sosinaid kartulikummardajate k\u00fclast<\/strong>. Tallinn: Grenader, 2008, 127 lk. [2., t\u00e4iendatud tr\u00fckk: Vara: V\u00e4lgi metsad: 2016, 135 lk.]<\/span><br><span style=\"font-family: verdana, geneva\"><strong>Lingvistiline mets: tsibih\u00e4rblase paradigma. Teadvuse kiirendi<\/strong>. Tallinn: Grenader, 2013, 240 lk. [2. tr\u00fckk: Vara: V\u00e4lgi metsad: 2016, 240 lk.]<\/span><br><span style=\"font-family: verdana, geneva\"><strong>Lindvistika, ehk, Metsa see lingvistika<\/strong>. Vara: V\u00e4lgi metsad, 2015, 236 lk.<br><strong>Tartu t\u00e4hestik, ehk, Tarto maine ja taevane tr\u00fckis<\/strong>. Tartu: Tartu Linnavalitsus, 2017, 63 lk. <br><strong>Kukeseene kuulamise kunst: l\u00e4\u00e4nemeresoome elutunnet otsimas<\/strong>. Vara: V\u00e4lgi metsad, 2017, 156 lk.<br><\/span><\/p>\n","protected":false},"excerpt":{"rendered":"<p>Poems Non-fiction Valdur Mikita (b. 28. I 1970), writer and semiotician, was born in Suislepa village in Viljandimaa. He completed school there in 1985 and went on to study biology at the University of Tartu as an undergraduate. Mikita switched &#8230;<\/p>\n","protected":false},"author":43,"featured_media":0,"parent":642,"menu_order":0,"comment_status":"closed","ping_status":"closed","template":"","meta":{"_acf_changed":false,"inline_featured_image":false,"footnotes":""},"class_list":["post-995","page","type-page","status-publish","hentry"],"acf":[],"_links":{"self":[{"href":"https:\/\/sisu.ut.ee\/ewod\/wp-json\/wp\/v2\/pages\/995","targetHints":{"allow":["GET"]}}],"collection":[{"href":"https:\/\/sisu.ut.ee\/ewod\/wp-json\/wp\/v2\/pages"}],"about":[{"href":"https:\/\/sisu.ut.ee\/ewod\/wp-json\/wp\/v2\/types\/page"}],"author":[{"embeddable":true,"href":"https:\/\/sisu.ut.ee\/ewod\/wp-json\/wp\/v2\/users\/43"}],"replies":[{"embeddable":true,"href":"https:\/\/sisu.ut.ee\/ewod\/wp-json\/wp\/v2\/comments?post=995"}],"version-history":[{"count":1,"href":"https:\/\/sisu.ut.ee\/ewod\/wp-json\/wp\/v2\/pages\/995\/revisions"}],"predecessor-version":[{"id":4083,"href":"https:\/\/sisu.ut.ee\/ewod\/wp-json\/wp\/v2\/pages\/995\/revisions\/4083"}],"up":[{"embeddable":true,"href":"https:\/\/sisu.ut.ee\/ewod\/wp-json\/wp\/v2\/pages\/642"}],"wp:attachment":[{"href":"https:\/\/sisu.ut.ee\/ewod\/wp-json\/wp\/v2\/media?parent=995"}],"curies":[{"name":"wp","href":"https:\/\/api.w.org\/{rel}","templated":true}]}}