{"id":990,"date":"2024-04-03T23:40:38","date_gmt":"2024-04-03T20:40:38","guid":{"rendered":"https:\/\/sisu.ut.ee\/ewod\/laanem\/"},"modified":"2024-04-04T00:08:29","modified_gmt":"2024-04-03T21:08:29","slug":"laanem","status":"publish","type":"page","link":"https:\/\/sisu.ut.ee\/ewod\/l\/laanem\/","title":{"rendered":"Tiina Laanem"},"content":{"rendered":"<p>\n\t<a href=\"https:\/\/sisu.ut.ee\/ewod\/l\/laanem\/novels\"><strong><span style=\"font-family: verdana,geneva;font-size: medium\">Novels<\/span><\/strong><\/a><strong><span style=\"font-family: verdana,geneva;font-size: medium\"> <a href=\"https:\/\/sisu.ut.ee\/wp-content\/uploads\/sites\/108\/tiina_laanem.jpg\" target=\"_self\" rel=\"noopener\"><img decoding=\"async\" alt=\"Tiina Laanem\" src=\"https:\/\/sisu.ut.ee\/wp-content\/uploads\/sites\/108\/tiina_laanem_vaike.jpg\" style=\"float: right;width: 200px;height: 306px\"><\/a><\/span><\/strong>\n<\/p>\n<p>\u00a0\n<\/p>\n<p style=\"margin-bottom:0.08in\">\n<\/p><p><span style=\"color:#000000\"><span style=\"font-size:13px\"><span style=\"font-family:Verdana,Geneva,sans-serif\"><span style=\"line-height:150%\"><font style=\"12pt\">Tiina Laanem (real name Tiina Laanem-Murde; born 10 September 1974) is a prose writer.<\/font><\/span><\/span><\/span><\/span>\n<\/p>\n<p style=\"margin-bottom:0.08in\">\n\t<span style=\"color:#000000\"><span style=\"font-size:13px\"><span style=\"font-family:Verdana,Geneva,sans-serif\"><span style=\"line-height:150%\"><font style=\"12pt\">Laanem acquired secondary education in Tallinn, studied accountancy at L\u00e4\u00e4ne-Viru College and public administration at Tallinn University of Technology. She has worked at the Estonian Maritime Administration, as a reporter and editor in the press and at Pegasus Publishing House. Laanem is a member of the Estonian Union of Directors and Dramaturges, the Estonian Writers\u2019 Union (from 2020) and the Estonian PEN-Club.<\/font><\/span><\/span><\/span><\/span>\n<\/p>\n<p style=\"margin-bottom:0.08in\">\n\t<span style=\"color:#000000\"><span style=\"font-size:13px\"><span style=\"font-family:Verdana,Geneva,sans-serif\"><span style=\"line-height:150%\"><font style=\"12pt\">Her debut novel <i>V\u00e4ikesed vanamehed<\/i> (\u2018Little Old Men\u2019, 2007), written in an entertaining journalistic style, won the Estonian novel competition in 2006. Concentrating on male characters who have reached the middle age, it weighs human relations against the background of the present-day welfare society. The book, which can be defined as a summer vacation novel, was staged by the Ugala Theatre in 2010 as a summer production. The action of the novel <i>Sidrunid ja siilid<\/i> (\u2018Lemons and Hedgehogs\u2019, 2009) also takes place at present, but the portraits of characters deserve more attention here than the setting. The novel <i>Pildilt kukkujad<\/i> (\u2018Falling from the Picture\u2019, 2016), which won the A. H. Tammsaare literary award, is deeper and more panoramic in time. By describing choices and failures in life, it deals with the story of a family throughout 20th-century events, starting from the 1930s and reaching the present. The eponymous play premiered at the Vanemuine Theatre in 2015. Ties between generations also occupy an essential place in the play <i>N\u00e4htamatu maja<\/i> (\u2018Invisible House\u2019) which premiered at the Endla Theatre in 2012. The play won a special mention at the playwriting competition of the Estonian Theatre Agency in 2011.<\/font><\/span><\/span><\/span><\/span>\n<\/p>\n<p style=\"margin-bottom:0.08in\">\n\t<span style=\"color:#000000\"><span style=\"font-size:13px\"><span style=\"font-family:Verdana,Geneva,sans-serif\"><span style=\"line-height:150%\"><font style=\"12pt\">For children, Laanem has written the books <i>Mina, Meg ja meie klass<\/i> (\u2018I, Meg and Our Class\u2019, 2019) and <i>Kollase kassi komando<\/i> (\u2018Yellow Cat\u2019s Command\u2019, 2020). The action of both takes place at the present time, being centred on primary-school children.<\/font><\/span><\/span><\/span><\/span>\n<\/p>\n<p style=\"margin-bottom:0.08in\" lang=\"en-GB\">\n\t<span style=\"color:#000000\"><span style=\"font-size:13px\"><span style=\"font-family:Verdana,Geneva,sans-serif\"><span style=\"line-height:150%\"><font style=\"12pt\"><i>A. K. (Translated by I. A.)<\/i><\/font><\/span><\/span><\/span><\/span>\n<\/p>\n<p style=\"margin-bottom:0.08in\">\n<\/p><p><span style=\"color:#000000\"><span style=\"font-size:16px\"><span style=\"font-family:Verdana,Geneva,sans-serif\"><span style=\"line-height:150%\"><font style=\"12pt\"><b>Books in Estonian<\/b><\/font><\/span><\/span><\/span><\/span>\n<\/p>\n<p style=\"margin-bottom:0.08in\">\n\t<span style=\"color:#000000\"><span style=\"font-size:13px\"><span style=\"font-family:Verdana,Geneva,sans-serif\"><span style=\"line-height:150%\"><font style=\"12pt\"><i><b>Novels<\/b><\/i><\/font><br><font style=\"12pt\"><strong>V\u00e4ikesed vanamehed<\/strong>. Tallinn: Eesti P\u00e4evaleht, 2007, 255 lk.<br><strong>Sidrunid ja siilid<\/strong>. Tallinn: Eesti P\u00e4evaleht, 2009, 215 lk.<br><strong>Pildilt kukkujad<\/strong>. Tallinn: Sidrunid ja Siilid, 2016, 270 lk.<\/font><\/span><\/span><\/span><\/span>\n<\/p>\n<p style=\"margin-bottom:0.08in\">\n\t<span style=\"color:#000000\"><span style=\"font-size:13px\"><span style=\"font-family:Verdana,Geneva,sans-serif\"><span style=\"line-height:150%\"><font style=\"12pt\"><i><b>Short prose<\/b><\/i><\/font><br><font style=\"12pt\"><strong>\u00d5nnelik j\u00e4\u00e4<\/strong>: novellid ja l\u00fchijutud. Tallinn: Pegasus, 2012, 154 lk.<\/font><\/span><\/span><\/span><\/span><br><span style=\"font-size:13px\"><span style=\"font-family:Verdana,Geneva,sans-serif\"><strong>\u00d6ised h\u00e4\u00e4led<\/strong>. Jutukogu. Tallinn: Pegasus, 2021, 176 lk.<\/span><\/span>\n<\/p>\n<p style=\"margin-bottom:0.08in\">\n\t<span style=\"color:#000000\"><span style=\"font-size:13px\"><span style=\"font-family:Verdana,Geneva,sans-serif\"><span style=\"line-height:150%\"><font style=\"12pt\"><i><b>Lastekirjandus<\/b><\/i><\/font><br><font style=\"12pt\"><strong>Mina, Meg ja meie klass<\/strong>. Tallinn: Pegasus, 2019, 133 lk.<br><strong>Kollase Kassi komando<\/strong>. Tallinn: Pegasus, 2020, 164 lk.<\/font><\/span><\/span><\/span><\/span>\n<\/p>\n<p style=\"margin-bottom:0.08in\">\n\t<span style=\"color:#000000\"><span style=\"font-size:13px\"><span style=\"font-family:Verdana,Geneva,sans-serif\"><span style=\"line-height:150%\"><font style=\"12pt\"><i><b>Non-fiction<\/b><\/i><\/font><br><font style=\"12pt\"><strong>Kihnu Virve: nagu linnukene oksal<\/strong>. Tallinn: Pegasus, 2009, 223 lk. [2. tr\u00fckk: 2017.]<\/font><\/span><\/span><\/span><\/span><\/p>\n","protected":false},"excerpt":{"rendered":"<p>Novels \u00a0 Tiina Laanem (real name Tiina Laanem-Murde; born 10 September 1974) is a prose writer. Laanem acquired secondary education in Tallinn, studied accountancy at L\u00e4\u00e4ne-Viru College and public administration at Tallinn University of Technology. She has worked at the &#8230;<\/p>\n","protected":false},"author":43,"featured_media":0,"parent":631,"menu_order":0,"comment_status":"closed","ping_status":"closed","template":"","meta":{"_acf_changed":false,"inline_featured_image":false,"footnotes":""},"class_list":["post-990","page","type-page","status-publish","hentry"],"acf":[],"_links":{"self":[{"href":"https:\/\/sisu.ut.ee\/ewod\/wp-json\/wp\/v2\/pages\/990","targetHints":{"allow":["GET"]}}],"collection":[{"href":"https:\/\/sisu.ut.ee\/ewod\/wp-json\/wp\/v2\/pages"}],"about":[{"href":"https:\/\/sisu.ut.ee\/ewod\/wp-json\/wp\/v2\/types\/page"}],"author":[{"embeddable":true,"href":"https:\/\/sisu.ut.ee\/ewod\/wp-json\/wp\/v2\/users\/43"}],"replies":[{"embeddable":true,"href":"https:\/\/sisu.ut.ee\/ewod\/wp-json\/wp\/v2\/comments?post=990"}],"version-history":[{"count":1,"href":"https:\/\/sisu.ut.ee\/ewod\/wp-json\/wp\/v2\/pages\/990\/revisions"}],"predecessor-version":[{"id":4078,"href":"https:\/\/sisu.ut.ee\/ewod\/wp-json\/wp\/v2\/pages\/990\/revisions\/4078"}],"up":[{"embeddable":true,"href":"https:\/\/sisu.ut.ee\/ewod\/wp-json\/wp\/v2\/pages\/631"}],"wp:attachment":[{"href":"https:\/\/sisu.ut.ee\/ewod\/wp-json\/wp\/v2\/media?parent=990"}],"curies":[{"name":"wp","href":"https:\/\/api.w.org\/{rel}","templated":true}]}}