{"id":985,"date":"2024-04-03T23:40:37","date_gmt":"2024-04-03T20:40:37","guid":{"rendered":"https:\/\/sisu.ut.ee\/ewod\/lichtungen\/"},"modified":"2024-04-04T00:08:32","modified_gmt":"2024-04-03T21:08:32","slug":"lichtungen","status":"publish","type":"page","link":"https:\/\/sisu.ut.ee\/ewod\/anthologies\/lichtungen\/","title":{"rendered":"Lichtungen, vol 24, no 95, 2003. Schwerpunkt: Literatur aus Tallinn"},"content":{"rendered":"<p>\n\t<span style=\"font-family:Verdana,Geneva,sans-serif\"><strong>Contents <\/strong>of the Estonian section:\u00a0<\/span>\n<\/p>\n<p>\n\t<span style=\"font-family:Verdana,Geneva,sans-serif\"><em>Excerpts of novels<\/em>:<br>Jaan Kross, <strong>Wikmans Z\u00f6glinge.<\/strong>\u00a0[\u2019Wikmani poisid\u2019.].<br>Maimu Berg, <strong>Die Enge<\/strong>. [\u2019\u00c4ra\u2019.]<br>Viivi Luik, <strong>Die Sch\u00f6nheit der Geschichte.<\/strong>\u00a0[\u2019Ajaloo ilu\u2019.]<br>Reet Kudu, <strong>Vollmond und Laterne.<\/strong>\u00a0[\u2019T\u00e4iskuu ja t\u00e4navalatern\u2019.]<br>Emil Tode, <strong>Im Grenzland.<\/strong>\u00a0[\u2019Piiririik\u2019.]<br><span data-mce-mark=\"1\">Peeter Sauter, <strong>Die Muster meiner Tage<\/strong>.\u00a0[\u2018Armastus asjade vastu, asjad armastuse vastu\u2019.]<\/span><\/span>\n<\/p>\n<p>\n\t<span style=\"font-family:Verdana,Geneva,sans-serif\"><em><span data-mce-mark=\"1\">Short stories:<\/span><\/em><br><span data-mce-mark=\"1\">Jaan Kruusvall, <strong>Hans\u2019 Kindheit III<\/strong>. [\u2019Antsu lapsep\u00f5lv III\u2019.].<\/span><br><span data-mce-mark=\"1\">Mati Unt,\u00a0<strong>Der Ritt \u00fcber den Bodensee<\/strong>. [\u2019Ratsa \u00fcle Bodeni j\u00e4rve\u2019, excerpt.]<\/span><br><span data-mce-mark=\"1\">Asta P\u00f5ldm\u00e4e, <strong>Das Wienerm\u00e4del<\/strong>. [\u2019Viini plika\u2019, excerpt.]<\/span><br><span data-mce-mark=\"1\">Eeva Park, <strong>Per Anhalter.<\/strong><\/span><br><span data-mce-mark=\"1\">Mihkel Mutt, <strong>Mein geliebter slum<\/strong>. [\u2019Minu veetlev slum\u2019.]<\/span><br><span data-mce-mark=\"1\">J\u00fcri Ehlvest, <strong>Kruziana<\/strong>. [\u2019Krutsiaania\u2019.]<\/span><br><span data-mce-mark=\"1\">Andrus Kivir\u00e4hk, <strong>Diebes Nacht<\/strong>. [\u2019Varga \u00f6\u00f6\u2019.]<\/span><br><span data-mce-mark=\"1\">Mehis Heinsaar, <strong>Der sch\u00f6ne Armin<\/strong>. [\u2019Ilus Armin\u2019.]<\/span><\/span>\n<\/p>\n<p>\n\t<span style=\"font-family:Verdana,Geneva,sans-serif\"><em>Poems by:<\/em><br>Ellen Niit, Mats Traat, Jaan Kaplinski, Paul-Eerik Rummo, Doris Kareva, Karl-Martin Sinij\u00e4rv, Kristiina Ehin, J\u00fcrgen Rooste.<\/span>\n<\/p>\n<p>\n\t<span style=\"font-family:Verdana,Geneva,sans-serif\"><em>Aphorisms by<\/em> Arvo Valton.<\/span><\/p>\n","protected":false},"excerpt":{"rendered":"<p>Contents of the Estonian section:\u00a0 Excerpts of novels:Jaan Kross, Wikmans Z\u00f6glinge.\u00a0[\u2019Wikmani poisid\u2019.].Maimu Berg, Die Enge. [\u2019\u00c4ra\u2019.]Viivi Luik, Die Sch\u00f6nheit der Geschichte.\u00a0[\u2019Ajaloo ilu\u2019.]Reet Kudu, Vollmond und Laterne.\u00a0[\u2019T\u00e4iskuu ja t\u00e4navalatern\u2019.]Emil Tode, Im Grenzland.\u00a0[\u2019Piiririik\u2019.]Peeter Sauter, Die Muster meiner Tage.\u00a0[\u2018Armastus asjade vastu, asjad armastuse &#8230;<\/p>\n","protected":false},"author":43,"featured_media":0,"parent":1214,"menu_order":0,"comment_status":"closed","ping_status":"closed","template":"","meta":{"_acf_changed":false,"inline_featured_image":false,"footnotes":""},"class_list":["post-985","page","type-page","status-publish","hentry"],"acf":[],"_links":{"self":[{"href":"https:\/\/sisu.ut.ee\/ewod\/wp-json\/wp\/v2\/pages\/985","targetHints":{"allow":["GET"]}}],"collection":[{"href":"https:\/\/sisu.ut.ee\/ewod\/wp-json\/wp\/v2\/pages"}],"about":[{"href":"https:\/\/sisu.ut.ee\/ewod\/wp-json\/wp\/v2\/types\/page"}],"author":[{"embeddable":true,"href":"https:\/\/sisu.ut.ee\/ewod\/wp-json\/wp\/v2\/users\/43"}],"replies":[{"embeddable":true,"href":"https:\/\/sisu.ut.ee\/ewod\/wp-json\/wp\/v2\/comments?post=985"}],"version-history":[{"count":1,"href":"https:\/\/sisu.ut.ee\/ewod\/wp-json\/wp\/v2\/pages\/985\/revisions"}],"predecessor-version":[{"id":4095,"href":"https:\/\/sisu.ut.ee\/ewod\/wp-json\/wp\/v2\/pages\/985\/revisions\/4095"}],"up":[{"embeddable":true,"href":"https:\/\/sisu.ut.ee\/ewod\/wp-json\/wp\/v2\/pages\/1214"}],"wp:attachment":[{"href":"https:\/\/sisu.ut.ee\/ewod\/wp-json\/wp\/v2\/media?parent=985"}],"curies":[{"name":"wp","href":"https:\/\/api.w.org\/{rel}","templated":true}]}}