{"id":983,"date":"2024-04-03T23:40:37","date_gmt":"2024-04-03T20:40:37","guid":{"rendered":"https:\/\/sisu.ut.ee\/ewod\/poems-et-152\/"},"modified":"2024-11-04T12:51:00","modified_gmt":"2024-11-04T10:51:00","slug":"poems","status":"publish","type":"page","link":"https:\/\/sisu.ut.ee\/ewod\/m\/malin\/poems\/","title":{"rendered":"Jaan Malin &#8211; poems"},"content":{"rendered":"<p><strong><span style=\"font-family: verdana, geneva; font-size: medium;\">In compilations, anthologies, magazines<\/span><\/strong><\/p>\n\n\n\n<p><strong><em>Lithuanian<\/em><\/strong><br><strong>\u0160viesa \u0160iaurin\u0117. P\u00f5hjamaa valgus<\/strong>. Edited and translated by Danute Sirijos Girait\u0117. Vilnius: Slinktys, 2024, 237 pp. [Poems by J\u00fcri Talvet, Astrid Reinla, Andres Langemets, Doris Kareva, Jaan Malin, Triin Soomets, fs\/Indrek Mesikepp, Karl Martin Sinij\u00e4rv, Maarja Kangro, Mathura, Mihkel Kaevats.]<\/p>\n\n\n\n<p><strong><span style=\"font-family: verdana, geneva;\"><em>Romanian<\/em><\/span><\/strong><br><span style=\"font-family: verdana, geneva;\"><strong>Un c\u0103r\u0103bu\u015f s\u0103rut\u0103 luna: antologie de poezie estonian\u0103 contemporan\u0103<\/strong>. Selec\u0163ia poeziilor Jaan Malin \u015fi Triin Soomets; traducere \u015fi note de Riina Jesmin confruntare Peter Sragher; cu un studiu introductiv de Mart Velsker.\u00a0Bucuresti:\u00a0Tracus Arte, 2014. 282 pp. [Poems by\u00a0Andres Ehin, Ene Mihkelson, Viivi Luik, Mari Vallisoo, Doris Kareva, Jaan Malin, Hasso Krull, Triin Soomets, Karl Martin Sinij\u00e4rv, Asko K\u00fcnnap, fs, Jan Kaus, Mehis Heinsaar, Maarja Kangro, Aare Pilv, J\u00fcrgen Rooste.]<\/span><\/p>\n","protected":false},"excerpt":{"rendered":"<p>In compilations, anthologies, magazines Lithuanian\u0160viesa \u0160iaurin\u0117. P\u00f5hjamaa valgus. Edited and translated by Danute Sirijos Girait\u0117. Vilnius: Slinktys, 2024, 237 pp. [Poems by J\u00fcri Talvet, Astrid Reinla, Andres Langemets, Doris Kareva, Jaan Malin, Triin Soomets, fs\/Indrek Mesikepp, Karl Martin Sinij\u00e4rv, Maarja &#8230;<\/p>\n","protected":false},"author":43,"featured_media":0,"parent":970,"menu_order":0,"comment_status":"closed","ping_status":"closed","template":"","meta":{"_acf_changed":false,"inline_featured_image":false,"footnotes":""},"class_list":["post-983","page","type-page","status-publish","hentry"],"acf":[],"_links":{"self":[{"href":"https:\/\/sisu.ut.ee\/ewod\/wp-json\/wp\/v2\/pages\/983","targetHints":{"allow":["GET"]}}],"collection":[{"href":"https:\/\/sisu.ut.ee\/ewod\/wp-json\/wp\/v2\/pages"}],"about":[{"href":"https:\/\/sisu.ut.ee\/ewod\/wp-json\/wp\/v2\/types\/page"}],"author":[{"embeddable":true,"href":"https:\/\/sisu.ut.ee\/ewod\/wp-json\/wp\/v2\/users\/43"}],"replies":[{"embeddable":true,"href":"https:\/\/sisu.ut.ee\/ewod\/wp-json\/wp\/v2\/comments?post=983"}],"version-history":[{"count":2,"href":"https:\/\/sisu.ut.ee\/ewod\/wp-json\/wp\/v2\/pages\/983\/revisions"}],"predecessor-version":[{"id":5723,"href":"https:\/\/sisu.ut.ee\/ewod\/wp-json\/wp\/v2\/pages\/983\/revisions\/5723"}],"up":[{"embeddable":true,"href":"https:\/\/sisu.ut.ee\/ewod\/wp-json\/wp\/v2\/pages\/970"}],"wp:attachment":[{"href":"https:\/\/sisu.ut.ee\/ewod\/wp-json\/wp\/v2\/media?parent=983"}],"curies":[{"name":"wp","href":"https:\/\/api.w.org\/{rel}","templated":true}]}}