{"id":977,"date":"2024-04-03T23:40:36","date_gmt":"2024-04-03T20:40:36","guid":{"rendered":"https:\/\/sisu.ut.ee\/ewod\/articlesinspanish\/"},"modified":"2024-04-04T00:08:34","modified_gmt":"2024-04-03T21:08:34","slug":"articlesinspanish","status":"publish","type":"page","link":"https:\/\/sisu.ut.ee\/ewod\/general\/articlesinspanish\/","title":{"rendered":"General treatments &#8211; articles in Spanish"},"content":{"rendered":"<p>\n\t<span style=\"font-family: verdana, geneva\"><strong>Un viaje a trav\u00e9s de la literatura estonia. Teresa Gonz\u00e1lez conversa con el escritor e hispanista J\u00fcri Talvet<\/strong>. \u2013 Juhan Liiv. La nieve cae, mi voz canta: poemas. Edici\u00f3n biling\u00fce a cargo de J\u00fcri Talvet; traducci\u00f3n del estonio de \u00c1ngela Artero Navarro y Albert L\u00e1zaro-Tinaut, en colaboraci\u00f3n con J\u00fcri Talvet; ilustraciones de Mar\u00eda de Prada. Madrid: Ediciones Xorki, 2014, pp 116-124.<br>J\u00fcri Talvet, <strong>Introducci\u00f3n<\/strong>. \u2013 Cuentos tradicionales estonios. (2nda edici\u00f3n.] Selecci\u00f3n e Introducci\u00f3n de J\u00fcri Talvet. Traducci\u00f3n: Hella Aarelaid, Esther Bartolom\u00e9 Pons, Alberto L\u00e1zaro Tinaut. Ilustraciones Mar\u00eda de Prada. Madrid: Ediciones Xorki, 2014, pp 7-17. [8 cuentos de Matthias Johann Eisen, 11 cuentos de Juhan Kunder, 7 cuentos de Friedrich Reinhold Kreutzwald, 3 cuentos de Seto.]<br>J\u00fcri Talvet, <strong>\u00bfFilosof\u00eda estonia?<\/strong>. \u2013 Debats, 72, primavera 2001, pp 163-175.<br>J\u00fcri Talvet, <strong>La din\u00e1mica cultural entre Espa\u00f1a y Estonia<\/strong>. \u2013 Revista de Occidente (Madrid), 197, Oct 1997, pp 63-75.<br>Kristi Salve, <strong>Introducci\u00f3n<\/strong>. \u2013 Cuentos tradicionales estonios. Selecci\u00f3n de J\u00fcri Talvet. Introducci\u00f3n de Kristi Salve. Traducci\u00f3n: Hella Aarelaid, Esther Bartolom\u00e9 Pons, Alberto L\u00e1zaro Tinaut. Ilustraciones de Jaan Tammsaar. Tallinn: Perioodika, 1990, pp 5-12. [8 cuentos de Matthias Johann\u00a0 Eisen, 11 cuentos de Juhan Kunder, 7 cuentos de Friedrich Reinhold Kreutzwald, 3 cuentos de Seto.]<\/span><\/p>\n","protected":false},"excerpt":{"rendered":"<p>Un viaje a trav\u00e9s de la literatura estonia. Teresa Gonz\u00e1lez conversa con el escritor e hispanista J\u00fcri Talvet. \u2013 Juhan Liiv. La nieve cae, mi voz canta: poemas. Edici\u00f3n biling\u00fce a cargo de J\u00fcri Talvet; traducci\u00f3n del estonio de \u00c1ngela &#8230;<\/p>\n","protected":false},"author":43,"featured_media":0,"parent":1485,"menu_order":0,"comment_status":"closed","ping_status":"closed","template":"","meta":{"_acf_changed":false,"inline_featured_image":false,"footnotes":""},"class_list":["post-977","page","type-page","status-publish","hentry"],"acf":[],"_links":{"self":[{"href":"https:\/\/sisu.ut.ee\/ewod\/wp-json\/wp\/v2\/pages\/977","targetHints":{"allow":["GET"]}}],"collection":[{"href":"https:\/\/sisu.ut.ee\/ewod\/wp-json\/wp\/v2\/pages"}],"about":[{"href":"https:\/\/sisu.ut.ee\/ewod\/wp-json\/wp\/v2\/types\/page"}],"author":[{"embeddable":true,"href":"https:\/\/sisu.ut.ee\/ewod\/wp-json\/wp\/v2\/users\/43"}],"replies":[{"embeddable":true,"href":"https:\/\/sisu.ut.ee\/ewod\/wp-json\/wp\/v2\/comments?post=977"}],"version-history":[{"count":1,"href":"https:\/\/sisu.ut.ee\/ewod\/wp-json\/wp\/v2\/pages\/977\/revisions"}],"predecessor-version":[{"id":4108,"href":"https:\/\/sisu.ut.ee\/ewod\/wp-json\/wp\/v2\/pages\/977\/revisions\/4108"}],"up":[{"embeddable":true,"href":"https:\/\/sisu.ut.ee\/ewod\/wp-json\/wp\/v2\/pages\/1485"}],"wp:attachment":[{"href":"https:\/\/sisu.ut.ee\/ewod\/wp-json\/wp\/v2\/media?parent=977"}],"curies":[{"name":"wp","href":"https:\/\/api.w.org\/{rel}","templated":true}]}}