{"id":976,"date":"2024-04-03T23:40:36","date_gmt":"2024-04-03T20:40:36","guid":{"rendered":"https:\/\/sisu.ut.ee\/ewod\/nonfiction-et-52\/"},"modified":"2024-04-04T00:08:34","modified_gmt":"2024-04-03T21:08:34","slug":"nonfiction","status":"publish","type":"page","link":"https:\/\/sisu.ut.ee\/ewod\/k\/kreutzwald\/nonfiction\/","title":{"rendered":"Friedrich Reinhold Kreutzwald &#8211; non-fiction"},"content":{"rendered":"<p><span style=\"font-family: verdana,geneva;font-size: medium\"><strong>Books<\/strong> <\/span><\/p>\n<p><strong><em><span style=\"font-family: verdana,geneva\">German<br><\/span><\/em><\/strong><span style=\"font-family: verdana,geneva\"><strong>St. Petersburg und Livland \u2013 und die Entwicklung der estnischen Literatur: Anton Schiefner (1817-1879) und Friedrich R. Kreutzwald (1803-1882) im Briefwechsel (1853-1879)<\/strong>. Bearbeitet von Hartmut Walravens. Wiesbaden: Harrassowitz, 2013, 396 pp.<strong><br>Dr. Friedrich Robert F\u00e4hlmann\u2019s Leben<\/strong>. Dorpat: Sch\u00fcnmann\u2019s Wittwe und C. Mattiesen, 1852, 49 pp. [Available: <a href=\"http:\/\/dspace.ut.ee\/handle\/10062\/49622\" target=\"_blank\" rel=\"noopener\">http:\/\/dspace.ut.ee\/handle\/10062\/49622<\/a>.]<br><strong>Teejuhhataja \u00c4mma-kooliliste \u00f5ppetuse jures = Leitfaden zum Unterricht der Hebammen-Sch\u00fclerinnen im Livl\u00e4ndischen Gouvernerment<\/strong>. [F. R. Kreutzwald, after C. E. Brutzer.] Riga: Livl\u00e4ndische Ritterschaft, 1852, VII+80 pp.<br><\/span><span style=\"font-family: verdana,geneva\"><\/span><\/p>\n<p><strong><em><span style=\"font-family: verdana,geneva\">Russian<\/span><\/em><\/strong><br><span style=\"font-family: verdana,geneva\">\u0424\u0440\u0438\u0434\u0440\u0438\u0445 \u0420\u0435\u0439\u043d\u0433\u043e\u043b\u044c\u0434 \u041a\u0440\u0435\u0439\u0446\u0432\u0430\u043b\u044c\u0434, <strong>\u0418\u0437\u0431\u0440\u0430\u043d\u043d\u044b\u0435 \u043f\u0438\u0441\u044c\u043c\u0430<\/strong>. P\u0435\u0434\u0430\u043a\u0446\u0438\u043e\u043d\u043d\u0430\u044f \u043a\u043e\u043b\u043b\u0435\u0433\u0438\u044f: \u041f. \u041d. \u0418\u0437\u043c\u0435\u0441\u0442\u044c\u0435\u0432\u2026 \u0438 \u0434\u0440. A\u043a\u0430\u0434\u0435\u043c\u0438\u044f \u043d\u0430\u0443\u043a \u042d\u0441\u0442\u043e\u043d\u0441\u043a\u043e\u0439 \u0421\u0421\u0420, \u0418\u043d\u0441\u0442\u0438\u0442\u0443\u0442 \u044f\u0437\u044b\u043a\u0430 \u0438 \u043b\u0438\u0442\u0435\u0440\u0430\u0442\u0443\u0440\u044b. \u0422\u0430\u043b\u043b\u0438\u043d: \u042d\u0441\u0442\u0433\u043e\u0441\u0438\u0437\u0434\u0430\u0442, 1953, 226 pp.<\/span><\/p>\n","protected":false},"excerpt":{"rendered":"<p>Books GermanSt. Petersburg und Livland \u2013 und die Entwicklung der estnischen Literatur: Anton Schiefner (1817-1879) und Friedrich R. Kreutzwald (1803-1882) im Briefwechsel (1853-1879). Bearbeitet von Hartmut Walravens. Wiesbaden: Harrassowitz, 2013, 396 pp.Dr. Friedrich Robert F\u00e4hlmann\u2019s Leben. Dorpat: Sch\u00fcnmann\u2019s Wittwe und &#8230;<\/p>\n","protected":false},"author":43,"featured_media":0,"parent":434,"menu_order":0,"comment_status":"closed","ping_status":"closed","template":"","meta":{"_acf_changed":false,"inline_featured_image":false,"footnotes":""},"class_list":["post-976","page","type-page","status-publish","hentry"],"acf":[],"_links":{"self":[{"href":"https:\/\/sisu.ut.ee\/ewod\/wp-json\/wp\/v2\/pages\/976","targetHints":{"allow":["GET"]}}],"collection":[{"href":"https:\/\/sisu.ut.ee\/ewod\/wp-json\/wp\/v2\/pages"}],"about":[{"href":"https:\/\/sisu.ut.ee\/ewod\/wp-json\/wp\/v2\/types\/page"}],"author":[{"embeddable":true,"href":"https:\/\/sisu.ut.ee\/ewod\/wp-json\/wp\/v2\/users\/43"}],"replies":[{"embeddable":true,"href":"https:\/\/sisu.ut.ee\/ewod\/wp-json\/wp\/v2\/comments?post=976"}],"version-history":[{"count":1,"href":"https:\/\/sisu.ut.ee\/ewod\/wp-json\/wp\/v2\/pages\/976\/revisions"}],"predecessor-version":[{"id":4107,"href":"https:\/\/sisu.ut.ee\/ewod\/wp-json\/wp\/v2\/pages\/976\/revisions\/4107"}],"up":[{"embeddable":true,"href":"https:\/\/sisu.ut.ee\/ewod\/wp-json\/wp\/v2\/pages\/434"}],"wp:attachment":[{"href":"https:\/\/sisu.ut.ee\/ewod\/wp-json\/wp\/v2\/media?parent=976"}],"curies":[{"name":"wp","href":"https:\/\/api.w.org\/{rel}","templated":true}]}}