{"id":972,"date":"2024-04-03T23:40:36","date_gmt":"2024-04-03T20:40:36","guid":{"rendered":"https:\/\/sisu.ut.ee\/ewod\/czech-et\/"},"modified":"2024-04-04T00:08:33","modified_gmt":"2024-04-03T21:08:33","slug":"czech","status":"publish","type":"page","link":"https:\/\/sisu.ut.ee\/ewod\/anthologies\/czech\/","title":{"rendered":"Anthologies, special editions of journals &#8211; in Czech"},"content":{"rendered":"<p><span style=\"font-family: verdana, geneva;font-size: small\"><strong>Pod baltsk\u00fdm nebem. V\u00fdb\u011br z litevsk\u00e9, loty\u0161sk\u00e9 \u0430 estonsk\u00e9 literatury<\/strong>. Sest. Franti\u0161ek Soukup. Brno: Svaz \u010deskoslovensko-sov\u011btsk\u00e9ho p\u0159\u00e1telstvi, 1958, 73 pp. [Anthology of stories and poems. Contents: Fr. R. Kreutzwald; M. J. Eisen; Juhan Liiv \u2019V\u0161edn\u00ed pov\u00eddka\u2019, \u2019Pta\u010di hn\u00edzdo\u2019; E. Krusten \u2019Zapomenut\u00e9 jm\u00e9no\u2019, A. Jakobson \u2019Ve jm\u00e9nu budoucnosti\u2019. Poems by D. Vaarandi.]<\/span><\/p>\n","protected":false},"excerpt":{"rendered":"<p>Pod baltsk\u00fdm nebem. V\u00fdb\u011br z litevsk\u00e9, loty\u0161sk\u00e9 \u0430 estonsk\u00e9 literatury. Sest. Franti\u0161ek Soukup. Brno: Svaz \u010deskoslovensko-sov\u011btsk\u00e9ho p\u0159\u00e1telstvi, 1958, 73 pp. [Anthology of stories and poems. Contents: Fr. R. Kreutzwald; M. J. Eisen; Juhan Liiv \u2019V\u0161edn\u00ed pov\u00eddka\u2019, \u2019Pta\u010di hn\u00edzdo\u2019; E. Krusten &#8230;<\/p>\n","protected":false},"author":43,"featured_media":0,"parent":1214,"menu_order":0,"comment_status":"closed","ping_status":"closed","template":"","meta":{"_acf_changed":false,"inline_featured_image":false,"footnotes":""},"class_list":["post-972","page","type-page","status-publish","hentry"],"acf":[],"_links":{"self":[{"href":"https:\/\/sisu.ut.ee\/ewod\/wp-json\/wp\/v2\/pages\/972","targetHints":{"allow":["GET"]}}],"collection":[{"href":"https:\/\/sisu.ut.ee\/ewod\/wp-json\/wp\/v2\/pages"}],"about":[{"href":"https:\/\/sisu.ut.ee\/ewod\/wp-json\/wp\/v2\/types\/page"}],"author":[{"embeddable":true,"href":"https:\/\/sisu.ut.ee\/ewod\/wp-json\/wp\/v2\/users\/43"}],"replies":[{"embeddable":true,"href":"https:\/\/sisu.ut.ee\/ewod\/wp-json\/wp\/v2\/comments?post=972"}],"version-history":[{"count":1,"href":"https:\/\/sisu.ut.ee\/ewod\/wp-json\/wp\/v2\/pages\/972\/revisions"}],"predecessor-version":[{"id":4103,"href":"https:\/\/sisu.ut.ee\/ewod\/wp-json\/wp\/v2\/pages\/972\/revisions\/4103"}],"up":[{"embeddable":true,"href":"https:\/\/sisu.ut.ee\/ewod\/wp-json\/wp\/v2\/pages\/1214"}],"wp:attachment":[{"href":"https:\/\/sisu.ut.ee\/ewod\/wp-json\/wp\/v2\/media?parent=972"}],"curies":[{"name":"wp","href":"https:\/\/api.w.org\/{rel}","templated":true}]}}