{"id":97,"date":"2024-04-03T23:39:21","date_gmt":"2024-04-03T20:39:21","guid":{"rendered":"https:\/\/sisu.ut.ee\/ewod\/navi\/"},"modified":"2024-04-04T00:11:02","modified_gmt":"2024-04-03T21:11:02","slug":"navi","status":"publish","type":"page","link":"https:\/\/sisu.ut.ee\/ewod\/n\/navi\/","title":{"rendered":"Tia Navi"},"content":{"rendered":"<p>\n\t<a href=\"https:\/\/sisu.ut.ee\/ewod\/n\/navi\/children\"><span style=\"font-size: medium\"><strong><span style=\"font-family: verdana, geneva\">Children\u2019s stories<\/span><\/strong><\/span><\/a><span style=\"font-size: medium\"><strong><span style=\"font-family: verdana, geneva\"> <\/span><\/strong><span style=\"font-family: verdana, geneva\"><a href=\"https:\/\/sisu.ut.ee\/wp-content\/uploads\/sites\/108\/tia_navi_alar_madisson.jpg\" target=\"_self\" rel=\"noopener\"><img decoding=\"async\" alt=\"Tia Navi\" src=\"https:\/\/sisu.ut.ee\/wp-content\/uploads\/sites\/108\/tia_navi_alar_madisson.jpg\" style=\"float: right;width: 450px;height: 300px\" title=\"Photo: Alar Madisson\"><\/a><\/span><\/span>\n<\/p>\n<p>\n\t\u00a0\n<\/p>\n<p><span style=\"color:#000000\"><span style=\"font-size:13px\"><span style=\"font-family:Verdana,Geneva,sans-serif\">Tia Navi (real name Tiia K\u00f5nnussaar, born 12 April 1965) is a children\u2019s writer and editor.<br>\u00a0<br>Tiia K\u00f5nnussaar was born in V\u00f5ru. She has defenced a master\u2019s degree in the speciality of media and communication at the University of Tartu. She was one of the founders of the magazine <em>Pere ja Kodu<\/em> (1994) and was its first editor-in-chief from 1994\u20132011. Her writings have been published in many Estonian periodicals, including the newspapers <em>Sirp<\/em> and <em>\u00d5petajate Leht<\/em>. K\u00f5nnussaar has edited many publications of the University of Tartu. From 1 January 2022, she has been the managing editor of <em>Universitas Tartuensis<\/em>, the magazine of the University of Tartu. She is a member of the Estonian Writers\u2019 Union from 2018.<\/span><\/span><\/span>\n<\/p>\n<p>\n\t<span style=\"color:#000000\"><span style=\"font-size:13px\"><span style=\"font-family:Verdana,Geneva,sans-serif\">Under the name of Tia Navi, she has published numerous books for children. Her books have been translated into Finnish, Romanian and Korean. A significant place in Navi\u2019s books for children belongs to nature and getting along with all the living beings; this is intertwined with fantasy and mild humour.<\/span><\/span><\/span>\n<\/p>\n<p>\n\t<em><span style=\"color:#000000\"><span style=\"font-size:13px\"><span style=\"font-family:Verdana,Geneva,sans-serif\">L. P. (Translated by I. A.)<\/span><\/span><\/span><\/em>\n<\/p>\n<p><strong><span style=\"font-size:16px\"><span style=\"color:#000000\"><span style=\"font-family:Verdana,Geneva,sans-serif\">Books in Estonian<\/span><\/span><\/span><\/strong>\n<\/p>\n<p>\n\t<span style=\"color:#000000\"><span style=\"font-size:13px\"><span style=\"font-family:Verdana,Geneva,sans-serif\"><strong><em>Novels<\/em><\/strong><br><strong>Mitte-suhted<\/strong>. Tallinn: Hunt, 2022. 126 lk.<\/span><\/span><\/span>\n<\/p>\n<p>\n\t<span style=\"color:#000000\"><span style=\"font-size:13px\"><span style=\"font-family:Verdana,Geneva,sans-serif\"><strong><em>Children\u2019s books<\/em><\/strong><br>Tiia K\u00f5nnussaar, <strong>Martti ja Kuldtiib<\/strong>. Tallinn: Ajakirjade Kirjastus, 2009. 35 lk.<br>Tiia K\u00f5nnussaar, <strong>Tagasitee koju<\/strong>: Kaarli ja Jette seiklused v\u00f5rgus. Tallinn: Varrak, 2012. 151 lk.<br>Tiia K\u00f5nnussaar, <strong>Martti l\u00e4heb kooli<\/strong>. Tallinn: Varrak, 2015. 43 lk.<br><strong>Seitse v\u00e4ikest elevanti<\/strong>. Tartu: Kirisild, 2016. 44 lk.<br><strong>V\u00e4ike armastuse lugu<\/strong>. Saue: P\u00e4ike ja Pilv, 2018. 32 lk.<br><strong>Kimalane Karla ootab vihma<\/strong>. Saue: P\u00e4ike ja Pilv, 2021. 32 lk.<br>Tiia K\u00f5nnussaar, <strong>M\u00e4o, kasside kuningas<\/strong>. Tartu: Kirisild, 2021. 80 lk.<\/span><\/span><\/span>\n<\/p>\n<p>\n\t<span style=\"color:#000000\"><span style=\"font-size:13px\"><span style=\"font-family:Verdana,Geneva,sans-serif\"><strong><em>Other<\/em><\/strong><br>Tia Navi, Kadri Simm, <strong>Mis on sulle kallis?: v\u00e4ike v\u00e4\u00e4rtuste- ja filosoofiaraamat<\/strong>. Tartu: Tartu \u00dclikooli eetikakeskus, 2022. 63 lk.<\/span><\/span><\/span>\n<\/p>\n<p>\n\t\u00a0<\/p>\n","protected":false},"excerpt":{"rendered":"<p>Children\u2019s stories \u00a0 Tia Navi (real name Tiia K\u00f5nnussaar, born 12 April 1965) is a children\u2019s writer and editor.\u00a0Tiia K\u00f5nnussaar was born in V\u00f5ru. She has defenced a master\u2019s degree in the speciality of media and communication at the University &#8230;<\/p>\n","protected":false},"author":43,"featured_media":0,"parent":653,"menu_order":0,"comment_status":"closed","ping_status":"closed","template":"","meta":{"_acf_changed":false,"inline_featured_image":false,"footnotes":""},"class_list":["post-97","page","type-page","status-publish","hentry"],"acf":[],"_links":{"self":[{"href":"https:\/\/sisu.ut.ee\/ewod\/wp-json\/wp\/v2\/pages\/97","targetHints":{"allow":["GET"]}}],"collection":[{"href":"https:\/\/sisu.ut.ee\/ewod\/wp-json\/wp\/v2\/pages"}],"about":[{"href":"https:\/\/sisu.ut.ee\/ewod\/wp-json\/wp\/v2\/types\/page"}],"author":[{"embeddable":true,"href":"https:\/\/sisu.ut.ee\/ewod\/wp-json\/wp\/v2\/users\/43"}],"replies":[{"embeddable":true,"href":"https:\/\/sisu.ut.ee\/ewod\/wp-json\/wp\/v2\/comments?post=97"}],"version-history":[{"count":1,"href":"https:\/\/sisu.ut.ee\/ewod\/wp-json\/wp\/v2\/pages\/97\/revisions"}],"predecessor-version":[{"id":4981,"href":"https:\/\/sisu.ut.ee\/ewod\/wp-json\/wp\/v2\/pages\/97\/revisions\/4981"}],"up":[{"embeddable":true,"href":"https:\/\/sisu.ut.ee\/ewod\/wp-json\/wp\/v2\/pages\/653"}],"wp:attachment":[{"href":"https:\/\/sisu.ut.ee\/ewod\/wp-json\/wp\/v2\/media?parent=97"}],"curies":[{"name":"wp","href":"https:\/\/api.w.org\/{rel}","templated":true}]}}