{"id":969,"date":"2024-04-03T23:40:36","date_gmt":"2024-04-03T20:40:36","guid":{"rendered":"https:\/\/sisu.ut.ee\/ewod\/contra\/"},"modified":"2024-04-04T00:08:33","modified_gmt":"2024-04-03T21:08:33","slug":"contra","status":"publish","type":"page","link":"https:\/\/sisu.ut.ee\/ewod\/c\/contra\/","title":{"rendered":"Contra"},"content":{"rendered":"<p>\n\t<a href=\"https:\/\/sisu.ut.ee\/ewod\/c\/contra\/poems\" style=\"line-height: 1.6em\"><span style=\"font-family: verdana, geneva\"><strong><span style=\"font-size: medium\">Poems <\/span><\/strong><\/span><\/a><a href=\"https:\/\/sisu.ut.ee\/wp-content\/uploads\/sites\/108\/contra_alar_madisson.jpg\" target=\"_self\" rel=\"noopener\"><img decoding=\"async\" alt=\"Contra\" src=\"https:\/\/sisu.ut.ee\/wp-content\/uploads\/sites\/108\/contra_vaike_alar_madisson.jpg\" style=\"float: right;width: 200px;height: 303px\" title=\"Photo: Alar Madisson\"><\/a>\n<\/p>\n<p>\n\t<a href=\"https:\/\/sisu.ut.ee\/ewod\/c\/contra\/stories\"><span style=\"font-family: verdana, geneva\"><strong><span style=\"font-size: medium\">Short stories<\/span><\/strong><\/span><\/a>\n<\/p>\n<p>\n\t<a href=\"https:\/\/sisu.ut.ee\/ewod\/c\/contra\/about\"><span style=\"font-family: verdana, geneva\"><strong><span style=\"font-size: medium\">About Contra<\/span><\/strong><\/span><\/a>\n<\/p>\n<p>\u00a0\n<\/p>\n<p>\n\t<span style=\"color:#000000\"><span style=\"font-size:13px\"><span style=\"font-family:Verdana,Geneva,sans-serif\">Contra (real name Margus Konnula, born 22. III 1974) is a poet and translator.<\/span><\/span><\/span>\n<\/p>\n<p>\n\t<span style=\"color:#000000\"><span style=\"font-size:13px\"><span style=\"font-family:Verdana,Geneva,sans-serif\">He was born in Urvaste, V\u00f5ru county. He studied at primary schools in Urvaste and Kuldre and at Antsla secondary school, which he graduated in 1992. Contra\u2019s life and creative work has always been connected to Urvaste and V\u00f5ru county. His local identity is also expressed through his love for V\u00f5ru dialect, which he uses daily and in his creative work. He served in the military in the Estonian border guard cordon at Piusa from 1993-1994. Afterwards, he worked as a postman and from 1996-1999, he was the postmaster at Urvaste, before becoming a freelance writer and screenwriter. From 2004-2008, he was also the editor of the local newspaper of the Urvaste parish. He has self-published most of his writings.<\/span><\/span><\/span>\n<\/p>\n<p>\n\t<span style=\"color:#000000\"><span style=\"font-size:13px\"><span style=\"font-family:Verdana,Geneva,sans-serif\">He has written poetry since the early 1990s, first publishing it at magazines. His first collection Ohoh was published in 1995. He was one of the most popular poets of the 1990s, who blurred the boundaries between folklore and literature. His poetry is doggerelish and imitates bawdy songs, it is purposefully robust. He uses many references and quotes in his poetry, e.g. lyrics to popular songs. Folklorists consider him a modern bard. Contra\u2019s verses often reflect Estonian society and he uses a lot of [dark] humor.<\/span><\/span><\/span>\n<\/p>\n<p>\n\t<span style=\"color:#000000\"><span style=\"font-size:13px\"><span style=\"font-family:Verdana,Geneva,sans-serif\">He calls his adaptations of song lyrics covers. With his work, he opposes the early tradition of separating high poetry and folklore. Contra is socially active writer who is glad to present his work at public performances (e.g. he often visits schools) but also in traditional media (television, radio) and social media (Facebook).<\/span><\/span><\/span>\n<\/p>\n<p>\n\t<span style=\"color:#000000\"><span style=\"font-size:13px\"><span style=\"font-family:Verdana,Geneva,sans-serif\">He has translated poetry, prose, and fairy tales from Latvian, but also poetry, e.g. Allan Ginsberg, from English. He was the first non-Latvian to be awarded the Eduards Veidenbaums literary award in 2017 and the Latvian Cross of Recognition, V class in 2019. For translating Latvian literature, he received the Estonian-Latvian and Latvian-Estonian translation award in 2014.<\/span><\/span><\/span>\n<\/p>\n<p>\n\t<span style=\"color:#000000\"><span style=\"font-size:13px\"><span style=\"font-family:Verdana,Geneva,sans-serif\">Contra has received numerous domestic awards as well, among others the Bernard Kangro Literary Prize in 2001 for the poetry collection <em>Suusam\u00fctsi tutt<\/em> (Ski Hat Bobble\u2019), the Oskar Luts Humor Prize in 2007, the Literature Endowment Annual Award (in the category of\u00a0 children\u2019s and young adult literature) in 2014, Karl Eduard S\u00f6\u00f6t prize for children\u2019s poetry in 2014 and the Good Children\u2019s Book prize in 2015.<\/span><\/span><\/span>\n<\/p>\n<p>\n\t<span style=\"color:#000000\"><span style=\"font-size:13px\"><span style=\"font-family:Verdana,Geneva,sans-serif\"><em>A. Mv. (Translated by A. S.)<\/em><\/span><\/span><\/span><\/p>\n<p>\u00a0\n<\/p>\n<p>\n\t<span style=\"color:#000000\"><strong><span style=\"font-size:16px\"><span style=\"font-family:Verdana,Geneva,sans-serif\">Books in Estonian<\/span><\/span><\/strong><\/span>\n<\/p>\n<p>\n\t<span style=\"color:#000000\"><span style=\"font-size:13px\"><span style=\"font-family:Verdana,Geneva,sans-serif\"><strong><em>Poems<\/em><\/strong><br><strong>Ohoh<\/strong>. Tallinn: Eesti Luuleliit, 1995, 63 lk.<br><strong>Kesmasolin<\/strong>. Tartu: M. Konnula, 1996, 55 lk.<br><strong>\u00dc\u00fcratu \u00fc\u00fcrlane<\/strong>. Tartu: M. Konnula, 1996, 41 lk.<br><strong>Contramutter \u2013 10 lend<\/strong>. Tartu: M. Konnula, 1997, 54 lk. [E-raamat: 2011.]<br><strong>Ei ole mina su raadio<\/strong>. Urvaste: M. Konnula, 1998, 98 lk. [E-raamat: 2011.]<br><strong>Tarczan<\/strong>. Urvaste: Mina Ise, 1999, 52 lk. [E-raamat: 2011.]<br><strong>Naine on mees<\/strong>. Urvaste: Mina Ise, 1999, 48 lk. [E-raamat: 2011.]<br><strong>P\u00e4ike ja lamp<\/strong>. Koostanud ja toimetanud Kivisildnik. Tartu: Eesti Kostabi Selts, 1998, 45 lk.<br><strong>Suusam\u00fctsi tutt<\/strong>. Luulet aastatest 1974-2000. Urvaste: M. Konnula, 2001, 160 lk. [E-raamat: 2012.]<br><strong>Lugejad s\u00fcgisel tibutavad<\/strong>. Urvaste: M. Konnula, 2001, 27 lk.<br><strong>Tuul k\u00e4gistab ust<\/strong>. Urvaste: Mina Ise, 2002, 56 lk.<br><strong>Contrar\u00fcnnak<\/strong>. Piitsak\u00fcla: Mina Ise, 2004, 64 lk.<br><strong>Liivatee imepeen seeme<\/strong>. Piitsak\u00fcla: Mina Ise, 2005, 32 lk.<br><strong>Kuuseebu. Valitud j\u00f5ululuuletusi l\u00e4bi aegade<\/strong>. Tartu: Mina Ise, 2006, 31 lk. [E-raamat: 2006.]<br><strong>R\u00f5uge \u2013 seitsme j\u00e4rve maa<\/strong>. R\u00f5uge: R\u00f5uge vallavalitsus, 2007, 10 lk.<br><strong>Haikud: suvi 2008<\/strong>. Eesti, 2008, 18 lk.<br><strong>Poiste aabits<\/strong>. Tallinn: Grenander, 2010, 56 lk.<br><strong>Okseoksjon<\/strong>. Tallinn: IlmaPress, 2011, 143 lk.<br><strong>Neiuke tuli \u00f5\u00f5tsudes: 3. lauluraamat<\/strong>. Piitsak\u00fcla: IlmaPress, 2013, 111 lk.<br><strong>K\u00f5ik on k\u00f5ige targemad<\/strong>. Tallinn: Tallinna Keskraamatukogu, 2014, 76 lk. [2. tr\u00fckk: 2015.]<br><strong>100% Contra<\/strong>. P\u00e4rnu: Jumalikud Ilmutused, 2015, 100 lk.<br><strong>Samal ajal sajal jalal<\/strong>. Tallinn: Post Factum, 2017, 272 lk.<br><strong>Olk\u00f5 vakka<\/strong>. Luuletused v\u00f5ru keeles. Urvaste: Mina Ise, 2019, 93 lk.<br><strong>Legoist<\/strong>. Urvaste: Mina ise, 2019, 195 lk.<\/span><\/span><\/span>\n<\/p>\n<p>\n\t<span style=\"color:#000000\"><span style=\"font-size:13px\"><span style=\"font-family:Verdana,Geneva,sans-serif\"><strong><em>Children\u2019s books<\/em><\/strong><br><strong>T\u00e4hekaardid<\/strong>. Illustreerinud Kirke Kangro. Tallinn: Holger, 2002, 32 kaarti.<br><strong>Presidendi suur saladus<\/strong>. Piitsak\u00fcla: Mina Ise, 2004, 106 lk.<br><strong>Minu jonn<\/strong>. Tallinn: Ajakirjade Kirjastus, 2006, 31 lk.<\/span><\/span><\/span>\n<\/p>\n<p>\n\t<span style=\"color:#000000\"><span style=\"font-size:13px\"><span style=\"font-family:Verdana,Geneva,sans-serif\"><strong><em>Non-fiction<\/em><\/strong><br><strong>Minu L\u00e4ti<\/strong>. Anekdoot t\u00f5elisest eestlasest. Tartu: Petrone Print, 2016, 223 lk. [E-raamat: 2016.]<\/span><\/span><\/span>\n<\/p>\n<p>\n\t\u00a0<\/p>\n","protected":false},"excerpt":{"rendered":"<p>Poems Short stories About Contra \u00a0 Contra (real name Margus Konnula, born 22. III 1974) is a poet and translator. He was born in Urvaste, V\u00f5ru county. He studied at primary schools in Urvaste and Kuldre and at Antsla secondary &#8230;<\/p>\n","protected":false},"author":43,"featured_media":0,"parent":541,"menu_order":0,"comment_status":"closed","ping_status":"closed","template":"","meta":{"_acf_changed":false,"inline_featured_image":false,"footnotes":""},"class_list":["post-969","page","type-page","status-publish","hentry"],"acf":[],"_links":{"self":[{"href":"https:\/\/sisu.ut.ee\/ewod\/wp-json\/wp\/v2\/pages\/969","targetHints":{"allow":["GET"]}}],"collection":[{"href":"https:\/\/sisu.ut.ee\/ewod\/wp-json\/wp\/v2\/pages"}],"about":[{"href":"https:\/\/sisu.ut.ee\/ewod\/wp-json\/wp\/v2\/types\/page"}],"author":[{"embeddable":true,"href":"https:\/\/sisu.ut.ee\/ewod\/wp-json\/wp\/v2\/users\/43"}],"replies":[{"embeddable":true,"href":"https:\/\/sisu.ut.ee\/ewod\/wp-json\/wp\/v2\/comments?post=969"}],"version-history":[{"count":1,"href":"https:\/\/sisu.ut.ee\/ewod\/wp-json\/wp\/v2\/pages\/969\/revisions"}],"predecessor-version":[{"id":4100,"href":"https:\/\/sisu.ut.ee\/ewod\/wp-json\/wp\/v2\/pages\/969\/revisions\/4100"}],"up":[{"embeddable":true,"href":"https:\/\/sisu.ut.ee\/ewod\/wp-json\/wp\/v2\/pages\/541"}],"wp:attachment":[{"href":"https:\/\/sisu.ut.ee\/ewod\/wp-json\/wp\/v2\/media?parent=969"}],"curies":[{"name":"wp","href":"https:\/\/api.w.org\/{rel}","templated":true}]}}