{"id":967,"date":"2024-04-03T23:40:35","date_gmt":"2024-04-03T20:40:35","guid":{"rendered":"https:\/\/sisu.ut.ee\/ewod\/saluaar\/"},"modified":"2024-04-04T00:08:36","modified_gmt":"2024-04-03T21:08:36","slug":"saluaar","status":"publish","type":"page","link":"https:\/\/sisu.ut.ee\/ewod\/s\/saluaar\/","title":{"rendered":"Anu Salu\u00e4\u00e4r"},"content":{"rendered":"<p style=\"margin-bottom:0.21cm\">\n<\/p><p><span style=\"color:#000000\"><span style=\"font-size:13px\"><span style=\"font-family:Verdana,Geneva,sans-serif\"><span style=\"line-height:150%\"><font style=\"12pt\">Anu Salu\u00e4\u00e4r (Vaher until 1971; from 2011, Salu\u00e4\u00e4r-Kall; 16. IX 1948) is a translator and editor.<\/font><\/span><\/span><\/span><\/span>\n<\/p>\n<p style=\"margin-bottom:0.21cm\">\n\t<span style=\"color:#000000\"><span style=\"font-size:13px\"><span style=\"font-family:Verdana,Geneva,sans-serif\"><span style=\"line-height:150%\"><font style=\"12pt\">Salu\u00e4\u00e4r was born in Tallinn. She was first educated in Tallinn, after which she studied Estonian language and literature at the history and language department of the Tartu State University (1972). She worked for the publishing house Eesti Raamat, was an editor at the publishing department of the Estonian Academy of Sciences of the Estonian SSR, and worked for the journal Loomingu Raamatukogu, where she was also editor-in-chief from 2008-2013. She is a member of the Estonian Writers\u2019 Union.<\/font><\/span><\/span><\/span><\/span>\n<\/p>\n<p style=\"margin-bottom:0.21cm\">\n\t<span style=\"color:#000000\"><span style=\"font-size:13px\"><span style=\"font-family:Verdana,Geneva,sans-serif\"><span style=\"line-height:150%\"><font style=\"12pt\">Salu\u00e4\u00e4r is mostly known for translating Scandinavian and mainly Swedish literature. She has written afterwords and published articles on Scandinavian literature as well. Her articles are featured in the collections <i>P\u00f5hjamaadest ja Eestist: kirjutisi 1987-2008<\/i> (\u2018On Nordic Countries and Estonia: Writings 1978-2008\u2019, 2008) and <i>L\u00e4hedased rannad: kirjutisi 2008-2018<\/i> (\u2018Nearby Shores: Writings 2008-2018\u2019, 2018). The travelogue <i>R\u00e4ndamisest ja v\u00e4ljar\u00e4ndamisest<\/i> (\u2018On Migration and Emigration\u2019, 2007) follows in the footsteps of Swedish writer\u2019s Vilhelm Moberg\u2019s works.<\/font><\/span><\/span><\/span><\/span>\n<\/p>\n<p style=\"margin-bottom:0.21cm\">\n\t<span style=\"color:#000000\"><span style=\"font-size:13px\"><span style=\"font-family:Verdana,Geneva,sans-serif\"><span style=\"line-height:150%\"><font style=\"12pt\">Salu\u00e4\u00e4r has been awarded the annual award (1990) and translation award (1991) of the Estonian Writers\u2019 Union for translating Scandinavian literature, the prize of the Estonian Cultural Foundation (1997), The Order of the White Star, V Class (2001), Literature Endowment Annual Award for translating <i>Sisser\u00e4ndajad <\/i>(\u2018Immigrants\u2019, 2005) by Vilhelm Moberg, the Vilhelm Moberg Society prize (2006), The Royal Order of the Polar Star of Sweden, I Class (2006), the E. W. Ponkala Foundation prize (2008) and the Edvin and Lembe Hiedel editor prize (2017).<\/font><\/span><\/span><\/span><\/span>\n<\/p>\n<p style=\"margin-bottom:0.21cm\" lang=\"en-US\">\n\t<span style=\"font-size:13px\"><span style=\"font-family:Verdana,Geneva,sans-serif\"><span style=\"color:#000000\"><em>A. K. (Trandlated by A. A.)<\/em><\/span><\/span><\/span><\/p>\n<p>\u00a0\n<\/p>\n<p>\n\t\u00a0\n<\/p>\n<p>\n\t<span style=\"font-family:Verdana,Geneva,sans-serif\"><strong><span style=\"font-size:16px\">Books in Estonian<\/span><\/strong><\/span>\n<\/p>\n<p>\n\t<span style=\"font-family:Verdana,Geneva,sans-serif\"><span style=\"font-size:13px\"><strong><em>Non-fiction<\/em><\/strong><br><strong>R\u00e4ndamisest ja v\u00e4ljar\u00e4ndamisest. Reisikiri<\/strong>. Tallinn: Kultuurileht (Loomingu Raamatukogu), 2007, 93 lk.<br><strong>P\u00f5hjamaadest ja Eestist. Kirjutisi 1987-2008<\/strong>. Tallinn: Eesti Keele Sihtasutus, 2008, 590 lk.<br>Sirje Olesk, Anu Salu\u00e4\u00e4r, <strong>Palat nr. 6. Kaks artiklit \u201cLoomingu Raamatukogu\u201d ajaloost<\/strong>. Tallinn: Kultuurileht (Loomingu Raamatukogu), 2017, 63 lk.<br><strong>L\u00e4hedased rannad. Kirjutisi 2008-2018<\/strong>. Tallinn: Eesti Keele Sihtasutus 2018, 379 lk.<\/span><\/span>\n<\/p>\n<p>\n\t\u00a0<\/p>\n","protected":false},"excerpt":{"rendered":"<p>Anu Salu\u00e4\u00e4r (Vaher until 1971; from 2011, Salu\u00e4\u00e4r-Kall; 16. IX 1948) is a translator and editor. Salu\u00e4\u00e4r was born in Tallinn. She was first educated in Tallinn, after which she studied Estonian language and literature at the history and language &#8230;<\/p>\n","protected":false},"author":43,"featured_media":0,"parent":697,"menu_order":0,"comment_status":"closed","ping_status":"closed","template":"","meta":{"_acf_changed":false,"inline_featured_image":false,"footnotes":""},"class_list":["post-967","page","type-page","status-publish","hentry"],"acf":[],"_links":{"self":[{"href":"https:\/\/sisu.ut.ee\/ewod\/wp-json\/wp\/v2\/pages\/967","targetHints":{"allow":["GET"]}}],"collection":[{"href":"https:\/\/sisu.ut.ee\/ewod\/wp-json\/wp\/v2\/pages"}],"about":[{"href":"https:\/\/sisu.ut.ee\/ewod\/wp-json\/wp\/v2\/types\/page"}],"author":[{"embeddable":true,"href":"https:\/\/sisu.ut.ee\/ewod\/wp-json\/wp\/v2\/users\/43"}],"replies":[{"embeddable":true,"href":"https:\/\/sisu.ut.ee\/ewod\/wp-json\/wp\/v2\/comments?post=967"}],"version-history":[{"count":1,"href":"https:\/\/sisu.ut.ee\/ewod\/wp-json\/wp\/v2\/pages\/967\/revisions"}],"predecessor-version":[{"id":4118,"href":"https:\/\/sisu.ut.ee\/ewod\/wp-json\/wp\/v2\/pages\/967\/revisions\/4118"}],"up":[{"embeddable":true,"href":"https:\/\/sisu.ut.ee\/ewod\/wp-json\/wp\/v2\/pages\/697"}],"wp:attachment":[{"href":"https:\/\/sisu.ut.ee\/ewod\/wp-json\/wp\/v2\/media?parent=967"}],"curies":[{"name":"wp","href":"https:\/\/api.w.org\/{rel}","templated":true}]}}