{"id":966,"date":"2024-04-03T23:40:35","date_gmt":"2024-04-03T20:40:35","guid":{"rendered":"https:\/\/sisu.ut.ee\/ewod\/leesment\/"},"modified":"2024-04-04T00:08:36","modified_gmt":"2024-04-03T21:08:36","slug":"leesment","status":"publish","type":"page","link":"https:\/\/sisu.ut.ee\/ewod\/l\/leesment\/","title":{"rendered":"J\u00fcri Leesment"},"content":{"rendered":"<p style=\"margin-bottom:0.11in\">\n\t<span style=\"color:#000000\"><span style=\"font-size:13px\"><span style=\"font-family:Verdana,Geneva,sans-serif\"><span style=\"line-height:108%\"><span style=\"font-weight:normal\"><a href=\"https:\/\/sisu.ut.ee\/wp-content\/uploads\/sites\/108\/juri_leesment_alar_madisson.jpg\" target=\"_self\" rel=\"noopener\"><img decoding=\"async\" alt=\"J\u00fcri Leesment\" src=\"https:\/\/sisu.ut.ee\/wp-content\/uploads\/sites\/108\/juri_leesment_alar_madisson.jpg\" style=\"float: right;width: 300px;height: 201px\" title=\"Photo: Alar Madisson\"><\/a><\/span><\/span><\/span><\/span><\/span><\/p>\n<p>J\u00fcri Leesment (b. 5. III 1961) is a poet.\n<\/p>\n<p style=\"margin-bottom:0.11in\">\n\t<span style=\"color:#000000\"><span style=\"font-size:13px\"><span style=\"font-family:Verdana,Geneva,sans-serif\"><span style=\"line-height:108%\">He was born in J\u00f5geva, educated at Suislepa in Viljandi county and in J\u00f5geva, studied in the Faculty of Philology at the State University of Tartu from 1979 to 1985, graduating in Estonian philology, specialising in literature. He has worked, among other jobs, as a director of the archive of the Tallinn University of Technology, an organiser of cultural events, a consultant to the Ministry of Internal Affairs and in the editorial offices of several publications. He has worked for Radio Free Europe. Since 1996 he is a freelance journalist. He joined the Writers\u2019 Union in 2008.<\/span><\/span><\/span><\/span>\n<\/p>\n<p style=\"margin-bottom:0.11in\">\n\t<span style=\"color:#000000\"><span style=\"font-size:13px\"><span style=\"font-family:Verdana,Geneva,sans-serif\"><span style=\"line-height:108%\">Leesment, who made his debut in 1987 in the journal <i>Vikerkaar<\/i>, entered Estonian culture largely as the author of the words of songs of the reawakening time by Alo Mattiisen (1961-1996), which were part of the Singing Revolution, and by now have become symbolic of their time and acquired the status of classics \u2013 <i>Eestlane olen ja eestlaseks j\u00e4\u00e4n <\/i>(\u2018I\u2019m an Estonian and Will Remain an Estonian\u2019), <i>Ei ole \u00fcksi \u00fckski maa <\/i>(\u2018No Land is Alone\u2019), <i>Kaunimad laulud <\/i>(\u2018The Most Beautiful Songs\u2019), <i>Sind surmani <\/i>(\u2018You Until Death\u2019). His work from the eighties, mostly free verse, is compiled in the collection <i>Vihm ei v\u00f5\u00f5rasta <\/i>(\u2018The Rain is Not Shy\u2019, 1990), and the period from the late eighties to the mid-noughties is covered by the collection <i>Saada mind kiusatusse <\/i>(\u2018Lead Me into Temptation\u2019, 2007), which is rich in the associations that are typical of Leesment, references to the classics of Estonian poetry and to folk poetry.<\/span><\/span><\/span><\/span>\n<\/p>\n<p style=\"margin-bottom:0.11in\">\n\t<span style=\"color:#000000\"><span style=\"font-size:13px\"><span style=\"font-family:Verdana,Geneva,sans-serif\"><span style=\"line-height:108%\">Together with Toomas Muru, J\u00fcri Leesment has compiled the book <i>Ajaga silmitsi <\/i>(\u2018Face to Face with Time\u2019, 2010), and with Paavo Kangur wrote the book <i>M\u00e4ssav vabaduslaulik <\/i>(\u2018The Rebellious Bard of Freedom\u2019, 2018), both of which concentrate on Alo Mattiisen.<\/span><\/span><\/span><\/span>\n<\/p>\n<p style=\"margin-bottom:0.11in\">\n\t<span style=\"color:#000000\"><span style=\"font-size:13px\"><span style=\"font-family:Verdana,Geneva,sans-serif\"><span style=\"line-height:108%\">Leesment was awarded the Order of the White Star, Class IV, in 2000, and the Stone of Gratitude on the Restoration of Independence, together with Alo Mattiisen in 2010. He is also chairman of the Council of the Alo Mattiisen Foundation.<\/span><\/span><\/span><\/span>\n<\/p>\n<p style=\"margin-bottom:0.11in\">\n\t<span style=\"color:#000000\"><span style=\"font-size:13px\"><span style=\"font-family:Verdana,Geneva,sans-serif\"><span style=\"line-height:108%\"><i>A. K. (Translated by C. M.)<\/i><\/span><\/span><\/span><\/span>\n<\/p>\n<p style=\"margin-bottom:0.08in\">\n<\/p><p><span style=\"font-size:16px\"><span style=\"color:#000000\"><span style=\"font-family:Verdana,Geneva,sans-serif\"><span style=\"line-height:150%\"><b>Books in Estonian<\/b><\/span><\/span><\/span><\/span>\n<\/p>\n<p style=\"margin-bottom:0.08in\">\n\t<span style=\"color:#000000\"><span style=\"font-size:13px\"><span style=\"font-family:Verdana,Geneva,sans-serif\"><span style=\"line-height:150%\"><em><b>Poetry collections<\/b><\/em><br><strong>Vihm ei v\u00f5\u00f5rasta<\/strong>: valik tekste 1981-1987. Tallinn: Eesti Raamat, 1990, 60 lk.<br><strong>Saada mind kiusatusse<\/strong>: valik tekste 1988-2007. Tartu: Ilmamaa, 2007, 71 lk.<br><strong>T\u00e4na m\u00e4ngime elu<\/strong>. Tartu: Ilmamaa, 2018, 84 lk.<\/span><\/span><\/span><\/span>\n<\/p>\n<p style=\"margin-bottom:0.08in\">\n\t<span style=\"color:#000000\"><span style=\"font-size:13px\"><span style=\"font-family:Verdana,Geneva,sans-serif\"><span style=\"line-height:150%\"><em><b>About J\u00fcri Leesment<\/b><\/em><br>Paavo Kangur, J\u00fcri Leesment, <strong>M\u00e4ssav vabaduslaulik: J\u00fcri Leesmenti ja Alo Mattiiseni lugu<\/strong>. T\u00f5rvandi: Inglisilla Produktsioon, 2018, 186 lk.<\/span><\/span><\/span><\/span><\/p>\n","protected":false},"excerpt":{"rendered":"<p>J\u00fcri Leesment (b. 5. III 1961) is a poet. He was born in J\u00f5geva, educated at Suislepa in Viljandi county and in J\u00f5geva, studied in the Faculty of Philology at the State University of Tartu from 1979 to 1985, graduating &#8230;<\/p>\n","protected":false},"author":43,"featured_media":0,"parent":631,"menu_order":0,"comment_status":"closed","ping_status":"closed","template":"","meta":{"_acf_changed":false,"inline_featured_image":false,"footnotes":""},"class_list":["post-966","page","type-page","status-publish","hentry"],"acf":[],"_links":{"self":[{"href":"https:\/\/sisu.ut.ee\/ewod\/wp-json\/wp\/v2\/pages\/966","targetHints":{"allow":["GET"]}}],"collection":[{"href":"https:\/\/sisu.ut.ee\/ewod\/wp-json\/wp\/v2\/pages"}],"about":[{"href":"https:\/\/sisu.ut.ee\/ewod\/wp-json\/wp\/v2\/types\/page"}],"author":[{"embeddable":true,"href":"https:\/\/sisu.ut.ee\/ewod\/wp-json\/wp\/v2\/users\/43"}],"replies":[{"embeddable":true,"href":"https:\/\/sisu.ut.ee\/ewod\/wp-json\/wp\/v2\/comments?post=966"}],"version-history":[{"count":1,"href":"https:\/\/sisu.ut.ee\/ewod\/wp-json\/wp\/v2\/pages\/966\/revisions"}],"predecessor-version":[{"id":4117,"href":"https:\/\/sisu.ut.ee\/ewod\/wp-json\/wp\/v2\/pages\/966\/revisions\/4117"}],"up":[{"embeddable":true,"href":"https:\/\/sisu.ut.ee\/ewod\/wp-json\/wp\/v2\/pages\/631"}],"wp:attachment":[{"href":"https:\/\/sisu.ut.ee\/ewod\/wp-json\/wp\/v2\/media?parent=966"}],"curies":[{"name":"wp","href":"https:\/\/api.w.org\/{rel}","templated":true}]}}