{"id":964,"date":"2024-04-03T23:40:35","date_gmt":"2024-04-03T20:40:35","guid":{"rendered":"https:\/\/sisu.ut.ee\/ewod\/novels-et-49\/"},"modified":"2024-04-04T00:08:35","modified_gmt":"2024-04-03T21:08:35","slug":"novels","status":"publish","type":"page","link":"https:\/\/sisu.ut.ee\/ewod\/e\/ehasalu\/novels\/","title":{"rendered":"Peep Ehasalu &#8211; novels"},"content":{"rendered":"<p>\n\t<span style=\"color:#000000\"><strong><span style=\"font-family: verdana, geneva;font-size: medium\">Books<\/span><\/strong><\/span>\n<\/p>\n<p>\n\t<span style=\"color:#000000\"><span style=\"font-size:13px\"><strong><em><span style=\"font-family: verdana, geneva\">German<\/span><\/em><\/strong><br><span style=\"font-family: verdana, geneva\">P\u00e4rtel Ekman, <strong>Tallinner Trio<\/strong>. Aus dem Estnischen \u00fcbersetzt von Berthold Forssman. Dettelbach: Verlag J. H. R\u00f6ll, 2004, 162 pp. [\u2018Murtud truudus\u2019.]<\/span><\/span><\/span><\/p>\n","protected":false},"excerpt":{"rendered":"<p>Books GermanP\u00e4rtel Ekman, Tallinner Trio. Aus dem Estnischen \u00fcbersetzt von Berthold Forssman. Dettelbach: Verlag J. H. R\u00f6ll, 2004, 162 pp. [\u2018Murtud truudus\u2019.]<\/p>\n","protected":false},"author":43,"featured_media":0,"parent":951,"menu_order":0,"comment_status":"closed","ping_status":"closed","template":"","meta":{"_acf_changed":false,"inline_featured_image":false,"footnotes":""},"class_list":["post-964","page","type-page","status-publish","hentry"],"acf":[],"_links":{"self":[{"href":"https:\/\/sisu.ut.ee\/ewod\/wp-json\/wp\/v2\/pages\/964","targetHints":{"allow":["GET"]}}],"collection":[{"href":"https:\/\/sisu.ut.ee\/ewod\/wp-json\/wp\/v2\/pages"}],"about":[{"href":"https:\/\/sisu.ut.ee\/ewod\/wp-json\/wp\/v2\/types\/page"}],"author":[{"embeddable":true,"href":"https:\/\/sisu.ut.ee\/ewod\/wp-json\/wp\/v2\/users\/43"}],"replies":[{"embeddable":true,"href":"https:\/\/sisu.ut.ee\/ewod\/wp-json\/wp\/v2\/comments?post=964"}],"version-history":[{"count":1,"href":"https:\/\/sisu.ut.ee\/ewod\/wp-json\/wp\/v2\/pages\/964\/revisions"}],"predecessor-version":[{"id":4115,"href":"https:\/\/sisu.ut.ee\/ewod\/wp-json\/wp\/v2\/pages\/964\/revisions\/4115"}],"up":[{"embeddable":true,"href":"https:\/\/sisu.ut.ee\/ewod\/wp-json\/wp\/v2\/pages\/951"}],"wp:attachment":[{"href":"https:\/\/sisu.ut.ee\/ewod\/wp-json\/wp\/v2\/media?parent=964"}],"curies":[{"name":"wp","href":"https:\/\/api.w.org\/{rel}","templated":true}]}}