{"id":963,"date":"2024-04-03T23:40:35","date_gmt":"2024-04-03T20:40:35","guid":{"rendered":"https:\/\/sisu.ut.ee\/ewod\/articlesingalician\/"},"modified":"2024-04-04T00:08:35","modified_gmt":"2024-04-03T21:08:35","slug":"articlesingalician","status":"publish","type":"page","link":"https:\/\/sisu.ut.ee\/ewod\/general\/articlesingalician\/","title":{"rendered":"General treatments &#8211; articles in Galician"},"content":{"rendered":"<p><span style=\"font-family: verdana, geneva\">J\u00fcri Talvet, <strong>A poes\u00eda estonia (pos)moderna<\/strong>. \u2013 Bolet\u00edn Galego de Literatura. Monograf\u00edas-2. Vello ceo n\u00f3rdico. Poes\u00eda estonia contempor\u00e1nea. (J.Talvet, A.Casas, eds). Santiago: Universidade de Santiago de Compostela, 2002, pp 11-28.<\/span><\/p>\n","protected":false},"excerpt":{"rendered":"<p>J\u00fcri Talvet, A poes\u00eda estonia (pos)moderna. \u2013 Bolet\u00edn Galego de Literatura. Monograf\u00edas-2. Vello ceo n\u00f3rdico. Poes\u00eda estonia contempor\u00e1nea. (J.Talvet, A.Casas, eds). Santiago: Universidade de Santiago de Compostela, 2002, pp 11-28.<\/p>\n","protected":false},"author":43,"featured_media":0,"parent":1485,"menu_order":0,"comment_status":"closed","ping_status":"closed","template":"","meta":{"_acf_changed":false,"inline_featured_image":false,"footnotes":""},"class_list":["post-963","page","type-page","status-publish","hentry"],"acf":[],"_links":{"self":[{"href":"https:\/\/sisu.ut.ee\/ewod\/wp-json\/wp\/v2\/pages\/963","targetHints":{"allow":["GET"]}}],"collection":[{"href":"https:\/\/sisu.ut.ee\/ewod\/wp-json\/wp\/v2\/pages"}],"about":[{"href":"https:\/\/sisu.ut.ee\/ewod\/wp-json\/wp\/v2\/types\/page"}],"author":[{"embeddable":true,"href":"https:\/\/sisu.ut.ee\/ewod\/wp-json\/wp\/v2\/users\/43"}],"replies":[{"embeddable":true,"href":"https:\/\/sisu.ut.ee\/ewod\/wp-json\/wp\/v2\/comments?post=963"}],"version-history":[{"count":1,"href":"https:\/\/sisu.ut.ee\/ewod\/wp-json\/wp\/v2\/pages\/963\/revisions"}],"predecessor-version":[{"id":4114,"href":"https:\/\/sisu.ut.ee\/ewod\/wp-json\/wp\/v2\/pages\/963\/revisions\/4114"}],"up":[{"embeddable":true,"href":"https:\/\/sisu.ut.ee\/ewod\/wp-json\/wp\/v2\/pages\/1485"}],"wp:attachment":[{"href":"https:\/\/sisu.ut.ee\/ewod\/wp-json\/wp\/v2\/media?parent=963"}],"curies":[{"name":"wp","href":"https:\/\/api.w.org\/{rel}","templated":true}]}}