{"id":960,"date":"2024-04-03T23:40:35","date_gmt":"2024-04-03T20:40:35","guid":{"rendered":"https:\/\/sisu.ut.ee\/ewod\/kool\/"},"modified":"2024-04-04T00:08:35","modified_gmt":"2024-04-03T21:08:35","slug":"kool","status":"publish","type":"page","link":"https:\/\/sisu.ut.ee\/ewod\/k\/kool\/","title":{"rendered":"Ott Kool"},"content":{"rendered":"<p>\n\t<a href=\"https:\/\/sisu.ut.ee\/ewod\/k\/kool\/stories\"><strong><span style=\"font-family: verdana, geneva;font-size: medium\">Short stories<\/span><\/strong><\/a>\n<\/p>\n<p>\n\t<br>\u00a0\n<\/p>\n<p>\n\tOtt Kool (real name Otto Kool; 12 November 1930 \u2013 28 August 2000) was a radio journalist and playwright.\n<\/p>\n<p>\n\tKool was born in Virumaa County and attended Malla primary school and Kohtla-J\u00e4rve industrial school and evening secondary school.\u00a0 Initially, he worked in industry, in the 1960s became a journalist, working at first for the magazine <em>Noorus<\/em>, afterwards as a correspondent of the Estonian Radio. He was a member of the Estonian Association of Journalists and the Estonian Writers\u2019 Union. Kool was awarded the title of Merited Journalist of the Estonian SSR (1988), the big nature conservation badge of the Estonian SSR and the Karl Ernst von Baer Medal (1988). He is buried in Kunda cemetery.\n<\/p>\n<p>\n\tKool wrote mainly on the themes of North Estonian agriculture and environment, attaching importance to nature conservation. From the late 1950s, he began to publish literary reportage and short prose in the press, which have been issued in the collections <em>Adraseadmise aegu<\/em> (\u2018\u2019Time to Put One\u2019s Hand to the Plough\u2019, 1962) and <em>T\u00e4hed allikas<\/em> (\u2018Stars at Headspring\u2019, 1967). The latter received the literary prize of the <a data-url=\"https:\/\/sisu.ut.ee\/ewod\/v\/eduardvilde\" href=\"https:\/\/sisu.ut.ee\/ewod\/v\/eduardvilde\" title=\"\">Eduard Vilde<\/a> collective farm (1968).\n<\/p>\n<p>\n\tWith the play <em>Lilled professorile<\/em> (\u2018Flowers for the Professor\u2019, staged at Rakvere theatre in 1971, published in the collection <em>Valik n\u00e4idendeid<\/em> \u2013 \u2018Selected Plays\u2019 \u2013 in 1973) playwriting takes the central place in Kool\u2019s creation. Here, too, the essential place belongs to the problems of rural life and collective farms, e.g., in the dilogy <em>Maarja maal<\/em> (\u2018Maarja in the Country\u2019, staged at P\u00e4rnu theatre in 1975) and <em>Kes paljajalu k\u00e4ib<\/em> (\u2018Who\u2019s Walking Barefoot\u2019, staged at P\u00e4rnu theatre in 1981). <em>Musta kassi \u00f6\u00f6sel ei n\u00e4e<\/em> (\u2018You Can\u2019t See a Black Cat at Night\u2019, staged at P\u00e4rnu theatre 1984, published in print in the collection <em>Eesti n\u00e4idendeid 1980\u20131984<\/em> \u2013 \u2018Estonian Plays 1980\u20131984\u2019 \u2013 in 1987) gained great popularity among the audience. It is a variation on the conflict between rural and urban attitudes to life as known from <a data-url=\"https:\/\/sisu.ut.ee\/ewod\/t\/tammsaare\" href=\"https:\/\/sisu.ut.ee\/ewod\/t\/tammsaare\" title=\"\">A. H. Tammsaare<\/a>\u2019s books.\u00a0 In the play <em>Reporterid<\/em> (\u2018Reporters\u2019, staged at P\u00e4rnu theatre in 1987), Kool depicted journalists\u2019 work.\n<\/p>\n<p>\n\t<em>A. K. (Translated by I. A.)<\/em>\n<\/p>\n<p><strong><span style=\"font-size:16px\">Books in Estonian<\/span><\/strong>\n<\/p>\n<p>\n\t<strong><em>Short prose<\/em><\/strong><br><strong>Adraseadmise aegu<\/strong>: olukirjeldused ja jutustused. Tallinn: Eesti Riiklik Kirjastus, 1962, 252 lk<br><strong>T\u00e4hed allikas<\/strong>. Tallinn: Eesti Raamat, 1967, 272 lk\n<\/p>\n<p>\n\t\u00a0<\/p>\n","protected":false},"excerpt":{"rendered":"<p>Short stories \u00a0 Ott Kool (real name Otto Kool; 12 November 1930 \u2013 28 August 2000) was a radio journalist and playwright. Kool was born in Virumaa County and attended Malla primary school and Kohtla-J\u00e4rve industrial school and evening secondary &#8230;<\/p>\n","protected":false},"author":43,"featured_media":0,"parent":498,"menu_order":0,"comment_status":"closed","ping_status":"closed","template":"","meta":{"_acf_changed":false,"inline_featured_image":false,"footnotes":""},"class_list":["post-960","page","type-page","status-publish","hentry"],"acf":[],"_links":{"self":[{"href":"https:\/\/sisu.ut.ee\/ewod\/wp-json\/wp\/v2\/pages\/960","targetHints":{"allow":["GET"]}}],"collection":[{"href":"https:\/\/sisu.ut.ee\/ewod\/wp-json\/wp\/v2\/pages"}],"about":[{"href":"https:\/\/sisu.ut.ee\/ewod\/wp-json\/wp\/v2\/types\/page"}],"author":[{"embeddable":true,"href":"https:\/\/sisu.ut.ee\/ewod\/wp-json\/wp\/v2\/users\/43"}],"replies":[{"embeddable":true,"href":"https:\/\/sisu.ut.ee\/ewod\/wp-json\/wp\/v2\/comments?post=960"}],"version-history":[{"count":1,"href":"https:\/\/sisu.ut.ee\/ewod\/wp-json\/wp\/v2\/pages\/960\/revisions"}],"predecessor-version":[{"id":4111,"href":"https:\/\/sisu.ut.ee\/ewod\/wp-json\/wp\/v2\/pages\/960\/revisions\/4111"}],"up":[{"embeddable":true,"href":"https:\/\/sisu.ut.ee\/ewod\/wp-json\/wp\/v2\/pages\/498"}],"wp:attachment":[{"href":"https:\/\/sisu.ut.ee\/ewod\/wp-json\/wp\/v2\/media?parent=960"}],"curies":[{"name":"wp","href":"https:\/\/api.w.org\/{rel}","templated":true}]}}