{"id":958,"date":"2024-04-03T23:40:34","date_gmt":"2024-04-03T20:40:34","guid":{"rendered":"https:\/\/sisu.ut.ee\/ewod\/stories-et-99\/"},"modified":"2024-04-04T00:08:38","modified_gmt":"2024-04-03T21:08:38","slug":"stories","status":"publish","type":"page","link":"https:\/\/sisu.ut.ee\/ewod\/o\/oks\/stories\/","title":{"rendered":"Jaan Oks &#8211; short stories"},"content":{"rendered":"<p>\n\t<span style=\"font-family: verdana, geneva;font-size: medium\"><strong>In compilations, anthologies, magazines<\/strong><\/span>\n<\/p>\n<p>\n\t<span style=\"font-family: verdana, geneva;font-size: small\"><strong><em>Finnish<\/em><br>Kyl\u00e4; Tumma ihmislapsi<\/strong>. \u2013 Ihmisen varjo ynn\u00e4 muita virolaisia novelleja. Toim. E. En\u00e4j\u00e4rvi. Porvoo: S\u00f6derstr\u00f6m, 1924, 206 pp. [Translations of \u2018K\u00fcla\u2019 and \u2018Tume inimeselaps\u2019. Anthology of short stories. Contents: J. Oks \u2019Kyl\u00e4\u2019 (\u2019K\u00fcla\u2019), \u2019Tumma ihmislapsi\u2019 (\u2019Tume inimeselaps\u2019); F. Tuglas \u2019Tuomen helpeet\u2019 (\u2019Toome helbed\u2019), \u2019Kes\u00e4y\u00f6n rakkaus\u2019 (\u2019Suve\u00f6\u00f6 armastus\u2019), \u2019Ihmisen varjo\u2019 (\u2019Inimese vari\u2019); A. H. Tammsaare \u2019Merkkip\u00e4iv\u00e4\u2019 (\u2019T\u00e4htis p\u00e4ev\u2019); J. M\u00e4ndmets \u2019Kyl\u00e4kapakka\u2019 (\u2019K\u00f5rts\u2019); A. Kivikas \u2019Suunsoittaja\u2019 (\u2019S\u00f6\u00f6mar\u2019), \u2019Keinulaulu\u2019 (\u2019Tilulilulii\u2019), \u2019Omalle kamaralle\u2019 (\u2019Omale maalapile\u2019), \u2019Tulvaveden aikaan\u2019 (\u2019Suure vee ajal\u2019).]<\/span>\n<\/p>\n<p>\n\t<span style=\"font-family: verdana, geneva;font-size: small\"><strong><em>German<\/em><\/strong><br><strong>Das Dorf<\/strong>. \u2013 Die Ostsee. Berichte und Geschichten aus 2000 Jahren. Herausgegeben von Klaus-J\u00fcrgen Liedtke. K\u00f6ln: Galiani Berlin, 2018, 650 lk. [\u2018K\u00fcla\u2019.]<br><strong>Das Dorf<\/strong>. \u00dcbersetzung: Horst Bernhardt. \u2013 Trajekt, vol 6, 1986, pp 284-286. [\u2018K\u00fcla\u2019.]<\/span><\/p>\n","protected":false},"excerpt":{"rendered":"<p>In compilations, anthologies, magazines FinnishKyl\u00e4; Tumma ihmislapsi. \u2013 Ihmisen varjo ynn\u00e4 muita virolaisia novelleja. Toim. E. En\u00e4j\u00e4rvi. Porvoo: S\u00f6derstr\u00f6m, 1924, 206 pp. [Translations of \u2018K\u00fcla\u2019 and \u2018Tume inimeselaps\u2019. Anthology of short stories. Contents: J. Oks \u2019Kyl\u00e4\u2019 (\u2019K\u00fcla\u2019), \u2019Tumma ihmislapsi\u2019 (\u2019Tume &#8230;<\/p>\n","protected":false},"author":43,"featured_media":0,"parent":946,"menu_order":0,"comment_status":"closed","ping_status":"closed","template":"","meta":{"_acf_changed":false,"inline_featured_image":false,"footnotes":""},"class_list":["post-958","page","type-page","status-publish","hentry"],"acf":[],"_links":{"self":[{"href":"https:\/\/sisu.ut.ee\/ewod\/wp-json\/wp\/v2\/pages\/958","targetHints":{"allow":["GET"]}}],"collection":[{"href":"https:\/\/sisu.ut.ee\/ewod\/wp-json\/wp\/v2\/pages"}],"about":[{"href":"https:\/\/sisu.ut.ee\/ewod\/wp-json\/wp\/v2\/types\/page"}],"author":[{"embeddable":true,"href":"https:\/\/sisu.ut.ee\/ewod\/wp-json\/wp\/v2\/users\/43"}],"replies":[{"embeddable":true,"href":"https:\/\/sisu.ut.ee\/ewod\/wp-json\/wp\/v2\/comments?post=958"}],"version-history":[{"count":1,"href":"https:\/\/sisu.ut.ee\/ewod\/wp-json\/wp\/v2\/pages\/958\/revisions"}],"predecessor-version":[{"id":4130,"href":"https:\/\/sisu.ut.ee\/ewod\/wp-json\/wp\/v2\/pages\/958\/revisions\/4130"}],"up":[{"embeddable":true,"href":"https:\/\/sisu.ut.ee\/ewod\/wp-json\/wp\/v2\/pages\/946"}],"wp:attachment":[{"href":"https:\/\/sisu.ut.ee\/ewod\/wp-json\/wp\/v2\/media?parent=958"}],"curies":[{"name":"wp","href":"https:\/\/api.w.org\/{rel}","templated":true}]}}