{"id":957,"date":"2024-04-03T23:40:34","date_gmt":"2024-04-03T20:40:34","guid":{"rendered":"https:\/\/sisu.ut.ee\/ewod\/articlesinrussian\/"},"modified":"2024-04-04T00:08:38","modified_gmt":"2024-04-03T21:08:38","slug":"articlesinrussian","status":"publish","type":"page","link":"https:\/\/sisu.ut.ee\/ewod\/general\/articlesinrussian\/","title":{"rendered":"General treatments &#8211; articles in Russian"},"content":{"rendered":"<p><span style=\"font-family: verdana, geneva\">\u041d\u044d\u043b\u043b\u0438\u00a0\u0410\u0431\u0430\u0448\u0438\u043d\u0430-\u041c\u0435\u043b\u044c\u0446, <strong><a href=\"http:\/\/magazines.russ.ru\/october\/2015\/9\/13a.html\" target=\"_blank\" rel=\"noopener\">\u0421\u0430\u043c\u043e\u0441\u0442\u043e\u044f\u0442\u0435\u043b\u044c\u043d\u043e\u0435 \u043f\u043b\u0430\u0432\u0430\u043d\u0438\u0435<\/a><\/strong>. \u2013\u00a0<a href=\"http:\/\/magazines.russ.ru\/october\/2015\/9\/\" target=\"_blank\" rel=\"noopener\">\u041e\u043a\u0442\u044f\u0431\u0440\u044c, No 9, 2015<\/a><span style=\"font-family: verdana, geneva\">. \u0411\u0435\u0440\u0435\u0433 \u043b\u0438\u0442\u0435\u0440\u0430\u0442\u0443\u0440\u044b. \u041d\u043e\u0432\u043e\u0435 \u0441\u043b\u043e\u0432\u043e \u041b\u0430\u0442\u0432\u0438\u0438, \u041b\u0438\u0442\u0432\u044b, \u042d\u0441\u0442\u043e\u043d\u0438\u0438. [<span style=\"font-family: verdana, geneva\">About the magazine \u0422\u0430\u043b\u043b\u0438\u043d\u043d.\u00a0<\/span>See\u00a0<\/span><strong><a href=\"https:\/\/sisu.ut.ee\/ewod\/anthologies\/oktjabr\">contents<\/a><\/strong><span style=\"font-family: verdana, geneva\">\u00a0of the special edition.]<br>\u041b\u044e\u0434\u043c\u0438\u043b\u0430 \u0413\u043b\u0443\u0448\u043a\u043e\u0432\u0441\u043a\u0430\u044f, <strong><a href=\"http:\/\/magazines.russ.ru\/october\/2015\/9\/18g.html\" target=\"_blank\" rel=\"noopener\">\u0412\u044b\u0431\u043e\u0440<\/a><\/strong>. \u2013 <a href=\"http:\/\/magazines.russ.ru\/october\/2015\/9\/\" target=\"_blank\" rel=\"noopener\">\u041e\u043a\u0442\u044f\u0431\u0440\u044c, No 9, 2015<\/a><span style=\"font-family: verdana, geneva\">. \u0411\u0435\u0440\u0435\u0433 \u043b\u0438\u0442\u0435\u0440\u0430\u0442\u0443\u0440\u044b. \u041d\u043e\u0432\u043e\u0435 \u0441\u043b\u043e\u0432\u043e \u041b\u0430\u0442\u0432\u0438\u0438, \u041b\u0438\u0442\u0432\u044b, \u042d\u0441\u0442\u043e\u043d\u0438\u0438. [<span style=\"font-family: verdana, geneva\">About the magazine <span style=\"font-family: verdana, geneva\">\u0412\u044b\u0448\u0433\u043e\u0440\u043e\u0434<\/span>.\u00a0<\/span>See\u00a0<\/span><strong><a href=\"https:\/\/sisu.ut.ee\/ewod\/anthologies\/oktjabr\">contents<\/a><\/strong><span style=\"font-family: verdana, geneva\">\u00a0of the special edition.]<\/span><\/span><br>\u0418\u0433\u043e\u0440\u044c \u041a\u043e\u0442\u044e\u0445, <strong><a href=\"http:\/\/magazines.russ.ru\/october\/2015\/9\/5k.html\" target=\"_blank\" rel=\"noopener\">\u0420\u0443\u0441\u0441\u043a\u0430\u044f \u043b\u0438\u0442\u0435\u0440\u0430\u0442\u0443\u0440\u0430 \u0438 \u042d\u0441\u0442\u043e\u043d\u0438\u044f<\/a>. \u041e \u043f\u0440\u043e\u0435\u043a\u0442\u0435 \u00ab\u0412\u043e\u0437\u0434\u0443\u0448\u043d\u044b\u0439 \u0437\u043c\u0435\u0439\u00bb<\/strong>. \u2013\u00a0<a href=\"http:\/\/magazines.russ.ru\/october\/2015\/9\/\" target=\"_blank\" rel=\"noopener\">\u041e\u043a\u0442\u044f\u0431\u0440\u044c, No 9, 2015<\/a>. \u0411\u0435\u0440\u0435\u0433 \u043b\u0438\u0442\u0435\u0440\u0430\u0442\u0443\u0440\u044b. \u041d\u043e\u0432\u043e\u0435 \u0441\u043b\u043e\u0432\u043e \u041b\u0430\u0442\u0432\u0438\u0438, \u041b\u0438\u0442\u0432\u044b, \u042d\u0441\u0442\u043e\u043d\u0438\u0438. [See <strong><a href=\"https:\/\/sisu.ut.ee\/ewod\/anthologies\/oktjabr\">contents<\/a><\/strong> of the special edition.]<br>\u041e\u043b\u0435\u0441\u044f \u0420\u043e\u0442\u0430\u0440\u044c, <strong><a href=\"http:\/\/magazines.russ.ru\/october\/2015\/9\/25r.html\" target=\"_blank\" rel=\"noopener\">\u041b\u0435\u0442\u043e\u043f\u0438\u0441\u044c \u0438 \u0430\u0440\u0442-\u043e\u0431\u044a\u0435\u043a\u0442<\/a><\/strong>. \u2013 <a href=\"http:\/\/magazines.russ.ru\/october\/2015\/9\/\" target=\"_blank\" rel=\"noopener\">\u041e\u043a\u0442\u044f\u0431\u0440\u044c, No 9, 2015<\/a><span style=\"font-family: verdana, geneva\">. \u0411\u0435\u0440\u0435\u0433 \u043b\u0438\u0442\u0435\u0440\u0430\u0442\u0443\u0440\u044b. \u041d\u043e\u0432\u043e\u0435 \u0441\u043b\u043e\u0432\u043e \u041b\u0430\u0442\u0432\u0438\u0438, \u041b\u0438\u0442\u0432\u044b, \u042d\u0441\u0442\u043e\u043d\u0438\u0438. [<span style=\"font-family: verdana, geneva\">About the magazine \u041f\u043b\u0443\u0433.\u00a0<\/span>See\u00a0<\/span><strong><a href=\"https:\/\/sisu.ut.ee\/ewod\/anthologies\/oktjabr\">contents<\/a><\/strong><span style=\"font-family: verdana, geneva\">\u00a0of the special edition.]<br><span style=\"font-family: verdana, geneva\">\u042f\u0430\u043d \u041a\u0430\u0443\u0441,\u00a0<\/span><strong>\u041f\u043b\u043e\u0449\u0430\u0434\u0438 \u0438 \u0437\u0430\u043a\u043e\u0443\u043b\u043a\u0438 \u044d\u0441\u0442\u043e\u043d\u0441\u043a\u043e\u0433\u043e \u0433\u043e\u0440\u043e\u0434\u0430 \u041f\u043e\u044d\u0437\u0438\u0438<\/strong><span style=\"font-family: verdana, geneva\">. \u041f\u0435\u0440\u0435\u0432\u043e\u0434 \u0418\u0433\u043e\u0440\u044f \u041a\u043e\u0442\u044e\u0445\u0430. \u2013 <span style=\"font-family: verdana, geneva\">\u2013\u00a0<\/span><a href=\"http:\/\/magazines.russ.ru\/druzhba\/2009\/4\/\" target=\"_blank\" rel=\"noopener\">\u0414\u0440\u0443\u0436\u0431\u0430 \u041d\u0430\u0440\u043e\u0434\u043e\u0432, no 4, 2009<\/a><a href=\"http:\/\/magazines.russ.ru\/druzhba\/2009\/4\/\" target=\"_blank\" rel=\"noopener\">. \u042d\u0441\u0442\u043e\u043d\u0441\u043a\u0438\u0435 \u043f\u0438\u0441\u0430\u0442\u0435\u043b\u0438 \u043d\u0430 \u0441\u0442\u0440\u0430\u043d\u0438\u0446\u0430\u0445 \u00ab\u0414\u041d\u00bb<\/a><span style=\"font-family: verdana, geneva\">. [<\/span>About Estonian poetry, Doris\u00a0<\/span><span style=\"font-family: verdana, geneva\">Kareva, Mathura, Aare Pilv, Triin Soomets, Kivisildnik, fs, J\u00fcrgen Rooste and Elo Viiding. <span style=\"font-family: verdana, geneva\">See\u00a0<\/span><strong><a href=\"https:\/\/sisu.ut.ee\/ewod\/anthologies\/druzhba\">contents<\/a><\/strong><span style=\"font-family: verdana, geneva\">\u00a0of the special edition.<\/span>]<\/span><br>\u0420\u0435\u0439\u043d \u0412\u0435\u0439\u0434\u0435\u043c\u0430\u043d\u043d, <strong><a href=\"http:\/\/magazines.russ.ru\/druzhba\/2009\/4\/ve25.html\" target=\"_blank\" rel=\"noopener\">\u042d\u0441\u0442\u043e\u043d\u0438\u044f \u0438 \u044d\u0441\u0442\u043e\u043d\u0441\u043a\u0430\u044f \u043a\u0443\u043b\u044c\u0442\u0443\u0440\u0430 \u2014 \u043f\u043e\u043d\u044f\u0442\u0438\u044f \u0438\u0434\u0435\u043d\u0442\u0438\u0447\u043d\u044b\u0435<\/a><\/strong>. \u041f\u0435\u0440\u0435\u0432\u043e\u0434 \u041b\u0435\u043d\u044b \u0411\u043b\u044e\u043c. \u2013\u00a0<a href=\"http:\/\/magazines.russ.ru\/druzhba\/2009\/4\/\" target=\"_blank\" rel=\"noopener\">\u0414\u0440\u0443\u0436\u0431\u0430 \u041d\u0430\u0440\u043e\u0434\u043e\u0432, no 4, 2009<\/a><a href=\"http:\/\/magazines.russ.ru\/druzhba\/2009\/4\/\" target=\"_blank\" rel=\"noopener\">. \u042d\u0441\u0442\u043e\u043d\u0441\u043a\u0438\u0435 \u043f\u0438\u0441\u0430\u0442\u0435\u043b\u0438 \u043d\u0430 \u0441\u0442\u0440\u0430\u043d\u0438\u0446\u0430\u0445 \u00ab\u0414\u041d\u00bb<\/a>. [See <strong><a href=\"https:\/\/sisu.ut.ee\/ewod\/anthologies\/druzhba\">contents<\/a><\/strong> of the special edition.]<br><span style=\"font-family: verdana,geneva\">\u0411\u043e\u0440\u0438\u0441 \u0411\u0430\u043b\u044f\u0441\u043d\u044b\u0439, <strong>\u0410\u043d\u0430\u043b\u0438\u0437 \u043f\u0435\u0440\u0435\u0432\u043e\u0434\u043e\u0432 \u0441\u043e\u0432\u0440\u0435\u043c\u0435\u043d\u043d\u043e\u0439 \u044d\u0441\u0442\u043e\u043d\u0441\u043a\u043e\u0439 \u043f\u043e\u044d\u0437\u0438\u0439, \u0432\u044b\u043f\u043e\u043b\u043d\u0435\u043d\u043d\u044b\u0445 \u0441\u043e\u0432\u0440\u0435\u043c\u0435\u043d\u043d\u044b\u043c\u0438 \u043f\u0435\u0440\u0435\u0432\u043e\u0434\u0447\u0438\u043a\u0430\u043c\u0438 (\u043f\u043e\u043f\u044b\u0442\u043a\u0430 \u0441\u0438\u043d\u0442\u0435\u0437\u0447\u043e\u0433\u043e \u043f\u043e\u0434\u0445\u043e\u0434\u0430)<\/strong>. \u2013 <span style=\"font-family: verdana, geneva\"><span style=\"font-family: verdana, geneva\"><span style=\"font-family: verdana, geneva\"><span style=\"font-family: verdana, geneva\"><span style=\"font-family: verdana, geneva\"><span style=\"font-family: verdana, geneva\">\u0412\u043e\u0437\u0434\u0443\u0448\u043d\u044b\u0439 \u0437\u043c\u0435\u0439: \u0430\u043b\u044c\u043c\u0430\u043d\u0430\u0445, no 3, 2007, p<span style=\"font-family: verdana,geneva\"><span style=\"font-family: verdana,geneva\"><span style=\"font-family: verdana,geneva\">p 84-96<\/span><\/span><\/span>. <span style=\"font-family: verdana, geneva;font-size: small\">[See <a href=\"https:\/\/sisu.ut.ee\/ewod\/anthologies\/russian\/tuulelohe3\"><strong>contents<\/strong><\/a> of the special edition.]<\/span><\/span><\/span><\/span><\/span><\/span><\/span><\/span><br><span style=\"font-family: verdana, geneva\">\u041a\u0430\u044f\u0440 \u041f\u0440\u0443\u0443\u043b\u044c,\u00a0<\/span><strong>\u041f\u043e\u0441\u043b\u0435\u0441\u043b\u043e\u0432\u0438\u0435. \u041e\u0431 \u042d\u0441\u0442\u043e\u043d\u0441\u043a\u043e\u0439 \u043d\u043e\u0432\u0435\u043b\u043b\u0435 \u043a\u043e\u043d\u0446\u0430 \u0425\u0425 \u0432\u0435\u043a\u0430 \u0438 \u043d\u0435\u043c\u043d\u043e\u0436\u043a\u043e \u043e \u0435\u0435 \u0438\u0441\u0442\u043e\u0440\u0438\u0438<\/strong><span style=\"font-family: verdana, geneva\">. \u2013 \u041d\u043e\u0432\u0430\u044f \u044d\u0441\u0442\u043e\u043d\u0441\u043a\u0430\u044f \u043d\u043e\u0432\u0435\u043b\u043b\u0430: 1990-\u0435 \u0433\u043e\u0434\u044b<span style=\"font-family: verdana, geneva\">. C\u043e\u0441\u0442\u0430\u0432\u043b\u0435\u043d\u0438\u0435: \u041f\u0438\u0440\u0435\u0442 \u0412\u0438\u0439\u0440\u0435\u0441; \u043f\u043e\u0441\u043b\u0435\u0441\u043b\u043e\u0432\u0438\u0435: \u041a\u0430\u044f\u0440 \u041f\u0440\u0443\u0443\u043b\u044c. \u0411\u0438\u0431\u043b\u0438\u043e\u0442\u0435\u043a\u0430 \u0436\u0443\u0440\u043d\u0430\u043b\u0430 \u201c\u0422\u0430\u043b\u043b\u0438\u043d\u043d\u201d, no 7. \u0422\u0430\u043b\u043b\u0438\u043d\u043d: Aleksandra, 1999, <span style=\"font-family: verdana, geneva\">pp 295-303.<\/span>\u00a0[See\u00a0<\/span><a href=\"https:\/\/sisu.ut.ee\/ewod\/anthologies\/novayaestonskaya\"><strong>contents<\/strong><\/a><span style=\"font-family: verdana, geneva\">\u00a0of the anthology of short stories.]<\/span><\/span><\/span><br>\u0410\u0439\u043d\u00a0\u041a\u0430\u0430\u043b\u0435\u043f,<strong>\u00a0\u0413\u043b\u0430\u0432\u043d\u044b\u0435 \u043d\u0430\u043f\u0440\u0430\u0432\u043b\u0435\u043d\u0438\u044f \u044d\u0441\u0442\u043e\u043d\u0441\u043a\u043e\u0439 \u043f\u043e\u044d\u0437\u0438\u0438<\/strong>. \u2013\u00a0\u0410\u043d\u0442\u043e\u043b\u043e\u0433\u0438\u044f \u044d\u0441\u0442\u043e\u043d\u0441\u043a\u043e\u0439 \u043f\u043e\u044d\u0437\u0438\u0438. C\u043e\u0441\u0442\u0430\u0432\u0438\u0442\u0435\u043b\u044c \u0438 \u0440\u0435\u0434\u0430\u043a\u0442\u043e\u0440 \u042d\u043b\u044c\u0432\u0438\u0440\u0430 \u041c\u0438\u0445\u0430\u0439\u043b\u043e\u0432\u0430. A\u0432\u0442. \u0441\u0442. \u0418. \u0411\u0435\u043b\u043e\u0431\u0440\u043e\u0432\u0446\u0435\u0432\u0430 \u0438 \u0434\u0440.\u037e \u0431\u0438\u0431\u043b\u0438\u043e\u0433\u0440. \u041e. \u041a\u0438\u0432\u0438.\u00a0Kodumaa \u2013 \u0420\u043e\u0434\u043d\u043e\u0439 \u0434\u043e\u043c: \u0431\u0438\u0431\u043b\u0438\u043e\u0442\u0435\u043a\u0430 \u044d\u0441\u0442\u043e\u043d\u0441\u043a\u043e\u0439 \u043b\u0438\u0442\u0435\u0440\u0430\u0442\u0443\u0440\u044b.\u00a0\u0422\u0430\u043b\u043b\u0438\u043d\u043d: KPD Kirjastus, 1999. 739 pp. [Foreword by Ain Kaalep. Poems by\u00a0Reiner Brockmann, K\u00e4su Hans, Kristian Jaak Peterson, Lydia Koidula, Ado Reinvald, Karl Eduard S\u00f6\u00f6t, Juhan Liiv, Anna Haava, Ernst Enno, Gustav Suits, Villem Gr\u00fcnthal-Ridala, Marie Under, Henrik Visnapuu, Johannes Vares-Barbarus, Johannes Semper, Valmar Adams, Juhan S\u00fctiste, Heiti Talvik, Betti Alver, Bernard Kangro, Uku Masing, August Sang, Kersti Merilaas, Debora Vaarandi, Ralf Parve, Minni Nurme, Juhan Smuul, Ilmar Laaban, Kalju Lepik, Jaan Kross, Ellen Niit, Ain Kaalep, Artur Alliksaar, Paul-Eerik Rummo, Mats Traat, Arvi Siig, Aleksander Suuman, Jaan Kaplinski, Andres Ehin, Hando Runnel, Toomas Liiv, Johnny B. Isotamm, Viivi Luik, Nikolai Baturin, Juhan Viiding, Ene Mihkelson, Doris Kareva, Mari Vallisoo, Ilona Laaman, Indrek Hirv, Hasso Krull.]<br>\u0424\u043b\u043e\u0440\u0438\u0430\u043d \u041d\u0435\u0443\u0432\u0430\u0436\u043d\u044b [Florian Nieuwa\u017cny], <strong>\u0420\u0430\u0441\u0441\u0435\u043a\u0440\u0435\u0447\u0438\u0432\u0430\u043d\u0438\u0435 \u0441\u0443\u0449\u043d\u043e\u0441\u0442\u0438: \u044d\u0441\u0442\u043e\u043d\u0441\u043a\u0430\u044f \u043b\u0438\u0442\u0435\u0440\u0430\u0442\u0443\u0440\u0430 \u0432 \u043f\u043e\u0441\u043b\u0435\u0432\u043e\u0435\u043d\u043d\u043e\u0439 \u041f\u043e\u043b\u044c\u0448\u0435<\/strong>. \u2013 \u0412\u044b\u0448\u0433\u043e\u0440\u043e\u0434, no 3, 1997, pp 21-29.<br>\u041a. \u0421\u0430\u043b\u0432\u0435, <strong>\u041f\u0440\u0435\u0434\u0438\u0441\u043b\u043e\u0432\u0438\u0435<\/strong>. \u2013 \u0412\u043e\u043b\u0448\u0435\u0431\u043d\u0430\u044f \u0434\u0443\u0434\u043e\u0447\u043a\u0430: \u044d\u0441\u0442\u043e\u043d\u0441\u043a\u0438\u0435 \u0441\u043a\u0430\u0437\u043a\u0438. C\u043e\u0441\u0442\u0430\u0432\u0438\u0442\u0435\u043b\u044c \u042e. \u0422\u0430\u043b\u0432\u0435\u0442; \u043f\u0440\u0435\u0434\u0438\u0441\u043b\u043e\u0432\u0438\u0435: \u041a. \u0421\u0430\u043b\u0432\u0435; \u043f\u0435\u0440\u0435\u0432\u043e\u0434 \u0441 \u044d\u0441\u0442\u043e\u043d\u0441\u043a\u043e\u0433\u043e: \u0422. \u0412\u0435\u0440\u0445\u043e\u0443\u0441\u0442\u0438\u043d\u0441\u043a\u0430\u044f, \u041d. \u041a\u0430\u043b\u0430\u0443\u0441; \u0445\u0443\u0434\u043e\u0436\u043d\u0438\u043a \u042f. \u0422\u0430\u043c\u043c\u0441\u0430\u0430\u0440. \u0422\u0430\u043b\u043b\u0438\u043d\u043d: \u041f\u0435\u0440\u0438\u043e\u0434\u0438\u043a\u0430, 1989, pp 5-11. [8 stories by Matthias Johann Eisen, 11 by Juhan Kunder, 7 by Friedrich Reinhold Kreutzwald, 3 are Seto folklore.]<br>\u0425. \u041f\u0443\u0445\u0432\u0435\u043b\u044c, <strong>\u041e \u043d\u0435\u043a\u043e\u0442\u043e\u0440\u044b\u0445 \u0447\u0435\u0440\u0442\u0430\u0445 \u0440\u0430\u0437\u0432\u0438\u0442\u0438\u044f \u044d\u0441\u0442\u043e\u043d\u0441\u043a\u043e\u0439 \u0441\u043e\u0432\u0435\u0442\u0441\u043a\u043e\u0439 \u043d\u043e\u0432\u0435\u043b\u043b\u044b<\/strong>. \u2013 \u042d\u0441\u0442\u043e\u043d\u0441\u043a\u0430\u044f \u0441\u043e\u0432\u0435\u0442\u0441\u043a\u0430\u044f \u043d\u043e\u0432\u0435\u043b\u043b\u0430. \u0421\u043e\u0441\u0442\u0430\u0432\u0438\u0442\u0435\u043b\u044c \u0425. \u041f\u0443\u0445\u0432\u0435\u043b\u044c; [\u0440\u0435\u0434\u043a\u043e\u043b\u043b\u0435\u0433\u0438\u044f: \u0412. \u0413\u0440\u043e\u0441\u0441 \u2026 \u0438 \u0434\u0440.]. \u0422\u0430\u043b\u043b\u0438\u043d\u043d: \u042d\u044d\u0441\u0442\u0438 \u0440\u0430\u0430\u043c\u0430\u0442, 1977, 599 pp. [See <strong><a href=\"https:\/\/sisu.ut.ee\/ewod\/anthologies\/puhvelrussian\">contents<\/a><\/strong> of the anthology.]<br>\u0421\u0435\u0440\u0433\u0435\u0439 \u0418\u0441\u0430\u043a\u043e\u0432, <strong>\u041e \u201c\u043c\u0430\u043b\u043e\u043c \u0436\u0430\u043d\u0440\u0435 \u044d\u0441\u0442\u043e\u043d\u0441\u043a\u043e\u0439 \u043f\u0440\u043e\u0437\u044b<\/strong>. \u2013 \u042d\u0441\u0442\u043e\u043d\u0441\u043a\u0430\u044f \u043d\u043e\u0432\u0435\u043b\u043b\u0430 XIX-XX \u0432\u0435\u043a\u043e\u0432. \u0421\u043e\u0441\u0442\u0430\u0432\u0438\u0442\u0435\u043b\u0438: \u041d. \u042f\u0432\u043e\u0440\u0441\u043a\u0430\u044f, \u0420. \u041c\u0438\u043d\u043d\u0430; \u043f\u0440\u0435\u0434\u0438\u0441\u043b\u043e\u0432\u0438\u0435: \u0421. \u0418\u0441\u0430\u043a\u043e\u0432. \u041b\u0435\u043d\u0438\u043d\u0433\u0440\u0430\u0434: \u0425\u0443\u0434\u043e\u0436\u0435\u0441\u0442\u0432\u0435\u043d\u043d\u0430\u044f \u043b\u0438\u0442\u0435\u0440\u0430\u0442\u0443\u0440\u0430, 1975, pp 3-19. [See <strong><a href=\"https:\/\/sisu.ut.ee\/ewod\/anthologies\/novella1975\">contents<\/a><\/strong> of the anthology.]<br><\/span><\/p>\n","protected":false},"excerpt":{"rendered":"<p>\u041d\u044d\u043b\u043b\u0438\u00a0\u0410\u0431\u0430\u0448\u0438\u043d\u0430-\u041c\u0435\u043b\u044c\u0446, \u0421\u0430\u043c\u043e\u0441\u0442\u043e\u044f\u0442\u0435\u043b\u044c\u043d\u043e\u0435 \u043f\u043b\u0430\u0432\u0430\u043d\u0438\u0435. \u2013\u00a0\u041e\u043a\u0442\u044f\u0431\u0440\u044c, No 9, 2015. \u0411\u0435\u0440\u0435\u0433 \u043b\u0438\u0442\u0435\u0440\u0430\u0442\u0443\u0440\u044b. \u041d\u043e\u0432\u043e\u0435 \u0441\u043b\u043e\u0432\u043e \u041b\u0430\u0442\u0432\u0438\u0438, \u041b\u0438\u0442\u0432\u044b, \u042d\u0441\u0442\u043e\u043d\u0438\u0438. [About the magazine \u0422\u0430\u043b\u043b\u0438\u043d\u043d.\u00a0See\u00a0contents\u00a0of the special edition.]\u041b\u044e\u0434\u043c\u0438\u043b\u0430 \u0413\u043b\u0443\u0448\u043a\u043e\u0432\u0441\u043a\u0430\u044f, \u0412\u044b\u0431\u043e\u0440. \u2013 \u041e\u043a\u0442\u044f\u0431\u0440\u044c, No 9, 2015. \u0411\u0435\u0440\u0435\u0433 \u043b\u0438\u0442\u0435\u0440\u0430\u0442\u0443\u0440\u044b. \u041d\u043e\u0432\u043e\u0435 \u0441\u043b\u043e\u0432\u043e \u041b\u0430\u0442\u0432\u0438\u0438, \u041b\u0438\u0442\u0432\u044b, \u042d\u0441\u0442\u043e\u043d\u0438\u0438. [About the magazine \u0412\u044b\u0448\u0433\u043e\u0440\u043e\u0434.\u00a0See\u00a0contents\u00a0of the &#8230;<\/p>\n","protected":false},"author":43,"featured_media":0,"parent":1485,"menu_order":0,"comment_status":"closed","ping_status":"closed","template":"","meta":{"_acf_changed":false,"inline_featured_image":false,"footnotes":""},"class_list":["post-957","page","type-page","status-publish","hentry"],"acf":[],"_links":{"self":[{"href":"https:\/\/sisu.ut.ee\/ewod\/wp-json\/wp\/v2\/pages\/957","targetHints":{"allow":["GET"]}}],"collection":[{"href":"https:\/\/sisu.ut.ee\/ewod\/wp-json\/wp\/v2\/pages"}],"about":[{"href":"https:\/\/sisu.ut.ee\/ewod\/wp-json\/wp\/v2\/types\/page"}],"author":[{"embeddable":true,"href":"https:\/\/sisu.ut.ee\/ewod\/wp-json\/wp\/v2\/users\/43"}],"replies":[{"embeddable":true,"href":"https:\/\/sisu.ut.ee\/ewod\/wp-json\/wp\/v2\/comments?post=957"}],"version-history":[{"count":1,"href":"https:\/\/sisu.ut.ee\/ewod\/wp-json\/wp\/v2\/pages\/957\/revisions"}],"predecessor-version":[{"id":4129,"href":"https:\/\/sisu.ut.ee\/ewod\/wp-json\/wp\/v2\/pages\/957\/revisions\/4129"}],"up":[{"embeddable":true,"href":"https:\/\/sisu.ut.ee\/ewod\/wp-json\/wp\/v2\/pages\/1485"}],"wp:attachment":[{"href":"https:\/\/sisu.ut.ee\/ewod\/wp-json\/wp\/v2\/media?parent=957"}],"curies":[{"name":"wp","href":"https:\/\/api.w.org\/{rel}","templated":true}]}}