{"id":956,"date":"2024-04-03T23:40:34","date_gmt":"2024-04-03T20:40:34","guid":{"rendered":"https:\/\/sisu.ut.ee\/ewod\/novels-et-48\/"},"modified":"2024-04-04T00:08:38","modified_gmt":"2024-04-03T21:08:38","slug":"novels","status":"publish","type":"page","link":"https:\/\/sisu.ut.ee\/ewod\/m\/mihkelson\/novels\/","title":{"rendered":"Ene Mihkelson &#8211; novels"},"content":{"rendered":"<p><span style=\"font-size: medium\"><strong><span style=\"font-family: verdana, geneva\">Books<\/span><\/strong><\/span><\/p>\n<p><strong><em><span style=\"font-family: verdana, geneva\">Finnish<\/span><\/em><\/strong><br><span style=\"font-family: verdana, geneva\"><strong>Ruttohauta<\/strong>. Suomentanut Kaisu Lahikainen.\u00a0<span>Helsinki: WSOY, 2011. 363 pp. [Translation of \u2018Katkuhaud\u2019.]<\/span><\/span><\/p>\n<p><span style=\"font-family: verdana, geneva\"><span><strong><em>Latvian<\/em><\/strong><br><span>Ene Mihkelsone, <strong>M\u0113ra kaps<\/strong>. No igau\u0146u valodas tulkojis Guntars Godi\u0146\u0161.\u00a0<span>R\u012bga: Mansards, 2014. 373 pp.\u00a0<span>[Translation of \u2018Katkuhaud\u2019.]<\/span><\/span><\/span><br><\/span><\/span><\/p>\n<p><span style=\"font-family: verdana, geneva\"><span><span><span><span><br><span style=\"font-size: medium\"><strong>Excerpts from novels<\/strong><\/span><\/span><\/span><\/span><\/span><\/span><\/p>\n<p><span style=\"font-family: verdana, geneva\"><span style=\"font-family: verdana, geneva\"><span style=\"font-family: verdana, geneva\"><span style=\"font-family: verdana, geneva\"><span style=\"font-family: verdana, geneva\"><strong><em>English<\/em><\/strong><br><a href=\"http:\/\/www.estlit.ee\/centre\/uploads\/catalogues\/12_Estonian_Books_2013.pdf\" target=\"_blank\" rel=\"noopener\"><strong>Plague Grave<\/strong><\/a>. Translated by Adam Cullen.\u00a0<span style=\"font-family: verdana, geneva\">\u2013 12 Estonian Books to Translate. Tallinn:\u00a0<\/span><span style=\"font-family: verdana, geneva\">Estonian Literature Centre, 2013, p 15. [\u2018Katkuhaud\u2019.]<\/span><\/span><\/span><\/span><\/span><\/span><\/p>\n","protected":false},"excerpt":{"rendered":"<p>Books FinnishRuttohauta. Suomentanut Kaisu Lahikainen.\u00a0Helsinki: WSOY, 2011. 363 pp. [Translation of \u2018Katkuhaud\u2019.] LatvianEne Mihkelsone, M\u0113ra kaps. No igau\u0146u valodas tulkojis Guntars Godi\u0146\u0161.\u00a0R\u012bga: Mansards, 2014. 373 pp.\u00a0[Translation of \u2018Katkuhaud\u2019.] Excerpts from novels EnglishPlague Grave. Translated by Adam Cullen.\u00a0\u2013 12 Estonian Books &#8230;<\/p>\n","protected":false},"author":43,"featured_media":0,"parent":486,"menu_order":0,"comment_status":"closed","ping_status":"closed","template":"","meta":{"_acf_changed":false,"inline_featured_image":false,"footnotes":""},"class_list":["post-956","page","type-page","status-publish","hentry"],"acf":[],"_links":{"self":[{"href":"https:\/\/sisu.ut.ee\/ewod\/wp-json\/wp\/v2\/pages\/956","targetHints":{"allow":["GET"]}}],"collection":[{"href":"https:\/\/sisu.ut.ee\/ewod\/wp-json\/wp\/v2\/pages"}],"about":[{"href":"https:\/\/sisu.ut.ee\/ewod\/wp-json\/wp\/v2\/types\/page"}],"author":[{"embeddable":true,"href":"https:\/\/sisu.ut.ee\/ewod\/wp-json\/wp\/v2\/users\/43"}],"replies":[{"embeddable":true,"href":"https:\/\/sisu.ut.ee\/ewod\/wp-json\/wp\/v2\/comments?post=956"}],"version-history":[{"count":1,"href":"https:\/\/sisu.ut.ee\/ewod\/wp-json\/wp\/v2\/pages\/956\/revisions"}],"predecessor-version":[{"id":4128,"href":"https:\/\/sisu.ut.ee\/ewod\/wp-json\/wp\/v2\/pages\/956\/revisions\/4128"}],"up":[{"embeddable":true,"href":"https:\/\/sisu.ut.ee\/ewod\/wp-json\/wp\/v2\/pages\/486"}],"wp:attachment":[{"href":"https:\/\/sisu.ut.ee\/ewod\/wp-json\/wp\/v2\/media?parent=956"}],"curies":[{"name":"wp","href":"https:\/\/api.w.org\/{rel}","templated":true}]}}