{"id":953,"date":"2024-04-03T23:40:34","date_gmt":"2024-04-03T20:40:34","guid":{"rendered":"https:\/\/sisu.ut.ee\/ewod\/salokannel\/"},"modified":"2024-04-04T00:08:37","modified_gmt":"2024-04-03T21:08:37","slug":"salokannel","status":"publish","type":"page","link":"https:\/\/sisu.ut.ee\/ewod\/s\/salokannel\/","title":{"rendered":"Juhani Salokannel"},"content":{"rendered":"<p><a href=\"https:\/\/sisu.ut.ee\/wp-content\/uploads\/sites\/108\/j._salokannel_alar_madisson.jpg\" target=\"_self\" rel=\"noopener\"><img decoding=\"async\" alt=\"Juhani Salokannel\" src=\"https:\/\/sisu.ut.ee\/wp-content\/uploads\/sites\/108\/juhani_salokannel_alar_madisson_vaike.jpg\" style=\"float: right;width: 200px;height: 304px\" title=\"Photo: Alar Madisson\"><\/a><\/p>\n<p>\u00a0\n<\/p>\n<p>\n\t<span style=\"color:#000000\"><span style=\"font-size:13px\"><span style=\"font-family:Verdana,Geneva,sans-serif\"><span style=\"font-weight:normal\">Juhani Salokannel<\/span>\u00a0(full name Juhani Olavi Akseli Salokannel, b. 28. VI 1946) is a Finnish writer, translator and literary scholar. He has performed great services as a translator and interpreter of Estonian literature.<\/span><\/span><\/span>\n<\/p>\n<p>\n\t<span style=\"color:#000000\"><span style=\"font-size:13px\"><span style=\"font-family:Verdana,Geneva,sans-serif\">He was born in Mikkeli, Finland, attended H\u00e4meenlinna Gymnasium and graduated from the University of Helsinki in 1971. In 1973 he obtained the degree of Master of Philosophy. He was an editor and head of department at the Gummerus publishing house from 1972 to 1979. Thereafter, from 1980 to 1986, he was editor in chief of the elite literary journal <i><span style=\"font-style:italic\">Parnasso<\/span><\/i>, and from 1997 to 2000 executive director of the Finnish Institute in Estonia. From 2005 to 2012 he was executive director of the Tuglas Society in Finland. <\/span><\/span><\/span>\n<\/p>\n<p>\n\t<span style=\"color:#000000\"><span style=\"font-size:13px\"><span style=\"font-family:Verdana,Geneva,sans-serif\">Salokannel has published several short story collections, novels and works of cultural history. His main achievement in prose is the novel <i><span style=\"font-style:italic\">Samaa sukua <\/span><\/i>(\u2018The Same Breed\u2019, 2003). He has written monographs about Jaan Kross (2008) and A.H. Tammsaare (2017). In his essays he has dealt with\u00a0classics\u00a0of world literature, and compiled extensive anthologies of essays, <i><span style=\"font-style:italic\">Kirjojen kirja <\/span><\/i>(\u2018The Book of Books\u2019, 1995) and <i><span style=\"font-style:italic\">Kirjojen Suomi <\/span><\/i>(\u2018The Finland of Books\u2019, 1996).<\/span><\/span><\/span>\n<\/p>\n<p>\n\t<span style=\"color:#000000\"><span style=\"font-size:13px\"><span style=\"font-family:Verdana,Geneva,sans-serif\">Salokannel has translated into Finnish works by \u00dclo Tuulik, Jaan Kaplinski, Toomas Vint, Jaan Kross, Lennart Meri, Emil Tode, Viivi Luik, Jaak J\u00f5er\u00fc\u00fct, Hasso Krull, Uku Masing, T\u00f5nu \u00d5nnepalu and other Estonian writers, including A.H. Tammsaare\u2019s <i><span style=\"font-style:italic\">T\u00f5de ja \u00d5igus <\/span><\/i>(\u2018Truth and Justice\u2019).<\/span><\/span><\/span>\n<\/p>\n<p>\n\t<span style=\"color:#000000\"><span style=\"font-size:13px\"><span style=\"font-family:Verdana,Geneva,sans-serif\">In 1987 Salokannel was awarded the Finnish state prize\u00a0for his translations. In 1994 he was granted the Literature\u00a0Endowment annual award\u00a0for his translations into Finnish of Jaan Kross\u2019 novel <i><span style=\"font-style:italic\">Tabamatus <\/span><\/i>(\u2018The Unattainable\u2019) and Emil Tode\u2019s novel <i><span style=\"font-style:italic\">Piiririik <\/span><\/i>(\u2018Border State\u2019). In 2001 he was awarded the Order of the Cross of Terra Mariana, IV class. In 2009 he was rewarded with the Virumaa literature prize for his monograph on the work of Jaan Kross, and in 2014 the Jaan Kross literature prize for the translation of the novel <i><span style=\"font-style:italic\">T\u00f5de ja \u00d5igus <\/span><\/i>into Finnish.<\/span><\/span><\/span>\n<\/p>\n<p>\n\t<span style=\"color:#000000\"><span style=\"font-size:13px\"><span style=\"font-family:Verdana,Geneva,sans-serif\"><i><span style=\"font-style:italic\">L.<\/span><\/i><i>\u00a0<\/i><i><span style=\"font-style:italic\">P.<\/span><\/i><i><span style=\"font-style:italic\">\u00a0(Translated by C. M.)<\/span><\/i><\/span><\/span><\/span>\n<\/p>\n<p style=\"margin-top:5,0000pt;margin-bottom:1,2000pt\">\n<\/p><p><span style=\"color:#000000\"><span style=\"font-size:16px\"><span style=\"font-family:Verdana,Geneva,sans-serif\"><span style=\"background:#ffffff\"><b><span style=\"font-weight:bold\">Books<\/span><\/b><b><span style=\"font-weight:bold\">\u00a0in Finnish<\/span><\/b><\/span><\/span><\/span><\/span>\n<\/p>\n<p style=\"margin-top:5,0000pt;margin-bottom:1,2000pt\">\n\t<span style=\"color:#000000\"><span style=\"font-size:13px\"><span style=\"font-family:Verdana,Geneva,sans-serif\"><span style=\"background:#ffffff\"><em><b><span style=\"font-weight:bold\">Novels<\/span><\/b><\/em><br><strong>Pitk\u00e4 nuoruus<\/strong>. Porvoo: WSOY, 1985. 250 lk.<br><strong>Leikki\u00e4 kaikki<\/strong>. Espoo: Weilin+G\u00f6\u00f6s, 1987. 190 lk.<br><strong>Pelastaja<\/strong>. Helsinki: Otava, 1990. 250 lk.<\/span><\/span><\/span><\/span>\n<\/p>\n<p style=\"margin-top:5,0000pt;margin-bottom:1,2000pt\">\n\t<span style=\"color:#000000\"><span style=\"font-size:13px\"><span style=\"font-family:Verdana,Geneva,sans-serif\"><span style=\"background:#ffffff\"><em><b><span style=\"font-weight:bold\">Short stories<\/span><\/b><\/em><br><strong>Vieraalla maalla<\/strong>: kuusi novellia. Porvoo: WSOY, 1983. 152 lk.<br><strong>Avarakatseinen mies<\/strong>. Helsinki: Otava, 1991. 204 lk.<\/span><\/span><\/span><\/span>\n<\/p>\n<p style=\"margin-top:5,0000pt;margin-bottom:1,2000pt\">\n\t<span style=\"color:#000000\"><span style=\"font-size:13px\"><span style=\"font-family:Verdana,Geneva,sans-serif\"><span style=\"background:#ffffff\"><em><b><span style=\"font-weight:bold\">Literary studies<\/span><\/b><\/em><br><strong>Linnasta Saarikoskeen: suomalaisia kirjailijakuvia<\/strong>. Porvoo: WSOY, 1993. 473 lk.<br><strong>Sielunsilta: Suomen ja Viron kirjallisia suhteita 1944\u20131988<\/strong>. Helsinki: Suomalaisen kirjallisuuden seura, 1998. 310 lk.<br><strong>Sivistytahto: Jaan Kross, h\u00e4nen teoksensa ja virolaisuus<\/strong>. Helsinki: WSOY, 2008. 506 lk.<br><strong>Nuoren Viron omatunto: kansalliskirjailija A. H. Tammsaare<\/strong>. Tampere: Vastapaino, 2017. 271 lk.<\/span><\/span><\/span><\/span>\n<\/p>\n<p style=\"margin-top:5,0000pt;margin-bottom:1,2000pt\">\n\t<span style=\"color:#000000\"><span style=\"font-size:13px\"><span style=\"font-family:Verdana,Geneva,sans-serif\"><span style=\"background:#ffffff\"><em><b><span style=\"font-weight:bold\">Travel writing<\/span><\/b><\/em><\/span><\/span><\/span><br><span style=\"background:#ffffff\"><span style=\"font-size:13px\"><span style=\"font-family:Verdana,Geneva,sans-serif\">Eva Lille, Juhani Salokannel,<\/span><\/span> <\/span><span style=\"font-size:13px\"><span style=\"font-family:Verdana,Geneva,sans-serif\"><span style=\"background:#ffffff\"><strong>Nelj\u00e4 p\u00e4iv\u00e4\u00e4 Virossa: kulttuurimatkailijan kirja<\/strong>. Porvoo: WSOY, 1989. 239 lk. <\/span><\/span><\/span><\/span>\n<\/p>\n<p>\n\t<span style=\"color:#000000\"><span style=\"font-size:13px\"><span style=\"font-family:Verdana,Geneva,sans-serif\"><em><b><span style=\"font-weight:bold\">Miscellaneous <\/span><\/b><\/em><br><strong>Tuusulanj\u00e4rven taiteilijael\u00e4m\u00e4\u00e4<\/strong>. Teksti: Juhani Salokannel. Kuvat: Juhani Seppovaara. Helsinki: Otava, 2006. 159 lk.<\/span><\/span><\/span>\n<\/p>\n<p>\n\t\u00a0\n<\/p>\n<p>\n\t<br><span style=\"color:#000000\"><span style=\"font-family:Verdana,Geneva,sans-serif\"><strong><span style=\"font-size:16px\">Books in Estonian<\/span><\/strong><\/span><\/span>\n<\/p>\n<p>\n\t<span style=\"color:#000000\"><span style=\"font-size:13px\"><span style=\"font-family:Verdana,Geneva,sans-serif\"><strong><em>Novels<\/em><\/strong><br><strong>P\u00e4\u00e4stja<\/strong>. Soome keelest t\u00f5lkinud ja j\u00e4rels\u00f5na: Sirje Kiin. Tallinn: Perioodika (Loomingu Raamatukogu), 1994, 157 lk. [\u2018Pelastaja\u2019.]<\/span><\/span><\/span>\n<\/p>\n<p>\n\t<span style=\"color:#000000\"><span style=\"font-size:13px\"><span style=\"font-family:Verdana,Geneva,sans-serif\"><strong><em>Non-fiction<\/em><\/strong><br><strong>Jaan Kross<\/strong>. Soome keelest t\u00f5lkinud Piret Saluri. Tallinn: Eesti Keele Sihtasutus, 2009, 542 lk. [\u2018Sivistystahto. Jaan Kross, h\u00e4nen teoksensa ja virolaisuus\u2019.]<br><strong>Noore Eesti s\u00fcdametunnistus. Rahvuskirjanik A. H. Tammsaare<\/strong>. Soome keelest t\u00f5lkinud Piret Saluri. Tallinn: EKSA, 2019, 288 lk. [\u2018Nuoren Viron omatunto. Kansalliskirjailija A. H. Tammsaare\u2019.<\/span><\/span><\/span><\/p>\n","protected":false},"excerpt":{"rendered":"<p>\u00a0 Juhani Salokannel\u00a0(full name Juhani Olavi Akseli Salokannel, b. 28. VI 1946) is a Finnish writer, translator and literary scholar. He has performed great services as a translator and interpreter of Estonian literature. He was born in Mikkeli, Finland, attended &#8230;<\/p>\n","protected":false},"author":43,"featured_media":0,"parent":697,"menu_order":0,"comment_status":"closed","ping_status":"closed","template":"","meta":{"_acf_changed":false,"inline_featured_image":false,"footnotes":""},"class_list":["post-953","page","type-page","status-publish","hentry"],"acf":[],"_links":{"self":[{"href":"https:\/\/sisu.ut.ee\/ewod\/wp-json\/wp\/v2\/pages\/953","targetHints":{"allow":["GET"]}}],"collection":[{"href":"https:\/\/sisu.ut.ee\/ewod\/wp-json\/wp\/v2\/pages"}],"about":[{"href":"https:\/\/sisu.ut.ee\/ewod\/wp-json\/wp\/v2\/types\/page"}],"author":[{"embeddable":true,"href":"https:\/\/sisu.ut.ee\/ewod\/wp-json\/wp\/v2\/users\/43"}],"replies":[{"embeddable":true,"href":"https:\/\/sisu.ut.ee\/ewod\/wp-json\/wp\/v2\/comments?post=953"}],"version-history":[{"count":1,"href":"https:\/\/sisu.ut.ee\/ewod\/wp-json\/wp\/v2\/pages\/953\/revisions"}],"predecessor-version":[{"id":4125,"href":"https:\/\/sisu.ut.ee\/ewod\/wp-json\/wp\/v2\/pages\/953\/revisions\/4125"}],"up":[{"embeddable":true,"href":"https:\/\/sisu.ut.ee\/ewod\/wp-json\/wp\/v2\/pages\/697"}],"wp:attachment":[{"href":"https:\/\/sisu.ut.ee\/ewod\/wp-json\/wp\/v2\/media?parent=953"}],"curies":[{"name":"wp","href":"https:\/\/api.w.org\/{rel}","templated":true}]}}