{"id":952,"date":"2024-04-03T23:40:34","date_gmt":"2024-04-03T20:40:34","guid":{"rendered":"https:\/\/sisu.ut.ee\/ewod\/tohvri\/"},"modified":"2024-04-04T00:08:37","modified_gmt":"2024-04-03T21:08:37","slug":"tohvri","status":"publish","type":"page","link":"https:\/\/sisu.ut.ee\/ewod\/t\/tohvri\/","title":{"rendered":"Erik Tohvri"},"content":{"rendered":"<p style=\"text-align:left\">\n\t<span style=\"font-size:13px\"><span style=\"font-family:Verdana,Geneva,sans-serif\"><span style=\"font-weight:normal\"><a href=\"https:\/\/sisu.ut.ee\/wp-content\/uploads\/sites\/108\/erik_tohvri_alar_madisson.jpg\" target=\"_self\" rel=\"noopener\"><img decoding=\"async\" alt=\"Erik Tohvri\" src=\"https:\/\/sisu.ut.ee\/wp-content\/uploads\/sites\/108\/erik_tohvri_alar_madisson.jpg\" style=\"float: right;width: 300px;height: 200px\" title=\"Photo: Alar Madisson\"><\/a><\/span><\/span><\/span><\/p>\n<p><span style=\"color:#000000\">Erik Tohvri <\/span><span style=\"color:#000000\">(given name Hans-Erik Laansalu, born Hans-Erik Siemann-Toffry, 22. III 1933 \u2013 12. VI 2020) was an Estonian writer, one of the most popular prose authors of the first decades of this century.<\/span>\n<\/p>\n<p style=\"text-align:left\">\n\t<span style=\"color:#000000\"><span style=\"font-size:13px\"><span style=\"font-family:Verdana,Geneva,sans-serif\">Erik Tohvri was born in Rakvere, the son of a soldier of German and Swedish extraction; his mother was Estonian. His paternal grandfather, the sea captain Michael Siemann-Toffry, born in Haapsalu, was the honorary consul of the Republic of Estonia in Liep\u0101ja, Latvia in the nineteen-twenties. Three years after his birth his parents separated, and Erik was brought up by his maternal grandparents, and acquired their surname. <\/span><\/span><\/span>\n<\/p>\n<p style=\"text-align:left\">\n\t<span style=\"color:#000000\"><span style=\"font-size:13px\"><span style=\"font-family:Verdana,Geneva,sans-serif\">Erik Tohvri attended school in Rakvere, and from 1947 to 1951 studied electrical engineering at the Electromechanical School\u00a0in Tallinn. For his whole life he worked in jobs associated with electricity. He was an energetics specialist, a duty dispatcher for the electricity network, chief engineering designer at the company Harju Elekter, and chief executive of the company ABB HE.<\/span><\/span><\/span>\n<\/p>\n<p style=\"text-align:left\">\n\t<span style=\"color:#000000\"><span style=\"font-size:13px\"><span style=\"font-family:Verdana,Geneva,sans-serif\">Even as a schoolboy Erik Tohvri was interested in literature and made his first efforts at writing something. However, on the example of his uncle he chose a career involved with technology. In later life Tohvri regretted that the humanities were not among the subjects he studied.<\/span><\/span><\/span>\n<\/p>\n<p style=\"text-align:left\">\n\t<span style=\"color:#000000\"><span style=\"font-size:13px\"><span style=\"font-family:Verdana,Geneva,sans-serif\">His first writings, mainly radio plays, were produced under the name Hans Laansalu; only later did he choose the pseudonym Tohvri, a variation on his given surname at birth.<\/span><\/span><\/span>\n<\/p>\n<p style=\"text-align:left\">\n\t<span style=\"color:#000000\"><span style=\"font-size:13px\"><span style=\"font-family:Verdana,Geneva,sans-serif\">Erik Tohvri wrote 12 radio plays, short stories, humorous sketches, a script for the film <i><span style=\"font-style:italic\">Pihlakav\u00e4ravad <\/span><\/i>(\u2018The Rowan-tree Gates\u2019, 1981, directed by Veljo K\u00e4sper). After retirement he mainly wrote novels. He was an extremely prolific writer: over thirty novels flowed from his pen. Once retired, he wrote at the rate of almost one novel a year. His literary language is simple and his subjects are demotic; the works are often autobiographical, but he always gave his prototypes new names. The number of his works and their ease of reading made Erik Tohvri a favourite with library reader. He was rarely granted praise from the critics or public recognition. The only award he won was the Tammsaare prize\u00a0(in 2006 for for his novel <i><span style=\"font-style:italic\">Kaldaliiv<\/span><\/i><i><span style=\"font-style:italic\">, <\/span><\/i><span style=\"font-style:normal\">\u2018<\/span>Sandy Shore\u2019).<\/span><\/span><\/span>\n<\/p>\n<p>\n\t<span style=\"color:#000000\"><span style=\"font-size:13px\"><span style=\"font-family:Verdana,Geneva,sans-serif\"><i><span style=\"font-style:italic\">L.<\/span><\/i><i>\u00a0<\/i><i><span style=\"font-style:italic\">P. \u00a0<\/span><\/i><\/span><\/span><i><span style=\"font-style:italic\"><span style=\"font-size:13px\"><span style=\"font-family:Verdana,Geneva,sans-serif\">(Translated by C. M.)<\/span><\/span><\/span><\/i><\/span><\/p>\n<p>\u00a0\n<\/p>\n<p>\n\t<span style=\"color:#000000\"><strong><span style=\"font-size:16px\"><span style=\"font-family:Verdana,Geneva,sans-serif\">Books in Estonian<\/span><\/span><\/strong><\/span>\n<\/p>\n<p>\n\t<span style=\"color:#000000\"><span style=\"font-family:Verdana,Geneva,sans-serif\"><strong><em>Novels<\/em><\/strong><br><strong>Majad j\u00f5e \u00e4\u00e4res<\/strong>. Autobiograafiline romaan. Tallinn: Olion, 2001, 254 lk. [2. tr\u00fckk: 2007.]<br><strong>Kollaste lehtede aegu<\/strong>. Tallinn: Varrak, 2002, 399 lk.<br><strong>Tants l\u00e4bi rukki<\/strong>. Tallinn: Varrak, 2003, 229 lk.<br><strong>Kaksikelu<\/strong>. Tallinn: Eesti Raamat, 2003, 317 lk.<br><strong>Kasev\u00e4lja<\/strong>. Tallinn: Varrak, 2003, 262 lk.<br><strong>Lummetallatud rada<\/strong>. Tallinn: Varrak, 2003, 302 lk.<br><strong>Elut\u00f6\u00f6<\/strong>. Tallinn: Varrak, 2004, 247 lk.<br><strong>Kodumaja<\/strong>. Tallinn: Varrak, 2004, 223 lk.<br><strong>Lepavere m\u00f5is<\/strong>. Tallinn: Varrak, 2004, 278 lk.<br><strong>Kaldaliiva<\/strong>. Tallinn: Varrak, 2005, 244 lk.<br><strong>\u00c4ravalitu. Esimene raamat<\/strong>. Tallinn: Varrak, 2005, 358 lk.<br><strong>\u00c4ravalitu. Teine raamat<\/strong>. Tallinn: Varrak, 2005, 303 lk.<br><strong>S\u00fcgisvalgus<\/strong>. Triloogia 1. osa. Tallinn: Varrak, 2005, 251 lk.<br><strong>Tuisune talv<\/strong>. Triloogia 2. osa. Tallinn: Varrak, 2006, 247 lk.<br><strong>Arglik kevad<\/strong>. Triloogia 3. osa. Tallinn: Varrak, 2006, 245 lk.<br><strong>M\u00fcrgiliblikas<\/strong>. Tallinn: Varrak, 2007, 236 lk.<br><strong>Rannal \u00f5itseb kibuvits<\/strong>. Tallinn: Varrak, 2008, 271 lk.\u00a0<br><strong>Kodutute k\u00fcla. Esimene raamat. \u00dcmberasujad<\/strong>. Tallinn: Varrak, 2008, 359 lk.<br><strong>Kodutute k\u00fcla. Teine raamat. Sulasest sai peremees<\/strong>. Tallinn: Varrak, 2008, 358 lk.<br><strong>Kodutute k\u00fcla. Kolmas raamat. Pilvine taevas<\/strong>. Tallinn: Varrak, 2009, 343 lk.<br><strong>Kodutute k\u00fcla. Neljas raamat. L\u00e4\u00e4netuul, taeva luud<\/strong>. Tallinn: Varrak, 2009, 348 lk.<br><strong>Laenatud r\u00f5\u00f5mud<\/strong>. Tallinn: Varrak, 2010, 261 lk.<br><strong>e-armastus<\/strong>. Tallinn: Varrak, 2011, 222 lk.<br><strong>Naabrid<\/strong>. Tallinn: Varrak, 2011, 219 lk.<br><strong>Mere taga<\/strong>. Tallinn: Varrak, 2012, 231 lk.<br><strong>Kaamos<\/strong>. Tallinn: Varrak, 2013, 212 lk. [J\u00e4rg romaanile \u2018Mere taga\u2019.]<br><strong>Veel on aega<\/strong>. Tallinn: Varrak, 2014, 253 lk.\u00a0<br><strong>\u00dche katuse all<\/strong>.\u00a0Tallinn: Varrak, 2014, 221 lk.\u00a0<br><strong>Hingev\u00f5lg<\/strong>. Tallinn: Varrak, 2015, 215 lk.<br><strong>Irdabielu<\/strong>.\u00a0Tallinn: Erik Tohvri, 2016, 267 lk.<br><strong>\u00c4ri ja armastus<\/strong>. Tallinn: Varrak, 2016, 247 lk.<br><strong>S\u00f5brad ja hallikirju koerake<\/strong>. Keila: Erik Tohvri Romaan, 2017, 278 lk.<br><strong>Elup\u00f5letajad<\/strong>. Keila: ET, 2019, 200 lk.<\/span><\/span>\n<\/p>\n<p>\n\t<span style=\"color:#000000\"><span style=\"font-family:Verdana,Geneva,sans-serif\"><strong><em>Short stories<\/em><\/strong><br><strong>Laanekuru saaga<\/strong>. L\u00fchiproosat l\u00e4bi aegade. Keila: Erik Tohvri Romaan, 2018, 255 lk.<\/span><\/span>\n<\/p>\n<p>\n\t<span style=\"color:#000000\"><span style=\"font-family:Verdana,Geneva,sans-serif\"><strong><em>Screenplay<\/em><\/strong><br>Hans Laansalu, <strong>Tuuline saar<\/strong>. M\u00e4ngufilmi stsenaarium. Tallinn: Perioodika (Loomingu Raamatukogu), 1982, 70 lk.<\/span><\/span>\n<\/p>\n<p>\n\t<span style=\"color:#000000\"><span style=\"font-family:Verdana,Geneva,sans-serif\"><strong><em>Non-fiction<\/em><\/strong><br><strong>Peeglikillud. Meenutusi elust ja kirjutatust 1933-2006<\/strong>. Tallinn: Varrak, 2006, 379 lk.<\/span><\/span><\/p>\n","protected":false},"excerpt":{"rendered":"<p>Erik Tohvri (given name Hans-Erik Laansalu, born Hans-Erik Siemann-Toffry, 22. III 1933 \u2013 12. VI 2020) was an Estonian writer, one of the most popular prose authors of the first decades of this century. Erik Tohvri was born in Rakvere, &#8230;<\/p>\n","protected":false},"author":43,"featured_media":0,"parent":709,"menu_order":0,"comment_status":"closed","ping_status":"closed","template":"","meta":{"_acf_changed":false,"inline_featured_image":false,"footnotes":""},"class_list":["post-952","page","type-page","status-publish","hentry"],"acf":[],"_links":{"self":[{"href":"https:\/\/sisu.ut.ee\/ewod\/wp-json\/wp\/v2\/pages\/952","targetHints":{"allow":["GET"]}}],"collection":[{"href":"https:\/\/sisu.ut.ee\/ewod\/wp-json\/wp\/v2\/pages"}],"about":[{"href":"https:\/\/sisu.ut.ee\/ewod\/wp-json\/wp\/v2\/types\/page"}],"author":[{"embeddable":true,"href":"https:\/\/sisu.ut.ee\/ewod\/wp-json\/wp\/v2\/users\/43"}],"replies":[{"embeddable":true,"href":"https:\/\/sisu.ut.ee\/ewod\/wp-json\/wp\/v2\/comments?post=952"}],"version-history":[{"count":1,"href":"https:\/\/sisu.ut.ee\/ewod\/wp-json\/wp\/v2\/pages\/952\/revisions"}],"predecessor-version":[{"id":4124,"href":"https:\/\/sisu.ut.ee\/ewod\/wp-json\/wp\/v2\/pages\/952\/revisions\/4124"}],"up":[{"embeddable":true,"href":"https:\/\/sisu.ut.ee\/ewod\/wp-json\/wp\/v2\/pages\/709"}],"wp:attachment":[{"href":"https:\/\/sisu.ut.ee\/ewod\/wp-json\/wp\/v2\/media?parent=952"}],"curies":[{"name":"wp","href":"https:\/\/api.w.org\/{rel}","templated":true}]}}